{"id":140,"date":"2011-04-28T17:46:29","date_gmt":"2011-04-28T17:46:29","guid":{"rendered":"https:\/\/2011-fr.montreal.wordcamp.org\/?page_id=140"},"modified":"2012-11-09T08:55:21","modified_gmt":"2012-11-09T13:55:21","slug":"commanditaires","status":"publish","type":"page","link":"https:\/\/montreal.wordcamp.org\/2011-fr\/commanditaires\/","title":{"rendered":"Commanditaires"},"content":{"rendered":"\n\t\t<div class=\"sponsors\">\n\t\t\t\t\t\t\t\n\t\t\t\t<div class=\"sponsor-level platinum\">\n\t\t\t\t\t<h2 class=\"sponsor-level-title\">\n\t\t\t\t\t\tPlatinum\t\t\t\t\t<\/h2>\n\n\t\t\t\t\t\n\t\t\t\t\t<div id=\"post-53\" class=\"sponsor post-53 wcb_sponsor type-wcb_sponsor status-publish has-post-thumbnail hentry wcb_sponsor_level-platinum\" >\n\t\t\t\t\t\t<h3 class=\"entry-title sponsor-title\">\n\t\t\t\t\t\t\t<a href=\"https:\/\/montreal.wordcamp.org\/2011-fr\/sponsor\/telus\/\">\n\t\t\t\t\t\t\t\t<img loading=\"lazy\" decoding=\"async\" width=\"200\" height=\"70\" src=\"https:\/\/montreal.wordcamp.org\/2011-fr\/files\/2011\/03\/telus-200.png\" class=\"attachment-post-thumbnail size-post-thumbnail wp-post-image\" alt=\"Telus\" data-attachment-id=\"384\" data-permalink=\"https:\/\/montreal.wordcamp.org\/2011-fr\/sponsor\/telus\/telus-200-2\/\" data-orig-file=\"https:\/\/montreal.wordcamp.org\/2011-fr\/files\/2011\/03\/telus-200.png\" data-orig-size=\"200,70\" data-comments-opened=\"1\" data-image-meta=\"{&quot;aperture&quot;:&quot;0&quot;,&quot;credit&quot;:&quot;&quot;,&quot;camera&quot;:&quot;&quot;,&quot;caption&quot;:&quot;&quot;,&quot;created_timestamp&quot;:&quot;0&quot;,&quot;copyright&quot;:&quot;&quot;,&quot;focal_length&quot;:&quot;0&quot;,&quot;iso&quot;:&quot;0&quot;,&quot;shutter_speed&quot;:&quot;0&quot;,&quot;title&quot;:&quot;&quot;}\" data-image-title=\"telus-200\" data-image-description=\"\" data-image-caption=\"\" data-large-file=\"https:\/\/montreal.wordcamp.org\/2011-fr\/files\/2011\/03\/telus-200.png\" \/>\t\t\t\t\t\t\t<\/a>\n\t\t\t\t\t\t<\/h3>\n\n\t\t\t\t\t\t<div class=\"entry-content sponsor-description\">\n\t\t\t\t\t\t\t<p><a href=\"http:\/\/www.telus.com\/sharedhosting\" rel=\"nofollow\">TELUS Shared Hosting<\/a> &#8211; Supporting  Businesses in Canada by providing affordable, reliable and secure website hosting.<\/p>\n<p>TELUS Shared hosting offers domain services in addition to web site hosting.We also offer a built in WordPress installer for those that want to bypass the famous five minute install.<br \/>\n<a href=\"http:\/\/www.telus.com\/sharedhosting\" rel=\"nofollow\">http:\/\/www.telus.com\/sharedhosting<\/a><\/p>\n\t\t\t\t\t\t<\/div>\n\t\t\t\t\t<\/div>\n\n\t\t\t\t\t\n\t\t\t\t<\/div>\n\t\t\t\t\t\t\t\n\t\t\t\t<div class=\"sponsor-level or\">\n\t\t\t\t\t<h2 class=\"sponsor-level-title\">\n\t\t\t\t\t\tOr\t\t\t\t\t<\/h2>\n\n\t\t\t\t\t\n\t\t\t\t\t<div id=\"post-467\" class=\"sponsor post-467 wcb_sponsor type-wcb_sponsor status-publish has-post-thumbnail hentry wcb_sponsor_level-or\" >\n\t\t\t\t\t\t<h3 class=\"entry-title sponsor-title\">\n\t\t\t\t\t\t\t<a href=\"https:\/\/montreal.wordcamp.org\/2011-fr\/sponsor\/jetpack\/\">\n\t\t\t\t\t\t\t\t<img loading=\"lazy\" decoding=\"async\" width=\"200\" height=\"115\" src=\"https:\/\/montreal.wordcamp.org\/2011-fr\/files\/2011\/07\/jetpack-4.png\" class=\"attachment-post-thumbnail size-post-thumbnail wp-post-image\" alt=\"\" data-attachment-id=\"468\" data-permalink=\"https:\/\/montreal.wordcamp.org\/2011-fr\/sponsor\/jetpack\/jetpack-4\/\" data-orig-file=\"https:\/\/montreal.wordcamp.org\/2011-fr\/files\/2011\/07\/jetpack-4.png\" data-orig-size=\"200,115\" data-comments-opened=\"1\" data-image-meta=\"{&quot;aperture&quot;:&quot;0&quot;,&quot;credit&quot;:&quot;&quot;,&quot;camera&quot;:&quot;&quot;,&quot;caption&quot;:&quot;&quot;,&quot;created_timestamp&quot;:&quot;0&quot;,&quot;copyright&quot;:&quot;&quot;,&quot;focal_length&quot;:&quot;0&quot;,&quot;iso&quot;:&quot;0&quot;,&quot;shutter_speed&quot;:&quot;0&quot;,&quot;title&quot;:&quot;&quot;}\" data-image-title=\"jetpack-4\" data-image-description=\"\" data-image-caption=\"\" data-large-file=\"https:\/\/montreal.wordcamp.org\/2011-fr\/files\/2011\/07\/jetpack-4.png\" \/>\t\t\t\t\t\t\t<\/a>\n\t\t\t\t\t\t<\/h3>\n\n\t\t\t\t\t\t<div class=\"entry-content sponsor-description\">\n\t\t\t\t\t\t\t<p><a href=\"http:\/\/jetpack.me\" rel=\"nofollow\">Jetpack<\/a> is a WordPress plugin that supercharges your self-hosted WordPress site with the awesome cloud power of WordPress.com<br \/>\n<a href=\"http:\/\/jetpack.me\" rel=\"nofollow\">Jetpack.me<\/a><\/p>\n\t\t\t\t\t\t<\/div>\n\t\t\t\t\t<\/div>\n\n\t\t\t\t\t\n\t\t\t\t<\/div>\n\t\t\t\t\t\t\t\n\t\t\t\t<div class=\"sponsor-level argent\">\n\t\t\t\t\t<h2 class=\"sponsor-level-title\">\n\t\t\t\t\t\tArgent\t\t\t\t\t<\/h2>\n\n\t\t\t\t\t\n\t\t\t\t\t<div id=\"post-45\" class=\"sponsor post-45 wcb_sponsor type-wcb_sponsor status-publish has-post-thumbnail hentry wcb_sponsor_level-argent\" >\n\t\t\t\t\t\t<h3 class=\"entry-title sponsor-title\">\n\t\t\t\t\t\t\t<a href=\"https:\/\/montreal.wordcamp.org\/2011-fr\/sponsor\/equisoft\/\">\n\t\t\t\t\t\t\t\t<img loading=\"lazy\" decoding=\"async\" width=\"200\" height=\"48\" src=\"https:\/\/montreal.wordcamp.org\/2011-fr\/files\/2011\/03\/equisoft-logo-200.png\" class=\"attachment-post-thumbnail size-post-thumbnail wp-post-image\" alt=\"Equisoft\" data-attachment-id=\"390\" data-permalink=\"https:\/\/montreal.wordcamp.org\/2011-fr\/sponsor\/equisoft\/equisoft-logo-200\/\" data-orig-file=\"https:\/\/montreal.wordcamp.org\/2011-fr\/files\/2011\/03\/equisoft-logo-200.png\" data-orig-size=\"200,48\" data-comments-opened=\"1\" data-image-meta=\"{&quot;aperture&quot;:&quot;0&quot;,&quot;credit&quot;:&quot;&quot;,&quot;camera&quot;:&quot;&quot;,&quot;caption&quot;:&quot;&quot;,&quot;created_timestamp&quot;:&quot;0&quot;,&quot;copyright&quot;:&quot;&quot;,&quot;focal_length&quot;:&quot;0&quot;,&quot;iso&quot;:&quot;0&quot;,&quot;shutter_speed&quot;:&quot;0&quot;,&quot;title&quot;:&quot;&quot;}\" data-image-title=\"equisoft-logo-200\" data-image-description=\"\" data-image-caption=\"\" data-large-file=\"https:\/\/montreal.wordcamp.org\/2011-fr\/files\/2011\/03\/equisoft-logo-200.png\" \/>\t\t\t\t\t\t\t<\/a>\n\t\t\t\t\t\t<\/h3>\n\n\t\t\t\t\t\t<div class=\"entry-content sponsor-description\">\n\t\t\t\t\t\t\t<p><a href=\"http:\/\/www.equisoft.com\" rel=\"nofollow\">EquiSoft<\/a> : partenaire du succ\u00e8s de nos clients depuis 1994. EquiSoft est une entreprise du secteur des technologies de l\u2019information qui offre des conseils pour la conception et la r\u00e9alisation de solutions d\u2019affaires num\u00e9riques.<br \/>\n<a href=\"http:\/\/www.equisoft.com\" rel=\"nofollow\">http:\/\/www.equisoft.com<\/a\n<\/p>\n\t\t\t\t\t\t<\/div>\n\t\t\t\t\t<\/div>\n\n\t\t\t\t\t\n\t\t\t\t\t<div id=\"post-50\" class=\"sponsor post-50 wcb_sponsor type-wcb_sponsor status-publish has-post-thumbnail hentry wcb_sponsor_level-argent\" >\n\t\t\t\t\t\t<h3 class=\"entry-title sponsor-title\">\n\t\t\t\t\t\t\t<a href=\"https:\/\/montreal.wordcamp.org\/2011-fr\/sponsor\/la-fabrique-de-blogs\/\">\n\t\t\t\t\t\t\t\t<img loading=\"lazy\" decoding=\"async\" width=\"200\" height=\"52\" src=\"https:\/\/montreal.wordcamp.org\/2011-fr\/files\/2011\/03\/fabriquedeblogs-logo-2002.png\" class=\"attachment-post-thumbnail size-post-thumbnail wp-post-image\" alt=\"La Fabrique de Blogs\" data-attachment-id=\"392\" data-permalink=\"https:\/\/montreal.wordcamp.org\/2011-fr\/sponsor\/la-fabrique-de-blogs\/fabriquedeblogs-logo-200-3\/\" data-orig-file=\"https:\/\/montreal.wordcamp.org\/2011-fr\/files\/2011\/03\/fabriquedeblogs-logo-2002.png\" data-orig-size=\"200,52\" data-comments-opened=\"1\" data-image-meta=\"{&quot;aperture&quot;:&quot;0&quot;,&quot;credit&quot;:&quot;&quot;,&quot;camera&quot;:&quot;&quot;,&quot;caption&quot;:&quot;&quot;,&quot;created_timestamp&quot;:&quot;0&quot;,&quot;copyright&quot;:&quot;&quot;,&quot;focal_length&quot;:&quot;0&quot;,&quot;iso&quot;:&quot;0&quot;,&quot;shutter_speed&quot;:&quot;0&quot;,&quot;title&quot;:&quot;&quot;}\" data-image-title=\"fabriquedeblogs-logo-200\" data-image-description=\"\" data-image-caption=\"\" data-large-file=\"https:\/\/montreal.wordcamp.org\/2011-fr\/files\/2011\/03\/fabriquedeblogs-logo-2002.png\" \/>\t\t\t\t\t\t\t<\/a>\n\t\t\t\t\t\t<\/h3>\n\n\t\t\t\t\t\t<div class=\"entry-content sponsor-description\">\n\t\t\t\t\t\t\t<p><a href=\"http:\/\/www.lafabriquedeblogs.com\/\" rel=\"nofollow\">La Fabrique de Blogs<\/a>: Depuis 2005, sp\u00e9cialiste WordPress, cr\u00e9ation de sites, blogs, intranets et r\u00e9seaux sociaux sur mesure, design, formation, accompagnement, support, h\u00e9bergement.<br \/>\n<a href=\"http:\/\/www.lafabriquedeblogs.com\/\" rel=\"nofollow\">http:\/\/www.lafabriquedeblogs.com<\/a><\/p>\n\t\t\t\t\t\t<\/div>\n\t\t\t\t\t<\/div>\n\n\t\t\t\t\t\n\t\t\t\t\t<div id=\"post-342\" class=\"sponsor post-342 wcb_sponsor type-wcb_sponsor status-publish has-post-thumbnail hentry wcb_sponsor_level-argent\" >\n\t\t\t\t\t\t<h3 class=\"entry-title sponsor-title\">\n\t\t\t\t\t\t\t<a href=\"https:\/\/montreal.wordcamp.org\/2011-fr\/sponsor\/stresslimit\/\">\n\t\t\t\t\t\t\t\t<img loading=\"lazy\" decoding=\"async\" width=\"200\" height=\"41\" src=\"https:\/\/montreal.wordcamp.org\/2011-fr\/files\/2011\/05\/stresslimit-logo-200.png\" class=\"attachment-post-thumbnail size-post-thumbnail wp-post-image\" alt=\"Stresslimit Design\" data-attachment-id=\"386\" data-permalink=\"https:\/\/montreal.wordcamp.org\/2011-fr\/sponsor\/stresslimit\/stresslimit-logo-200\/\" data-orig-file=\"https:\/\/montreal.wordcamp.org\/2011-fr\/files\/2011\/05\/stresslimit-logo-200.png\" data-orig-size=\"200,41\" data-comments-opened=\"1\" data-image-meta=\"{&quot;aperture&quot;:&quot;0&quot;,&quot;credit&quot;:&quot;&quot;,&quot;camera&quot;:&quot;&quot;,&quot;caption&quot;:&quot;&quot;,&quot;created_timestamp&quot;:&quot;0&quot;,&quot;copyright&quot;:&quot;&quot;,&quot;focal_length&quot;:&quot;0&quot;,&quot;iso&quot;:&quot;0&quot;,&quot;shutter_speed&quot;:&quot;0&quot;,&quot;title&quot;:&quot;&quot;}\" data-image-title=\"stresslimit-logo-200\" data-image-description=\"\" data-image-caption=\"\" data-large-file=\"https:\/\/montreal.wordcamp.org\/2011-fr\/files\/2011\/05\/stresslimit-logo-200.png\" \/>\t\t\t\t\t\t\t<\/a>\n\t\t\t\t\t\t<\/h3>\n\n\t\t\t\t\t\t<div class=\"entry-content sponsor-description\">\n\t\t\t\t\t\t\t<p><a href=\"http:\/\/stresslimitdesign.com\/\" title=\"Stresslimit Design | Web Design &#038; Digital Marketing Agency\" rel=\"nofollow\">Stresslimit<\/a> is a clever little web design and marketing agency nestled deep in the heart of Montreal\u2019s Hochelaga-Maisonneuve neighbourhood. We build magnificent websites, implement marketing strategies, design user experiences, and brew an exceptional cup of coffee on top of it all.<\/p>\n<p><a href=\"http:\/\/stresslimitdesign.com\/about-our-wordpress-expertise\" title=\"Stresslimit loves WordPress\" rel=\"nofollow\">We love WordPress<\/a> (maybe a little too much). It\u2019s the foundation of most of what we do. We\u2019re especially fond of far-out design experimentation. Yes, we can make WordPress do some pretty astonishing things.<\/p>\n\t\t\t\t\t\t<\/div>\n\t\t\t\t\t<\/div>\n\n\t\t\t\t\t\n\t\t\t\t\t<div id=\"post-396\" class=\"sponsor post-396 wcb_sponsor type-wcb_sponsor status-publish has-post-thumbnail hentry wcb_sponsor_level-argent\" >\n\t\t\t\t\t\t<h3 class=\"entry-title sponsor-title\">\n\t\t\t\t\t\t\t<a href=\"https:\/\/montreal.wordcamp.org\/2011-fr\/sponsor\/event-espresso\/\">\n\t\t\t\t\t\t\t\t<img loading=\"lazy\" decoding=\"async\" width=\"175\" height=\"62\" src=\"https:\/\/montreal.wordcamp.org\/2011-fr\/files\/2011\/05\/event-espresso-logo.png\" class=\"attachment-post-thumbnail size-post-thumbnail wp-post-image\" alt=\"\" data-attachment-id=\"402\" data-permalink=\"https:\/\/montreal.wordcamp.org\/2011-fr\/sponsor\/event-espresso\/event-espresso-logo\/\" data-orig-file=\"https:\/\/montreal.wordcamp.org\/2011-fr\/files\/2011\/05\/event-espresso-logo.png\" data-orig-size=\"175,62\" data-comments-opened=\"1\" data-image-meta=\"{&quot;aperture&quot;:&quot;0&quot;,&quot;credit&quot;:&quot;&quot;,&quot;camera&quot;:&quot;&quot;,&quot;caption&quot;:&quot;&quot;,&quot;created_timestamp&quot;:&quot;0&quot;,&quot;copyright&quot;:&quot;&quot;,&quot;focal_length&quot;:&quot;0&quot;,&quot;iso&quot;:&quot;0&quot;,&quot;shutter_speed&quot;:&quot;0&quot;,&quot;title&quot;:&quot;&quot;}\" data-image-title=\"event-espresso-logo\" data-image-description=\"\" data-image-caption=\"\" data-large-file=\"https:\/\/montreal.wordcamp.org\/2011-fr\/files\/2011\/05\/event-espresso-logo.png\" \/>\t\t\t\t\t\t\t<\/a>\n\t\t\t\t\t\t<\/h3>\n\n\t\t\t\t\t\t<div class=\"entry-content sponsor-description\">\n\t\t\t\t\t\t\t<p><a href=\"http:\/\/eventespresso.com\/\" rel=\"nofollow\">Event Espresso<\/a> is the premiere events registration and management plugin for WordPress. WordPress developers use Event Espresso as a event registration framework to create customized event registrations for their clients. This premium plugin for WordPress allows you to turn your existing blog or website into a fully featured event management website.<br \/>\n<a href=\"http:\/\/eventespresso.com\/\" rel=\"nofollow\">http:\/\/eventespresso.com\/<\/a><\/p>\n\t\t\t\t\t\t<\/div>\n\t\t\t\t\t<\/div>\n\n\t\t\t\t\t\n\t\t\t\t<\/div>\n\t\t\t\t\t\t\t\n\t\t\t\t<div class=\"sponsor-level bronze\">\n\t\t\t\t\t<h2 class=\"sponsor-level-title\">\n\t\t\t\t\t\tBronze\t\t\t\t\t<\/h2>\n\n\t\t\t\t\t\n\t\t\t\t\t<div id=\"post-360\" class=\"sponsor post-360 wcb_sponsor type-wcb_sponsor status-publish has-post-thumbnail hentry wcb_sponsor_level-bronze\" >\n\t\t\t\t\t\t<h3 class=\"entry-title sponsor-title\">\n\t\t\t\t\t\t\t<a href=\"https:\/\/montreal.wordcamp.org\/2011-fr\/sponsor\/woothemes\/\">\n\t\t\t\t\t\t\t\t<img loading=\"lazy\" decoding=\"async\" width=\"200\" height=\"40\" src=\"https:\/\/montreal.wordcamp.org\/2011-fr\/files\/2011\/05\/woothemes-logo-200.png\" class=\"attachment-post-thumbnail size-post-thumbnail wp-post-image\" alt=\"WooThemes\" data-attachment-id=\"394\" data-permalink=\"https:\/\/montreal.wordcamp.org\/2011-fr\/sponsor\/woothemes\/woothemes-logo-200\/\" data-orig-file=\"https:\/\/montreal.wordcamp.org\/2011-fr\/files\/2011\/05\/woothemes-logo-200.png\" data-orig-size=\"200,40\" data-comments-opened=\"1\" data-image-meta=\"{&quot;aperture&quot;:&quot;0&quot;,&quot;credit&quot;:&quot;&quot;,&quot;camera&quot;:&quot;&quot;,&quot;caption&quot;:&quot;&quot;,&quot;created_timestamp&quot;:&quot;0&quot;,&quot;copyright&quot;:&quot;&quot;,&quot;focal_length&quot;:&quot;0&quot;,&quot;iso&quot;:&quot;0&quot;,&quot;shutter_speed&quot;:&quot;0&quot;,&quot;title&quot;:&quot;&quot;}\" data-image-title=\"woothemes-logo-200\" data-image-description=\"\" data-image-caption=\"\" data-large-file=\"https:\/\/montreal.wordcamp.org\/2011-fr\/files\/2011\/05\/woothemes-logo-200.png\" \/>\t\t\t\t\t\t\t<\/a>\n\t\t\t\t\t\t<\/h3>\n\n\t\t\t\t\t\t<div class=\"entry-content sponsor-description\">\n\t\t\t\t\t\t\t<p><a href=\"http:\/\/woothemes.com\" rel=\"nofollow\">WooThemes<\/a> designs &#038; develops beautifully crafted themes for WordPress, where their dual focus is on uncompromising, pixel-perfect designs and efficient, highly functional code.<br \/>\n<a href=\"http:\/\/woothemes.com\" rel=\"nofollow\">http:\/\/woothemes.com<\/a><\/p>\n\t\t\t\t\t\t<\/div>\n\t\t\t\t\t<\/div>\n\n\t\t\t\t\t\n\t\t\t\t\t<div id=\"post-406\" class=\"sponsor post-406 wcb_sponsor type-wcb_sponsor status-publish has-post-thumbnail hentry wcb_sponsor_level-bronze\" >\n\t\t\t\t\t\t<h3 class=\"entry-title sponsor-title\">\n\t\t\t\t\t\t\t<a href=\"https:\/\/montreal.wordcamp.org\/2011-fr\/sponsor\/activis\/\">\n\t\t\t\t\t\t\t\t<img loading=\"lazy\" decoding=\"async\" width=\"200\" height=\"60\" src=\"https:\/\/montreal.wordcamp.org\/2011-fr\/files\/2011\/06\/activis-logo-200.png\" class=\"attachment-post-thumbnail size-post-thumbnail wp-post-image\" alt=\"\" data-attachment-id=\"412\" data-permalink=\"https:\/\/montreal.wordcamp.org\/2011-fr\/sponsor\/activis\/activis-logo-200\/\" data-orig-file=\"https:\/\/montreal.wordcamp.org\/2011-fr\/files\/2011\/06\/activis-logo-200.png\" data-orig-size=\"200,60\" data-comments-opened=\"1\" data-image-meta=\"{&quot;aperture&quot;:&quot;0&quot;,&quot;credit&quot;:&quot;&quot;,&quot;camera&quot;:&quot;&quot;,&quot;caption&quot;:&quot;&quot;,&quot;created_timestamp&quot;:&quot;0&quot;,&quot;copyright&quot;:&quot;&quot;,&quot;focal_length&quot;:&quot;0&quot;,&quot;iso&quot;:&quot;0&quot;,&quot;shutter_speed&quot;:&quot;0&quot;,&quot;title&quot;:&quot;&quot;}\" data-image-title=\"activis-logo-200\" data-image-description=\"\" data-image-caption=\"\" data-large-file=\"https:\/\/montreal.wordcamp.org\/2011-fr\/files\/2011\/06\/activis-logo-200.png\" \/>\t\t\t\t\t\t\t<\/a>\n\t\t\t\t\t\t<\/h3>\n\n\t\t\t\t\t\t<div class=\"entry-content sponsor-description\">\n\t\t\t\t\t\t\t<p><a href=\"http:\/\/www.activis.ca\" rel=\"nofollow\">Activis<\/a> est une agence interactive sp\u00e9cialis\u00e9e en solutions Web et mobiles, notamment en conception de site Internet, programmation PHP, e-commerce, applications mobiles et marketing Web. Nous sommes des passionn\u00e9s de WordPress. Et nous embauchons!<br \/>\n<a href=\"http:\/\/www.activis.ca\" rel=\"nofollow\">http:\/\/www.activis.ca<\/a><\/p>\n\t\t\t\t\t\t<\/div>\n\t\t\t\t\t<\/div>\n\n\t\t\t\t\t\n\t\t\t\t<\/div>\n\t\t\t\t\t\t\t\n\t\t\t\t<div class=\"sponsor-level microcommanditaire\">\n\t\t\t\t\t<h2 class=\"sponsor-level-title\">\n\t\t\t\t\t\tMicrocommanditaire\t\t\t\t\t<\/h2>\n\n\t\t\t\t\t\n\t\t\t\t\t<div id=\"post-41\" class=\"sponsor post-41 wcb_sponsor type-wcb_sponsor status-publish hentry wcb_sponsor_level-microcommanditaire\" >\n\t\t\t\t\t\t<h3 class=\"entry-title sponsor-title\">\n\t\t\t\t\t\t\t<a href=\"https:\/\/montreal.wordcamp.org\/2011-fr\/sponsor\/lisa-gray\/\">\n\t\t\t\t\t\t\t\tSpoken City\t\t\t\t\t\t\t<\/a>\n\t\t\t\t\t\t<\/h3>\n\n\t\t\t\t\t\t<div class=\"entry-content sponsor-description\">\n\t\t\t\t\t\t\t<p><a href=\"http:\/\/www.spokencity.com\/\" target=\"_blank\" rel=\"nofollow\">Spoken City<\/a> Local Business Maps<br \/>\n<a href=\"http:\/\/www.spokencity.com\/\" target=\"_blank\" rel=\"nofollow\">http:\/\/www.spokencity.com\/<\/a><\/p>\n\t\t\t\t\t\t<\/div>\n\t\t\t\t\t<\/div>\n\n\t\t\t\t\t\n\t\t\t\t\t<div id=\"post-43\" class=\"sponsor post-43 wcb_sponsor type-wcb_sponsor status-publish hentry wcb_sponsor_level-microcommanditaire\" >\n\t\t\t\t\t\t<h3 class=\"entry-title sponsor-title\">\n\t\t\t\t\t\t\t<a href=\"https:\/\/montreal.wordcamp.org\/2011-fr\/sponsor\/jeremy-clarke\/\">\n\t\t\t\t\t\t\t\tJeremy Clarke\t\t\t\t\t\t\t<\/a>\n\t\t\t\t\t\t<\/h3>\n\n\t\t\t\t\t\t<div class=\"entry-content sponsor-description\">\n\t\t\t\t\t\t\t<p>Jeremy Clarke is a human web developer from montreal. He loves his job building global voices and participating in open-source software like wordpress.<br \/>\n<a href=\"http:\/\/jeremyclarke.org\" rel=\"nofollow\">http:\/\/jeremyclarke.org<\/a><\/p>\n\t\t\t\t\t\t<\/div>\n\t\t\t\t\t<\/div>\n\n\t\t\t\t\t\n\t\t\t\t\t<div id=\"post-314\" class=\"sponsor post-314 wcb_sponsor type-wcb_sponsor status-publish hentry wcb_sponsor_level-microcommanditaire\" >\n\t\t\t\t\t\t<h3 class=\"entry-title sponsor-title\">\n\t\t\t\t\t\t\t<a href=\"https:\/\/montreal.wordcamp.org\/2011-fr\/sponsor\/blue-hf-services-juridiques\/\">\n\t\t\t\t\t\t\t\tblue HF services juridiques\t\t\t\t\t\t\t<\/a>\n\t\t\t\t\t\t<\/h3>\n\n\t\t\t\t\t\t<div class=\"entry-content sponsor-description\">\n\t\t\t\t\t\t\t<p><a href=\"http:\/\/www.blue-hf.com\" rel=\"nofollow\">blue HF services juridiques inc<\/a>. est une firme sp\u00e9cialis\u00e9e en droit des affaires qui est situ\u00e9e \u00e0 Montr\u00e9al (Canada) et qui propose des services juridiques de qualit\u00e9 sup\u00e9rieure \u00e0 des taux raisonnables, particuli\u00e8rement aux entreprises de technologies de l\u2019information, technologies dures, \u00e9co-technologies et sciences de la vie.<br \/>\n<a href=\"http:\/\/www.blue-hf.com\" rel=\"nofollow\">http:\/\/www.blue-hf.com<\/a><\/p>\n\t\t\t\t\t\t<\/div>\n\t\t\t\t\t<\/div>\n\n\t\t\t\t\t\n\t\t\t\t\t<div id=\"post-340\" class=\"sponsor post-340 wcb_sponsor type-wcb_sponsor status-publish hentry wcb_sponsor_level-microcommanditaire\" >\n\t\t\t\t\t\t<h3 class=\"entry-title sponsor-title\">\n\t\t\t\t\t\t\t<a href=\"https:\/\/montreal.wordcamp.org\/2011-fr\/sponsor\/kovasys\/\">\n\t\t\t\t\t\t\t\tKovasys IT Recruitment\t\t\t\t\t\t\t<\/a>\n\t\t\t\t\t\t<\/h3>\n\n\t\t\t\t\t\t<div class=\"entry-content sponsor-description\">\n\t\t\t\t\t\t\t<p><a href=\"http:\/\/www.kovasys.com\/ForJobSeekers\/ViewTechnologyJobs\/tabid\/91\/language\/en-US\/Default.aspx\" rel=\"nofollow\">Kovasys IT Recruitment Inc<\/a> est une soci\u00e9t\u00e9 Montr\u00e9alaise de chasseurs de t\u00eates en TI et de consultants en technologies, fut fond\u00e9 en 2005. Kovasys est reconnu pour son expertise en recrutement informatique, qu&#8217;il s&#8217;agisse de postes permanents ou temporaires.<br \/>\n<a href=\"http:\/\/www.kovasys.com\/ForJobSeekers\/ViewTechnologyJobs\/tabid\/91\/language\/en-US\/Default.aspx\" rel=\"nofollow\">Kovasys Job Listings<\/a><\/p>\n\t\t\t\t\t\t<\/div>\n\t\t\t\t\t<\/div>\n\n\t\t\t\t\t\n\t\t\t\t\t<div id=\"post-458\" class=\"sponsor post-458 wcb_sponsor type-wcb_sponsor status-publish hentry wcb_sponsor_level-microcommanditaire\" >\n\t\t\t\t\t\t<h3 class=\"entry-title sponsor-title\">\n\t\t\t\t\t\t\t<a href=\"https:\/\/montreal.wordcamp.org\/2011-fr\/sponsor\/kindo-communication\/\">\n\t\t\t\t\t\t\t\tKindo Communication\t\t\t\t\t\t\t<\/a>\n\t\t\t\t\t\t<\/h3>\n\n\t\t\t\t\t\t<div class=\"entry-content sponsor-description\">\n\t\t\t\t\t\t\t<p><a href=\"http:\/\/www.kindoweb.com\/\" rel=\"nofollow\">Kindo Communication<\/a> est une firme sp\u00e9cialis\u00e9e dans le d\u00e9veloppement web accessible, le design graphique corporatif ainsi que les strat\u00e9gies d&#8217;affaires et disposant de bureaux dans les r\u00e9gions de Brome-Missisquoi et de Montr\u00e9al.<\/p>\n<p>Activement impliqu\u00e9e dans la communaut\u00e9 (W3 Qu\u00e9bec, ConFoo, PHP Qu\u00e9bec, etc.), Kindo Communication est fi\u00e8re de s&#8217;impliquer dans l&#8217;\u00e9dition 2011 de WordCamp Montr\u00e9al avec cette microcommandite offerte par St\u00e9phane Thibault (@_sthibault), gestionnaire de projets et agent de recherche et d\u00e9veloppement.<br \/>\n<a href=\"http:\/\/www.kindoweb.com\/\" rel=\"nofollow\">http:\/\/www.kindoweb.com\/<\/a><\/p>\n\t\t\t\t\t\t<\/div>\n\t\t\t\t\t<\/div>\n\n\t\t\t\t\t\n\t\t\t\t\t<div id=\"post-462\" class=\"sponsor post-462 wcb_sponsor type-wcb_sponsor status-publish hentry wcb_sponsor_level-microcommanditaire\" >\n\t\t\t\t\t\t<h3 class=\"entry-title sponsor-title\">\n\t\t\t\t\t\t\t<a href=\"https:\/\/montreal.wordcamp.org\/2011-fr\/sponsor\/r-cubed\/\">\n\t\t\t\t\t\t\t\tR-Cubed\t\t\t\t\t\t\t<\/a>\n\t\t\t\t\t\t<\/h3>\n\n\t\t\t\t\t\t<div class=\"entry-content sponsor-description\">\n\t\t\t\t\t\t\t<p><a href=\"http:\/\/r3df.com\/\" rel=\"nofollow\">R-Cubed<\/a> is an Ottawa based design firm, providing affordable custom web and application development solutions.  We work with many PHP Open Source systems including WordPress and Joomla!.  Our clients include: small and medium sized businesses, government and major institutional clients.  Our key to providing great results is assessing our clients&#8217; true needs to guide them to the best solution for their applications. Our services also include: multi-lingual sites, application integration, graphic design and training on Open Source systems.<br \/>\n<a href=\"http:\/\/r3df.com\/\" rel=\"nofollow\">http:\/\/r3df.com\/<\/a><\/p>\n\t\t\t\t\t\t<\/div>\n\t\t\t\t\t<\/div>\n\n\t\t\t\t\t\n\t\t\t\t\t<div id=\"post-490\" class=\"sponsor post-490 wcb_sponsor type-wcb_sponsor status-publish hentry wcb_sponsor_level-microcommanditaire\" >\n\t\t\t\t\t\t<h3 class=\"entry-title sponsor-title\">\n\t\t\t\t\t\t\t<a href=\"https:\/\/montreal.wordcamp.org\/2011-fr\/sponsor\/paris-associates\/\">\n\t\t\t\t\t\t\t\tParis Associates\t\t\t\t\t\t\t<\/a>\n\t\t\t\t\t\t<\/h3>\n\n\t\t\t\t\t\t<div class=\"entry-content sponsor-description\">\n\t\t\t\t\t\t\t<p><a href=\"http:\/\/parisassoc.org\" rel=\"nofollow\">Paris Associates<\/a> is an editorial and design collective. As a think tank, we develop design strategies and editorial packages for hand-picked projects, specializing in publication and industrial design.<br \/>\n<a href=\"http:\/\/parisassoc.org\" rel=\"nofollow\">http:\/\/parisassoc.org<\/a><\/p>\n\t\t\t\t\t\t<\/div>\n\t\t\t\t\t<\/div>\n\n\t\t\t\t\t\n\t\t\t\t<\/div>\n\t\t\t\t\t<\/div>\n\n\t\t\n","protected":false},"excerpt":{"rendered":"","protected":false},"author":221745,"featured_media":0,"parent":0,"menu_order":4,"comment_status":"open","ping_status":"closed","template":"","meta":{"_crdt_document":"","jetpack_post_was_ever_published":false,"footnotes":""},"class_list":["post-140","page","type-page","status-publish","hentry"],"jetpack_shortlink":"https:\/\/wp.me\/P1vvvL-2g","jetpack_sharing_enabled":true,"_links":{"self":[{"href":"https:\/\/montreal.wordcamp.org\/2011-fr\/wp-json\/wp\/v2\/pages\/140","targetHints":{"allow":["GET"]}}],"collection":[{"href":"https:\/\/montreal.wordcamp.org\/2011-fr\/wp-json\/wp\/v2\/pages"}],"about":[{"href":"https:\/\/montreal.wordcamp.org\/2011-fr\/wp-json\/wp\/v2\/types\/page"}],"author":[{"embeddable":true,"href":"https:\/\/montreal.wordcamp.org\/2011-fr\/wp-json\/wp\/v2\/users\/221745"}],"replies":[{"embeddable":true,"href":"https:\/\/montreal.wordcamp.org\/2011-fr\/wp-json\/wp\/v2\/comments?post=140"}],"version-history":[{"count":5,"href":"https:\/\/montreal.wordcamp.org\/2011-fr\/wp-json\/wp\/v2\/pages\/140\/revisions"}],"predecessor-version":[{"id":524,"href":"https:\/\/montreal.wordcamp.org\/2011-fr\/wp-json\/wp\/v2\/pages\/140\/revisions\/524"}],"wp:attachment":[{"href":"https:\/\/montreal.wordcamp.org\/2011-fr\/wp-json\/wp\/v2\/media?parent=140"}],"curies":[{"name":"wp","href":"https:\/\/api.w.org\/{rel}","templated":true}]}}