{"id":18,"date":"2011-03-04T15:20:15","date_gmt":"2011-03-04T15:20:15","guid":{"rendered":"https:\/\/2011-fr.montreal.wordcamp.org\/?page_id=18"},"modified":"2011-07-08T15:10:38","modified_gmt":"2011-07-08T19:10:38","slug":"devenir-commanditaire","status":"publish","type":"page","link":"https:\/\/montreal.wordcamp.org\/2011-fr\/commanditaires\/devenir-commanditaire\/","title":{"rendered":"Devenir Commanditaire"},"content":{"rendered":"<p>Les entreprises d\u00e9sirant se faire conna\u00eetre dans le monde du Web, surtout avec les experts en WordPress, ont une m\u00e9thode id\u00e9ale de se rapprocher de ceux-ci tout en accumuler de la bonne foi. Les logos et liens des commanditaires seront affich\u00e9s sur le site Web de WordCamp Montr\u00e9al dans la colonne de droite, et en plus de d\u00e9tail sur la page des commanditaires. Nous ajouterons \u00e9galement votre logo sur nos mat\u00e9riels marketing,selon ce qui est raisonnable.<\/p>\n<h3>Niveaux de commandites<\/h3>\n<ul>\n<li>Platinum $10,000<\/li>\n<li>Or \u00a0$5,000<\/li>\n<li>Argent $1,000<\/li>\n<li>Bronze $500<\/li>\n<li>Microcommanditaire $200<\/li>\n<\/ul>\n<h3>Inscriptions<\/h3>\n<p>Pour devenir microcommanditaire, veuillez <a href=\"http:\/\/wcmtl2011.eventbrite.com\/\">acheter un billet microcommanditaire<\/a> avec Eventbrite.<\/p>\n<p>Autres niveaux: Veuillez remplir <a href=\"https:\/\/spreadsheets0.google.com\/viewform?hl=en&amp;hl=en&amp;formkey=dDNWMFc2Y2tCOVZsdV8xb05zSm9VU3c6MQ#gid=0\">notre formulaire<\/a> pour exprimer votre int\u00e9r\u00eat pour commanditer WordCamp Montr\u00e9al. Nous vous joindrons d\u00e8s que possible pour discuter des prochaines \u00e9tapes.<\/p>\n","protected":false},"excerpt":{"rendered":"<p>Les entreprises d\u00e9sirant se faire conna\u00eetre dans le monde du Web, surtout avec les experts en WordPress, ont une m\u00e9thode id\u00e9ale de se rapprocher de ceux-ci tout en accumuler de la bonne foi. Les logos et liens des commanditaires seront &hellip; <a href=\"https:\/\/montreal.wordcamp.org\/2011-fr\/commanditaires\/devenir-commanditaire\/\">Continue reading <span class=\"screen-reader-text\">Devenir Commanditaire<\/span>  <span class=\"meta-nav\">&rarr;<\/span><\/a><\/p>\n","protected":false},"author":221745,"featured_media":0,"parent":140,"menu_order":0,"comment_status":"closed","ping_status":"closed","template":"","meta":{"_crdt_document":"","jetpack_post_was_ever_published":false,"footnotes":""},"class_list":["post-18","page","type-page","status-publish","hentry"],"jetpack_shortlink":"https:\/\/wp.me\/P1vvvL-i","jetpack_sharing_enabled":true,"_links":{"self":[{"href":"https:\/\/montreal.wordcamp.org\/2011-fr\/wp-json\/wp\/v2\/pages\/18","targetHints":{"allow":["GET"]}}],"collection":[{"href":"https:\/\/montreal.wordcamp.org\/2011-fr\/wp-json\/wp\/v2\/pages"}],"about":[{"href":"https:\/\/montreal.wordcamp.org\/2011-fr\/wp-json\/wp\/v2\/types\/page"}],"author":[{"embeddable":true,"href":"https:\/\/montreal.wordcamp.org\/2011-fr\/wp-json\/wp\/v2\/users\/221745"}],"replies":[{"embeddable":true,"href":"https:\/\/montreal.wordcamp.org\/2011-fr\/wp-json\/wp\/v2\/comments?post=18"}],"version-history":[{"count":13,"href":"https:\/\/montreal.wordcamp.org\/2011-fr\/wp-json\/wp\/v2\/pages\/18\/revisions"}],"predecessor-version":[{"id":513,"href":"https:\/\/montreal.wordcamp.org\/2011-fr\/wp-json\/wp\/v2\/pages\/18\/revisions\/513"}],"up":[{"embeddable":true,"href":"https:\/\/montreal.wordcamp.org\/2011-fr\/wp-json\/wp\/v2\/pages\/140"}],"wp:attachment":[{"href":"https:\/\/montreal.wordcamp.org\/2011-fr\/wp-json\/wp\/v2\/media?parent=18"}],"curies":[{"name":"wp","href":"https:\/\/api.w.org\/{rel}","templated":true}]}}