{"id":2,"date":"2011-02-14T17:28:53","date_gmt":"2011-02-14T22:28:53","guid":{"rendered":"http:\/\/montreal2011fr.wordcamp.org\/?page_id=2"},"modified":"2011-07-08T15:06:38","modified_gmt":"2011-07-08T19:06:38","slug":"about","status":"publish","type":"page","link":"https:\/\/montreal.wordcamp.org\/2011-fr\/about\/","title":{"rendered":"\u00c0 Propos de Nous"},"content":{"rendered":"<p>WordCamp Montr\u00e9al est un petit congr\u00e8s sur WordPress, la plateforme de blogue la plus populaire au monde. Les WordCamps sont tenues \u00e0 travers le monde, partout o\u00f9 il y a suffisamment d&#8217;utilisateurs pour l&#8217;organiser. Le site WordCamp.org r\u00e9sume l&#8217;\u00e9v\u00e8nement \u00e0:<\/p>\n<blockquote><p>WordCamp, c\u2019est une conf\u00e9rence ax\u00e9e sur tout ce qui se rapporte \u00e0 WordPress. Les WordCamps sont des \u00e9v\u00e9nements informels organis\u00e9s par la communaut\u00e9 des utilisateurs de WordPress comme vous. Tout le monde, des utilisateurs occasionnels aux d\u00e9veloppeurs purs et durs, participe, \u00e9change des id\u00e9es et socialise.<\/p><\/blockquote>\n<p>Pour en apprendre davantage sur l&#8217;histoire de WordCamp Montr\u00e9al (<a title=\"WordCamp 2009\" href=\"http:\/\/wpmtl.org\/wordcamp\/wordcamp-2009-archive-2\/\">2009<\/a>, <a title=\"WordCamp 2010 Archive\" href=\"http:\/\/wpmtl.org\/wordcamp\/wordcamp-2010-archive\/\">2010<\/a>), visiter la page d&#8217;information sur le site Web de la Communaut\u00e9 WordPress de Montr\u00e9al <a href=\"http:\/\/wpmtl.org\/wordcamp\">wpmtl.org\/wordcamp<\/a>.<\/p>\n<h3>WordCamp Montr\u00e9al: 9 et 10 juillet 2010<\/h3>\n<p>Cette ann\u00e9e, WordCamp sera un autre exemple impressionnant de l&#8217;engouement des amateurs de WordPress \u00e0 Montr\u00e9al et de tout ce qui est possible avec la collaboration de groupe.<\/p>\n<p><a class=\"orangebutton\" href=\"http:\/\/wcmtl2011.eventbrite.com\">Vente de billets termin\u00e9e<\/a><\/p>\n<h4>En savoir plus sur l&#8217;\u00e9v\u00e9nement<\/h4>\n<ul>\n<li><a title=\"Lieu\" href=\"https:\/\/2011-fr.montreal.wordcamp.org\/lieu\/\">Lieu<\/a><\/li>\n<li><a title=\"Programme\" href=\"https:\/\/2011-fr.montreal.wordcamp.org\/programme\/\">Programme<\/a><\/li>\n<li><a title=\"Devenir Commanditaire\" href=\"https:\/\/2011-fr.montreal.wordcamp.org\/commanditaires\/devenir-commanditaire\/\">Devenir commanditaire<\/a><\/li>\n<li><a title=\"Devenir Conf\u00e9rencier\" href=\"https:\/\/2011-fr.montreal.wordcamp.org\/programme\/devenir-conferencier\/\">Devenir conf\u00e9rencier<\/a><\/li>\n<\/ul>\n<h3>Restez \u00e0 jour sur les nouvelles de WordCamp Montr\u00e9al<\/h3>\n<p>Rejoignez notre <a href=\"http:\/\/www.facebook.com\/home.php#\/group.php?sid=0d7254279b3c20530b9d18ed1ea2971a&amp;gid=199180685044&amp;ref=search\">groupe Facebook<\/a> ou suivez-nous sur <a href=\"http:\/\/twitter.com\/wordcampmtl\">Twitter<\/a> pour obtenir les derni\u00e8res nouvelles sur les \u00e9v\u00e9nements WordCamp \u00e0 venir, ainsi que des invitations \u00e0 nos <a title=\"developer_meetup()\" href=\"http:\/\/wpmtl.org\/developer_meetup\/\">developer_meetups()<\/a> et nos <a href=\"http:\/\/wpmtl.org\/social-meetups\/\">rendez-vous sociaux<\/a>.<\/p>\n<p>Si vous avez des questions suppl\u00e9mentaires qui n&#8217;ont pas \u00e9t\u00e9 r\u00e9pondues sur le site ou pour toute autre chose, s&#8217;il vous pla\u00eet utilisez le <a title=\"Nous joindre \" href=\"\/nous-joindre\/\">formulaire<\/a> pour nous joindre.<\/p>\n","protected":false},"excerpt":{"rendered":"<p>WordCamp Montr\u00e9al est un petit congr\u00e8s sur WordPress, la plateforme de blogue la plus populaire au monde. Les WordCamps sont tenues \u00e0 travers le monde, partout o\u00f9 il y a suffisamment d&#8217;utilisateurs pour l&#8217;organiser. Le site WordCamp.org r\u00e9sume l&#8217;\u00e9v\u00e8nement \u00e0: &hellip; <a href=\"https:\/\/montreal.wordcamp.org\/2011-fr\/about\/\">Continue reading <span class=\"screen-reader-text\">\u00c0 Propos de Nous<\/span>  <span class=\"meta-nav\">&rarr;<\/span><\/a><\/p>\n","protected":false},"author":221745,"featured_media":0,"parent":0,"menu_order":1,"comment_status":"closed","ping_status":"closed","template":"","meta":{"_crdt_document":"","jetpack_post_was_ever_published":false,"footnotes":""},"class_list":["post-2","page","type-page","status-publish","hentry"],"jetpack_shortlink":"https:\/\/wp.me\/P1vvvL-2","jetpack_sharing_enabled":true,"_links":{"self":[{"href":"https:\/\/montreal.wordcamp.org\/2011-fr\/wp-json\/wp\/v2\/pages\/2","targetHints":{"allow":["GET"]}}],"collection":[{"href":"https:\/\/montreal.wordcamp.org\/2011-fr\/wp-json\/wp\/v2\/pages"}],"about":[{"href":"https:\/\/montreal.wordcamp.org\/2011-fr\/wp-json\/wp\/v2\/types\/page"}],"author":[{"embeddable":true,"href":"https:\/\/montreal.wordcamp.org\/2011-fr\/wp-json\/wp\/v2\/users\/221745"}],"replies":[{"embeddable":true,"href":"https:\/\/montreal.wordcamp.org\/2011-fr\/wp-json\/wp\/v2\/comments?post=2"}],"version-history":[{"count":24,"href":"https:\/\/montreal.wordcamp.org\/2011-fr\/wp-json\/wp\/v2\/pages\/2\/revisions"}],"predecessor-version":[{"id":506,"href":"https:\/\/montreal.wordcamp.org\/2011-fr\/wp-json\/wp\/v2\/pages\/2\/revisions\/506"}],"wp:attachment":[{"href":"https:\/\/montreal.wordcamp.org\/2011-fr\/wp-json\/wp\/v2\/media?parent=2"}],"curies":[{"name":"wp","href":"https:\/\/api.w.org\/{rel}","templated":true}]}}