{"id":207,"date":"2011-04-28T18:40:01","date_gmt":"2011-04-28T18:40:01","guid":{"rendered":"https:\/\/2011-fr.montreal.wordcamp.org\/?page_id=207"},"modified":"2011-07-08T15:53:15","modified_gmt":"2011-07-08T19:53:15","slug":"benevoles","status":"publish","type":"page","link":"https:\/\/montreal.wordcamp.org\/2011-fr\/benevoles\/","title":{"rendered":"B\u00e9n\u00e9voles"},"content":{"rendered":"<p>Le succ\u00e8s de WordCamp Montr\u00e9al d\u00e9pend enti\u00e8rement de l&#8217;effort et de la g\u00e9n\u00e9rosit\u00e9 de b\u00e9n\u00e9voles. Aidez-nous a cr\u00e9er le meilleur WordCamp possible, <del datetime=\"2011-07-08T19:52:38+00:00\"><del datetime=\"2011-07-08T19:52:38+00:00\"><a href=\"\">inscriptions ferm\u00e9e<\/a>.<\/del><\/del><\/p>\n<p><del datetime=\"2011-07-08T19:52:38+00:00\"><a class=\"orangebutton\" href=\"\">inscrptions ferm\u00e9e<\/a><\/del><\/p>\n","protected":false},"excerpt":{"rendered":"<p>Le succ\u00e8s de WordCamp Montr\u00e9al d\u00e9pend enti\u00e8rement de l&#8217;effort et de la g\u00e9n\u00e9rosit\u00e9 de b\u00e9n\u00e9voles. Aidez-nous a cr\u00e9er le meilleur WordCamp possible, inscriptions ferm\u00e9e. inscrptions ferm\u00e9e<\/p>\n","protected":false},"author":221745,"featured_media":0,"parent":0,"menu_order":5,"comment_status":"closed","ping_status":"closed","template":"","meta":{"_crdt_document":"","jetpack_post_was_ever_published":false,"footnotes":""},"class_list":["post-207","page","type-page","status-publish","hentry"],"jetpack_shortlink":"https:\/\/wp.me\/P1vvvL-3l","jetpack_sharing_enabled":true,"_links":{"self":[{"href":"https:\/\/montreal.wordcamp.org\/2011-fr\/wp-json\/wp\/v2\/pages\/207","targetHints":{"allow":["GET"]}}],"collection":[{"href":"https:\/\/montreal.wordcamp.org\/2011-fr\/wp-json\/wp\/v2\/pages"}],"about":[{"href":"https:\/\/montreal.wordcamp.org\/2011-fr\/wp-json\/wp\/v2\/types\/page"}],"author":[{"embeddable":true,"href":"https:\/\/montreal.wordcamp.org\/2011-fr\/wp-json\/wp\/v2\/users\/221745"}],"replies":[{"embeddable":true,"href":"https:\/\/montreal.wordcamp.org\/2011-fr\/wp-json\/wp\/v2\/comments?post=207"}],"version-history":[{"count":5,"href":"https:\/\/montreal.wordcamp.org\/2011-fr\/wp-json\/wp\/v2\/pages\/207\/revisions"}],"predecessor-version":[{"id":515,"href":"https:\/\/montreal.wordcamp.org\/2011-fr\/wp-json\/wp\/v2\/pages\/207\/revisions\/515"}],"wp:attachment":[{"href":"https:\/\/montreal.wordcamp.org\/2011-fr\/wp-json\/wp\/v2\/media?parent=207"}],"curies":[{"name":"wp","href":"https:\/\/api.w.org\/{rel}","templated":true}]}}