{"id":26,"date":"2011-03-04T15:32:19","date_gmt":"2011-03-04T15:32:19","guid":{"rendered":"https:\/\/2011-fr.montreal.wordcamp.org\/?page_id=26"},"modified":"2011-07-08T15:06:59","modified_gmt":"2011-07-08T19:06:59","slug":"lieu","status":"publish","type":"page","link":"https:\/\/montreal.wordcamp.org\/2011-fr\/lieu\/","title":{"rendered":"Lieu"},"content":{"rendered":"<div id=\"attachment_137\" style=\"width: 250px\" class=\"wp-caption alignright\"><a href=\"http:\/\/www.flickr.com\/photos\/lexnger\/4938678820\/\"><img loading=\"lazy\" decoding=\"async\" aria-describedby=\"caption-attachment-137\" class=\"size-full wp-image-137\" title=\"WordCamp Montreal\" src=\"http:\/\/2011.montreal.wordcamp.org\/files\/2011\/03\/WordCamp-Montreal.jpeg\" alt=\"Sunny venue at wcmtl 2009\" width=\"240\" height=\"160\" \/><\/a><p id=\"caption-attachment-137\" class=\"wp-caption-text\">Photo du CDS de l<\/p><\/div>\n<p>WordCamp Montreal 2011 aura lieu au\u00a0<a href=\"http:\/\/www.coeurdessciences.uqam.ca\">C\u0153ur des Sciences &#8211; UQAM<\/a>. C&#8217;est le m\u00eame lieu que l&#8217;ann\u00e9e pr\u00e9c\u00e9dente. Le coeur des sciences a \u00e9t\u00e9 lou\u00e9 dans notre \u00e9tude de planification pour sa convivialit\u00e9, son espace multifonctionnel et ses terrains verts. Nous nous r\u00e9jouissons \u00e0 l&#8217;id\u00e9e d&#8217;une autre ann\u00e9e de pr\u00e9sentations dans des salles accueillantes et lumineuses ainsi qu&#8217;un d\u00e9jeuner dans la cour ensoleill\u00e9e.<\/p>\n<p><a class=\"orangebutton\" href=\"http:\/\/wcmtl2011.eventbrite.com\">Vente de billets termin\u00e9e<\/a><\/p>\n<p>\u00c0 propos du lieu:<\/p>\n<ul>\n<li><a href=\"#carte\">Carte<\/a><\/li>\n<li><a href=\"#polyvalente\">La Salle Polyvalente (enregistrement, nourriture, genius bar)<\/a><\/li>\n<li><a href=\"#agora\">Agora\/Chaufferie (presentations)<\/a><\/li>\n<li><a href=\"#hotels\">H\u00f4tels \u00e0 proximit\u00e9<\/a><\/li>\n<\/ul>\n<p><a name=\"carte\"><\/a><\/p>\n<h3>Carte<\/h3>\n<p>The venue is internally-complicated and the different &#8220;rooms&#8221; are not visible with Google Maps. To avoid getting lost please print out or save this graphic to your smartphone:<\/p>\n<div id=\"attachment_1257\" style=\"width: 490px\" class=\"wp-caption alignnone\"><img loading=\"lazy\" decoding=\"async\" aria-describedby=\"caption-attachment-1257\" class=\"size-full wp-image-1257 \" title=\"wcmtl-2011-uqam-map\" src=\"http:\/\/2011.montreal.wordcamp.org\/files\/2011\/03\/wcmtl-2011-uqam-map.png\" alt=\"\" width=\"480\" height=\"743\" \/><p id=\"caption-attachment-1257\" class=\"wp-caption-text\">Internal map of the venue, save this to your phone!<\/p><\/div>\n<p><a name=\"polyvalente\"><\/a><\/p>\n<h3>La Salle Polyvalente<\/h3>\n<div id=\"attachment_241\" style=\"width: 255px\" class=\"wp-caption alignright\"><a href=\"http:\/\/www.coeurdessciences.uqam.ca\/location-de-salles\/salle-polyvalente.html\"><img loading=\"lazy\" decoding=\"async\" aria-describedby=\"caption-attachment-241\" class=\"size-full wp-image-241\" title=\"poly\" src=\"http:\/\/2011.montreal.wordcamp.org\/files\/2011\/03\/poly.jpeg\" alt=\"\" width=\"245\" height=\"197\" \/><\/a><p id=\"caption-attachment-241\" class=\"wp-caption-text\">Salle Polyvalente (site du CDS)<\/p><\/div>\n<p>La salle polyvalente est une grande salle au deuxi\u00e8me \u00e9tage du 200, rue Sherbrooke. Elle sera utilis\u00e9e pour les enregistrements, le caf\u00e9 et le lunch. Pendant le reste de la journ\u00e9e, la salle accueillera le \u00ab Happiness Bar \u00bb.<\/p>\n<p>&nbsp;<\/p>\n<p><strong>Adresse<\/strong><br \/>\n200 Rue Sherbrooke ouest<br \/>\nMontr\u00e9al (Qu\u00e9bec)<br \/>\nH3C 3P8<br \/>\n<a href=\"http:\/\/goo.gl\/maps\/zsBF\">View on Google Maps<\/a><br \/>\n<a name=\"agora\"><\/a><\/p>\n<h3 id=\"agora\">Agora Hydro-Quebec et la Chaufferie<\/h3>\n<p>&nbsp;<\/p>\n<div id=\"attachment_239\" style=\"width: 250px\" class=\"wp-caption alignright\"><a href=\"http:\/\/www.flickr.com\/photos\/vanillaforums\/4942430229\/\"><img loading=\"lazy\" decoding=\"async\" aria-describedby=\"caption-attachment-239\" class=\"size-full wp-image-239 \" style=\"clear: right;\" title=\"chaufferie\" src=\"http:\/\/2011.montreal.wordcamp.org\/files\/2011\/03\/4942430229_787e91c78e_m.jpeg\" alt=\"picture of chaufferie\" width=\"240\" height=\"180\" \/><\/a><p id=\"caption-attachment-239\" class=\"wp-caption-text\">Chaufferie par Vanillaforums sur Flickr<\/p><\/div>\n<p>L&#8217;Agora Hydro-Qu\u00e9bec et la Chaufferie se trouvent au centre du Coeur des Sciences et sont interconnect\u00e9s.<\/p>\n<div class=\"clearfix\"><\/div>\n<div id=\"attachment_238\" style=\"width: 250px\" class=\"wp-caption alignright\"><a href=\"http:\/\/www.flickr.com\/photos\/vanillaforums\/4942441623\/\"><img loading=\"lazy\" decoding=\"async\" aria-describedby=\"caption-attachment-238\" class=\"size-full wp-image-238\" title=\"Agora hydro quebec\" src=\"http:\/\/2011.montreal.wordcamp.org\/files\/2011\/03\/4942441623_b6d841c772_m.jpeg\" alt=\"photo of salle polyvalente\" width=\"240\" height=\"180\" \/><\/a><p id=\"caption-attachment-238\" class=\"wp-caption-text\">Agora par Vanillaforums sur Flickr<\/p><\/div>\n<p><strong>Adresse<\/strong><br \/>\n175 Avenue President-Kennedy<br \/>\nMontr\u00e9al (Qu\u00e9bec)<br \/>\nH2X 0A3<br \/>\n<a href=\"http:\/\/goo.gl\/maps\/upk2\">View on Google Maps<\/a><\/p>\n<p><a name=\"hotels\"><\/a><\/p>\n<h3 id=\"hotels\">H\u00f4tels \u00e0 proximit\u00e9<\/h3>\n<p>Malheureusement, nous n&#8217;avons pas d\u2019offres sp\u00e9ciales pour les h\u00f4tels cette ann\u00e9e. Cependant, le site Web de Coeur des Sciences offre une liste d&#8217;h\u00f4tels organis\u00e9s dans l&#8217;ordre de proximit\u00e9. Gr\u00e2ce au fait que le Coeur des Sciences est dans le centre-ville, \u00e0 peu pr\u00e8s tous ces h\u00f4tels sont au coeur de Montr\u00e9al et vous pouvez facilement acc\u00e9der au centre-ville, le Vieux-Port et le syst\u00e8me de m\u00e9tro \u00e0 pied.<\/p>\n<p><a href=\"http:\/\/www.coeurdessciences.uqam.ca\/location-de-salles\/autres-services.html\">Voir la liste des h\u00f4tels \u00e0 proximit\u00e9 sur le site Web de Coeur des Sciences \u00bb<\/a><br \/>\n(descendre jusqu&#8217;\u00e0 la section intitul\u00e9e &#8220;H\u00f4tels \u00e0 proximit\u00e9 du Complexe des sciences Pierre-Dansereau&#8221;)<\/p>\n","protected":false},"excerpt":{"rendered":"<p>WordCamp Montreal 2011 aura lieu au\u00a0C\u0153ur des Sciences &#8211; UQAM. C&#8217;est le m\u00eame lieu que l&#8217;ann\u00e9e pr\u00e9c\u00e9dente. Le coeur des sciences a \u00e9t\u00e9 lou\u00e9 dans notre \u00e9tude de planification pour sa convivialit\u00e9, son espace multifonctionnel et ses terrains verts. Nous &hellip; <a href=\"https:\/\/montreal.wordcamp.org\/2011-fr\/lieu\/\">Continue reading <span class=\"screen-reader-text\">Lieu<\/span>  <span class=\"meta-nav\">&rarr;<\/span><\/a><\/p>\n","protected":false},"author":221745,"featured_media":0,"parent":0,"menu_order":2,"comment_status":"closed","ping_status":"closed","template":"","meta":{"_crdt_document":"","jetpack_post_was_ever_published":false,"footnotes":""},"class_list":["post-26","page","type-page","status-publish","hentry"],"jetpack_shortlink":"https:\/\/wp.me\/P1vvvL-q","jetpack_sharing_enabled":true,"_links":{"self":[{"href":"https:\/\/montreal.wordcamp.org\/2011-fr\/wp-json\/wp\/v2\/pages\/26","targetHints":{"allow":["GET"]}}],"collection":[{"href":"https:\/\/montreal.wordcamp.org\/2011-fr\/wp-json\/wp\/v2\/pages"}],"about":[{"href":"https:\/\/montreal.wordcamp.org\/2011-fr\/wp-json\/wp\/v2\/types\/page"}],"author":[{"embeddable":true,"href":"https:\/\/montreal.wordcamp.org\/2011-fr\/wp-json\/wp\/v2\/users\/221745"}],"replies":[{"embeddable":true,"href":"https:\/\/montreal.wordcamp.org\/2011-fr\/wp-json\/wp\/v2\/comments?post=26"}],"version-history":[{"count":46,"href":"https:\/\/montreal.wordcamp.org\/2011-fr\/wp-json\/wp\/v2\/pages\/26\/revisions"}],"predecessor-version":[{"id":507,"href":"https:\/\/montreal.wordcamp.org\/2011-fr\/wp-json\/wp\/v2\/pages\/26\/revisions\/507"}],"wp:attachment":[{"href":"https:\/\/montreal.wordcamp.org\/2011-fr\/wp-json\/wp\/v2\/media?parent=26"}],"curies":[{"name":"wp","href":"https:\/\/api.w.org\/{rel}","templated":true}]}}