{"id":348,"date":"2011-05-06T04:12:54","date_gmt":"2011-05-06T08:12:54","guid":{"rendered":"https:\/\/2011-fr.montreal.wordcamp.org\/?page_id=348"},"modified":"2012-10-10T10:45:02","modified_gmt":"2012-10-10T14:45:02","slug":"liste-denvoi","status":"publish","type":"page","link":"https:\/\/montreal.wordcamp.org\/2011-fr\/liste-denvoi\/","title":{"rendered":"Liste d&#8217;envoi"},"content":{"rendered":"<p>Inscrivez-vous \u00e0 notre liste d&#8217;envoi pour \u00eatre invit\u00e9 \u00e0 nos \u00e9v\u00e9nements. Vous pouvez annuler votre inscription instantan\u00e9ment et en tout temps. <\/p>\n","protected":false},"excerpt":{"rendered":"<p>Inscrivez-vous \u00e0 notre liste d&#8217;envoi pour \u00eatre invit\u00e9 \u00e0 nos \u00e9v\u00e9nements. Vous pouvez annuler votre inscription instantan\u00e9ment et en tout temps.<\/p>\n","protected":false},"author":221745,"featured_media":0,"parent":0,"menu_order":8,"comment_status":"closed","ping_status":"closed","template":"","meta":{"_crdt_document":"","jetpack_post_was_ever_published":false,"footnotes":""},"class_list":["post-348","page","type-page","status-publish","hentry"],"jetpack_shortlink":"https:\/\/wp.me\/P1vvvL-5C","jetpack_sharing_enabled":true,"_links":{"self":[{"href":"https:\/\/montreal.wordcamp.org\/2011-fr\/wp-json\/wp\/v2\/pages\/348","targetHints":{"allow":["GET"]}}],"collection":[{"href":"https:\/\/montreal.wordcamp.org\/2011-fr\/wp-json\/wp\/v2\/pages"}],"about":[{"href":"https:\/\/montreal.wordcamp.org\/2011-fr\/wp-json\/wp\/v2\/types\/page"}],"author":[{"embeddable":true,"href":"https:\/\/montreal.wordcamp.org\/2011-fr\/wp-json\/wp\/v2\/users\/221745"}],"replies":[{"embeddable":true,"href":"https:\/\/montreal.wordcamp.org\/2011-fr\/wp-json\/wp\/v2\/comments?post=348"}],"version-history":[{"count":6,"href":"https:\/\/montreal.wordcamp.org\/2011-fr\/wp-json\/wp\/v2\/pages\/348\/revisions"}],"predecessor-version":[{"id":521,"href":"https:\/\/montreal.wordcamp.org\/2011-fr\/wp-json\/wp\/v2\/pages\/348\/revisions\/521"}],"wp:attachment":[{"href":"https:\/\/montreal.wordcamp.org\/2011-fr\/wp-json\/wp\/v2\/media?parent=348"}],"curies":[{"name":"wp","href":"https:\/\/api.w.org\/{rel}","templated":true}]}}