{"id":55,"date":"2011-03-27T05:13:35","date_gmt":"2011-03-27T05:13:35","guid":{"rendered":"https:\/\/2011-fr.montreal.wordcamp.org\/?page_id=55"},"modified":"2011-07-08T15:07:32","modified_gmt":"2011-07-08T19:07:32","slug":"programme","status":"publish","type":"page","link":"https:\/\/montreal.wordcamp.org\/2011-fr\/programme\/","title":{"rendered":"Programme"},"content":{"rendered":"<p>Chaque ann\u00e9e, WordCamp Montr\u00e9al s&#8217;efforce d&#8217;offrir un large \u00e9ventail de pr\u00e9sentations et de discussions sur tous les sujets entourant WordPress. Nos conf\u00e9renciers sont des individus allum\u00e9s qui veulent vous partager leur passion pour WordPress et la publication sur le web.<\/p>\n<p><a class=\"orangebutton\" href=\"http:\/\/wcmtl2011.eventbrite.com\">Vente de billets termin\u00e9e<\/a><\/p>\n<h3>Le programme lui-m\u00eame<\/h3>\n<p><em>Veuillez noter que le programme est sujet \u00e0 changement. Veuillez v\u00e9rifier l&#8217;horaire le jour de l&#8217;\u00e9v\u00e9nement.<\/em><\/p>\n<p>L&#8217;horaire canonique se trouve sur <a title=\"WCMTL Google Calendar schedule in 'agenda' format.\" href=\"https:\/\/www.google.com\/calendar\/embed?src=gasq5ibdkdp71l0kjj4tk5oeig%40group.calendar.google.com&amp;ctz=America\/New_York&amp;mode=agenda\">Google Calendar<\/a> o\u00f9 chaque conf\u00e9rence est un \u00e9v\u00e9nement unique. Vous pouvez <a title=\"Subscribe to our schedule, you must be logged into a google account\" href=\"https:\/\/www.google.com\/calendar\/render?cid=gasq5ibdkdp71l0kjj4tk5oeig%40group.calendar.google.com\">vous inscrire \u00e0 notre calendrier avec votre compte Google<\/a> ou en utilisant <a href=\"https:\/\/www.google.com\/calendar\/ical\/gasq5ibdkdp71l0kjj4tk5oeig%40group.calendar.google.com\/public\/basic.ics\">le fil iCal<\/a> (Mac, iPhone, Thunderbird etc.) pour en avoir acc\u00e8s dans votre calendrier personnel pr\u00e9f\u00e9r\u00e9 et l&#8217;information serait mis \u00e0 jour d&#8217;une fa\u00e7on automatis\u00e9e lorsqu&#8217;il y a des changements.<\/p>\n<p>Liens Google Calendar: <a title=\"WCMTL Google Calendar schedule in 'agenda' format.\" href=\"https:\/\/www.google.com\/calendar\/embed?src=gasq5ibdkdp71l0kjj4tk5oeig%40group.calendar.google.com&amp;ctz=America\/New_York&amp;mode=agenda\">Toutes les conf\u00e9rences, en ordre<\/a> \u00b7 <a title=\"WCMTL google calendar weekly view\" href=\"https:\/\/www.google.com\/calendar\/embed?src=gasq5ibdkdp71l0kjj4tk5oeig%40group.calendar.google.com&amp;ctz=America\/New_York&amp;mode=week\">Format semainier<\/a><\/p>\n<p><a title=\"Subscribe to our schedule, you must be logged into a google account\" href=\"https:\/\/www.google.com\/calendar\/render?cid=gasq5ibdkdp71l0kjj4tk5oeig%40group.calendar.google.com\"><img decoding=\"async\" class=\"size-full wp-image-1206\" title=\"gcal-subscribe-350\" src=\"http:\/\/2011.montreal.wordcamp.org\/files\/2011\/03\/gcal-subscribe-182.png\" alt=\"Subscribe to WordCamp Montreal on Google Calendar\" \/><\/a> <a href=\"https:\/\/www.google.com\/calendar\/ical\/gasq5ibdkdp71l0kjj4tk5oeig%40group.calendar.google.com\/public\/basic.ics\"><img decoding=\"async\" class=\"size-full wp-image-1207\" title=\"ical-subscribe-250\" src=\"http:\/\/2011.montreal.wordcamp.org\/files\/2011\/03\/ical-subscribe-182.png\" alt=\"Subscribe with iCal\" \/><\/a> <a href=\"https:\/\/www.google.com\/calendar\/feeds\/gasq5ibdkdp71l0kjj4tk5oeig%40group.calendar.google.com\/public\/basic\"><img loading=\"lazy\" decoding=\"async\" class=\"size-full wp-image-1208\" title=\"xml-subscribe-182\" src=\"http:\/\/2011.montreal.wordcamp.org\/files\/2011\/03\/xml-subscribe-182.png\" alt=\"Subscribe with XML\" width=\"182\" height=\"50\" \/><\/a><\/p>\n<p>Vous pouvez \u00e9galement t\u00e9l\u00e9charger la version <a href=\"http:\/\/2011.montreal.wordcamp.org\/files\/2011\/03\/wcmtl-schedule-2.pdf\">PDF<\/a> ou PNG (en bas) pour le sauvegarder sur votre t\u00e9l\u00e9phone\/tablette\/ordinateur. <em>Veuillez vous rappeler que le programme est sujet \u00e0 changement, alors veuillez v\u00e9rifier cette page pour tout changement aux fichiers statiques.<\/em><\/p>\n<p>Programme en format PNG: <strong><a title=\"Saturday schedule graphic\" href=\"http:\/\/2011.montreal.wordcamp.org\/files\/2011\/03\/wcmtl-2011-schedule-SATURDAY.png\">Samedi<\/a>, <a title=\"Sunday schedule graphic\" href=\"http:\/\/2011.montreal.wordcamp.org\/files\/2011\/03\/wcmtl-2011-schedule-SUNDAY.png\">Dimanche<\/a>, <a href=\"http:\/\/2011.montreal.wordcamp.org\/files\/2011\/03\/wcmtl-2011-schedule-BOTHDAYS.png\">Les deux jours ensemble<\/a>.<\/strong><\/p>\n<div id=\"attachment_1246\" style=\"width: 650px\" class=\"wp-caption alignright\"><a href=\"http:\/\/2011.montreal.wordcamp.org\/files\/2011\/03\/wcmtl-2011-schedule-BOTHDAYS.png\"><img loading=\"lazy\" decoding=\"async\" aria-describedby=\"caption-attachment-1246\" class=\"size-large wp-image-1246\" title=\"wcmtl-2011-schedule-BOTHDAYS\" src=\"http:\/\/2011.montreal.wordcamp.org\/files\/2011\/03\/wcmtl-2011-schedule-BOTHDAYS-1024x789.png\" alt=\"Programme WordCamp Montr\u00e9al\" width=\"640\" height=\"493\" \/><\/a><p id=\"caption-attachment-1246\" class=\"wp-caption-text\">Programme WordCamp Montr\u00e9al.<\/p><\/div>\n<h3>\u00c0 propos des pr\u00e9sentations<\/h3>\n<p>L&#8217;\u00e9v\u00e8nement utilise les deux salles \u00e0 sa disposition afin de cr\u00e9er deux pistes pour les pr\u00e9sentations. Notre objectif est de faire en sorte que tout participant, qu&#8217;ils soient un d\u00e9veloppeur WordPress exp\u00e9riment\u00e9 ou un blogueur d\u00e9butant, ait une pr\u00e9sentation appropri\u00e9e en tout temps. Toutes les pr\u00e9sentations ne seront pas n\u00e9cessairement pertinentes pour tous, mais nous sommes persuad\u00e9s que vous partirez de WordCamp arm\u00e9 de nouvelles connaissances pour am\u00e9liorer votre utilisation de WordPress. Il y aura aussi, cette ann\u00e9e, des \u00e9v\u00e9nements de style &#8220;unconference&#8221;. Nous avons confirm\u00e9 que <a href=\"http:\/\/ma.tt\">Matt Mullenweg<\/a>, fondateur de WordPress sera parmi les conf\u00e9renciers pr\u00e9sents. Vous pouvez donc vous attendre \u00e0 des pr\u00e9sentations de plusieurs c\u00e9l\u00e9brit\u00e9s locales et du monde de WordPress!<\/p>\n<p>Les pr\u00e9sentations sont g\u00e9n\u00e9ralement de 45 minutes avec du temps pour des questions et pour changer de salles si n\u00e9cessaire.<\/p>\n","protected":false},"excerpt":{"rendered":"<p>Chaque ann\u00e9e, WordCamp Montr\u00e9al s&#8217;efforce d&#8217;offrir un large \u00e9ventail de pr\u00e9sentations et de discussions sur tous les sujets entourant WordPress. Nos conf\u00e9renciers sont des individus allum\u00e9s qui veulent vous partager leur passion pour WordPress et la publication sur le web. &hellip; <a href=\"https:\/\/montreal.wordcamp.org\/2011-fr\/programme\/\">Continue reading <span class=\"screen-reader-text\">Programme<\/span>  <span class=\"meta-nav\">&rarr;<\/span><\/a><\/p>\n","protected":false},"author":7673567,"featured_media":0,"parent":0,"menu_order":3,"comment_status":"closed","ping_status":"closed","template":"","meta":{"_crdt_document":"","jetpack_post_was_ever_published":false,"footnotes":""},"class_list":["post-55","page","type-page","status-publish","hentry"],"jetpack_shortlink":"https:\/\/wp.me\/P1vvvL-T","jetpack_sharing_enabled":true,"_links":{"self":[{"href":"https:\/\/montreal.wordcamp.org\/2011-fr\/wp-json\/wp\/v2\/pages\/55","targetHints":{"allow":["GET"]}}],"collection":[{"href":"https:\/\/montreal.wordcamp.org\/2011-fr\/wp-json\/wp\/v2\/pages"}],"about":[{"href":"https:\/\/montreal.wordcamp.org\/2011-fr\/wp-json\/wp\/v2\/types\/page"}],"author":[{"embeddable":true,"href":"https:\/\/montreal.wordcamp.org\/2011-fr\/wp-json\/wp\/v2\/users\/7673567"}],"replies":[{"embeddable":true,"href":"https:\/\/montreal.wordcamp.org\/2011-fr\/wp-json\/wp\/v2\/comments?post=55"}],"version-history":[{"count":31,"href":"https:\/\/montreal.wordcamp.org\/2011-fr\/wp-json\/wp\/v2\/pages\/55\/revisions"}],"predecessor-version":[{"id":105,"href":"https:\/\/montreal.wordcamp.org\/2011-fr\/wp-json\/wp\/v2\/pages\/55\/revisions\/105"}],"wp:attachment":[{"href":"https:\/\/montreal.wordcamp.org\/2011-fr\/wp-json\/wp\/v2\/media?parent=55"}],"curies":[{"name":"wp","href":"https:\/\/api.w.org\/{rel}","templated":true}]}}