{"id":61,"date":"2012-05-03T13:08:03","date_gmt":"2012-05-03T17:08:03","guid":{"rendered":"https:\/\/2012.montreal.wordcamp.org\/?page_id=61"},"modified":"2012-11-09T08:55:53","modified_gmt":"2012-11-09T13:55:53","slug":"sponsors","status":"publish","type":"page","link":"https:\/\/montreal.wordcamp.org\/2012\/be-a-sponsor\/sponsors\/","title":{"rendered":"Sponsors"},"content":{"rendered":"<p>Thanks to all the sponsors of WordCamp Montreal 2012, you make WordCamp possible (and awesome)!<\/p>\n\n\t\t<div class=\"sponsors\">\n\t\t\t\t\t\t\t\n\t\t\t\t<div class=\"sponsor-level platinum\">\n\t\t\t\t\t<h2 class=\"sponsor-level-title\">\n\t\t\t\t\t\tPlatinum\t\t\t\t\t<\/h2>\n\n\t\t\t\t\t\n\t\t\t\t\t<div id=\"post-162\" class=\"sponsor post-162 wcb_sponsor type-wcb_sponsor status-publish has-post-thumbnail hentry wcb_sponsor_level-platinum\" >\n\t\t\t\t\t\t<h3 class=\"entry-title sponsor-title\">\n\t\t\t\t\t\t\t<a href=\"https:\/\/montreal.wordcamp.org\/2012\/sponsor\/telus\/\">\n\t\t\t\t\t\t\t\t<img loading=\"lazy\" decoding=\"async\" width=\"200\" height=\"70\" src=\"https:\/\/montreal.wordcamp.org\/2012\/files\/2012\/05\/telus-200.png\" class=\"attachment-post-thumbnail size-post-thumbnail wp-post-image\" alt=\"Telus Shared Hosting\" \/>\t\t\t\t\t\t\t<\/a>\n\t\t\t\t\t\t<\/h3>\n\n\t\t\t\t\t\t<div class=\"entry-content sponsor-description\">\n\t\t\t\t\t\t\t<p><a href=\"http:\/\/www.telus.com\/sharedhosting\" rel=\"nofollow\">TELUS Shared Hosting<\/a> &#8211; Supporting  Businesses in Canada by providing affordable, reliable and secure website hosting.<\/p>\n<p>TELUS Shared hosting offers domain services in addition to web site hosting.We also offer a built in WordPress installer for those that want to bypass the famous five minute install.<br \/>\n<a href=\"http:\/\/www.telus.com\/sharedhosting\" rel=\"nofollow\">http:\/\/www.telus.com\/sharedhosting<\/a><\/p>\n\t\t\t\t\t\t<\/div>\n\t\t\t\t\t<\/div>\n\n\t\t\t\t\t\n\t\t\t\t<\/div>\n\t\t\t\t\t\t\t\t\t\t\t\n\t\t\t\t<div class=\"sponsor-level silver\">\n\t\t\t\t\t<h2 class=\"sponsor-level-title\">\n\t\t\t\t\t\tSilver\t\t\t\t\t<\/h2>\n\n\t\t\t\t\t\n\t\t\t\t\t<div id=\"post-654\" class=\"sponsor post-654 wcb_sponsor type-wcb_sponsor status-publish has-post-thumbnail hentry wcb_sponsor_level-silver\" >\n\t\t\t\t\t\t<h3 class=\"entry-title sponsor-title\">\n\t\t\t\t\t\t\t<a href=\"https:\/\/montreal.wordcamp.org\/2012\/sponsor\/savoir-faire-linux\/\">\n\t\t\t\t\t\t\t\t<img loading=\"lazy\" decoding=\"async\" width=\"200\" height=\"60\" src=\"https:\/\/montreal.wordcamp.org\/2012\/files\/2012\/08\/200pxsavoirlinux.png\" class=\"attachment-post-thumbnail size-post-thumbnail wp-post-image\" alt=\"Savoir-faire Linux\" \/>\t\t\t\t\t\t\t<\/a>\n\t\t\t\t\t\t<\/h3>\n\n\t\t\t\t\t\t<div class=\"entry-content sponsor-description\">\n\t\t\t\t\t\t\t<p>Since 1999, Savoir-faire Linux is the leading provider of training, consulting, development and support services on open technologies with near 60 consultants available in Montreal, Quebec and Ottawa!<br \/>\n<a href=\"http:\/\/www.savoirfairelinux.com\" rel=\"nofollow\">http:\/\/www.savoirfairelinux.com<\/a><\/p>\n\t\t\t\t\t\t<\/div>\n\t\t\t\t\t<\/div>\n\n\t\t\t\t\t\n\t\t\t\t<\/div>\n\t\t\t\t\t\t\t\n\t\t\t\t<div class=\"sponsor-level bronze\">\n\t\t\t\t\t<h2 class=\"sponsor-level-title\">\n\t\t\t\t\t\tBronze\t\t\t\t\t<\/h2>\n\n\t\t\t\t\t\n\t\t\t\t\t<div id=\"post-326\" class=\"sponsor post-326 wcb_sponsor type-wcb_sponsor status-publish has-post-thumbnail hentry wcb_sponsor_level-bronze\" >\n\t\t\t\t\t\t<h3 class=\"entry-title sponsor-title\">\n\t\t\t\t\t\t\t<a href=\"https:\/\/montreal.wordcamp.org\/2012\/sponsor\/stresslimit\/\">\n\t\t\t\t\t\t\t\t<img loading=\"lazy\" decoding=\"async\" width=\"200\" height=\"60\" src=\"https:\/\/montreal.wordcamp.org\/2012\/files\/2012\/06\/200pxstresslimit1.png\" class=\"attachment-post-thumbnail size-post-thumbnail wp-post-image\" alt=\"Stresslimit\" \/>\t\t\t\t\t\t\t<\/a>\n\t\t\t\t\t\t<\/h3>\n\n\t\t\t\t\t\t<div class=\"entry-content sponsor-description\">\n\t\t\t\t\t\t\t<p>Stresslimit is a global web design and production agency based in Montreal. We deliver amazing web experiences for desktop &#038; mobile, as beautiful as they are usable.<br \/>\n<a href=\"http:\/\/stresslimitdesign.com\" title=\"Stresslimit\" rel=\"nofollow\">http:\/\/stresslimitdesign.com<\/a><\/p>\n\t\t\t\t\t\t<\/div>\n\t\t\t\t\t<\/div>\n\n\t\t\t\t\t\n\t\t\t\t\t<div id=\"post-424\" class=\"sponsor post-424 wcb_sponsor type-wcb_sponsor status-publish has-post-thumbnail hentry wcb_sponsor_level-bronze\" >\n\t\t\t\t\t\t<h3 class=\"entry-title sponsor-title\">\n\t\t\t\t\t\t\t<a href=\"https:\/\/montreal.wordcamp.org\/2012\/sponsor\/codepoet\/\">\n\t\t\t\t\t\t\t\t<img loading=\"lazy\" decoding=\"async\" width=\"200\" height=\"60\" src=\"https:\/\/montreal.wordcamp.org\/2012\/files\/2012\/07\/200pxcodepoet.png\" class=\"attachment-post-thumbnail size-post-thumbnail wp-post-image\" alt=\"CodePoet\" \/>\t\t\t\t\t\t\t<\/a>\n\t\t\t\t\t\t<\/h3>\n\n\t\t\t\t\t\t<div class=\"entry-content sponsor-description\">\n\t\t\t\t\t\t\t<p>If you use WordPress to build things for other people, we want to make your life easier. No matter whether you freelance on a solo basis, lead a small web shop, make plugins in a dark closet, or crack the whip at a large design firm, our aim is to become your go-to source of information and resources to help you expand your WordPress skills and know-how. To make you better at what you do. To make it easier to make your living and look great doing it.<\/p>\n<p>You&#8217;re part of a tribe of WordPress designers and developers over 10,000 strong, spanning the entire globe.\u00a0<a href=\"http:\/\/CodePoet.com\/\" rel=\"nofollow\">CodePoet.com<\/a>\u00a0aims to bring the working knowledge and real world strategies of those people into one place, for you tap into.<\/p>\n\t\t\t\t\t\t<\/div>\n\t\t\t\t\t<\/div>\n\n\t\t\t\t\t\n\t\t\t\t\t<div id=\"post-792\" class=\"sponsor post-792 wcb_sponsor type-wcb_sponsor status-publish has-post-thumbnail hentry wcb_sponsor_level-bronze\" >\n\t\t\t\t\t\t<h3 class=\"entry-title sponsor-title\">\n\t\t\t\t\t\t\t<a href=\"https:\/\/montreal.wordcamp.org\/2012\/sponsor\/make-web-not-war\/\">\n\t\t\t\t\t\t\t\t<img loading=\"lazy\" decoding=\"async\" width=\"200\" height=\"77\" src=\"https:\/\/montreal.wordcamp.org\/2012\/files\/2012\/08\/microsoft-mwnw-logo-200.png\" class=\"attachment-post-thumbnail size-post-thumbnail wp-post-image\" alt=\"Make Web Not War\" \/>\t\t\t\t\t\t\t<\/a>\n\t\t\t\t\t\t<\/h3>\n\n\t\t\t\t\t\t<div class=\"entry-content sponsor-description\">\n\t\t\t\t\t\t\t<p>Make Web Not War is a passionate community of tech enthusiasts. This group originally started as an event organized by Microsoft Canada and has grown into a diverse community of developers, technologists, business owners &amp; students across Canada. We welcome anyone who is excited about the latest trends in web, mobile, cloud and open data. Whether you like .Net, PHP, Python, Java, Ruby, use open source or commercial software (or both) Make Web Not War is about building technology solutions that work together.<br \/>\n<a href=\"http:\/\/www.webnotwar.ca\" title=\"Make Web Not War\" rel=\"nofollow\">http:\/\/www.webnotwar.ca<\/a><\/p>\n\t\t\t\t\t\t<\/div>\n\t\t\t\t\t<\/div>\n\n\t\t\t\t\t\n\t\t\t\t<\/div>\n\t\t\t\t\t\t\t\n\t\t\t\t<div class=\"sponsor-level aluminum\">\n\t\t\t\t\t<h2 class=\"sponsor-level-title\">\n\t\t\t\t\t\tAluminum\t\t\t\t\t<\/h2>\n\n\t\t\t\t\t\n\t\t\t\t\t<div id=\"post-288\" class=\"sponsor post-288 wcb_sponsor type-wcb_sponsor status-publish has-post-thumbnail hentry wcb_sponsor_level-aluminum\" >\n\t\t\t\t\t\t<h3 class=\"entry-title sponsor-title\">\n\t\t\t\t\t\t\t<a href=\"https:\/\/montreal.wordcamp.org\/2012\/sponsor\/onthegosystems\/\">\n\t\t\t\t\t\t\t\t<img loading=\"lazy\" decoding=\"async\" width=\"200\" height=\"60\" src=\"https:\/\/montreal.wordcamp.org\/2012\/files\/2012\/05\/200pxonthego.png\" class=\"attachment-post-thumbnail size-post-thumbnail wp-post-image\" alt=\"On The Go Systems\" \/>\t\t\t\t\t\t\t<\/a>\n\t\t\t\t\t\t<\/h3>\n\n\t\t\t\t\t\t<div class=\"entry-content sponsor-description\">\n\t\t\t\t\t\t\t<p>OnTheGoSystem builds plugins that help you create full, rich multilingual WordPress sites.<\/p>\n<p>WPML makes it super-easy to create and run multilingual sites. No more multiple WordPress installs. WPML lets web developers organize content in all languages in one WordPress site.<\/p>\n<p>Types and Views make building WordPress sites a lot faster. Instead of manually coding everything, use Types and Views GUI to customize WordPress admin and display content.<br \/>\n<a href=\"http:\/\/www.onthegosystems.com\" rel=\"nofollow\">http:\/\/www.onthegosystems.com<\/a><\/p>\n\t\t\t\t\t\t<\/div>\n\t\t\t\t\t<\/div>\n\n\t\t\t\t\t\n\t\t\t\t\t<div id=\"post-315\" class=\"sponsor post-315 wcb_sponsor type-wcb_sponsor status-publish has-post-thumbnail hentry wcb_sponsor_level-aluminum\" >\n\t\t\t\t\t\t<h3 class=\"entry-title sponsor-title\">\n\t\t\t\t\t\t\t<a href=\"https:\/\/montreal.wordcamp.org\/2012\/sponsor\/symetris\/\">\n\t\t\t\t\t\t\t\t<img loading=\"lazy\" decoding=\"async\" width=\"200\" height=\"60\" src=\"https:\/\/montreal.wordcamp.org\/2012\/files\/2012\/06\/200pxsymetris.png\" class=\"attachment-post-thumbnail size-post-thumbnail wp-post-image\" alt=\"Symetris\" \/>\t\t\t\t\t\t\t<\/a>\n\t\t\t\t\t\t<\/h3>\n\n\t\t\t\t\t\t<div class=\"entry-content sponsor-description\">\n\t\t\t\t\t\t\t<p>Founded in Montreal in 2004, Symetris develops effective websites that go<br \/>\nbeyond marketing: they are designed as business tools for our clients.<\/p>\n<p>We are specialists of WordPress, Drupal and mobile device optimization.<br \/>\n<a href=\"http:\/\/www.symetris.ca\" title=\"Symetris\" rel=\"nofollow\">http:\/\/www.symetris.ca<\/a><\/p>\n\t\t\t\t\t\t<\/div>\n\t\t\t\t\t<\/div>\n\n\t\t\t\t\t\n\t\t\t\t\t<div id=\"post-427\" class=\"sponsor post-427 wcb_sponsor type-wcb_sponsor status-publish has-post-thumbnail hentry wcb_sponsor_level-aluminum\" >\n\t\t\t\t\t\t<h3 class=\"entry-title sponsor-title\">\n\t\t\t\t\t\t\t<a href=\"https:\/\/montreal.wordcamp.org\/2012\/sponsor\/wysija-newsletters\/\">\n\t\t\t\t\t\t\t\t<img loading=\"lazy\" decoding=\"async\" width=\"200\" height=\"60\" src=\"https:\/\/montreal.wordcamp.org\/2012\/files\/2012\/07\/logo-wysija-with-tagline-200px-white-bgrd1.png\" class=\"attachment-post-thumbnail size-post-thumbnail wp-post-image\" alt=\"Wysija Newsletters\" \/>\t\t\t\t\t\t\t<\/a>\n\t\t\t\t\t\t<\/h3>\n\n\t\t\t\t\t\t<div class=\"entry-content sponsor-description\">\n\t\t\t\t\t\t\t<p>Folks! We sponsor this WordCamp for two reasons:<\/p>\n<p>1. It&#8217;s the most important event in our community<br \/>\n2. I&#8217;m from Montr\u00e9al and it&#8217;s just the best city in the world<\/p>\n<p>Yours truly,<\/p>\n<p>Kim, one of 4 guys working on this plugin:<br \/>\n<a href=\"http:\/\/wordpress.org\/extend\/plugins\/wysija-newsletters\/\" rel=\"nofollow\">http:\/\/wordpress.org\/extend\/plugins\/wysija-newsletters\/<\/a><\/p>\n\t\t\t\t\t\t<\/div>\n\t\t\t\t\t<\/div>\n\n\t\t\t\t\t\n\t\t\t\t\t<div id=\"post-754\" class=\"sponsor post-754 wcb_sponsor type-wcb_sponsor status-publish has-post-thumbnail hentry wcb_sponsor_level-aluminum\" >\n\t\t\t\t\t\t<h3 class=\"entry-title sponsor-title\">\n\t\t\t\t\t\t\t<a href=\"https:\/\/montreal.wordcamp.org\/2012\/sponsor\/vortex-solution\/\">\n\t\t\t\t\t\t\t\t<img loading=\"lazy\" decoding=\"async\" width=\"200\" height=\"44\" src=\"https:\/\/montreal.wordcamp.org\/2012\/files\/2012\/08\/vortex-solutions-logo-2001.png\" class=\"attachment-post-thumbnail size-post-thumbnail wp-post-image\" alt=\"\" \/>\t\t\t\t\t\t\t<\/a>\n\t\t\t\t\t\t<\/h3>\n\n\t\t\t\t\t\t<div class=\"entry-content sponsor-description\">\n\t\t\t\t\t\t\t<p>Vortex Solution : un guichet unique pour toutes vos solutions Web, de l&#8217;\u00e9laboration de strat\u00e9gies Internet \u00e0 la cr\u00e9ation de site Web, en passant par le r\u00e9f\u00e9rencement sur les moteurs de recherche et le marketing Web. Nous \u00e9tablissons d\u00e8s le d\u00e9part une strat\u00e9gie Web orient\u00e9e vers vos objectifs d&#8217;affaires consid\u00e9rant votre client\u00e8le cible. Notre expertise, acquise depuis 1998 \u00e0 travers l&#8217;\u00e9laboration de plus de 3000 sites Web, fait de Vortex Solution un partenaire de choix!<br \/>\n<a href=\"http:\/\/www.vortexsolution.com\" rel=\"nofollow\">http:\/\/www.vortexsolution.com<\/a><\/p>\n\t\t\t\t\t\t<\/div>\n\t\t\t\t\t<\/div>\n\n\t\t\t\t\t\n\t\t\t\t<\/div>\n\t\t\t\t\t\t\t\n\t\t\t\t<div class=\"sponsor-level microsponsor\">\n\t\t\t\t\t<h2 class=\"sponsor-level-title\">\n\t\t\t\t\t\tMicrosponsor\t\t\t\t\t<\/h2>\n\n\t\t\t\t\t\n\t\t\t\t\t<div id=\"post-276\" class=\"sponsor post-276 wcb_sponsor type-wcb_sponsor status-publish hentry wcb_sponsor_level-microsponsor\" >\n\t\t\t\t\t\t<h3 class=\"entry-title sponsor-title\">\n\t\t\t\t\t\t\t<a href=\"https:\/\/montreal.wordcamp.org\/2012\/sponsor\/jeremy-clarke\/\">\n\t\t\t\t\t\t\t\tJeremy Clarke\t\t\t\t\t\t\t<\/a>\n\t\t\t\t\t\t<\/h3>\n\n\t\t\t\t\t\t<div class=\"entry-content sponsor-description\">\n\t\t\t\t\t\t\t<p>Jeremy Clarke is a human web developer from montreal. He loves his job building global voices and participating in open-source software like wordpress. He&#8217;s also been a core organizer of WordCamp Montreal since it started in 2009.<br \/>\n<a href=\"http:\/\/jeremyclarke.org\/\" rel=\"nofollow\">http:\/\/jeremyclarke.org<\/a><\/p>\n\t\t\t\t\t\t<\/div>\n\t\t\t\t\t<\/div>\n\n\t\t\t\t\t\n\t\t\t\t\t<div id=\"post-283\" class=\"sponsor post-283 wcb_sponsor type-wcb_sponsor status-publish hentry wcb_sponsor_level-microsponsor\" >\n\t\t\t\t\t\t<h3 class=\"entry-title sponsor-title\">\n\t\t\t\t\t\t\t<a href=\"https:\/\/montreal.wordcamp.org\/2012\/sponsor\/diane-bourque\/\">\n\t\t\t\t\t\t\t\tDiane Bourque\t\t\t\t\t\t\t<\/a>\n\t\t\t\t\t\t<\/h3>\n\n\t\t\t\t\t\t<div class=\"entry-content sponsor-description\">\n\t\t\t\t\t\t\t<p>Diane Bourque is a Web Specialist in WordPress, Social Media and Web Training. She worked 20 years in the judicial system and plans to spend the next 20 in the social Web. Diane is a native of New-Brunswick and has been living in Montreal since 1993.<br \/>\n<a title=\"Diane Bourque\" href=\"http:\/\/dianebourque.com\" rel=\"nofollow\">http:\/\/dianebourque.com<\/a><\/p>\n\t\t\t\t\t\t<\/div>\n\t\t\t\t\t<\/div>\n\n\t\t\t\t\t\n\t\t\t\t\t<div id=\"post-290\" class=\"sponsor post-290 wcb_sponsor type-wcb_sponsor status-publish hentry wcb_sponsor_level-microsponsor\" >\n\t\t\t\t\t\t<h3 class=\"entry-title sponsor-title\">\n\t\t\t\t\t\t\t<a href=\"https:\/\/montreal.wordcamp.org\/2012\/sponsor\/digital-insite\/\">\n\t\t\t\t\t\t\t\tDigital Insite\t\t\t\t\t\t\t<\/a>\n\t\t\t\t\t\t<\/h3>\n\n\t\t\t\t\t\t<div class=\"entry-content sponsor-description\">\n\t\t\t\t\t\t\t<p>Digital Insite is a one-woman shop, owned and operated by M.A. Bell,<br \/>\n\u201cI love making affordable, creative websites, both hand-coded and<br \/>\ncustom-themed WordPress sites. I hate promoting myself.\u201d<br \/>\n<a href=\"http:\/\/www.digitalinsite.ca\" rel=\"nofollow\">http:\/\/www.digitalinsite.ca<\/a><\/p>\n\t\t\t\t\t\t<\/div>\n\t\t\t\t\t<\/div>\n\n\t\t\t\t\t\n\t\t\t\t\t<div id=\"post-303\" class=\"sponsor post-303 wcb_sponsor type-wcb_sponsor status-publish hentry wcb_sponsor_level-microsponsor\" >\n\t\t\t\t\t\t<h3 class=\"entry-title sponsor-title\">\n\t\t\t\t\t\t\t<a href=\"https:\/\/montreal.wordcamp.org\/2012\/sponsor\/broche-a-foin\/\">\n\t\t\t\t\t\t\t\tBroche \u00e0 foin (.biz)\t\t\t\t\t\t\t<\/a>\n\t\t\t\t\t\t<\/h3>\n\n\t\t\t\t\t\t<div class=\"entry-content sponsor-description\">\n\t\t\t\t\t\t\t<p>Broche \u00e0 foin (.biz) is bailing wire for your online business: cheap, sturdy and useful in more ways than you can count. My services include: research, evaluation and setup of existing solutions (open source and hosted services), custom development, emergency debugging\/de-hacking, training for users, administrators and developers and, lest we forget, good old fashioned advice.<br \/>\n<a href=\"http:\/\/brocheafoin.biz\/\" title=\"Broche \u00e0 foin\" rel=\"nofollow\">http:\/\/brocheafoin.biz\/<\/a><\/p>\n\t\t\t\t\t\t<\/div>\n\t\t\t\t\t<\/div>\n\n\t\t\t\t\t\n\t\t\t\t\t<div id=\"post-311\" class=\"sponsor post-311 wcb_sponsor type-wcb_sponsor status-publish hentry wcb_sponsor_level-microsponsor\" >\n\t\t\t\t\t\t<h3 class=\"entry-title sponsor-title\">\n\t\t\t\t\t\t\t<a href=\"https:\/\/montreal.wordcamp.org\/2012\/sponsor\/uniseo\/\">\n\t\t\t\t\t\t\t\tUniseo Training\t\t\t\t\t\t\t<\/a>\n\t\t\t\t\t\t<\/h3>\n\n\t\t\t\t\t\t<div class=\"entry-content sponsor-description\">\n\t\t\t\t\t\t\t<p>Uniseo is a full service company providing high quality WordPress web design, custom web development, Internet strategies, advanced search engine optimization, email marketing, social media and Internet advertising services. <\/p>\n<p>We offer Montreal&#8217;s widest range of up-to-date training courses, workshops, and seminars such as WordPress for beginners, Intermediate WordPress training, SEO (for beginners and advanced), social media marketing for business, PSD to HTML and CSS, and many more. Please visit our extensive class list for details.<br \/>\n<a href=\"http:\/\/www.uniseo.com\/training\/\" rel=\"nofollow\">http:\/\/www.uniseo.com\/training\/<\/a><\/p>\n\t\t\t\t\t\t<\/div>\n\t\t\t\t\t<\/div>\n\n\t\t\t\t\t\n\t\t\t\t\t<div id=\"post-818\" class=\"sponsor post-818 wcb_sponsor type-wcb_sponsor status-publish hentry wcb_sponsor_level-microsponsor\" >\n\t\t\t\t\t\t<h3 class=\"entry-title sponsor-title\">\n\t\t\t\t\t\t\t<a href=\"https:\/\/montreal.wordcamp.org\/2012\/sponsor\/shaila-nakajjumba\/\">\n\t\t\t\t\t\t\t\tShaila Nakajjumba\t\t\t\t\t\t\t<\/a>\n\t\t\t\t\t\t<\/h3>\n\n\t\t\t\t\t\t<div class=\"entry-content sponsor-description\">\n\t\t\t\t\t\t\t\t\t\t\t\t\t<\/div>\n\t\t\t\t\t<\/div>\n\n\t\t\t\t\t\n\t\t\t\t<\/div>\n\t\t\t\t\t<\/div>\n\n\t\t\n","protected":false},"excerpt":{"rendered":"<p>Thanks to all the sponsors of WordCamp Montreal 2012, you make WordCamp possible (and awesome)!<\/p>\n","protected":false},"author":221745,"featured_media":0,"parent":31,"menu_order":5,"comment_status":"closed","ping_status":"closed","template":"","meta":{"jetpack_post_was_ever_published":false,"footnotes":""},"class_list":["post-61","page","type-page","status-publish","hentry"],"jetpack_shortlink":"https:\/\/wp.me\/P2g1ot-Z","jetpack_sharing_enabled":true,"_links":{"self":[{"href":"https:\/\/montreal.wordcamp.org\/2012\/wp-json\/wp\/v2\/pages\/61","targetHints":{"allow":["GET"]}}],"collection":[{"href":"https:\/\/montreal.wordcamp.org\/2012\/wp-json\/wp\/v2\/pages"}],"about":[{"href":"https:\/\/montreal.wordcamp.org\/2012\/wp-json\/wp\/v2\/types\/page"}],"author":[{"embeddable":true,"href":"https:\/\/montreal.wordcamp.org\/2012\/wp-json\/wp\/v2\/users\/221745"}],"replies":[{"embeddable":true,"href":"https:\/\/montreal.wordcamp.org\/2012\/wp-json\/wp\/v2\/comments?post=61"}],"version-history":[{"count":6,"href":"https:\/\/montreal.wordcamp.org\/2012\/wp-json\/wp\/v2\/pages\/61\/revisions"}],"predecessor-version":[{"id":1295,"href":"https:\/\/montreal.wordcamp.org\/2012\/wp-json\/wp\/v2\/pages\/61\/revisions\/1295"}],"up":[{"embeddable":true,"href":"https:\/\/montreal.wordcamp.org\/2012\/wp-json\/wp\/v2\/pages\/31"}],"wp:attachment":[{"href":"https:\/\/montreal.wordcamp.org\/2012\/wp-json\/wp\/v2\/media?parent=61"}],"curies":[{"name":"wp","href":"https:\/\/api.w.org\/{rel}","templated":true}]}}