{"id":14,"date":"2013-03-26T12:14:29","date_gmt":"2013-03-26T16:14:29","guid":{"rendered":"https:\/\/2013-fr.montreal.wordcamp.org\/?page_id=14"},"modified":"2013-04-19T19:15:16","modified_gmt":"2013-04-19T23:15:16","slug":"infolettre","status":"publish","type":"page","link":"https:\/\/montreal.wordcamp.org\/2013-fr\/nous-joindre\/infolettre\/","title":{"rendered":"Infolettre"},"content":{"rendered":"<p>Inscrivez-vous \u00e0 notre infolettre afin de recevoir des informations sur les WordCamps \u00e0 Montr\u00e9al, les r\u00e9unions mensuels <em>dev_meetups<\/em> de la communaut\u00e9 WordPress de Montr\u00e9al ainsi que les r\u00e9unions mensuelles \u00e0 caract\u00e8re social.<\/p>\n<p><a class=\"orange-btn\" href=\"http:\/\/eepurl.com\/lvJHn\"><span class=\"newsletter-icon\">Abonnez-vous \u00e0 notre infolettre<\/span><\/a><br \/>\n<!-- \\\\ MAILCHIMP SUBSCRIBE CODE \/\/ --><\/p>\n","protected":false},"excerpt":{"rendered":"<p>Inscrivez-vous \u00e0 notre infolettre afin de recevoir des informations sur les WordCamps \u00e0 Montr\u00e9al, les r\u00e9unions mensuels dev_meetups de la communaut\u00e9 WordPress de Montr\u00e9al ainsi que les r\u00e9unions mensuelles \u00e0 caract\u00e8re social. Abonnez-vous \u00e0 notre infolettre<\/p>\n","protected":false},"author":4229527,"featured_media":0,"parent":9,"menu_order":0,"comment_status":"closed","ping_status":"closed","template":"","meta":{"jetpack_post_was_ever_published":false,"footnotes":""},"class_list":["post-14","page","type-page","status-publish","hentry"],"jetpack_sharing_enabled":true,"jetpack_shortlink":"https:\/\/wp.me\/P3ejmN-e","_links":{"self":[{"href":"https:\/\/montreal.wordcamp.org\/2013-fr\/wp-json\/wp\/v2\/pages\/14","targetHints":{"allow":["GET"]}}],"collection":[{"href":"https:\/\/montreal.wordcamp.org\/2013-fr\/wp-json\/wp\/v2\/pages"}],"about":[{"href":"https:\/\/montreal.wordcamp.org\/2013-fr\/wp-json\/wp\/v2\/types\/page"}],"author":[{"embeddable":true,"href":"https:\/\/montreal.wordcamp.org\/2013-fr\/wp-json\/wp\/v2\/users\/4229527"}],"replies":[{"embeddable":true,"href":"https:\/\/montreal.wordcamp.org\/2013-fr\/wp-json\/wp\/v2\/comments?post=14"}],"version-history":[{"count":1,"href":"https:\/\/montreal.wordcamp.org\/2013-fr\/wp-json\/wp\/v2\/pages\/14\/revisions"}],"predecessor-version":[{"id":168,"href":"https:\/\/montreal.wordcamp.org\/2013-fr\/wp-json\/wp\/v2\/pages\/14\/revisions\/168"}],"up":[{"embeddable":true,"href":"https:\/\/montreal.wordcamp.org\/2013-fr\/wp-json\/wp\/v2\/pages\/9"}],"wp:attachment":[{"href":"https:\/\/montreal.wordcamp.org\/2013-fr\/wp-json\/wp\/v2\/media?parent=14"}],"curies":[{"name":"wp","href":"https:\/\/api.w.org\/{rel}","templated":true}]}}