{"id":202,"date":"2013-05-02T23:44:34","date_gmt":"2013-05-03T03:44:34","guid":{"rendered":"https:\/\/2013-fr.montreal.wordcamp.org\/?page_id=202"},"modified":"2013-05-16T18:19:52","modified_gmt":"2013-05-16T22:19:52","slug":"macarons","status":"publish","type":"page","link":"https:\/\/montreal.wordcamp.org\/2013-fr\/macarons\/","title":{"rendered":"Macarons"},"content":{"rendered":"<p>D\u00e9montrez votre participation \u00e0 WordCamp Montr\u00e9al avec un de ces insignes! Veuillez svp ajouter \u00e0 l\u2019image un hyperlien vers <strong>http:\/\/wcmtl.org<\/strong>, \u00e0 votre pr\u00e9sentation ou \u00e0 votre page de commanditaire si c\u2019est le cas.<\/p>\n<p>We also have <a href=\"http:\/\/2013.montreal.wordcamp.org\/badges\/\">badges in English\u00a0\u00bb<\/a><\/p>\n<p><a href=\"https:\/\/2013-fr.montreal.wordcamp.org\/files\/2013\/05\/wcmtl_2013_attending_badge_200px_fr.png\"><img loading=\"lazy\" decoding=\"async\" class=\"alignnone size-full wp-image-497\" alt=\"wcmtl_2013_attending_badge_200px_fr\" src=\"https:\/\/2013-fr.montreal.wordcamp.org\/files\/2013\/05\/wcmtl_2013_attending_badge_200px_fr.png\" width=\"200\" height=\"200\" srcset=\"https:\/\/montreal.wordcamp.org\/2013-fr\/files\/2013\/05\/wcmtl_2013_attending_badge_200px_fr.png 200w, https:\/\/montreal.wordcamp.org\/2013-fr\/files\/2013\/05\/wcmtl_2013_attending_badge_200px_fr-150x150.png 150w\" sizes=\"auto, (max-width: 200px) 100vw, 200px\" \/><\/a><\/p>\n<p><a href=\"https:\/\/2013-fr.montreal.wordcamp.org\/files\/2013\/05\/wcmtl_2013_speaking_badge_200px_fr.png\"><img loading=\"lazy\" decoding=\"async\" class=\"alignnone size-full wp-image-501\" alt=\"wcmtl_2013_speaking_badge_200px_fr\" src=\"https:\/\/2013-fr.montreal.wordcamp.org\/files\/2013\/05\/wcmtl_2013_speaking_badge_200px_fr.png\" width=\"200\" height=\"200\" srcset=\"https:\/\/montreal.wordcamp.org\/2013-fr\/files\/2013\/05\/wcmtl_2013_speaking_badge_200px_fr.png 200w, https:\/\/montreal.wordcamp.org\/2013-fr\/files\/2013\/05\/wcmtl_2013_speaking_badge_200px_fr-150x150.png 150w\" sizes=\"auto, (max-width: 200px) 100vw, 200px\" \/><\/a><\/p>\n<p><a href=\"https:\/\/2013-fr.montreal.wordcamp.org\/files\/2013\/05\/wcmtl_2013_speaking_badge_200px_fr1.png\"><img loading=\"lazy\" decoding=\"async\" class=\"alignnone size-full wp-image-512\" alt=\"wcmtl_2013_speaking_badge_200px_fr\" src=\"https:\/\/2013-fr.montreal.wordcamp.org\/files\/2013\/05\/wcmtl_2013_speaking_badge_200px_fr1.png\" width=\"200\" height=\"200\" srcset=\"https:\/\/montreal.wordcamp.org\/2013-fr\/files\/2013\/05\/wcmtl_2013_speaking_badge_200px_fr1.png 200w, https:\/\/montreal.wordcamp.org\/2013-fr\/files\/2013\/05\/wcmtl_2013_speaking_badge_200px_fr1-150x150.png 150w\" sizes=\"auto, (max-width: 200px) 100vw, 200px\" \/><\/a><\/p>\n<p><a href=\"https:\/\/2013-fr.montreal.wordcamp.org\/files\/2013\/05\/wcmtl_2013_volunteer_badge_200px_fr.png\"><img loading=\"lazy\" decoding=\"async\" class=\"alignnone size-full wp-image-505\" alt=\"wcmtl_2013_volunteer_badge_200px_fr\" src=\"https:\/\/2013-fr.montreal.wordcamp.org\/files\/2013\/05\/wcmtl_2013_volunteer_badge_200px_fr.png\" width=\"200\" height=\"200\" srcset=\"https:\/\/montreal.wordcamp.org\/2013-fr\/files\/2013\/05\/wcmtl_2013_volunteer_badge_200px_fr.png 200w, https:\/\/montreal.wordcamp.org\/2013-fr\/files\/2013\/05\/wcmtl_2013_volunteer_badge_200px_fr-150x150.png 150w\" sizes=\"auto, (max-width: 200px) 100vw, 200px\" \/><\/a><\/p>\n<p><a href=\"https:\/\/2013-fr.montreal.wordcamp.org\/files\/2013\/05\/wcmtl_2013_attending_badge_400px_fr.png\"><img loading=\"lazy\" decoding=\"async\" class=\"alignnone size-full wp-image-499\" alt=\"wcmtl_2013_attending_badge_400px_fr\" src=\"https:\/\/2013-fr.montreal.wordcamp.org\/files\/2013\/05\/wcmtl_2013_attending_badge_400px_fr.png\" width=\"400\" height=\"400\" srcset=\"https:\/\/montreal.wordcamp.org\/2013-fr\/files\/2013\/05\/wcmtl_2013_attending_badge_400px_fr.png 400w, https:\/\/montreal.wordcamp.org\/2013-fr\/files\/2013\/05\/wcmtl_2013_attending_badge_400px_fr-150x150.png 150w, https:\/\/montreal.wordcamp.org\/2013-fr\/files\/2013\/05\/wcmtl_2013_attending_badge_400px_fr-300x300.png 300w\" sizes=\"auto, (max-width: 400px) 100vw, 400px\" \/><\/a><\/p>\n<p><a href=\"https:\/\/2013-fr.montreal.wordcamp.org\/files\/2013\/05\/wcmtl_2013_speaking_badge_400px_fr.png\"><img loading=\"lazy\" decoding=\"async\" class=\"alignnone size-full wp-image-503\" alt=\"wcmtl_2013_speaking_badge_400px_fr\" src=\"https:\/\/2013-fr.montreal.wordcamp.org\/files\/2013\/05\/wcmtl_2013_speaking_badge_400px_fr.png\" width=\"400\" height=\"400\" srcset=\"https:\/\/montreal.wordcamp.org\/2013-fr\/files\/2013\/05\/wcmtl_2013_speaking_badge_400px_fr.png 400w, https:\/\/montreal.wordcamp.org\/2013-fr\/files\/2013\/05\/wcmtl_2013_speaking_badge_400px_fr-150x150.png 150w, https:\/\/montreal.wordcamp.org\/2013-fr\/files\/2013\/05\/wcmtl_2013_speaking_badge_400px_fr-300x300.png 300w\" sizes=\"auto, (max-width: 400px) 100vw, 400px\" \/><\/a><\/p>\n<p><a href=\"https:\/\/2013-fr.montreal.wordcamp.org\/files\/2013\/05\/wcmtl_2013_speaking_badge_400px_fr1.png\"><img loading=\"lazy\" decoding=\"async\" class=\"alignnone size-full wp-image-513\" alt=\"wcmtl_2013_speaking_badge_400px_fr\" src=\"https:\/\/2013-fr.montreal.wordcamp.org\/files\/2013\/05\/wcmtl_2013_speaking_badge_400px_fr1.png\" width=\"400\" height=\"400\" srcset=\"https:\/\/montreal.wordcamp.org\/2013-fr\/files\/2013\/05\/wcmtl_2013_speaking_badge_400px_fr1.png 400w, https:\/\/montreal.wordcamp.org\/2013-fr\/files\/2013\/05\/wcmtl_2013_speaking_badge_400px_fr1-150x150.png 150w, https:\/\/montreal.wordcamp.org\/2013-fr\/files\/2013\/05\/wcmtl_2013_speaking_badge_400px_fr1-300x300.png 300w\" sizes=\"auto, (max-width: 400px) 100vw, 400px\" \/><\/a><\/p>\n<p><a href=\"https:\/\/2013-fr.montreal.wordcamp.org\/files\/2013\/05\/wcmtl_2013_volunteer_badge_400px_fr.png\"><img loading=\"lazy\" decoding=\"async\" class=\"alignnone size-full wp-image-507\" alt=\"wcmtl_2013_volunteer_badge_400px_fr\" src=\"https:\/\/2013-fr.montreal.wordcamp.org\/files\/2013\/05\/wcmtl_2013_volunteer_badge_400px_fr.png\" width=\"400\" height=\"400\" srcset=\"https:\/\/montreal.wordcamp.org\/2013-fr\/files\/2013\/05\/wcmtl_2013_volunteer_badge_400px_fr.png 400w, https:\/\/montreal.wordcamp.org\/2013-fr\/files\/2013\/05\/wcmtl_2013_volunteer_badge_400px_fr-150x150.png 150w, https:\/\/montreal.wordcamp.org\/2013-fr\/files\/2013\/05\/wcmtl_2013_volunteer_badge_400px_fr-300x300.png 300w\" sizes=\"auto, (max-width: 400px) 100vw, 400px\" \/><\/a><\/p>\n","protected":false},"excerpt":{"rendered":"<p>D\u00e9montrez votre participation \u00e0 WordCamp Montr\u00e9al avec un de ces insignes! Veuillez svp ajouter \u00e0 l\u2019image un hyperlien vers http:\/\/wcmtl.org, \u00e0 votre pr\u00e9sentation ou \u00e0 votre page de commanditaire si c\u2019est le cas. We also have badges in English\u00a0\u00bb<\/p>\n","protected":false},"author":4229527,"featured_media":0,"parent":0,"menu_order":7,"comment_status":"closed","ping_status":"closed","template":"","meta":{"jetpack_post_was_ever_published":false,"footnotes":""},"class_list":["post-202","page","type-page","status-publish","hentry"],"jetpack_sharing_enabled":true,"jetpack_shortlink":"https:\/\/wp.me\/P3ejmN-3g","_links":{"self":[{"href":"https:\/\/montreal.wordcamp.org\/2013-fr\/wp-json\/wp\/v2\/pages\/202","targetHints":{"allow":["GET"]}}],"collection":[{"href":"https:\/\/montreal.wordcamp.org\/2013-fr\/wp-json\/wp\/v2\/pages"}],"about":[{"href":"https:\/\/montreal.wordcamp.org\/2013-fr\/wp-json\/wp\/v2\/types\/page"}],"author":[{"embeddable":true,"href":"https:\/\/montreal.wordcamp.org\/2013-fr\/wp-json\/wp\/v2\/users\/4229527"}],"replies":[{"embeddable":true,"href":"https:\/\/montreal.wordcamp.org\/2013-fr\/wp-json\/wp\/v2\/comments?post=202"}],"version-history":[{"count":8,"href":"https:\/\/montreal.wordcamp.org\/2013-fr\/wp-json\/wp\/v2\/pages\/202\/revisions"}],"predecessor-version":[{"id":516,"href":"https:\/\/montreal.wordcamp.org\/2013-fr\/wp-json\/wp\/v2\/pages\/202\/revisions\/516"}],"wp:attachment":[{"href":"https:\/\/montreal.wordcamp.org\/2013-fr\/wp-json\/wp\/v2\/media?parent=202"}],"curies":[{"name":"wp","href":"https:\/\/api.w.org\/{rel}","templated":true}]}}