{"id":26,"date":"2013-03-26T15:09:16","date_gmt":"2013-03-26T19:09:16","guid":{"rendered":"https:\/\/2013-fr.montreal.wordcamp.org\/?page_id=26"},"modified":"2013-03-26T15:12:58","modified_gmt":"2013-03-26T19:12:58","slug":"organisateurs","status":"publish","type":"page","link":"https:\/\/montreal.wordcamp.org\/2013-fr\/a-propos-de-nous\/organisateurs\/","title":{"rendered":"Organisateurs"},"content":{"rendered":"<p>WordCamp Montr\u00e9al est un \u00e9v\u00e9nement organis\u00e9 par la communaut\u00e9. Nous essayons toujours d&rsquo;inclure le maximum de personnes dans nos d\u00e9cisions. Toutefois, les responsabilit\u00e9s principales ont tendance \u00e0 reposer sur quelques organisateurs-cl\u00e9s.<\/p>\n<p><strong>Organisateurs de WordCamp Montr\u00e9al 2012<\/strong><\/p>\n<h3><a href=\"http:\/\/twitter.com\/twigpress\">Carl Alexander<\/a><\/h3>\n<p><img loading=\"lazy\" decoding=\"async\" class=\"alignleft size-full wp-image-1007\" title=\"carl\" alt=\"\" src=\"http:\/\/2011.montreal.wordcamp.org\/files\/2011\/03\/carl.jpg\" width=\"125\" height=\"125\" \/>Carl Alexander est un d\u00e9veloppeur avide de PHP qui adore faire des exp\u00e9riences \u00e9tranges en int\u00e9grant diff\u00e9rentes technologies et logiciels libres donnant lieu \u00e0 des r\u00e9sultats parfois impr\u00e9visibles.<\/p>\n<h3>Richard Archambault<\/h3>\n<p><img loading=\"lazy\" decoding=\"async\" class=\"alignleft size-full wp-image-99\" alt=\"richard-archambault\" src=\"http:\/\/2013.montreal.wordcamp.org\/files\/2013\/03\/richard-archambault.jpg\" width=\"125\" height=\"125\" \/>Richard loves the web and really loves WordPress. After attending his first WordCamp Montreal in 2010, he was hooked! Now a Happiness Engineer with Automattic, Richard wants to help spread the WordPress goodness to anyone else who&rsquo;s interested in the web. When he&rsquo;s not tinkering with his sites, he loves going to Mexico to eat spicy tacos and ride around on the metro!<\/p>\n<h3><a href=\"http:\/\/jeremyclarke.org\/\">Jeremy Clarke<\/a> \u00b7 <a href=\"http:\/\/jeremyclarke.org\/\">Simian Uprising<\/a><\/h3>\n<p><img loading=\"lazy\" decoding=\"async\" class=\"alignleft size-full wp-image-1008\" title=\"jeremy\" alt=\"\" src=\"http:\/\/2011.montreal.wordcamp.org\/files\/2011\/03\/jeremy.jpg\" width=\"125\" height=\"132\" \/>Jeremy Clarke est un hacker des technologies PHP, HTML, CSS et de la plate-forme WordPress. Il adore son emploi au sein d&rsquo;une entreprise de m\u00e9dias citoyens \u00e0 but non-lucratif, Global Voices, o\u00f9 il g\u00e8re des dizaines de sites WordPress, de blogues, d&rsquo;extensions, de th\u00e8mes ainsi que quelques serveurs linux&#8230; un peu grognons. Il poss\u00e8de un Bacc. en communication de l&rsquo;Universit\u00e9 Concordia, mais est devenu programmeur web par lui-m\u00eame.<\/p>\n<h3><a href=\"http:\/\/alexruaux.com\">Alex Ruaux<\/a><\/h3>\n<p><a href=\"http:\/\/2013.montreal.wordcamp.org\/files\/2013\/03\/alex-ruaux.png\"><img loading=\"lazy\" decoding=\"async\" class=\"alignleft size-full wp-image-92\" alt=\"alex-ruaux\" src=\"http:\/\/2013.montreal.wordcamp.org\/files\/2013\/03\/alex-ruaux.png\" width=\"125\" height=\"125\" \/><\/a>3D Printing wizard, coding beginner and WordPress enthusiast, <a href=\"http:\/\/alexruaux.com\">Alex Ruaux<\/a> is the Volunteer coordinator for WordCampMtl. She works as a freelance web designer and 3D printing consultant. She is also a co-organizer of the Montreal Mini Maker Faire and when not at her computer, can be found out and about enjoying the city. <a href=\"http:\/\/twitter.com\/molecularcode\">@molecularcode<\/a><\/p>\n<h3><a href=\"http:\/\/about.me\/shannonasmith\">Shannon Smith<\/a> \u00b7 <a href=\"http:\/\/www.cafenoirdesign.com\">Caf\u00e9 Noir Design<\/a><\/h3>\n<p><img loading=\"lazy\" decoding=\"async\" class=\"alignleft size-full wp-image-1010\" title=\"shanon\" alt=\"\" src=\"http:\/\/2011.montreal.wordcamp.org\/files\/2011\/03\/shanon.jpg\" width=\"125\" height=\"125\" \/>Shannon Smith est la fondatrice de Caf\u00e9 Noir Design, une agence de design et de d\u00e9veloppement Web \u00e0 Montr\u00e9al qui se sp\u00e9cialise dans le d\u00e9veloppement multilingue. Elle soutient les logiciels libres, et les pratiques d&rsquo;affaires vertes. Elle est souvent conf\u00e9renci\u00e8re et son blogue est accessible \u00e0\u00a0<a title=\"Chroni.ca\" href=\"http:\/\/chroni.ca\">Chroni.ca<\/a>.<br \/>\n<a href=\"http:\/\/twitter.com\/cafenoirdesign\">twitter<\/a> | <a href=\"https:\/\/plus.google.com\/114813571187124139424?rel=author\">google+<\/a> | <a href=\"http:\/\/chroni.ca\">blogue<\/a><\/p>\n<h3><a href=\"http:\/\/kwight.ca\">Kirk Wight<\/a><\/h3>\n<p><img loading=\"lazy\" decoding=\"async\" class=\"size-full alignleft wp-image-114\" alt=\"Kirk Wight\" src=\"http:\/\/2013.montreal.wordcamp.org\/files\/2013\/03\/kwight.jpg\" width=\"125\" height=\"125\" \/><a href=\"http:\/\/kwight.ca\">Kirk Wight<\/a> is a WordPress theme developer and core contributor based in Montreal, Quebec. He enjoys speaking at WordCamps and meetups, and is a co-organizer for WordCamp Montreal 2013. His time away from computers often involves friends, loved ones, dogs, and beer, in no particular order. <a href=\"https:\/\/twitter.com\/kwightca\">twitter<\/a><\/p>\n","protected":false},"excerpt":{"rendered":"<p>WordCamp Montr\u00e9al est un \u00e9v\u00e9nement organis\u00e9 par la communaut\u00e9. Nous essayons toujours d&rsquo;inclure le maximum de personnes dans nos d\u00e9cisions. Toutefois, les responsabilit\u00e9s principales ont tendance \u00e0 reposer sur quelques organisateurs-cl\u00e9s. Organisateurs de WordCamp Montr\u00e9al 2012 Carl Alexander Carl Alexander &hellip; <a href=\"https:\/\/montreal.wordcamp.org\/2013-fr\/a-propos-de-nous\/organisateurs\/\">Continuer la lecture <span class=\"screen-reader-text\">Organisateurs<\/span>  <span class=\"meta-nav\">&rarr;<\/span><\/a><\/p>\n","protected":false},"author":4229527,"featured_media":0,"parent":16,"menu_order":0,"comment_status":"closed","ping_status":"closed","template":"","meta":{"jetpack_post_was_ever_published":false,"footnotes":""},"class_list":["post-26","page","type-page","status-publish","hentry"],"jetpack_sharing_enabled":true,"jetpack_shortlink":"https:\/\/wp.me\/P3ejmN-q","_links":{"self":[{"href":"https:\/\/montreal.wordcamp.org\/2013-fr\/wp-json\/wp\/v2\/pages\/26","targetHints":{"allow":["GET"]}}],"collection":[{"href":"https:\/\/montreal.wordcamp.org\/2013-fr\/wp-json\/wp\/v2\/pages"}],"about":[{"href":"https:\/\/montreal.wordcamp.org\/2013-fr\/wp-json\/wp\/v2\/types\/page"}],"author":[{"embeddable":true,"href":"https:\/\/montreal.wordcamp.org\/2013-fr\/wp-json\/wp\/v2\/users\/4229527"}],"replies":[{"embeddable":true,"href":"https:\/\/montreal.wordcamp.org\/2013-fr\/wp-json\/wp\/v2\/comments?post=26"}],"version-history":[{"count":4,"href":"https:\/\/montreal.wordcamp.org\/2013-fr\/wp-json\/wp\/v2\/pages\/26\/revisions"}],"predecessor-version":[{"id":30,"href":"https:\/\/montreal.wordcamp.org\/2013-fr\/wp-json\/wp\/v2\/pages\/26\/revisions\/30"}],"up":[{"embeddable":true,"href":"https:\/\/montreal.wordcamp.org\/2013-fr\/wp-json\/wp\/v2\/pages\/16"}],"wp:attachment":[{"href":"https:\/\/montreal.wordcamp.org\/2013-fr\/wp-json\/wp\/v2\/media?parent=26"}],"curies":[{"name":"wp","href":"https:\/\/api.w.org\/{rel}","templated":true}]}}