{"id":34,"date":"2013-03-26T15:15:49","date_gmt":"2013-03-26T19:15:49","guid":{"rendered":"https:\/\/2013-fr.montreal.wordcamp.org\/?page_id=34"},"modified":"2013-06-11T15:04:16","modified_gmt":"2013-06-11T19:04:16","slug":"lieu","status":"publish","type":"page","link":"https:\/\/montreal.wordcamp.org\/2013-fr\/lieu\/","title":{"rendered":"Lieu"},"content":{"rendered":"<p><img loading=\"lazy\" decoding=\"async\" class=\"alignnone size-large wp-image-215\" title=\"wcmtl-venue\" alt=\"\" src=\"http:\/\/2012.montreal.wordcamp.org\/files\/2012\/05\/wcmtl-venue-1024x453.jpg\" width=\"640\" height=\"283\" \/><br \/>\n<em>Photo par\u00a0<a href=\"http:\/\/elida.ca\/\">Elida Arrizza<\/a><\/em><\/p>\n<div id=\"attachment_137\" style=\"width: 250px\" class=\"wp-caption alignright\"><a href=\"http:\/\/www.flickr.com\/photos\/lexnger\/4938678820\/\"><img loading=\"lazy\" decoding=\"async\" aria-describedby=\"caption-attachment-137\" class=\"size-full wp-image-137\" title=\"WordCamp Montreal\" alt=\"Sunny venue at wcmtl 2009\" src=\"http:\/\/2011.montreal.wordcamp.org\/files\/2011\/03\/WordCamp-Montreal.jpeg\" width=\"240\" height=\"160\" \/><\/a><p id=\"caption-attachment-137\" class=\"wp-caption-text\">175 Avenue Pr\u00e9sident-Kennedy<\/p><\/div>\n<p>WordCamp Montr\u00e9al 2013 aura lieu \u00e0\u00a0<a href=\"http:\/\/www.coeurdessciences.uqam.ca\">175 Avenue Pr\u00e9sident-Kennedy<\/a>. C&rsquo;est le m\u00eame lieu que l&rsquo;ann\u00e9e pass\u00e9e. Durant notre planification, le lieu a \u00e9t\u00e9 choisi pour sa convivialit\u00e9, son espace multifonctionnel et ses terrains verts. Nous nous r\u00e9jouissons \u00e0 l&rsquo;id\u00e9e d&rsquo;une autre ann\u00e9e de pr\u00e9sentations dans ces salles accueillantes et lumineuses ainsi que pour \u00a0prendre nos repas dans la superbe cour ensoleill\u00e9e.<\/p>\n<p>\u00c0 propos du lieu:<\/p>\n<ul>\n<li><a href=\"#carte\">Carte<\/a><\/li>\n<li><a href=\"#polyvalente\">La Salle polyvalente (pr\u00e9sentations)<\/a><\/li>\n<li><a href=\"#polyvalente\">L&rsquo;Amphit\u00e9\u00e2tre (pr\u00e9sentations)<\/a><\/li>\n<li><a href=\"#agora\">L&rsquo;Agora (pr\u00e9sentations)<\/a><\/li>\n<li><a href=\"#agora\">La Chaufferie (enregistrement, nourriture, \u00ab\u00a0genius bar\u00a0\u00bb)<\/a><\/li>\n<li><a href=\"#hotels\">H\u00f4tels \u00e0 proximit\u00e9<\/a><\/li>\n<\/ul>\n<p><a name=\"carte\"><\/a><\/p>\n<h3>Carte<\/h3>\n<p>La circulation est quelque peu complexe \u00e0 l&rsquo;int\u00e9rieur des b\u00e2timents et ceux-ci ne sont pas accessibles avec Google Maps. Afin de ne pas vous perdre, veuillez imprimer et sauvegarder ce sch\u00e9ma sur votre t\u00e9l\u00e9phone intelligent:<\/p>\n<div id=\"attachment_103\" style=\"width: 285px\" class=\"wp-caption alignnone\"><a href=\"http:\/\/2012.montreal.wordcamp.org\/files\/2012\/05\/plan-accescds.gif\"><img loading=\"lazy\" decoding=\"async\" aria-describedby=\"caption-attachment-103\" class=\"size-medium wp-image-103\" title=\"UQAM - Coeur des Sciences\" alt=\"Carte de UQAM - Coeur des Sciences\" src=\"http:\/\/2012.montreal.wordcamp.org\/files\/2012\/05\/plan-accescds-275x300.gif\" width=\"275\" height=\"300\" \/><\/a><p id=\"caption-attachment-103\" class=\"wp-caption-text\">175 Avenue Pr\u00e9sident-Kennedy<\/p><\/div>\n<p><a name=\"polyvalente\"><\/a><\/p>\n<h3>La Salle polyvalente &amp; l&rsquo;Amphith\u00e9\u00e2tre<\/h3>\n<div id=\"attachment_241\" style=\"width: 255px\" class=\"wp-caption alignright\"><a href=\"http:\/\/www.coeurdessciences.uqam.ca\/location-de-salles\/salle-polyvalente.html\"><img loading=\"lazy\" decoding=\"async\" aria-describedby=\"caption-attachment-241\" class=\"size-full wp-image-241\" title=\"poly\" alt=\"\" src=\"http:\/\/2011.montreal.wordcamp.org\/files\/2011\/03\/poly.jpeg\" width=\"245\" height=\"197\" \/><\/a><p id=\"caption-attachment-241\" class=\"wp-caption-text\">Salle Polyvalente (site du CDS)<\/p><\/div>\n<p>La Salle polyvalente (SH-4800) est une grande salle au deuxi\u00e8me \u00e9tage du 200 rue Sherbrooke Ouest. Elle sera utilis\u00e9e pour les pr\u00e9sentations.<\/p>\n<p>L&rsquo;Amphith\u00e9\u00e2tre (SH-2800) se trouve \u00e9galement au 200 rue Sherbrooke Ouest, et sera utilis\u00e9 pour des pr\u00e9sentations.<\/p>\n<p><strong>Adresse<\/strong><br \/>\n200 Rue Sherbrooke ouest<br \/>\nMontr\u00e9al (Qu\u00e9bec)<br \/>\nH3C 3P8<br \/>\n<a href=\"http:\/\/goo.gl\/maps\/zsBF\">Consulter sur Google Maps<\/a><br \/>\n<a name=\"agora\"><\/a><\/p>\n<h3 id=\"agora\">L&rsquo;Agora Hydro-Qu\u00e9bec et La Chaufferie<\/h3>\n<div id=\"attachment_239\" style=\"width: 250px\" class=\"wp-caption alignright\"><a href=\"http:\/\/www.flickr.com\/photos\/vanillaforums\/4942430229\/\"><img loading=\"lazy\" decoding=\"async\" aria-describedby=\"caption-attachment-239\" class=\"size-full wp-image-239 \" style=\"clear: right\" title=\"chaufferie\" alt=\"picture of chaufferie\" src=\"http:\/\/2011.montreal.wordcamp.org\/files\/2011\/03\/4942430229_787e91c78e_m.jpeg\" width=\"240\" height=\"180\" \/><\/a><p id=\"caption-attachment-239\" class=\"wp-caption-text\">Chaufferie par Vanillaforums sur Flickr<\/p><\/div>\n<p>L&rsquo;Agora Hydro-Qu\u00e9bec(CO-R500) et La Chaufferie (CO-R700) se trouvent au centre du complexe et sont interconnect\u00e9es. L&rsquo;Agora sera utilis\u00e9e pour les pr\u00e9sentations, y compris la pr\u00e9sentation g\u00e9n\u00e9rale (\u00ab\u00a0keynote\u00a0\u00bb).<\/p>\n<p>La Chaufferie sera utilis\u00e9e pour les enregistrements, le caf\u00e9 et le lunch. Pendant le reste de la journ\u00e9e, la salle accueillera le \u00ab Happiness Bar \u00bb.<\/p>\n<div class=\"clearfix\"><\/div>\n<div id=\"attachment_238\" style=\"width: 250px\" class=\"wp-caption alignright\"><a href=\"http:\/\/www.flickr.com\/photos\/vanillaforums\/4942441623\/\"><img loading=\"lazy\" decoding=\"async\" aria-describedby=\"caption-attachment-238\" class=\"size-full wp-image-238\" title=\"Agora hydro quebec\" alt=\"photo of salle polyvalente\" src=\"http:\/\/2011.montreal.wordcamp.org\/files\/2011\/03\/4942441623_b6d841c772_m.jpeg\" width=\"240\" height=\"180\" \/><\/a><p id=\"caption-attachment-238\" class=\"wp-caption-text\">Agora par Vanillaforums sur Flickr<\/p><\/div>\n<p><strong>Adresse<\/strong><br \/>\n175 Avenue Pr\u00e9sident-Kennedy<br \/>\nMontr\u00e9al (Qu\u00e9bec)<br \/>\nH2X 0A3<br \/>\n<a href=\"http:\/\/goo.gl\/maps\/upk2\">Consulter sur Google Maps<\/a><\/p>\n<p><a name=\"hotels\"><\/a><\/p>\n<h3 id=\"hotels\">H\u00f4tels \u00e0 proximit\u00e9<\/h3>\n<p>Malheureusement, nous n&rsquo;avons pas d\u2019offres sp\u00e9ciales pour les h\u00f4tels cette ann\u00e9e. Cependant, le site web du lieu offre une liste d&rsquo;h\u00f4tels organis\u00e9s par ordre de proximit\u00e9. Gr\u00e2ce au fait que le lieu est situ\u00e9 en plein centre-ville, \u00e0 peu pr\u00e8s tous ces h\u00f4tels sont facilement accessibles, et le Vieux-Port ainsi que le M\u00e9tro sont \u00e0 distance de marche.<\/p>\n<p><a href=\"http:\/\/www.coeurdessciences.uqam.ca\/location-de-salles\/autres-services.html\">Voir la liste des h\u00f4tels \u00e0 proximit\u00e9 sur le site Web du lieu \u00bb<\/a><br \/>\n(descendre jusqu&rsquo;\u00e0 la section intitul\u00e9e \u00ab\u00a0H\u00f4tels \u00e0 proximit\u00e9\u00a0\u00bb)<\/p>\n","protected":false},"excerpt":{"rendered":"<p>Photo par\u00a0Elida Arrizza WordCamp Montr\u00e9al 2013 aura lieu \u00e0\u00a0175 Avenue Pr\u00e9sident-Kennedy. C&rsquo;est le m\u00eame lieu que l&rsquo;ann\u00e9e pass\u00e9e. Durant notre planification, le lieu a \u00e9t\u00e9 choisi pour sa convivialit\u00e9, son espace multifonctionnel et ses terrains verts. Nous nous r\u00e9jouissons \u00e0 &hellip; <a href=\"https:\/\/montreal.wordcamp.org\/2013-fr\/lieu\/\">Continuer la lecture <span class=\"screen-reader-text\">Lieu<\/span>  <span class=\"meta-nav\">&rarr;<\/span><\/a><\/p>\n","protected":false},"author":4229527,"featured_media":0,"parent":0,"menu_order":2,"comment_status":"closed","ping_status":"closed","template":"","meta":{"jetpack_post_was_ever_published":false,"footnotes":""},"class_list":["post-34","page","type-page","status-publish","hentry"],"jetpack_sharing_enabled":true,"jetpack_shortlink":"https:\/\/wp.me\/P3ejmN-y","_links":{"self":[{"href":"https:\/\/montreal.wordcamp.org\/2013-fr\/wp-json\/wp\/v2\/pages\/34","targetHints":{"allow":["GET"]}}],"collection":[{"href":"https:\/\/montreal.wordcamp.org\/2013-fr\/wp-json\/wp\/v2\/pages"}],"about":[{"href":"https:\/\/montreal.wordcamp.org\/2013-fr\/wp-json\/wp\/v2\/types\/page"}],"author":[{"embeddable":true,"href":"https:\/\/montreal.wordcamp.org\/2013-fr\/wp-json\/wp\/v2\/users\/4229527"}],"replies":[{"embeddable":true,"href":"https:\/\/montreal.wordcamp.org\/2013-fr\/wp-json\/wp\/v2\/comments?post=34"}],"version-history":[{"count":6,"href":"https:\/\/montreal.wordcamp.org\/2013-fr\/wp-json\/wp\/v2\/pages\/34\/revisions"}],"predecessor-version":[{"id":700,"href":"https:\/\/montreal.wordcamp.org\/2013-fr\/wp-json\/wp\/v2\/pages\/34\/revisions\/700"}],"wp:attachment":[{"href":"https:\/\/montreal.wordcamp.org\/2013-fr\/wp-json\/wp\/v2\/media?parent=34"}],"curies":[{"name":"wp","href":"https:\/\/api.w.org\/{rel}","templated":true}]}}