{"id":47,"date":"2013-03-26T15:38:56","date_gmt":"2013-03-26T19:38:56","guid":{"rendered":"https:\/\/2013-fr.montreal.wordcamp.org\/?page_id=47"},"modified":"2013-05-02T23:25:32","modified_gmt":"2013-05-03T03:25:32","slug":"benevoles","status":"publish","type":"page","link":"https:\/\/montreal.wordcamp.org\/2013-fr\/benevoles\/","title":{"rendered":"B\u00e9n\u00e9voles"},"content":{"rendered":"<p>WordCamp Montr\u00e9al est un \u00e9v\u00e8nement abordable et ind\u00e9pendant gr\u00e2ce au travail fait par nos b\u00e9n\u00e9voles les jours pr\u00e9c\u00e9dents et durant l&rsquo;\u00e9v\u00e8nement comme tel. Aidez-nous \u00e0 cr\u00e9er le meilleur WordCamp possible!<\/p>\n<p><em><strong>Veuillez noter que nous avons rempli nos places de b\u00e9n\u00e9voles. Il nous reste que des places pour ceux qui veulent aider au Happiness Bar. <\/strong><\/em><\/p>\n<p><a class=\"blue-btn\" href=\"https:\/\/docs.google.com\/spreadsheet\/viewform?formkey=dDVxU19kelNGMFYwekk0bTNsQms3cHc6MA#gid=0\"><span class=\"volunteer-icon\">Devenez b\u00e9n\u00e9vole au Happiness Bar ! \u00bb<\/span><\/a><\/p>\n<p><strong>Les b\u00e9v\u00e9voles pourraient s&rsquo;inscrire \u00e0 des t\u00e2ches et heures pr\u00e9cises <strong>en juin<\/strong>, <\/strong>lorsque le programme sera annonc\u00e9. Les b\u00e9n\u00e9voles qui sont capable de donn\u00e9 au moins quatre heures de travail pourraient demand\u00e9 l&rsquo;admission gratuite. <em>\u00c0 noter: toutes nos laissez-passer pour b\u00e9n\u00e9voles ont \u00e9t\u00e9 distribu\u00e9.<\/em><\/p>\n<p><strong>T\u00e2ches b\u00e9n\u00e9voles<\/strong><\/p>\n<ul>\n<li>Assistance G\u00e9n\u00e9rale<\/li>\n<li>Directions \u00e0 l&rsquo;ext\u00e9rieur<\/li>\n<li>Table d&rsquo;inscription<\/li>\n<li>Enregistrement vid\u00e9o des pr\u00e9sentations<\/li>\n<li>Pr\u00e9paration le vendredi soir<\/li>\n<li>Pr\u00e9paration le samedi et dimanche matin<\/li>\n<li>Rangement le samedi et dimanche apr\u00e8s-midi<\/li>\n<\/ul>\n<h3 id=\"happiness\"><strong>\u00ab\u00a0Happiness Bar\u00a0\u00bb<\/strong><\/h3>\n<p>Le <em>Happiness Bar<\/em> est une activit\u00e9 sp\u00e9ciale \u00e0 WordCamp o\u00f9 des experts WordPress offrent aide et conseils aux participants de la conf\u00e9rence qui auraient des questions ou probl\u00e8mes techniques sur WordPress. C&rsquo;est une activit\u00e9 amusante et une excellente fa\u00e7on de se faire de nouveaux contacts et d\u00e9montrer votre savoir (et qui sait, un emploi pourrait m\u00eame vous \u00eatre offert!).<\/p>\n<p>Les b\u00e9n\u00e9voles au <em>Happiness Bar<\/em> n&rsquo;obtiennent pas d&rsquo;entr\u00e9e gratuite parce que l&rsquo;activit\u00e9 est amusante et gratifiante. Veuillez vous enregistrer en utilisant le formulaire ci-dessous, et vous assurer que vous cochez l&rsquo;option <em>Happiness Bar<\/em> (naturellement, les b\u00e9n\u00e9voles &lsquo;normaux&rsquo; sont bienvenus pour nous aider au <em>Happiness Bar<\/em>!)<\/p>\n<p><a class=\"blue-btn\" href=\"https:\/\/docs.google.com\/spreadsheet\/viewform?formkey=dDVxU19kelNGMFYwekk0bTNsQms3cHc6MA#gid=0\"><span class=\"volunteer-icon\">Devenez b\u00e9n\u00e9vole au Happiness Bar ! \u00bb<\/span><\/a><\/p>\n","protected":false},"excerpt":{"rendered":"<p>WordCamp Montr\u00e9al est un \u00e9v\u00e8nement abordable et ind\u00e9pendant gr\u00e2ce au travail fait par nos b\u00e9n\u00e9voles les jours pr\u00e9c\u00e9dents et durant l&rsquo;\u00e9v\u00e8nement comme tel. Aidez-nous \u00e0 cr\u00e9er le meilleur WordCamp possible! Veuillez noter que nous avons rempli nos places de b\u00e9n\u00e9voles. &hellip; <a href=\"https:\/\/montreal.wordcamp.org\/2013-fr\/benevoles\/\">Continuer la lecture <span class=\"screen-reader-text\">B\u00e9n\u00e9voles<\/span>  <span class=\"meta-nav\">&rarr;<\/span><\/a><\/p>\n","protected":false},"author":4229527,"featured_media":0,"parent":0,"menu_order":6,"comment_status":"closed","ping_status":"closed","template":"","meta":{"jetpack_post_was_ever_published":false,"footnotes":""},"class_list":["post-47","page","type-page","status-publish","hentry"],"jetpack_sharing_enabled":true,"jetpack_shortlink":"https:\/\/wp.me\/P3ejmN-L","_links":{"self":[{"href":"https:\/\/montreal.wordcamp.org\/2013-fr\/wp-json\/wp\/v2\/pages\/47","targetHints":{"allow":["GET"]}}],"collection":[{"href":"https:\/\/montreal.wordcamp.org\/2013-fr\/wp-json\/wp\/v2\/pages"}],"about":[{"href":"https:\/\/montreal.wordcamp.org\/2013-fr\/wp-json\/wp\/v2\/types\/page"}],"author":[{"embeddable":true,"href":"https:\/\/montreal.wordcamp.org\/2013-fr\/wp-json\/wp\/v2\/users\/4229527"}],"replies":[{"embeddable":true,"href":"https:\/\/montreal.wordcamp.org\/2013-fr\/wp-json\/wp\/v2\/comments?post=47"}],"version-history":[{"count":15,"href":"https:\/\/montreal.wordcamp.org\/2013-fr\/wp-json\/wp\/v2\/pages\/47\/revisions"}],"predecessor-version":[{"id":52,"href":"https:\/\/montreal.wordcamp.org\/2013-fr\/wp-json\/wp\/v2\/pages\/47\/revisions\/52"}],"wp:attachment":[{"href":"https:\/\/montreal.wordcamp.org\/2013-fr\/wp-json\/wp\/v2\/media?parent=47"}],"curies":[{"name":"wp","href":"https:\/\/api.w.org\/{rel}","templated":true}]}}