{"id":86,"date":"2013-04-03T21:08:11","date_gmt":"2013-04-04T01:08:11","guid":{"rendered":"https:\/\/2013-fr.montreal.wordcamp.org\/?page_id=86"},"modified":"2013-06-27T22:30:25","modified_gmt":"2013-06-28T02:30:25","slug":"billets","status":"publish","type":"page","link":"https:\/\/montreal.wordcamp.org\/2013-fr\/billets\/","title":{"rendered":"Billets"},"content":{"rendered":"<p>Veuillez visitez <a href=\"http:\/\/2013.montreal.wordcamp.org\/tickets\/\">la page billetterie<\/a> de notre site Web anglais. Nous sommes d\u00e9sol\u00e9s pour l&rsquo;inconv\u00e9nient.<\/p>\n<p><strong>Veuillez noter que nous sommes COMPLET. Il n&rsquo;y aura AUCUNE vente de billets \u00e0 la porte.<\/strong><\/p>\n","protected":false},"excerpt":{"rendered":"<p>Veuillez visitez la page billetterie de notre site Web anglais. Nous sommes d\u00e9sol\u00e9s pour l&rsquo;inconv\u00e9nient. Veuillez noter que nous sommes COMPLET. Il n&rsquo;y aura AUCUNE vente de billets \u00e0 la porte.<\/p>\n","protected":false},"author":4229527,"featured_media":0,"parent":0,"menu_order":3,"comment_status":"closed","ping_status":"closed","template":"","meta":{"jetpack_post_was_ever_published":false,"footnotes":""},"class_list":["post-86","page","type-page","status-publish","hentry"],"jetpack_sharing_enabled":true,"jetpack_shortlink":"https:\/\/wp.me\/P3ejmN-1o","_links":{"self":[{"href":"https:\/\/montreal.wordcamp.org\/2013-fr\/wp-json\/wp\/v2\/pages\/86","targetHints":{"allow":["GET"]}}],"collection":[{"href":"https:\/\/montreal.wordcamp.org\/2013-fr\/wp-json\/wp\/v2\/pages"}],"about":[{"href":"https:\/\/montreal.wordcamp.org\/2013-fr\/wp-json\/wp\/v2\/types\/page"}],"author":[{"embeddable":true,"href":"https:\/\/montreal.wordcamp.org\/2013-fr\/wp-json\/wp\/v2\/users\/4229527"}],"replies":[{"embeddable":true,"href":"https:\/\/montreal.wordcamp.org\/2013-fr\/wp-json\/wp\/v2\/comments?post=86"}],"version-history":[{"count":4,"href":"https:\/\/montreal.wordcamp.org\/2013-fr\/wp-json\/wp\/v2\/pages\/86\/revisions"}],"predecessor-version":[{"id":27979,"href":"https:\/\/montreal.wordcamp.org\/2013-fr\/wp-json\/wp\/v2\/pages\/86\/revisions\/27979"}],"wp:attachment":[{"href":"https:\/\/montreal.wordcamp.org\/2013-fr\/wp-json\/wp\/v2\/media?parent=86"}],"curies":[{"name":"wp","href":"https:\/\/api.w.org\/{rel}","templated":true}]}}