{"id":122651,"date":"2014-05-19T13:59:35","date_gmt":"2014-05-19T17:59:35","guid":{"rendered":"https:\/\/2014-fr.montreal.wordcamp.org\/?page_id=122651"},"modified":"2014-06-19T20:12:32","modified_gmt":"2014-06-20T00:12:32","slug":"benevoles","status":"publish","type":"page","link":"https:\/\/montreal.wordcamp.org\/2014-fr\/benevoles\/","title":{"rendered":"B\u00e9n\u00e9voles"},"content":{"rendered":"<p><img loading=\"lazy\" decoding=\"async\" class=\"alignnone wp-image-162719\" src=\"http:\/\/2014.montreal.wordcamp.org\/files\/2014\/05\/WPMTL2013details_12_banner.jpg\" alt=\"B\u00e9n\u00e9vole WordCamp\" width=\"930\" height=\"372\" \/><\/p>\n<p class=\"photocap\">Photo: <a href=\"http:\/\/elida.ca\">Elida Arrizza<\/a><\/p>\n<p>WordCamp Montr\u00e9al est un \u00e9v\u00e8nement abordable et ind\u00e9pendant gr\u00e2ce au travail fait par nos b\u00e9n\u00e9voles les jours pr\u00e9c\u00e9dents et durant l&rsquo;\u00e9v\u00e8nement comme tel. Aidez-nous \u00e0 cr\u00e9er le meilleur WordCamp possible!<\/p>\n<p><strong>Veuillez noter que toutes les postes de b\u00e9n\u00e9voles ont \u00e9t\u00e9 remplies, sauf au Happiness Bar.<\/strong><\/p>\n<p><strong><a class=\"simple-button\" href=\"http:\/\/bit.ly\/1opIPpt\"><span class=\"volunteer-icon\">Devenir b\u00e9n\u00e9vole \u00bb<\/span><\/a><\/strong><\/p>\n<p><strong>Les b\u00e9v\u00e9voles pourraient s&rsquo;inscrire \u00e0 des t\u00e2ches et heures pr\u00e9cises <strong>en juillet<\/strong>, <\/strong>lorsque le programme sera annonc\u00e9. Les b\u00e9n\u00e9voles qui sont capable de donn\u00e9 au moins quatre heures de travail pourraient demand\u00e9 l&rsquo;admission gratuite.<\/p>\n<h3>T\u00e2ches b\u00e9n\u00e9voles<\/h3>\n<ul>\n<li>Assistance G\u00e9n\u00e9rale<\/li>\n<li>Directions \u00e0 l&rsquo;ext\u00e9rieur<\/li>\n<li>Table d&rsquo;inscription<\/li>\n<li>Enregistrement vid\u00e9o des pr\u00e9sentations<\/li>\n<li>Pr\u00e9paration le vendredi soir<\/li>\n<li>Pr\u00e9paration le samedi et dimanche matin<\/li>\n<li>Rangement le samedi et dimanche apr\u00e8s-midi<\/li>\n<\/ul>\n<h3 id=\"happiness\">\u00ab\u00a0Happiness Bar\u00a0\u00bb<\/h3>\n<p>Le <em>Happiness Bar<\/em> est une activit\u00e9 sp\u00e9ciale \u00e0 WordCamp o\u00f9 des experts WordPress offrent aide et conseils aux participants de la conf\u00e9rence qui auraient des questions ou probl\u00e8mes techniques sur WordPress. C&rsquo;est une activit\u00e9 amusante et une excellente fa\u00e7on de se faire de nouveaux contacts et d\u00e9montrer votre savoir (et qui sait, un emploi pourrait m\u00eame vous \u00eatre offert!).<\/p>\n<p>Les b\u00e9n\u00e9voles au <em>Happiness Bar<\/em> n&rsquo;obtiennent pas d&rsquo;entr\u00e9e gratuite parce que l&rsquo;activit\u00e9 est amusante et gratifiante. Veuillez vous enregistrer en utilisant le formulaire ci-dessous, et vous assurer que vous cochez l&rsquo;option <em>Happiness Bar<\/em> (naturellement, les b\u00e9n\u00e9voles &lsquo;normaux&rsquo; sont bienvenus pour nous aider au <em>Happiness Bar<\/em>!)<\/p>\n<p><strong><a class=\"simple-button\" href=\"http:\/\/bit.ly\/1opIPpt\"><span class=\"volunteer-icon\">Devenir b\u00e9n\u00e9vole au Happiness Bar \u00bb<\/span><\/a><\/strong><\/p>\n<p><img loading=\"lazy\" decoding=\"async\" class=\"alignnone wp-image-122707 size-full\" src=\"https:\/\/2014-fr.montreal.wordcamp.org\/files\/2014\/05\/WPMTL2013happinessbar_11_banner.jpg\" alt=\"Happiness Bar\" width=\"900\" height=\"360\" srcset=\"https:\/\/montreal.wordcamp.org\/2014-fr\/files\/2014\/05\/WPMTL2013happinessbar_11_banner.jpg 900w, https:\/\/montreal.wordcamp.org\/2014-fr\/files\/2014\/05\/WPMTL2013happinessbar_11_banner-300x120.jpg 300w, https:\/\/montreal.wordcamp.org\/2014-fr\/files\/2014\/05\/WPMTL2013happinessbar_11_banner-500x200.jpg 500w\" sizes=\"auto, (max-width: 900px) 100vw, 900px\" \/><\/p>\n<p class=\"photocap\">Photo: <a href=\"http:\/\/elida.ca\">Elida Arrizza<\/a><\/p>\n","protected":false},"excerpt":{"rendered":"<p>Photo: Elida Arrizza WordCamp Montr\u00e9al est un \u00e9v\u00e8nement abordable et ind\u00e9pendant gr\u00e2ce au travail fait par nos b\u00e9n\u00e9voles les jours pr\u00e9c\u00e9dents et durant l&rsquo;\u00e9v\u00e8nement comme tel. Aidez-nous \u00e0 cr\u00e9er le meilleur WordCamp possible! Veuillez noter que toutes les postes de &hellip; <a href=\"https:\/\/montreal.wordcamp.org\/2014-fr\/benevoles\/\">Continuer la lecture <span class=\"screen-reader-text\">B\u00e9n\u00e9voles<\/span>  <span class=\"meta-nav\">&rarr;<\/span><\/a><\/p>\n","protected":false},"author":4229527,"featured_media":0,"parent":0,"menu_order":6,"comment_status":"closed","ping_status":"open","template":"","meta":{"jetpack_post_was_ever_published":false,"footnotes":""},"class_list":["post-122651","page","type-page","status-publish","hentry"],"jetpack_sharing_enabled":true,"_links":{"self":[{"href":"https:\/\/montreal.wordcamp.org\/2014-fr\/wp-json\/wp\/v2\/pages\/122651","targetHints":{"allow":["GET"]}}],"collection":[{"href":"https:\/\/montreal.wordcamp.org\/2014-fr\/wp-json\/wp\/v2\/pages"}],"about":[{"href":"https:\/\/montreal.wordcamp.org\/2014-fr\/wp-json\/wp\/v2\/types\/page"}],"author":[{"embeddable":true,"href":"https:\/\/montreal.wordcamp.org\/2014-fr\/wp-json\/wp\/v2\/users\/4229527"}],"replies":[{"embeddable":true,"href":"https:\/\/montreal.wordcamp.org\/2014-fr\/wp-json\/wp\/v2\/comments?post=122651"}],"version-history":[{"count":13,"href":"https:\/\/montreal.wordcamp.org\/2014-fr\/wp-json\/wp\/v2\/pages\/122651\/revisions"}],"predecessor-version":[{"id":122770,"href":"https:\/\/montreal.wordcamp.org\/2014-fr\/wp-json\/wp\/v2\/pages\/122651\/revisions\/122770"}],"wp:attachment":[{"href":"https:\/\/montreal.wordcamp.org\/2014-fr\/wp-json\/wp\/v2\/media?parent=122651"}],"curies":[{"name":"wp","href":"https:\/\/api.w.org\/{rel}","templated":true}]}}