{"id":122656,"date":"2014-05-19T14:01:26","date_gmt":"2014-05-19T18:01:26","guid":{"rendered":"https:\/\/2014-fr.montreal.wordcamp.org\/?page_id=122656"},"modified":"2014-05-19T19:55:05","modified_gmt":"2014-05-19T23:55:05","slug":"infolettre","status":"publish","type":"page","link":"https:\/\/montreal.wordcamp.org\/2014-fr\/nous-joindre\/infolettre\/","title":{"rendered":"Infolettre"},"content":{"rendered":"<p>Inscrivez-vous \u00e0 notre infolettre afin de recevoir des informations sur les WordCamps \u00e0 Montr\u00e9al, les r\u00e9unions mensuels <em>dev_meetups<\/em> de la communaut\u00e9 WordPress de Montr\u00e9al ainsi que les r\u00e9unions mensuelles \u00e0 caract\u00e8re social.<\/p>\n<p><a class=\"simple-button\" href=\"http:\/\/eepurl.com\/lvJHn\"><span class=\"newsletter-icon\">Abonnez-vous \u00e0 notre infolettre \u00bb<\/span><\/a><br \/>\n<!-- \\\\ MAILCHIMP SUBSCRIBE CODE \/\/ --><\/p>\n","protected":false},"excerpt":{"rendered":"<p>Inscrivez-vous \u00e0 notre infolettre afin de recevoir des informations sur les WordCamps \u00e0 Montr\u00e9al, les r\u00e9unions mensuels dev_meetups de la communaut\u00e9 WordPress de Montr\u00e9al ainsi que les r\u00e9unions mensuelles \u00e0 caract\u00e8re social. Abonnez-vous \u00e0 notre infolettre \u00bb<\/p>\n","protected":false},"author":4229527,"featured_media":0,"parent":11,"menu_order":0,"comment_status":"closed","ping_status":"open","template":"","meta":{"jetpack_post_was_ever_published":false,"footnotes":""},"class_list":["post-122656","page","type-page","status-publish","hentry"],"jetpack_sharing_enabled":true,"_links":{"self":[{"href":"https:\/\/montreal.wordcamp.org\/2014-fr\/wp-json\/wp\/v2\/pages\/122656","targetHints":{"allow":["GET"]}}],"collection":[{"href":"https:\/\/montreal.wordcamp.org\/2014-fr\/wp-json\/wp\/v2\/pages"}],"about":[{"href":"https:\/\/montreal.wordcamp.org\/2014-fr\/wp-json\/wp\/v2\/types\/page"}],"author":[{"embeddable":true,"href":"https:\/\/montreal.wordcamp.org\/2014-fr\/wp-json\/wp\/v2\/users\/4229527"}],"replies":[{"embeddable":true,"href":"https:\/\/montreal.wordcamp.org\/2014-fr\/wp-json\/wp\/v2\/comments?post=122656"}],"version-history":[{"count":4,"href":"https:\/\/montreal.wordcamp.org\/2014-fr\/wp-json\/wp\/v2\/pages\/122656\/revisions"}],"predecessor-version":[{"id":122724,"href":"https:\/\/montreal.wordcamp.org\/2014-fr\/wp-json\/wp\/v2\/pages\/122656\/revisions\/122724"}],"up":[{"embeddable":true,"href":"https:\/\/montreal.wordcamp.org\/2014-fr\/wp-json\/wp\/v2\/pages\/11"}],"wp:attachment":[{"href":"https:\/\/montreal.wordcamp.org\/2014-fr\/wp-json\/wp\/v2\/media?parent=122656"}],"curies":[{"name":"wp","href":"https:\/\/api.w.org\/{rel}","templated":true}]}}