{"id":4,"date":"2014-02-28T19:32:30","date_gmt":"2014-03-01T00:32:30","guid":{"rendered":"https:\/\/2014-fr.montreal.wordcamp.org\/sponsors\/"},"modified":"2014-05-19T19:20:50","modified_gmt":"2014-05-19T23:20:50","slug":"commanditaires","status":"publish","type":"page","link":"https:\/\/montreal.wordcamp.org\/2014-fr\/commanditaires\/","title":{"rendered":"Commanditaires"},"content":{"rendered":"\n\t\t<div class=\"sponsors\">\n\t\t\t\t\t\t\t\n\t\t\t\t<div class=\"sponsor-level wordcamp-pillar\">\n\t\t\t\t\t<h2 class=\"sponsor-level-title\">\n\t\t\t\t\t\tWordCamp Pillar\t\t\t\t\t<\/h2>\n\n\t\t\t\t\t\n\t\t\t\t\t<div id=\"post-20\" class=\"sponsor post-20 wcb_sponsor type-wcb_sponsor status-publish has-post-thumbnail hentry wcb_sponsor_level-wordcamp-pillar\" >\n\t\t\t\t\t\t<h3 class=\"entry-title sponsor-title\">\n\t\t\t\t\t\t\t<a href=\"https:\/\/montreal.wordcamp.org\/2014-fr\/sponsor\/bluehost\/\">\n\t\t\t\t\t\t\t\t<img loading=\"lazy\" decoding=\"async\" width=\"300\" height=\"82\" src=\"https:\/\/montreal.wordcamp.org\/2014-fr\/files\/2014\/02\/bluehost_main_logo-300x82.png\" class=\"attachment-post-thumbnail size-post-thumbnail wp-post-image\" alt=\"\" \/>\t\t\t\t\t\t\t<\/a>\n\t\t\t\t\t\t<\/h3>\n\n\t\t\t\t\t\t<div class=\"entry-content sponsor-description\">\n\t\t\t\t\t\t\t<p><a href=\"http:\/\/bluehost.com\" rel=\"nofollow\">Bluehost<\/a> has been a WordPress partner since 2005 and powers over one million WordPress sites. Their goal is to provide outstanding hosting services and customer support for the best possible price. Bluehost is also constantly innovating and upgrading their services and infrastructure at no additional cost to their customers. Join the millions of other website owners that have already chosen Bluehost and see how they can help you with your site.<\/p>\n\t\t\t\t\t\t<\/div>\n\t\t\t\t\t<\/div>\n\n\t\t\t\t\t\n\t\t\t\t\t<div id=\"post-122737\" class=\"sponsor post-122737 wcb_sponsor type-wcb_sponsor status-publish has-post-thumbnail hentry wcb_sponsor_level-wordcamp-pillar\" >\n\t\t\t\t\t\t<h3 class=\"entry-title sponsor-title\">\n\t\t\t\t\t\t\t<a href=\"https:\/\/montreal.wordcamp.org\/2014-fr\/sponsor\/wiredtree\/\">\n\t\t\t\t\t\t\t\t<img loading=\"lazy\" decoding=\"async\" width=\"300\" height=\"73\" src=\"https:\/\/montreal.wordcamp.org\/2014-fr\/files\/2014\/05\/wiredtreelogo600wide-300x73.png\" class=\"attachment-post-thumbnail size-post-thumbnail wp-post-image\" alt=\"\" \/>\t\t\t\t\t\t\t<\/a>\n\t\t\t\t\t\t<\/h3>\n\n\t\t\t\t\t\t<div class=\"entry-content sponsor-description\">\n\t\t\t\t\t\t\t<p><a href=\"http:\/\/www.wiredtree.com\/\" rel=\"nofollow\">WiredTree<\/a><span style=\"color: #424242\">\u00a0provides Managed VPS and Managed Dedicated Servers to WordPress users worldwide from our Chicago-based data center and offices. Every WT server is backed by 24\u00d77 telephone support, ticket support with 15 minute average response times, and is fully managed and monitored by WiredTree to maximize uptime and minimize frustration. All servers come ready-to-run with cPanel\/WHM and are optimized and security hardened with firewall and anti-spam out of the box. With experience in SSD technology, MariaDB, Memcached, WordPress plugins, server optimization, and LiteSpeed Web server, WiredTree can take your site\u2019s performance to the next level.<\/span><\/p>\n\t\t\t\t\t\t<\/div>\n\t\t\t\t\t<\/div>\n\n\t\t\t\t\t\n\t\t\t\t\t<div id=\"post-123145\" class=\"sponsor post-123145 wcb_sponsor type-wcb_sponsor status-publish has-post-thumbnail hentry wcb_sponsor_level-wordcamp-pillar\" >\n\t\t\t\t\t\t<h3 class=\"entry-title sponsor-title\">\n\t\t\t\t\t\t\t<a href=\"https:\/\/montreal.wordcamp.org\/2014-fr\/sponsor\/planethoster\/\">\n\t\t\t\t\t\t\t\t<img loading=\"lazy\" decoding=\"async\" width=\"300\" height=\"93\" src=\"https:\/\/montreal.wordcamp.org\/2014-fr\/files\/2014\/07\/planethoster-WEB-300.png\" class=\"attachment-post-thumbnail size-post-thumbnail wp-post-image\" alt=\"\" \/>\t\t\t\t\t\t\t<\/a>\n\t\t\t\t\t\t<\/h3>\n\n\t\t\t\t\t\t<div class=\"entry-content sponsor-description\">\n\t\t\t\t\t\t\t<p><a href=\"http:\/\/www.planethoster.net\" rel=\"nofollow\">PlanetHoster<\/a> offre aux utilisateurs de WordPress partout dans le monde des solutions d\u2019h\u00e9bergement web premium. Que ce soit de l\u2019H\u00e9bergement Mutualis\u00e9, des Serveurs Cloud, des Serveurs D\u00e9di\u00e9s et bien plus, l\u2019H\u00e9bergement Web de PlanetHoster surpassera certainement vos attentes. Leurs techniciens certifi\u00e9s sont tr\u00e8s exp\u00e9riment\u00e9s avec WordPress. Vous pouvez \u00eatre assur\u00e9 que votre site web WordPress se chargera tr\u00e8s rapidement et sera h\u00e9berg\u00e9 dans un environnement s\u00e9curitaire &amp; surveill\u00e9 24\/7. Offrez la meilleure latence \u00e0 vos visiteurs en \u00e9tant h\u00e9berg\u00e9 en Europe (France) ou en Am\u00e9rique du Nord (Canada)! PlanetHoster, Host Your World.<\/p>\n\t\t\t\t\t\t<\/div>\n\t\t\t\t\t<\/div>\n\n\t\t\t\t\t\n\t\t\t\t<\/div>\n\t\t\t\t\t\t\t\n\t\t\t\t<div class=\"sponsor-level wordcamp-champion\">\n\t\t\t\t\t<h2 class=\"sponsor-level-title\">\n\t\t\t\t\t\tWordCamp Champion\t\t\t\t\t<\/h2>\n\n\t\t\t\t\t\n\t\t\t\t\t<div id=\"post-18\" class=\"sponsor post-18 wcb_sponsor type-wcb_sponsor status-publish has-post-thumbnail hentry wcb_sponsor_level-wordcamp-champion\" >\n\t\t\t\t\t\t<h3 class=\"entry-title sponsor-title\">\n\t\t\t\t\t\t\t<a href=\"https:\/\/montreal.wordcamp.org\/2014-fr\/sponsor\/code-poet\/\">\n\t\t\t\t\t\t\t\t<img loading=\"lazy\" decoding=\"async\" width=\"280\" height=\"100\" src=\"https:\/\/montreal.wordcamp.org\/2014-fr\/files\/2014\/02\/Code-Poet-2.png\" class=\"attachment-post-thumbnail size-post-thumbnail wp-post-image\" alt=\"\" \/>\t\t\t\t\t\t\t<\/a>\n\t\t\t\t\t\t<\/h3>\n\n\t\t\t\t\t\t<div class=\"entry-content sponsor-description\">\n\t\t\t\t\t\t\t<p>If you use WordPress to build things for other people, Code Poet wants to make your life easier. No matter whether you freelance on a solo basis, lead a small web shop, make plugins in a dark closet, or crack the whip at a large design firm, Code Poet\u2019s aim is to become your go-to source of information and resources to help you expand your WordPress skills and know-how. To make you better at what you do. To make it easier to make your living and look great doing it.<\/p>\n<p>You\u2019re part of a tribe of WordPress designers and developers over 10,000 strong, spanning the entire globe. <a href=\"http:\/\/codepoet.com\" rel=\"nofollow\">codepoet.com<\/a> aims to bring the working knowledge and real world strategies of those people into one place, for you to tap into.<\/p>\n\t\t\t\t\t\t<\/div>\n\t\t\t\t\t<\/div>\n\n\t\t\t\t\t\n\t\t\t\t\t<div id=\"post-21\" class=\"sponsor post-21 wcb_sponsor type-wcb_sponsor status-publish has-post-thumbnail hentry wcb_sponsor_level-wordcamp-champion\" >\n\t\t\t\t\t\t<h3 class=\"entry-title sponsor-title\">\n\t\t\t\t\t\t\t<a href=\"https:\/\/montreal.wordcamp.org\/2014-fr\/sponsor\/dreamhost\/\">\n\t\t\t\t\t\t\t\t<img loading=\"lazy\" decoding=\"async\" width=\"300\" height=\"85\" src=\"https:\/\/montreal.wordcamp.org\/2014-fr\/files\/2014\/02\/dh_logo-b-2014-300x85.png\" class=\"attachment-post-thumbnail size-post-thumbnail wp-post-image\" alt=\"\" \/>\t\t\t\t\t\t\t<\/a>\n\t\t\t\t\t\t<\/h3>\n\n\t\t\t\t\t\t<div class=\"entry-content sponsor-description\">\n\t\t\t\t\t\t\t<p>DreamHost is a global Web hosting and cloud services provider with over 350,000 customers and 1.2 million blogs, websites and apps hosted. The company offers a wide spectrum of Web hosting and cloud services including Shared Hosting, Virtual Private Servers (VPS), Dedicated Server Hosting, Domain Name Registration, the cloud storage service, DreamObjects, and the cloud computing service DreamCompute. More information can be found at <a href=\"http:\/\/dreamhost.com\" rel=\"nofollow\">http:\/\/dreamhost.com<\/a>.<\/p>\n\t\t\t\t\t\t<\/div>\n\t\t\t\t\t<\/div>\n\n\t\t\t\t\t\n\t\t\t\t<\/div>\n\t\t\t\t\t\t\t\n\t\t\t\t<div class=\"sponsor-level wordcamp-accomplice\">\n\t\t\t\t\t<h2 class=\"sponsor-level-title\">\n\t\t\t\t\t\tWordCamp Accomplice\t\t\t\t\t<\/h2>\n\n\t\t\t\t\t\n\t\t\t\t\t<div id=\"post-19\" class=\"sponsor post-19 wcb_sponsor type-wcb_sponsor status-publish has-post-thumbnail hentry wcb_sponsor_level-wordcamp-accomplice\" >\n\t\t\t\t\t\t<h3 class=\"entry-title sponsor-title\">\n\t\t\t\t\t\t\t<a href=\"https:\/\/montreal.wordcamp.org\/2014-fr\/sponsor\/wpml\/\">\n\t\t\t\t\t\t\t\t<img loading=\"lazy\" decoding=\"async\" width=\"300\" height=\"75\" src=\"https:\/\/montreal.wordcamp.org\/2014-fr\/files\/2014\/02\/wpml-300x75.png\" class=\"attachment-post-thumbnail size-post-thumbnail wp-post-image\" alt=\"\" \/>\t\t\t\t\t\t\t<\/a>\n\t\t\t\t\t\t<\/h3>\n\n\t\t\t\t\t\t<div class=\"entry-content sponsor-description\">\n\t\t\t\t\t\t\t<p>WPML turns WordPress websites multilingual. It works with caching, SEO and E-Commerce plugins, and allows the building of complete multilingual sites. WPML powers simple blogs as well as corporate and enterprise sites.<\/p>\n<p>WPML allows users to translate everything in the site, including content, menus, widgets and even theme and plugin texts. WPML powers over 400,000 commercial websites from all over the world.<\/p>\n<p>More information about going multilingual can be found at <a href=\"http:\/\/wpml.org\" rel=\"nofollow\">WPML.org<\/a><\/p>\n\t\t\t\t\t\t<\/div>\n\t\t\t\t\t<\/div>\n\n\t\t\t\t\t\n\t\t\t\t<\/div>\n\t\t\t\t\t\t\t\n\t\t\t\t<div class=\"sponsor-level commanditaire-bronze\">\n\t\t\t\t\t<h2 class=\"sponsor-level-title\">\n\t\t\t\t\t\tCommanditaire Bronze\t\t\t\t\t<\/h2>\n\n\t\t\t\t\t\n\t\t\t\t\t<div id=\"post-123182\" class=\"sponsor post-123182 wcb_sponsor type-wcb_sponsor status-publish has-post-thumbnail hentry wcb_sponsor_level-commanditaire-bronze\" >\n\t\t\t\t\t\t<h3 class=\"entry-title sponsor-title\">\n\t\t\t\t\t\t\t<a href=\"https:\/\/montreal.wordcamp.org\/2014-fr\/sponsor\/carbon60-networks\/\">\n\t\t\t\t\t\t\t\t<img loading=\"lazy\" decoding=\"async\" width=\"300\" height=\"89\" src=\"https:\/\/montreal.wordcamp.org\/2014-fr\/files\/2014\/08\/carbon60-300.png\" class=\"attachment-post-thumbnail size-post-thumbnail wp-post-image\" alt=\"Carbon60 Networks\" \/>\t\t\t\t\t\t\t<\/a>\n\t\t\t\t\t\t<\/h3>\n\n\t\t\t\t\t\t<div class=\"entry-content sponsor-description\">\n\t\t\t\t\t\t\t<p>To deliver your WordPress web property without fail, <a href=\"http:\/\/www.carbon60.com\" rel=\"nofollow\">Carbon60<\/a> provides a white glove level of service to support the entire WordPress development and delivery life-cycle, hosted within our Tier 3 grade Canadian Cloud data centres. Our WordPress sandbox allows design\/programming teams to create new WordPress development environments on-demand while an integrated code management service provides a secure place to manage code changes.  Sites are then staged for testing using Carbon60\u2019s integrated security and performance testing tools. Once optimized, site code and content are promoted to our world-class production WordPress delivery platform. This platform combines the strengths of an enterprise cloud computing architecture \u2013 optimized to host WordPress source code, plug-ins and content \u2013 with a vastly scalable and robust global edge content delivery\/security system. As a result, our WordPress delivery platform delivers content faster and more reliably, making your site highly resilient to both welcome traffic spikes and unwelcome denial-of-service attacks. <\/p>\n\t\t\t\t\t\t<\/div>\n\t\t\t\t\t<\/div>\n\n\t\t\t\t\t\n\t\t\t\t<\/div>\n\t\t\t\t\t\t\t\n\t\t\t\t<div class=\"sponsor-level commanditaire-aluminum\">\n\t\t\t\t\t<h2 class=\"sponsor-level-title\">\n\t\t\t\t\t\tCommanditaire Aluminum\t\t\t\t\t<\/h2>\n\n\t\t\t\t\t\n\t\t\t\t\t<div id=\"post-122757\" class=\"sponsor post-122757 wcb_sponsor type-wcb_sponsor status-publish has-post-thumbnail hentry wcb_sponsor_level-commanditaire-aluminum\" >\n\t\t\t\t\t\t<h3 class=\"entry-title sponsor-title\">\n\t\t\t\t\t\t\t<a href=\"https:\/\/montreal.wordcamp.org\/2014-fr\/sponsor\/easypress\/\">\n\t\t\t\t\t\t\t\t<img loading=\"lazy\" decoding=\"async\" width=\"300\" height=\"104\" src=\"https:\/\/montreal.wordcamp.org\/2014-fr\/files\/2014\/05\/easyPress-logo.jpg\" class=\"attachment-post-thumbnail size-post-thumbnail wp-post-image\" alt=\"\" \/>\t\t\t\t\t\t\t<\/a>\n\t\t\t\t\t\t<\/h3>\n\n\t\t\t\t\t\t<div class=\"entry-content sponsor-description\">\n\t\t\t\t\t\t\t<p><a href=\"http:\/\/easypress.ca\/\" rel=\"nofollow\">easyPress<\/a> is a Managed WordPress Hosting service that\u2019s made in Canada. A fast, reliable and secure solution is super important when you value your website and its message. Focus your time and energy on your content and let easyPress relieve you of managing the tech that makes WordPress load quickly and consistently. All of our service plans include DNS hosting and some even include email hosting provided by easyDNS. Check out our very affordable offerings at <a href=\"http:\/\/easypress.ca\/plans\/\" rel=\"nofollow\">http:\/\/easypress.ca\/plans\/<\/a>.<\/p>\n\t\t\t\t\t\t<\/div>\n\t\t\t\t\t<\/div>\n\n\t\t\t\t\t\n\t\t\t\t\t<div id=\"post-122761\" class=\"sponsor post-122761 wcb_sponsor type-wcb_sponsor status-publish has-post-thumbnail hentry wcb_sponsor_level-commanditaire-aluminum\" >\n\t\t\t\t\t\t<h3 class=\"entry-title sponsor-title\">\n\t\t\t\t\t\t\t<a href=\"https:\/\/montreal.wordcamp.org\/2014-fr\/sponsor\/vortex-solution\/\">\n\t\t\t\t\t\t\t\t<img loading=\"lazy\" decoding=\"async\" width=\"300\" height=\"104\" src=\"https:\/\/montreal.wordcamp.org\/2014-fr\/files\/2014\/05\/vortex-300.jpg\" class=\"attachment-post-thumbnail size-post-thumbnail wp-post-image\" alt=\"\" \/>\t\t\t\t\t\t\t<\/a>\n\t\t\t\t\t\t<\/h3>\n\n\t\t\t\t\t\t<div class=\"entry-content sponsor-description\">\n\t\t\t\t\t\t\t<p><a href=\"https:\/\/www.vortexsolution.com\/\" rel=\"nofollow\">Vortex Solution<\/a>, c&rsquo;est plus que de la simple conception de site web; c&rsquo;est un guichet unique pour toutes vos solutions Web \u00e0 Montr\u00e9al et \u00e0 Qu\u00e9bec, de l&rsquo;\u00e9laboration de strat\u00e9gies Internet \u00e0 la cr\u00e9ation de site Web, en passant par le r\u00e9f\u00e9rencement sur les moteurs de recherche et le marketing Web.<\/p>\n<p>Notre \u00e9quipe de consultants et d&rsquo;analystes Web sera en mesure de vous accompagner et de vous conseiller efficacement dans votre projet de cr\u00e9ation de site Internet, en \u00e9tablissant d\u00e8s le d\u00e9part une strat\u00e9gie Web orient\u00e9e vers vos objectifs d&rsquo;affaires et con\u00e7ue sur mesure en fonction de votre client\u00e8le. Notre expertise, acquise depuis 1999 \u00e0 travers l&rsquo;\u00e9laboration de plus de 3000 sites Web, fait de Vortex Solution un partenaire de choix pour mener \u00e0 bien votre projet de conception de site Internet.<\/p>\n\t\t\t\t\t\t<\/div>\n\t\t\t\t\t<\/div>\n\n\t\t\t\t\t\n\t\t\t\t\t<div id=\"post-122771\" class=\"sponsor post-122771 wcb_sponsor type-wcb_sponsor status-publish has-post-thumbnail hentry wcb_sponsor_level-commanditaire-aluminum\" >\n\t\t\t\t\t\t<h3 class=\"entry-title sponsor-title\">\n\t\t\t\t\t\t\t<a href=\"https:\/\/montreal.wordcamp.org\/2014-fr\/sponsor\/desaulniers-simard\/\">\n\t\t\t\t\t\t\t\t<img loading=\"lazy\" decoding=\"async\" width=\"600\" height=\"198\" src=\"https:\/\/montreal.wordcamp.org\/2014-fr\/files\/2014\/06\/desaulniers-simard-600w-600x198.png\" class=\"attachment-post-thumbnail size-post-thumbnail wp-post-image\" alt=\"\" \/>\t\t\t\t\t\t\t<\/a>\n\t\t\t\t\t\t<\/h3>\n\n\t\t\t\t\t\t<div class=\"entry-content sponsor-description\">\n\t\t\t\t\t\t\t<p>Nous sommes des conseill\u00e8res, formatrices et d\u00e9veloppeuses. Nous utilisons le genre f\u00e9minin pour all\u00e9ger la lecture. Nous utilisons WordPress, bien s\u00fbr, mais ce n&rsquo;est qu&rsquo;une des nombreuses cordes \u00e0 notre arc. Nous sommes deux personnes pas mal sharps, mais parfois, nous avons besoin d&rsquo;aide nous aussi. Notre vaste r\u00e9seau de collaboratrices est l\u00e0 pour \u00e7a. Nous choisissons des projets qui nous rendent heureuses et fi\u00e8res. Nous voulons que vous le soyez aussi.<br \/>\n<a href=\"http:\/\/desaulniers-simard.com\" rel=\"nofollow\">http:\/\/desaulniers-simard.com<\/a><\/p>\n\t\t\t\t\t\t<\/div>\n\t\t\t\t\t<\/div>\n\n\t\t\t\t\t\n\t\t\t\t\t<div id=\"post-123110\" class=\"sponsor post-123110 wcb_sponsor type-wcb_sponsor status-publish has-post-thumbnail hentry wcb_sponsor_level-commanditaire-aluminum\" >\n\t\t\t\t\t\t<h3 class=\"entry-title sponsor-title\">\n\t\t\t\t\t\t\t<a href=\"https:\/\/montreal.wordcamp.org\/2014-fr\/sponsor\/la-fabrique-de-blogs\/\">\n\t\t\t\t\t\t\t\t<img loading=\"lazy\" decoding=\"async\" width=\"300\" height=\"104\" src=\"https:\/\/montreal.wordcamp.org\/2014-fr\/files\/2014\/07\/fabrique-blogs-300.jpg\" class=\"attachment-post-thumbnail size-post-thumbnail wp-post-image\" alt=\"\" \/>\t\t\t\t\t\t\t<\/a>\n\t\t\t\t\t\t<\/h3>\n\n\t\t\t\t\t\t<div class=\"entry-content sponsor-description\">\n\t\t\t\t\t\t\t<p>Sp\u00e9cialistes WordPress, cr\u00e9ation de sites, blogs, intranets et r\u00e9seaux sociaux sur mesure, design, formation, s\u00e9curit\u00e9, performance, h\u00e9bergement.<br \/>\n<a href=\"http:\/\/www.lafabriquedeblogs.com\/\" rel=\"nofollow\">http:\/\/www.lafabriquedeblogs.com\/<\/a><\/p>\n\t\t\t\t\t\t<\/div>\n\t\t\t\t\t<\/div>\n\n\t\t\t\t\t\n\t\t\t\t\t<div id=\"post-123112\" class=\"sponsor post-123112 wcb_sponsor type-wcb_sponsor status-publish has-post-thumbnail hentry wcb_sponsor_level-commanditaire-aluminum\" >\n\t\t\t\t\t\t<h3 class=\"entry-title sponsor-title\">\n\t\t\t\t\t\t\t<a href=\"https:\/\/montreal.wordcamp.org\/2014-fr\/sponsor\/wplook\/\">\n\t\t\t\t\t\t\t\t<img loading=\"lazy\" decoding=\"async\" width=\"300\" height=\"104\" src=\"https:\/\/montreal.wordcamp.org\/2014-fr\/files\/2014\/07\/wplook-300b.jpg\" class=\"attachment-post-thumbnail size-post-thumbnail wp-post-image\" alt=\"\" \/>\t\t\t\t\t\t\t<\/a>\n\t\t\t\t\t\t<\/h3>\n\n\t\t\t\t\t\t<div class=\"entry-content sponsor-description\">\n\t\t\t\t\t\t\t<p>WPlook est un studio de cr\u00e9ation Web qui cr\u00e9e des th\u00e8mes Premium WordPress professionnels et attrayants. Nous r\u00e9alisons l&rsquo;importance de d\u00e9velopper un partenariat solide avec nos clients, c&rsquo;est pourquoi nous sommes aimables, abordables et nous avons un v\u00e9ritable int\u00e9r\u00eat dans le travail que nous faisons. Notre exp\u00e9rience et notre approche cr\u00e9ative de conception de sites Web garantissent que tous les th\u00e8mes que nous cr\u00e9ons soient enti\u00e8rement fonctionnels et personnalisables, \u00e9l\u00e9gants et novateurs. Un site Web efficace est facile \u00e0 utiliser tandis qu\u2019on est en connexion et en communication avec nos utilisateurs. En outre, la qualit\u00e9 de nos services et la satisfaction de nos clients est notre succ\u00e8s!<br \/>\n<a href=\"http:\/\/wplook.ca\" rel=\"nofollow\">http:\/\/wplook.ca<\/a><\/p>\n\t\t\t\t\t\t<\/div>\n\t\t\t\t\t<\/div>\n\n\t\t\t\t\t\n\t\t\t\t\t<div id=\"post-123119\" class=\"sponsor post-123119 wcb_sponsor type-wcb_sponsor status-publish has-post-thumbnail hentry wcb_sponsor_level-commanditaire-aluminum\" >\n\t\t\t\t\t\t<h3 class=\"entry-title sponsor-title\">\n\t\t\t\t\t\t\t<a href=\"https:\/\/montreal.wordcamp.org\/2014-fr\/sponsor\/symetris\/\">\n\t\t\t\t\t\t\t\t<img loading=\"lazy\" decoding=\"async\" width=\"300\" height=\"104\" src=\"https:\/\/montreal.wordcamp.org\/2014-fr\/files\/2014\/07\/symetris-3002.jpg\" class=\"attachment-post-thumbnail size-post-thumbnail wp-post-image\" alt=\"\" \/>\t\t\t\t\t\t\t<\/a>\n\t\t\t\t\t\t<\/h3>\n\n\t\t\t\t\t\t<div class=\"entry-content sponsor-description\">\n\t\t\t\t\t\t\t<p>C\u00e9l\u00e9brant 10 ans en affaires en 2014, Symetris d\u00e9veloppe des sites web performants qui vont au-del\u00e0 du marketing: ils sont con\u00e7us comme des outils d&rsquo;affaires pour nos clients.<\/p>\n<p>Notre \u00e9quipe de sp\u00e9cialistes WordPress \u00e0 Montr\u00e9al saura vous en dire plus sur les b\u00e9n\u00e9fices et la pertinence de cette plateforme pour votre site web.<br \/>\n<a href=\"http:\/\/www.symetris.ca\" rel=\"nofollow\">http:\/\/www.symetris.ca<\/a><\/p>\n\t\t\t\t\t\t<\/div>\n\t\t\t\t\t<\/div>\n\n\t\t\t\t\t\n\t\t\t\t<\/div>\n\t\t\t\t\t\t\t\n\t\t\t\t<div class=\"sponsor-level microcommanditaire\">\n\t\t\t\t\t<h2 class=\"sponsor-level-title\">\n\t\t\t\t\t\tMicrocommanditaire\t\t\t\t\t<\/h2>\n\n\t\t\t\t\t\n\t\t\t\t\t<div id=\"post-122773\" class=\"sponsor post-122773 wcb_sponsor type-wcb_sponsor status-publish hentry wcb_sponsor_level-microcommanditaire\" >\n\t\t\t\t\t\t<h3 class=\"entry-title sponsor-title\">\n\t\t\t\t\t\t\t<a href=\"https:\/\/montreal.wordcamp.org\/2014-fr\/sponsor\/edouard-duplessis\/\">\n\t\t\t\t\t\t\t\tEdouard Duplessis\t\t\t\t\t\t\t<\/a>\n\t\t\t\t\t\t<\/h3>\n\n\t\t\t\t\t\t<div class=\"entry-content sponsor-description\">\n\t\t\t\t\t\t\t<p><a href=\"http:\/\/www.eduplessis.com\" rel=\"nofollow\">http:\/\/www.eduplessis.com<\/a><\/p>\n\t\t\t\t\t\t<\/div>\n\t\t\t\t\t<\/div>\n\n\t\t\t\t\t\n\t\t\t\t\t<div id=\"post-123106\" class=\"sponsor post-123106 wcb_sponsor type-wcb_sponsor status-publish hentry wcb_sponsor_level-microcommanditaire\" >\n\t\t\t\t\t\t<h3 class=\"entry-title sponsor-title\">\n\t\t\t\t\t\t\t<a href=\"https:\/\/montreal.wordcamp.org\/2014-fr\/sponsor\/mark-senff\/\">\n\t\t\t\t\t\t\t\tMark Senff\t\t\t\t\t\t\t<\/a>\n\t\t\t\t\t\t<\/h3>\n\n\t\t\t\t\t\t<div class=\"entry-content sponsor-description\">\n\t\t\t\t\t\t\t<p>Mark Senff is a front end developer who creates websites and things (preferrably with WordPress). And occasionally does magic tricks, too (quite a few new ones since last year).<br \/>\n<a href=\"http:\/\/www.senff.com\" rel=\"nofollow\">http:\/\/www.senff.com<\/a><\/p>\n\t\t\t\t\t\t<\/div>\n\t\t\t\t\t<\/div>\n\n\t\t\t\t\t\n\t\t\t\t\t<div id=\"post-123108\" class=\"sponsor post-123108 wcb_sponsor type-wcb_sponsor status-publish hentry wcb_sponsor_level-microcommanditaire\" >\n\t\t\t\t\t\t<h3 class=\"entry-title sponsor-title\">\n\t\t\t\t\t\t\t<a href=\"https:\/\/montreal.wordcamp.org\/2014-fr\/sponsor\/digital-insite\/\">\n\t\t\t\t\t\t\t\tDigital Insite\t\t\t\t\t\t\t<\/a>\n\t\t\t\t\t\t<\/h3>\n\n\t\t\t\t\t\t<div class=\"entry-content sponsor-description\">\n\t\t\t\t\t\t\t<p>I specialize in creative, innovative, user-friendly websites, working closely with my clients to ensure total satisfaction.<br \/>\nI enjoy the process of determining the colours, the layout, the images for a site, so that they all work together to bring forth the right feel for the topic of the site.<\/p>\n<p>And I love the challenge of figuring out how to create the best user experience, applying my knowledge of marketing principles, search engine optimization techniques, and coding it all into a custom design that presents the client\u2019s business in the best possible way. <a href=\"http:\/\/digitalinsite.ca\" rel=\"nofollow\">http:\/\/digitalinsite.ca<\/a><\/p>\n\t\t\t\t\t\t<\/div>\n\t\t\t\t\t<\/div>\n\n\t\t\t\t\t\n\t\t\t\t\t<div id=\"post-123156\" class=\"sponsor post-123156 wcb_sponsor type-wcb_sponsor status-publish hentry wcb_sponsor_level-microcommanditaire\" >\n\t\t\t\t\t\t<h3 class=\"entry-title sponsor-title\">\n\t\t\t\t\t\t\t<a href=\"https:\/\/montreal.wordcamp.org\/2014-fr\/sponsor\/onokowa-technologies\/\">\n\t\t\t\t\t\t\t\tOnokowa Technologies\t\t\t\t\t\t\t<\/a>\n\t\t\t\t\t\t<\/h3>\n\n\t\t\t\t\t\t<div class=\"entry-content sponsor-description\">\n\t\t\t\t\t\t\t<p>Onokowa Technologies Inc. is a company founded by Anthony Abou-Jaoude and his wife Stephanie. Anthony has more than 6 years experience in developing custom websites and is now in love with WordPress. He is also a certified Red Hat Linux Administrator as well as a professional Engineer in the OIQ \u00ab\u00a0Ordre des ing\u00e9nieurs du Qu\u00e9bec\u00a0\u00bb. Stephanie takes care of the beauty and design aspects of the business, and with her master&rsquo;s degree in Interior Architecture brings a unique spin to everything we do. Together they have developed numerous websites for large companies as well as individuals and they are pleased that from year to year they are getting more clients. They enjoy doing websites and they are very proud to say that they are now friends with every single client they ever dealt with.<br \/>\n<a href=\"http:\/\/onokowa.com\" rel=\"nofollow\">http:\/\/onokowa.com<\/a><\/p>\n\t\t\t\t\t\t<\/div>\n\t\t\t\t\t<\/div>\n\n\t\t\t\t\t\n\t\t\t\t\t<div id=\"post-123186\" class=\"sponsor post-123186 wcb_sponsor type-wcb_sponsor status-publish hentry wcb_sponsor_level-microcommanditaire\" >\n\t\t\t\t\t\t<h3 class=\"entry-title sponsor-title\">\n\t\t\t\t\t\t\t<a href=\"https:\/\/montreal.wordcamp.org\/2014-fr\/sponsor\/webmarketeur\/\">\n\t\t\t\t\t\t\t\tWebmarketeur\t\t\t\t\t\t\t<\/a>\n\t\t\t\t\t\t<\/h3>\n\n\t\t\t\t\t\t<div class=\"entry-content sponsor-description\">\n\t\t\t\t\t\t\t<p><a href=\"http:\/\/webmarketeur-dz.com\" rel=\"nofollow\">Blog Alg\u00e9rien<\/a> d\u00e9di\u00e9 au Webmarketing. Je vous apprend \u00e0 comprendre et \u00e0 maitriser les notions de bases du marketing sur Internet.<\/p>\n\t\t\t\t\t\t<\/div>\n\t\t\t\t\t<\/div>\n\n\t\t\t\t\t\n\t\t\t\t\t<div id=\"post-123197\" class=\"sponsor post-123197 wcb_sponsor type-wcb_sponsor status-publish hentry wcb_sponsor_level-microcommanditaire\" >\n\t\t\t\t\t\t<h3 class=\"entry-title sponsor-title\">\n\t\t\t\t\t\t\t<a href=\"https:\/\/montreal.wordcamp.org\/2014-fr\/sponsor\/pressbooks\/\">\n\t\t\t\t\t\t\t\tPressbooks\t\t\t\t\t\t\t<\/a>\n\t\t\t\t\t\t<\/h3>\n\n\t\t\t\t\t\t<div class=\"entry-content sponsor-description\">\n\t\t\t\t\t\t\t<p>Pressbooks produces well-designed ebook files and print-on-demand ready PDFs. Built on WordPress.<br \/>\n<a href=\"http:\/\/pressbooks.com\" rel=\"nofollow\">http:\/\/pressbooks.com<\/a><\/p>\n\t\t\t\t\t\t<\/div>\n\t\t\t\t\t<\/div>\n\n\t\t\t\t\t\n\t\t\t\t<\/div>\n\t\t\t\t\t<\/div>\n\n\t\t\n","protected":false},"excerpt":{"rendered":"","protected":false},"author":4229527,"featured_media":0,"parent":0,"menu_order":5,"comment_status":"closed","ping_status":"closed","template":"","meta":{"jetpack_post_was_ever_published":false,"footnotes":""},"class_list":["post-4","page","type-page","status-publish","hentry"],"jetpack_sharing_enabled":true,"_links":{"self":[{"href":"https:\/\/montreal.wordcamp.org\/2014-fr\/wp-json\/wp\/v2\/pages\/4","targetHints":{"allow":["GET"]}}],"collection":[{"href":"https:\/\/montreal.wordcamp.org\/2014-fr\/wp-json\/wp\/v2\/pages"}],"about":[{"href":"https:\/\/montreal.wordcamp.org\/2014-fr\/wp-json\/wp\/v2\/types\/page"}],"author":[{"embeddable":true,"href":"https:\/\/montreal.wordcamp.org\/2014-fr\/wp-json\/wp\/v2\/users\/4229527"}],"replies":[{"embeddable":true,"href":"https:\/\/montreal.wordcamp.org\/2014-fr\/wp-json\/wp\/v2\/comments?post=4"}],"version-history":[{"count":3,"href":"https:\/\/montreal.wordcamp.org\/2014-fr\/wp-json\/wp\/v2\/pages\/4\/revisions"}],"predecessor-version":[{"id":123266,"href":"https:\/\/montreal.wordcamp.org\/2014-fr\/wp-json\/wp\/v2\/pages\/4\/revisions\/123266"}],"wp:attachment":[{"href":"https:\/\/montreal.wordcamp.org\/2014-fr\/wp-json\/wp\/v2\/media?parent=4"}],"curies":[{"name":"wp","href":"https:\/\/api.w.org\/{rel}","templated":true}]}}