{"id":6,"date":"2014-02-28T19:32:30","date_gmt":"2014-03-01T00:32:30","guid":{"rendered":"https:\/\/2014-fr.montreal.wordcamp.org\/organizers\/"},"modified":"2014-08-20T15:29:03","modified_gmt":"2014-08-20T19:29:03","slug":"organisateurs","status":"publish","type":"page","link":"https:\/\/montreal.wordcamp.org\/2014-fr\/a-propos-de-nous\/organisateurs\/","title":{"rendered":"Organisateurs"},"content":{"rendered":"<p>WordCamp Montr\u00e9al est un \u00e9v\u00e9nement organis\u00e9 par la communaut\u00e9. Nous essayons toujours d&rsquo;inclure le maximum de personnes dans nos d\u00e9cisions. Toutefois, les responsabilit\u00e9s principales ont tendance \u00e0 reposer sur quelques organisateurs-cl\u00e9s.<\/p>\n<div class=\"organizer-wrap\">\n<div class=\"organizer\">\n\t\t<img loading=\"lazy\" decoding=\"async\" class=\"alignleft size-full wp-image-1007\" title=\"carl\" src=\"http:\/\/2014.montreal.wordcamp.org\/files\/2014\/05\/carl.jpg\" alt=\"\" width=\"332\" height=\"332\" \/><\/p>\n<h3><a href=\"http:\/\/twitter.com\/twigpress\">Carl Alexander<\/a><\/h3>\n<h4><a href=\"http:\/\/carlalexander.ca\">The Man in the Arena<\/a><\/h4>\n<p class=\"description\">Carl Alexander est un d\u00e9veloppeur avide de PHP qui adore faire des exp\u00e9riences \u00e9tranges en int\u00e9grant diff\u00e9rentes technologies et logiciels libres donnant lieu \u00e0 des r\u00e9sultats parfois impr\u00e9visibles.<\/p>\n<\/div>\n<div class=\"organizer alt\">\n\t<img loading=\"lazy\" decoding=\"async\" class=\"alignleft size-full wp-image-99\" src=\"http:\/\/2014.montreal.wordcamp.org\/files\/2014\/05\/richard.jpg\" width=\"332\" height=\"332\" \/><\/p>\n<h3>Richard Archambault<\/h3>\n<p class=\"description\">Richard loves the web and really loves WordPress. After attending his first WordCamp Montreal in 2010, he was hooked! Now a Happiness Engineer with Automattic, Richard wants to help spread the WordPress goodness to anyone else who&rsquo;s interested in the web. When he&rsquo;s not tinkering with his sites, he loves going to Mexico to eat spicy tacos and ride around on the metro!<\/p>\n<\/div>\n<div class=\"organizer\">\n\t\t<img loading=\"lazy\" decoding=\"async\" class=\"alignleft size-full\" src=\"http:\/\/2014.montreal.wordcamp.org\/files\/2014\/05\/jeremy.jpg\" width=\"332\" height=\"332\" \/><\/p>\n<h3><a href=\"http:\/\/jeremyclarke.org\/\">Jeremy Clarke<\/a><\/h3>\n<h4><a href=\"http:\/\/jeremyclarke.org\/\">Simian Uprising<\/a><\/h4>\n<p class=\"description\">Jeremy Clarke est un hacker des technologies PHP, HTML, CSS et de la plate-forme WordPress. Il adore son emploi au sein d&rsquo;une entreprise de m\u00e9dias citoyens \u00e0 but non-lucratif, Global Voices, o\u00f9 il g\u00e8re des dizaines de sites WordPress, de blogues, d&rsquo;extensions, de th\u00e8mes ainsi que quelques serveurs linux&#8230; un peu grognons. Il poss\u00e8de un Bacc. en communication de l&rsquo;Universit\u00e9 Concordia, mais est devenu programmeur web par lui-m\u00eame.<\/p>\n<\/p><\/div>\n<div class=\"organizer alt\">\n\t\t<img loading=\"lazy\" decoding=\"async\" class=\"alignleft size-full\" src=\"http:\/\/2014.montreal.wordcamp.org\/files\/2014\/05\/alex.jpg\" width=\"332\" height=\"332\" \/><\/p>\n<h3><a href=\"http:\/\/alexruaux.com\">Alex Ruaux<\/a><\/h3>\n<p class=\"description\">3D Printing wizard, coding beginner and WordPress enthusiast, <a href=\"http:\/\/alexruaux.com\">Alex Ruaux<\/a> is the Volunteer coordinator for WordCampMtl. She works as a freelance web designer and 3D printing consultant. She is also a co-organizer of the Montreal Mini Maker Faire and when not at her computer, can be found out and about enjoying the city. <a href=\"http:\/\/twitter.com\/molecularcode\">@molecularcode<\/a><\/p>\n<\/p><\/div>\n<div class=\"organizer\">\n\t\t<img loading=\"lazy\" decoding=\"async\" class=\"alignleft size-full\" src=\"http:\/\/2014.montreal.wordcamp.org\/files\/2014\/05\/shannon.jpg\" width=\"332\" height=\"332\" \/><\/p>\n<h3><a href=\"http:\/\/about.me\/shannonasmith\">Shannon Smith<\/a><\/h3>\n<h4><a href=\"http:\/\/www.cafenoirdesign.com\/\">Caf\u00e9 Noir Design<\/a><\/h4>\n<p class=\"description\">Shannon Smith est la fondatrice de Caf\u00e9 Noir Design, une agence de design et de d\u00e9veloppement Web \u00e0 Montr\u00e9al qui se sp\u00e9cialise dans le d\u00e9veloppement multilingue. Elle soutient les logiciels libres, et les pratiques d&rsquo;affaires vertes. Elle est souvent conf\u00e9renci\u00e8re et son blogue est accessible \u00e0\u00a0<a title=\"Chroni.ca\" href=\"http:\/\/chroni.ca\">Chroni.ca<\/a>.<br \/>\n<a href=\"http:\/\/twitter.com\/cafenoirdesign\">twitter<\/a>\u00a0|\u00a0<a href=\"https:\/\/plus.google.com\/114813571187124139424?rel=author\">google+<\/a>\u00a0|\u00a0<a href=\"http:\/\/chroni.ca\/\">blog<\/a><\/p>\n<\/p><\/div>\n<\/div>\n<p><strong>Remerciement sp\u00e9ciales<\/strong><br \/>\nNous aimerions remercier des personnes qui ont fait une important contribution \u00e0 WordCamp Montr\u00e9al 2014.<\/p>\n<p><a href=\"http:\/\/elida.ca\">Elida Arrizza<\/a> &#8211; Design de T-shirt<br \/>\nSonia of <a href=\"http:\/\/nudgedesign.ca\">Nudge Design<\/a> &#8211; Conception Web<br \/>\n<a href=\"http:\/\/arseneault.ca\">Jean-Fran\u00e7ois Arseneault<\/a> &#8211; Traduction<\/p>\n<p><strong>Organisateurs des ann\u00e9es pr\u00e9c\u00e9dentes<\/strong><br \/>\nNous aimerions remercier les auteurs des \u00e9ditions pr\u00e9c\u00e9dentes de WordCamp Montr\u00e9al pour tout leur beau travail. <\/p>\n<p>WordCamp Montr\u00e9al 2009<br \/>\n<a href=\"http:\/\/jeremyclarke.org\/\">Jeremy Clarke<\/a> &amp; <a href=\"http:\/\/www.afroginthevalley.com\">Sylvain Carle<\/a><\/p>\n<p>WordCamp Montr\u00e9al 2010<br \/>\n<a href=\"http:\/\/jeremyclarke.org\/\">Jeremy Clarke<\/a>, <a href=\"http:\/\/www.cafenoirdesign.com\">Shannon Smith<\/a> &amp; <a href=\"http:\/\/www.horseandcartagency.com\">Brendan Sera-Shriar<\/a><\/p>\n<p>WordCamp Montr\u00e9al 2011 &amp; 2012<br \/>\n<a href=\"http:\/\/jeremyclarke.org\/\">Jeremy Clarke<\/a>, <a href=\"http:\/\/www.cafenoirdesign.com\">Shannon Smith<\/a>, <a href=\"http:\/\/www.horseandcartagency.com\">Brendan Sera-Shriar<\/a>, &amp; <a href=\"http:\/\/carlalexander.ca\">Carl Alexander<\/a>.<\/p>\n<p>WordCamp Montr\u00e9al 2013<br \/>\n<a href=\"http:\/\/jeremyclarke.org\/\">Jeremy Clarke<\/a>, <a href=\"http:\/\/www.cafenoirdesign.com\">Shannon Smith<\/a>,  <a href=\"http:\/\/carlalexander.ca\">Carl Alexander<\/a>, <a href=\"http:\/\/alexruaux.com\/\">Alex Ruaux<\/a>, <a href=\"http:\/\/richardarchambault.ca\">Richard Archambault<\/a>, &amp; <a href=\"http:\/\/kwight.ca\/\">Kirk Wight<\/a>.<\/p>\n","protected":false},"excerpt":{"rendered":"<p>WordCamp Montr\u00e9al est un \u00e9v\u00e9nement organis\u00e9 par la communaut\u00e9. Nous essayons toujours d&rsquo;inclure le maximum de personnes dans nos d\u00e9cisions. Toutefois, les responsabilit\u00e9s principales ont tendance \u00e0 reposer sur quelques organisateurs-cl\u00e9s. Carl Alexander The Man in the Arena Carl Alexander &hellip; <a href=\"https:\/\/montreal.wordcamp.org\/2014-fr\/a-propos-de-nous\/organisateurs\/\">Continuer la lecture <span class=\"screen-reader-text\">Organisateurs<\/span>  <span class=\"meta-nav\">&rarr;<\/span><\/a><\/p>\n","protected":false},"author":4229527,"featured_media":0,"parent":122635,"menu_order":0,"comment_status":"closed","ping_status":"closed","template":"","meta":{"jetpack_post_was_ever_published":false,"footnotes":""},"class_list":["post-6","page","type-page","status-publish","hentry"],"jetpack_sharing_enabled":true,"_links":{"self":[{"href":"https:\/\/montreal.wordcamp.org\/2014-fr\/wp-json\/wp\/v2\/pages\/6","targetHints":{"allow":["GET"]}}],"collection":[{"href":"https:\/\/montreal.wordcamp.org\/2014-fr\/wp-json\/wp\/v2\/pages"}],"about":[{"href":"https:\/\/montreal.wordcamp.org\/2014-fr\/wp-json\/wp\/v2\/types\/page"}],"author":[{"embeddable":true,"href":"https:\/\/montreal.wordcamp.org\/2014-fr\/wp-json\/wp\/v2\/users\/4229527"}],"replies":[{"embeddable":true,"href":"https:\/\/montreal.wordcamp.org\/2014-fr\/wp-json\/wp\/v2\/comments?post=6"}],"version-history":[{"count":5,"href":"https:\/\/montreal.wordcamp.org\/2014-fr\/wp-json\/wp\/v2\/pages\/6\/revisions"}],"predecessor-version":[{"id":123257,"href":"https:\/\/montreal.wordcamp.org\/2014-fr\/wp-json\/wp\/v2\/pages\/6\/revisions\/123257"}],"up":[{"embeddable":true,"href":"https:\/\/montreal.wordcamp.org\/2014-fr\/wp-json\/wp\/v2\/pages\/122635"}],"wp:attachment":[{"href":"https:\/\/montreal.wordcamp.org\/2014-fr\/wp-json\/wp\/v2\/media?parent=6"}],"curies":[{"name":"wp","href":"https:\/\/api.w.org\/{rel}","templated":true}]}}