{"id":7,"date":"2014-02-28T19:32:30","date_gmt":"2014-03-01T00:32:30","guid":{"rendered":"https:\/\/2014-fr.montreal.wordcamp.org\/?page_id=7"},"modified":"2014-08-12T18:44:53","modified_gmt":"2014-08-12T22:44:53","slug":"billets","status":"publish","type":"page","link":"https:\/\/montreal.wordcamp.org\/2014-fr\/billets\/","title":{"rendered":"Billets"},"content":{"rendered":"<p>Veuillez visitez <a href=\"http:\/\/2014.montreal.wordcamp.org\/tickets\/\">la page billetterie<\/a> de notre site Web anglais. Nous sommes d\u00e9sol\u00e9s pour l&rsquo;inconv\u00e9nient.<\/p>\n<p>Veuillez noter qu&rsquo;aucun billet sera disponible \u00e0 la porte.<\/p>\n","protected":false},"excerpt":{"rendered":"<p>Veuillez visitez la page billetterie de notre site Web anglais. Nous sommes d\u00e9sol\u00e9s pour l&rsquo;inconv\u00e9nient. Veuillez noter qu&rsquo;aucun billet sera disponible \u00e0 la porte.<\/p>\n","protected":false},"author":4229527,"featured_media":0,"parent":0,"menu_order":3,"comment_status":"closed","ping_status":"closed","template":"","meta":{"jetpack_post_was_ever_published":false,"footnotes":""},"class_list":["post-7","page","type-page","status-publish","hentry"],"jetpack_sharing_enabled":true,"_links":{"self":[{"href":"https:\/\/montreal.wordcamp.org\/2014-fr\/wp-json\/wp\/v2\/pages\/7","targetHints":{"allow":["GET"]}}],"collection":[{"href":"https:\/\/montreal.wordcamp.org\/2014-fr\/wp-json\/wp\/v2\/pages"}],"about":[{"href":"https:\/\/montreal.wordcamp.org\/2014-fr\/wp-json\/wp\/v2\/types\/page"}],"author":[{"embeddable":true,"href":"https:\/\/montreal.wordcamp.org\/2014-fr\/wp-json\/wp\/v2\/users\/4229527"}],"replies":[{"embeddable":true,"href":"https:\/\/montreal.wordcamp.org\/2014-fr\/wp-json\/wp\/v2\/comments?post=7"}],"version-history":[{"count":4,"href":"https:\/\/montreal.wordcamp.org\/2014-fr\/wp-json\/wp\/v2\/pages\/7\/revisions"}],"predecessor-version":[{"id":123199,"href":"https:\/\/montreal.wordcamp.org\/2014-fr\/wp-json\/wp\/v2\/pages\/7\/revisions\/123199"}],"wp:attachment":[{"href":"https:\/\/montreal.wordcamp.org\/2014-fr\/wp-json\/wp\/v2\/media?parent=7"}],"curies":[{"name":"wp","href":"https:\/\/api.w.org\/{rel}","templated":true}]}}