{"id":4,"date":"2014-02-28T19:23:22","date_gmt":"2014-03-01T00:23:22","guid":{"rendered":"https:\/\/2014.montreal.wordcamp.org\/sponsors\/"},"modified":"2014-05-19T19:20:08","modified_gmt":"2014-05-19T23:20:08","slug":"sponsors","status":"publish","type":"page","link":"https:\/\/montreal.wordcamp.org\/2014\/sponsors\/","title":{"rendered":"Sponsors"},"content":{"rendered":"\n\t\t<div class=\"sponsors\">\n\t\t\t\t\t\t\t\n\t\t\t\t<div class=\"sponsor-level wordcamp-pillar\">\n\t\t\t\t\t<h2 class=\"sponsor-level-title\">\n\t\t\t\t\t\tWordCamp Pillar\t\t\t\t\t<\/h2>\n\n\t\t\t\t\t\n\t\t\t\t\t<div id=\"post-20\" class=\"sponsor post-20 wcb_sponsor type-wcb_sponsor status-publish has-post-thumbnail hentry wcb_sponsor_level-wordcamp-pillar\" >\n\t\t\t\t\t\t<h3 class=\"entry-title sponsor-title\">\n\t\t\t\t\t\t\t<a href=\"https:\/\/montreal.wordcamp.org\/2014\/sponsor\/bluehost\/\">\n\t\t\t\t\t\t\t\t<img loading=\"lazy\" decoding=\"async\" width=\"300\" height=\"82\" src=\"https:\/\/montreal.wordcamp.org\/2014\/files\/2014\/02\/bluehost_main_logo-300x82.png\" class=\"attachment-post-thumbnail size-post-thumbnail wp-post-image\" alt=\"\" \/>\t\t\t\t\t\t\t<\/a>\n\t\t\t\t\t\t<\/h3>\n\n\t\t\t\t\t\t<div class=\"entry-content sponsor-description\">\n\t\t\t\t\t\t\t<p><a href=\"http:\/\/bluehost.com\" rel=\"nofollow\">Bluehost<\/a> has been a WordPress partner since 2005 and powers over one million WordPress sites. Their goal is to provide outstanding hosting services and customer support for the best possible price. Bluehost is also constantly innovating and upgrading their services and infrastructure at no additional cost to their customers. Join the millions of other website owners that have already chosen Bluehost and see how they can help you with your site.<\/p>\n\t\t\t\t\t\t<\/div>\n\t\t\t\t\t<\/div>\n\n\t\t\t\t\t\n\t\t\t\t\t<div id=\"post-162791\" class=\"sponsor post-162791 wcb_sponsor type-wcb_sponsor status-publish has-post-thumbnail hentry wcb_sponsor_level-wordcamp-pillar\" >\n\t\t\t\t\t\t<h3 class=\"entry-title sponsor-title\">\n\t\t\t\t\t\t\t<a href=\"https:\/\/montreal.wordcamp.org\/2014\/sponsor\/wiredtree\/\">\n\t\t\t\t\t\t\t\t<img loading=\"lazy\" decoding=\"async\" width=\"300\" height=\"73\" src=\"https:\/\/montreal.wordcamp.org\/2014\/files\/2014\/05\/wiredtreelogo600wide-300x73.png\" class=\"attachment-post-thumbnail size-post-thumbnail wp-post-image\" alt=\"\" \/>\t\t\t\t\t\t\t<\/a>\n\t\t\t\t\t\t<\/h3>\n\n\t\t\t\t\t\t<div class=\"entry-content sponsor-description\">\n\t\t\t\t\t\t\t<p><a href=\"http:\/\/www.wiredtree.com\/\" rel=\"nofollow\">WiredTree<\/a><span style=\"color: #424242\">\u00a0provides Managed VPS and Managed Dedicated Servers to WordPress users worldwide from our Chicago-based data center and offices. Every WT server is backed by 24\u00d77 telephone support, ticket support with 15 minute average response times, and is fully managed and monitored by WiredTree to maximize uptime and minimize frustration. All servers come ready-to-run with cPanel\/WHM and are optimized and security hardened with firewall and anti-spam out of the box. With experience in SSD technology, MariaDB, Memcached, WordPress plugins, server optimization, and LiteSpeed Web server, WiredTree can take your site\u2019s performance to the next level.<\/span><\/p>\n\t\t\t\t\t\t<\/div>\n\t\t\t\t\t<\/div>\n\n\t\t\t\t\t\n\t\t\t\t\t<div id=\"post-163477\" class=\"sponsor post-163477 wcb_sponsor type-wcb_sponsor status-publish has-post-thumbnail hentry wcb_sponsor_level-wordcamp-pillar\" >\n\t\t\t\t\t\t<h3 class=\"entry-title sponsor-title\">\n\t\t\t\t\t\t\t<a href=\"https:\/\/montreal.wordcamp.org\/2014\/sponsor\/planethoster\/\">\n\t\t\t\t\t\t\t\t<img loading=\"lazy\" decoding=\"async\" width=\"300\" height=\"93\" src=\"https:\/\/montreal.wordcamp.org\/2014\/files\/2014\/07\/planethoster-WEB-300.png\" class=\"attachment-post-thumbnail size-post-thumbnail wp-post-image\" alt=\"\" \/>\t\t\t\t\t\t\t<\/a>\n\t\t\t\t\t\t<\/h3>\n\n\t\t\t\t\t\t<div class=\"entry-content sponsor-description\">\n\t\t\t\t\t\t\t<p><a href=\"http:\/\/www.planethoster.net\" rel=\"nofollow\">PlanetHoster<\/a> offers premium hosting solutions to WordPress users worldwide. Whether it\u2019s shared hosting, managed VPS, dedicated servers and much more, PlanetHoster\u2019s customers report that these affordable, feature-packed hosting solutions exceed their expectations. Their certified engineers are very experienced with WordPress. They work hard to assure that your WordPress site will run very fast and will be hosted in a secure, 24\/7 monitored environment. If you want to offer the best latency to your visitors by being hosted whether in Europe or in North America, PlanetHoster might be right for you. PlanetHoster, Host Your World.<\/p>\n\t\t\t\t\t\t<\/div>\n\t\t\t\t\t<\/div>\n\n\t\t\t\t\t\n\t\t\t\t<\/div>\n\t\t\t\t\t\t\t\n\t\t\t\t<div class=\"sponsor-level wordcamp-champion\">\n\t\t\t\t\t<h2 class=\"sponsor-level-title\">\n\t\t\t\t\t\tWordCamp Champion\t\t\t\t\t<\/h2>\n\n\t\t\t\t\t\n\t\t\t\t\t<div id=\"post-18\" class=\"sponsor post-18 wcb_sponsor type-wcb_sponsor status-publish has-post-thumbnail hentry wcb_sponsor_level-wordcamp-champion\" >\n\t\t\t\t\t\t<h3 class=\"entry-title sponsor-title\">\n\t\t\t\t\t\t\t<a href=\"https:\/\/montreal.wordcamp.org\/2014\/sponsor\/code-poet\/\">\n\t\t\t\t\t\t\t\t<img loading=\"lazy\" decoding=\"async\" width=\"280\" height=\"100\" src=\"https:\/\/montreal.wordcamp.org\/2014\/files\/2014\/02\/Code-Poet-2.png\" class=\"attachment-post-thumbnail size-post-thumbnail wp-post-image\" alt=\"\" \/>\t\t\t\t\t\t\t<\/a>\n\t\t\t\t\t\t<\/h3>\n\n\t\t\t\t\t\t<div class=\"entry-content sponsor-description\">\n\t\t\t\t\t\t\t<p>If you use WordPress to build things for other people, Code Poet wants to make your life easier. No matter whether you freelance on a solo basis, lead a small web shop, make plugins in a dark closet, or crack the whip at a large design firm, Code Poet\u2019s aim is to become your go-to source of information and resources to help you expand your WordPress skills and know-how. To make you better at what you do. To make it easier to make your living and look great doing it.<\/p>\n<p>You\u2019re part of a tribe of WordPress designers and developers over 10,000 strong, spanning the entire globe. <a href=\"http:\/\/codepoet.com\" rel=\"nofollow\">codepoet.com<\/a> aims to bring the working knowledge and real world strategies of those people into one place, for you to tap into.<\/p>\n\t\t\t\t\t\t<\/div>\n\t\t\t\t\t<\/div>\n\n\t\t\t\t\t\n\t\t\t\t\t<div id=\"post-21\" class=\"sponsor post-21 wcb_sponsor type-wcb_sponsor status-publish has-post-thumbnail hentry wcb_sponsor_level-wordcamp-champion\" >\n\t\t\t\t\t\t<h3 class=\"entry-title sponsor-title\">\n\t\t\t\t\t\t\t<a href=\"https:\/\/montreal.wordcamp.org\/2014\/sponsor\/dreamhost\/\">\n\t\t\t\t\t\t\t\t<img loading=\"lazy\" decoding=\"async\" width=\"300\" height=\"85\" src=\"https:\/\/montreal.wordcamp.org\/2014\/files\/2014\/02\/dh_logo-b-2014-300x85.png\" class=\"attachment-post-thumbnail size-post-thumbnail wp-post-image\" alt=\"\" \/>\t\t\t\t\t\t\t<\/a>\n\t\t\t\t\t\t<\/h3>\n\n\t\t\t\t\t\t<div class=\"entry-content sponsor-description\">\n\t\t\t\t\t\t\t<p>DreamHost is a global Web hosting and cloud services provider with over 350,000 customers and 1.2 million blogs, websites and apps hosted. The company offers a wide spectrum of Web hosting and cloud services including Shared Hosting, Virtual Private Servers (VPS), Dedicated Server Hosting, Domain Name Registration, the cloud storage service, DreamObjects, and the cloud computing service DreamCompute. More information can be found at <a href=\"http:\/\/dreamhost.com\" rel=\"nofollow\">http:\/\/dreamhost.com<\/a>.<\/p>\n\t\t\t\t\t\t<\/div>\n\t\t\t\t\t<\/div>\n\n\t\t\t\t\t\n\t\t\t\t<\/div>\n\t\t\t\t\t\t\t\n\t\t\t\t<div class=\"sponsor-level wordcamp-accomplice\">\n\t\t\t\t\t<h2 class=\"sponsor-level-title\">\n\t\t\t\t\t\tWordCamp Accomplice\t\t\t\t\t<\/h2>\n\n\t\t\t\t\t\n\t\t\t\t\t<div id=\"post-19\" class=\"sponsor post-19 wcb_sponsor type-wcb_sponsor status-publish has-post-thumbnail hentry wcb_sponsor_level-wordcamp-accomplice\" >\n\t\t\t\t\t\t<h3 class=\"entry-title sponsor-title\">\n\t\t\t\t\t\t\t<a href=\"https:\/\/montreal.wordcamp.org\/2014\/sponsor\/wpml\/\">\n\t\t\t\t\t\t\t\t<img loading=\"lazy\" decoding=\"async\" width=\"300\" height=\"75\" src=\"https:\/\/montreal.wordcamp.org\/2014\/files\/2014\/02\/wpml-300x75.png\" class=\"attachment-post-thumbnail size-post-thumbnail wp-post-image\" alt=\"\" \/>\t\t\t\t\t\t\t<\/a>\n\t\t\t\t\t\t<\/h3>\n\n\t\t\t\t\t\t<div class=\"entry-content sponsor-description\">\n\t\t\t\t\t\t\t<p>WPML turns WordPress websites multilingual. It works with caching, SEO and E-Commerce plugins, and allows the building of complete multilingual sites. WPML powers simple blogs as well as corporate and enterprise sites.<\/p>\n<p>WPML allows users to translate everything in the site, including content, menus, widgets and even theme and plugin texts. WPML powers over 400,000 commercial websites from all over the world.<\/p>\n<p>More information about going multilingual can be found at <a href=\"http:\/\/wpml.org\" rel=\"nofollow\">WPML.org<\/a><\/p>\n\t\t\t\t\t\t<\/div>\n\t\t\t\t\t<\/div>\n\n\t\t\t\t\t\n\t\t\t\t<\/div>\n\t\t\t\t\t\t\t\n\t\t\t\t<div class=\"sponsor-level bronze-sponsor\">\n\t\t\t\t\t<h2 class=\"sponsor-level-title\">\n\t\t\t\t\t\tBronze Sponsor\t\t\t\t\t<\/h2>\n\n\t\t\t\t\t\n\t\t\t\t\t<div id=\"post-163643\" class=\"sponsor post-163643 wcb_sponsor type-wcb_sponsor status-publish has-post-thumbnail hentry wcb_sponsor_level-bronze-sponsor\" >\n\t\t\t\t\t\t<h3 class=\"entry-title sponsor-title\">\n\t\t\t\t\t\t\t<a href=\"https:\/\/montreal.wordcamp.org\/2014\/sponsor\/carbon60-networks\/\">\n\t\t\t\t\t\t\t\t<img loading=\"lazy\" decoding=\"async\" width=\"300\" height=\"89\" src=\"https:\/\/montreal.wordcamp.org\/2014\/files\/2014\/08\/carbon60-300.png\" class=\"attachment-post-thumbnail size-post-thumbnail wp-post-image\" alt=\"Carbon60 Networks\" \/>\t\t\t\t\t\t\t<\/a>\n\t\t\t\t\t\t<\/h3>\n\n\t\t\t\t\t\t<div class=\"entry-content sponsor-description\">\n\t\t\t\t\t\t\t<p>To deliver your WordPress web property without fail, <a href=\"http:\/\/www.carbon60.com\" rel=\"nofollow\">Carbon60<\/a> provides a white glove level of service to support the entire WordPress development and delivery life-cycle, hosted within our Tier 3 grade Canadian Cloud data centres. Our WordPress sandbox allows design\/programming teams to create new WordPress development environments on-demand while an integrated code management service provides a secure place to manage code changes.  Sites are then staged for testing using Carbon60\u2019s integrated security and performance testing tools. Once optimized, site code and content are promoted to our world-class production WordPress delivery platform. This platform combines the strengths of an enterprise cloud computing architecture \u2013 optimized to host WordPress source code, plug-ins and content \u2013 with a vastly scalable and robust global edge content delivery\/security system. As a result, our WordPress delivery platform delivers content faster and more reliably, making your site highly resilient to both welcome traffic spikes and unwelcome denial-of-service attacks. <\/p>\n\t\t\t\t\t\t<\/div>\n\t\t\t\t\t<\/div>\n\n\t\t\t\t\t\n\t\t\t\t<\/div>\n\t\t\t\t\t\t\t\n\t\t\t\t<div class=\"sponsor-level aluminum-sponsor\">\n\t\t\t\t\t<h2 class=\"sponsor-level-title\">\n\t\t\t\t\t\tAluminum Sponsor\t\t\t\t\t<\/h2>\n\n\t\t\t\t\t\n\t\t\t\t\t<div id=\"post-162851\" class=\"sponsor post-162851 wcb_sponsor type-wcb_sponsor status-publish has-post-thumbnail hentry wcb_sponsor_level-aluminum-sponsor\" >\n\t\t\t\t\t\t<h3 class=\"entry-title sponsor-title\">\n\t\t\t\t\t\t\t<a href=\"https:\/\/montreal.wordcamp.org\/2014\/sponsor\/easypress\/\">\n\t\t\t\t\t\t\t\t<img loading=\"lazy\" decoding=\"async\" width=\"300\" height=\"104\" src=\"https:\/\/montreal.wordcamp.org\/2014\/files\/2014\/05\/easyPress-logo.jpg\" class=\"attachment-post-thumbnail size-post-thumbnail wp-post-image\" alt=\"\" \/>\t\t\t\t\t\t\t<\/a>\n\t\t\t\t\t\t<\/h3>\n\n\t\t\t\t\t\t<div class=\"entry-content sponsor-description\">\n\t\t\t\t\t\t\t<p><a href=\"http:\/\/easypress.ca\/\" rel=\"nofollow\">easyPress<\/a> is a Managed WordPress Hosting service that\u2019s made in Canada. A fast, reliable and secure solution is super important when you value your website and its message. Focus your time and energy on your content and let easyPress relieve you of managing the tech that makes WordPress load quickly and consistently. All of our service plans include DNS hosting and some even include email hosting provided by easyDNS. Check out our very affordable offerings at <a href=\"http:\/\/easypress.ca\/plans\/\" rel=\"nofollow\">http:\/\/easypress.ca\/plans\/<\/a>.<\/p>\n\t\t\t\t\t\t<\/div>\n\t\t\t\t\t<\/div>\n\n\t\t\t\t\t\n\t\t\t\t\t<div id=\"post-162861\" class=\"sponsor post-162861 wcb_sponsor type-wcb_sponsor status-publish has-post-thumbnail hentry wcb_sponsor_level-aluminum-sponsor\" >\n\t\t\t\t\t\t<h3 class=\"entry-title sponsor-title\">\n\t\t\t\t\t\t\t<a href=\"https:\/\/montreal.wordcamp.org\/2014\/sponsor\/vortex-solution\/\">\n\t\t\t\t\t\t\t\t<img loading=\"lazy\" decoding=\"async\" width=\"300\" height=\"104\" src=\"https:\/\/montreal.wordcamp.org\/2014\/files\/2014\/05\/vortex-300.jpg\" class=\"attachment-post-thumbnail size-post-thumbnail wp-post-image\" alt=\"\" \/>\t\t\t\t\t\t\t<\/a>\n\t\t\t\t\t\t<\/h3>\n\n\t\t\t\t\t\t<div class=\"entry-content sponsor-description\">\n\t\t\t\t\t\t\t<p><a href=\"https:\/\/www.vortexsolution.com\/\" rel=\"nofollow\">Vortex Solution<\/a> is more than just a Website design company. We are a one-stop service for all your Web solutions, from Internet strategy development to Website design to search engine optimization and Web marketing.<\/p>\n<p>Our team of consultants and Web analysts will guide and advise you with regard to your Internet site design project. They will establish, from the start, a customized Web strategy in accordance with your clientele and business goals. The expertise we have acquired since 1999 with the development of over 3000 Websites makes Vortex Solution a partner of choice to see you through your Internet site design project.<\/p>\n\t\t\t\t\t\t<\/div>\n\t\t\t\t\t<\/div>\n\n\t\t\t\t\t\n\t\t\t\t\t<div id=\"post-162949\" class=\"sponsor post-162949 wcb_sponsor type-wcb_sponsor status-publish has-post-thumbnail hentry wcb_sponsor_level-aluminum-sponsor\" >\n\t\t\t\t\t\t<h3 class=\"entry-title sponsor-title\">\n\t\t\t\t\t\t\t<a href=\"https:\/\/montreal.wordcamp.org\/2014\/sponsor\/desaulniers-simard\/\">\n\t\t\t\t\t\t\t\t<img loading=\"lazy\" decoding=\"async\" width=\"600\" height=\"198\" src=\"https:\/\/montreal.wordcamp.org\/2014\/files\/2014\/06\/desaulniers-simard-600w-600x198.png\" class=\"attachment-post-thumbnail size-post-thumbnail wp-post-image\" alt=\"\" \/>\t\t\t\t\t\t\t<\/a>\n\t\t\t\t\t\t<\/h3>\n\n\t\t\t\t\t\t<div class=\"entry-content sponsor-description\">\n\t\t\t\t\t\t\t<p>We are consultants, trainers and developers. We use WordPress, of course, but it is only one of our many tools. We are two smart, quick people, but sometimes we need help too. We have a wide network of collaborators for that. We choose projects that make us happy and proud. We want you to feel the same about the work we do for you.<br \/>\n<a href=\"http:\/\/desaulniers-simard.com\" rel=\"nofollow\">http:\/\/desaulniers-simard.com<\/a><\/p>\n\t\t\t\t\t\t<\/div>\n\t\t\t\t\t<\/div>\n\n\t\t\t\t\t\n\t\t\t\t\t<div id=\"post-163344\" class=\"sponsor post-163344 wcb_sponsor type-wcb_sponsor status-publish has-post-thumbnail hentry wcb_sponsor_level-aluminum-sponsor\" >\n\t\t\t\t\t\t<h3 class=\"entry-title sponsor-title\">\n\t\t\t\t\t\t\t<a href=\"https:\/\/montreal.wordcamp.org\/2014\/sponsor\/la-fabrique-de-blogs\/\">\n\t\t\t\t\t\t\t\t<img loading=\"lazy\" decoding=\"async\" width=\"300\" height=\"104\" src=\"https:\/\/montreal.wordcamp.org\/2014\/files\/2014\/07\/fabrique-blogs-3002.jpg\" class=\"attachment-post-thumbnail size-post-thumbnail wp-post-image\" alt=\"\" \/>\t\t\t\t\t\t\t<\/a>\n\t\t\t\t\t\t<\/h3>\n\n\t\t\t\t\t\t<div class=\"entry-content sponsor-description\">\n\t\t\t\t\t\t\t<p>Sp\u00e9cialistes WordPress, cr\u00e9ation de sites, blogs, intranets et r\u00e9seaux sociaux sur mesure, design, formation, s\u00e9curit\u00e9, performance, h\u00e9bergement.<br \/>\n<a href=\"http:\/\/www.lafabriquedeblogs.com\/\" rel=\"nofollow\">http:\/\/www.lafabriquedeblogs.com\/<\/a><\/p>\n\t\t\t\t\t\t<\/div>\n\t\t\t\t\t<\/div>\n\n\t\t\t\t\t\n\t\t\t\t\t<div id=\"post-163346\" class=\"sponsor post-163346 wcb_sponsor type-wcb_sponsor status-publish has-post-thumbnail hentry wcb_sponsor_level-aluminum-sponsor\" >\n\t\t\t\t\t\t<h3 class=\"entry-title sponsor-title\">\n\t\t\t\t\t\t\t<a href=\"https:\/\/montreal.wordcamp.org\/2014\/sponsor\/wplook\/\">\n\t\t\t\t\t\t\t\t<img loading=\"lazy\" decoding=\"async\" width=\"300\" height=\"104\" src=\"https:\/\/montreal.wordcamp.org\/2014\/files\/2014\/07\/wplook-300b.jpg\" class=\"attachment-post-thumbnail size-post-thumbnail wp-post-image\" alt=\"\" \/>\t\t\t\t\t\t\t<\/a>\n\t\t\t\t\t\t<\/h3>\n\n\t\t\t\t\t\t<div class=\"entry-content sponsor-description\">\n\t\t\t\t\t\t\t<p>WPlook is a creative Web Studio that creates professional and attractive Premium WordPress Themes. We realize the importance of developing a strong partnership with our clients that\u2019s why we focus on being friendly, approachable and have a genuine interest in the work we do. Our experience and creative approach to web design ensure that all of the themes that we build are fully functional and easy customizable, look great, stylish and innovative. An effective website is easy to use while still connecting and communicating with our users. Moreover, the quality of our services and the satisfaction of our clients is our success!<br \/>\n<a href=\"http:\/\/wplook.ca\" rel=\"nofollow\">http:\/\/wplook.ca<\/a><\/p>\n\t\t\t\t\t\t<\/div>\n\t\t\t\t\t<\/div>\n\n\t\t\t\t\t\n\t\t\t\t\t<div id=\"post-163377\" class=\"sponsor post-163377 wcb_sponsor type-wcb_sponsor status-publish has-post-thumbnail hentry wcb_sponsor_level-aluminum-sponsor\" >\n\t\t\t\t\t\t<h3 class=\"entry-title sponsor-title\">\n\t\t\t\t\t\t\t<a href=\"https:\/\/montreal.wordcamp.org\/2014\/sponsor\/symetris\/\">\n\t\t\t\t\t\t\t\t<img loading=\"lazy\" decoding=\"async\" width=\"300\" height=\"104\" src=\"https:\/\/montreal.wordcamp.org\/2014\/files\/2014\/07\/symetris-3002.jpg\" class=\"attachment-post-thumbnail size-post-thumbnail wp-post-image\" alt=\"\" \/>\t\t\t\t\t\t\t<\/a>\n\t\t\t\t\t\t<\/h3>\n\n\t\t\t\t\t\t<div class=\"entry-content sponsor-description\">\n\t\t\t\t\t\t\t<p>Celebrating 10 years in business in 2014, Symetris develops effective websites that go beyond marketing: they are designed as business tools for our clients.<\/p>\n<p>Our team of Montreal based WordPress specialists will gladly inform you of the benefits and the relevance of this platform for your website.<br \/>\n<a href=\"http:\/\/www.symetris.ca\" rel=\"nofollow\">http:\/\/www.symetris.ca<\/a><\/p>\n\t\t\t\t\t\t<\/div>\n\t\t\t\t\t<\/div>\n\n\t\t\t\t\t\n\t\t\t\t<\/div>\n\t\t\t\t\t\t\t\n\t\t\t\t<div class=\"sponsor-level microsponsor\">\n\t\t\t\t\t<h2 class=\"sponsor-level-title\">\n\t\t\t\t\t\tMicrosponsor\t\t\t\t\t<\/h2>\n\n\t\t\t\t\t\n\t\t\t\t\t<div id=\"post-162951\" class=\"sponsor post-162951 wcb_sponsor type-wcb_sponsor status-publish hentry wcb_sponsor_level-microsponsor\" >\n\t\t\t\t\t\t<h3 class=\"entry-title sponsor-title\">\n\t\t\t\t\t\t\t<a href=\"https:\/\/montreal.wordcamp.org\/2014\/sponsor\/edouard-duplessis\/\">\n\t\t\t\t\t\t\t\tEdouard Duplessis\t\t\t\t\t\t\t<\/a>\n\t\t\t\t\t\t<\/h3>\n\n\t\t\t\t\t\t<div class=\"entry-content sponsor-description\">\n\t\t\t\t\t\t\t<p><a href=\"http:\/\/www.eduplessis.com\" rel=\"nofollow\">http:\/\/www.eduplessis.com<\/a><\/p>\n\t\t\t\t\t\t<\/div>\n\t\t\t\t\t<\/div>\n\n\t\t\t\t\t\n\t\t\t\t\t<div id=\"post-163340\" class=\"sponsor post-163340 wcb_sponsor type-wcb_sponsor status-publish hentry wcb_sponsor_level-microsponsor\" >\n\t\t\t\t\t\t<h3 class=\"entry-title sponsor-title\">\n\t\t\t\t\t\t\t<a href=\"https:\/\/montreal.wordcamp.org\/2014\/sponsor\/mark-senff\/\">\n\t\t\t\t\t\t\t\tMark Senff\t\t\t\t\t\t\t<\/a>\n\t\t\t\t\t\t<\/h3>\n\n\t\t\t\t\t\t<div class=\"entry-content sponsor-description\">\n\t\t\t\t\t\t\t<p>Mark Senff is a front end developer who creates websites and things (preferrably with WordPress). And occasionally does magic tricks, too (quite a few new ones since last year).<br \/>\n<a href=\"http:\/\/www.senff.com\" rel=\"nofollow\">http:\/\/www.senff.com<\/a><\/p>\n\t\t\t\t\t\t<\/div>\n\t\t\t\t\t<\/div>\n\n\t\t\t\t\t\n\t\t\t\t\t<div id=\"post-163342\" class=\"sponsor post-163342 wcb_sponsor type-wcb_sponsor status-publish hentry wcb_sponsor_level-microsponsor\" >\n\t\t\t\t\t\t<h3 class=\"entry-title sponsor-title\">\n\t\t\t\t\t\t\t<a href=\"https:\/\/montreal.wordcamp.org\/2014\/sponsor\/digital-insite\/\">\n\t\t\t\t\t\t\t\tDigital Insite\t\t\t\t\t\t\t<\/a>\n\t\t\t\t\t\t<\/h3>\n\n\t\t\t\t\t\t<div class=\"entry-content sponsor-description\">\n\t\t\t\t\t\t\t<p>I specialize in creative, innovative, user-friendly websites, working closely with my clients to ensure total satisfaction.<br \/>\nI enjoy the process of determining the colours, the layout, the images for a site, so that they all work together to bring forth the right feel for the topic of the site.<\/p>\n<p>And I love the challenge of figuring out how to create the best user experience, applying my knowledge of marketing principles, search engine optimization techniques, and coding it all into a custom design that presents the client\u2019s business in the best possible way. <a href=\"http:\/\/digitalinsite.ca\" rel=\"nofollow\">http:\/\/digitalinsite.ca<\/a><\/p>\n\t\t\t\t\t\t<\/div>\n\t\t\t\t\t<\/div>\n\n\t\t\t\t\t\n\t\t\t\t\t<div id=\"post-163508\" class=\"sponsor post-163508 wcb_sponsor type-wcb_sponsor status-publish hentry wcb_sponsor_level-microsponsor\" >\n\t\t\t\t\t\t<h3 class=\"entry-title sponsor-title\">\n\t\t\t\t\t\t\t<a href=\"https:\/\/montreal.wordcamp.org\/2014\/sponsor\/onokowa-technologies\/\">\n\t\t\t\t\t\t\t\tOnokowa Technologies\t\t\t\t\t\t\t<\/a>\n\t\t\t\t\t\t<\/h3>\n\n\t\t\t\t\t\t<div class=\"entry-content sponsor-description\">\n\t\t\t\t\t\t\t<p>Onokowa Technologies Inc. is a company founded by Anthony Abou-Jaoude and his wife Stephanie. Anthony has more than 6 years experience in developing custom websites and is now in love with WordPress. He is also a certified Red Hat Linux Administrator as well as a professional Engineer in the OIQ &#8220;Ordre des ing\u00e9nieurs du Qu\u00e9bec&#8221;. Stephanie takes care of the beauty and design aspects of the business, and with her master&#8217;s degree in Interior Architecture brings a unique spin to everything we do. Together they have developed numerous websites for large companies as well as individuals and they are pleased that from year to year they are getting more clients. They enjoy doing websites and they are very proud to say that they are now friends with every single client they ever dealt with.<br \/>\n<a href=\"http:\/\/onokowa.com\" rel=\"nofollow\">http:\/\/onokowa.com<\/a><\/p>\n\t\t\t\t\t\t<\/div>\n\t\t\t\t\t<\/div>\n\n\t\t\t\t\t\n\t\t\t\t\t<div id=\"post-163671\" class=\"sponsor post-163671 wcb_sponsor type-wcb_sponsor status-publish hentry wcb_sponsor_level-microsponsor\" >\n\t\t\t\t\t\t<h3 class=\"entry-title sponsor-title\">\n\t\t\t\t\t\t\t<a href=\"https:\/\/montreal.wordcamp.org\/2014\/sponsor\/webmarketeur\/\">\n\t\t\t\t\t\t\t\tWebmarketeur\t\t\t\t\t\t\t<\/a>\n\t\t\t\t\t\t<\/h3>\n\n\t\t\t\t\t\t<div class=\"entry-content sponsor-description\">\n\t\t\t\t\t\t\t<p><a href=\"http:\/\/webmarketeur-dz.com\" rel=\"nofollow\">Blog Alg\u00e9rien<\/a> d\u00e9di\u00e9 au Webmarketing. Je vous apprend \u00e0 comprendre et \u00e0 maitriser les notions de bases du marketing sur Internet.<\/p>\n\t\t\t\t\t\t<\/div>\n\t\t\t\t\t<\/div>\n\n\t\t\t\t\t\n\t\t\t\t\t<div id=\"post-163743\" class=\"sponsor post-163743 wcb_sponsor type-wcb_sponsor status-publish hentry wcb_sponsor_level-microsponsor\" >\n\t\t\t\t\t\t<h3 class=\"entry-title sponsor-title\">\n\t\t\t\t\t\t\t<a href=\"https:\/\/montreal.wordcamp.org\/2014\/sponsor\/pressbooks\/\">\n\t\t\t\t\t\t\t\tPressbooks\t\t\t\t\t\t\t<\/a>\n\t\t\t\t\t\t<\/h3>\n\n\t\t\t\t\t\t<div class=\"entry-content sponsor-description\">\n\t\t\t\t\t\t\t<p>Pressbooks produces well-designed ebook files and print-on-demand ready PDFs. Built on WordPress.<br \/>\n<a href=\"http:\/\/pressbooks.com\" rel=\"nofollow\">http:\/\/pressbooks.com<\/a><\/p>\n\t\t\t\t\t\t<\/div>\n\t\t\t\t\t<\/div>\n\n\t\t\t\t\t\n\t\t\t\t<\/div>\n\t\t\t\t\t<\/div>\n\n\t\t\n<h3>Interested in sponsoring WordCamp this year?<\/h3>\n<p>Check out our <a title=\"Be A Sponsor\" href=\"https:\/\/2014.montreal.wordcamp.org\/sponsors\/be-a-sponsor\/\" rel=\"nofollow\">Call for Sponsors<\/a> post for details on how you can help make this year&#8217;s WordCamp the best it can be!<\/p>\n","protected":false},"excerpt":{"rendered":"<p>Interested in sponsoring WordCamp this year? Check out our Call for Sponsors post for details on how you can help make this year&#8217;s WordCamp the best it can be!<\/p>\n","protected":false},"author":4229527,"featured_media":0,"parent":0,"menu_order":5,"comment_status":"closed","ping_status":"closed","template":"","meta":{"jetpack_post_was_ever_published":false,"footnotes":""},"class_list":["post-4","page","type-page","status-publish","hentry"],"jetpack_sharing_enabled":true,"_links":{"self":[{"href":"https:\/\/montreal.wordcamp.org\/2014\/wp-json\/wp\/v2\/pages\/4","targetHints":{"allow":["GET"]}}],"collection":[{"href":"https:\/\/montreal.wordcamp.org\/2014\/wp-json\/wp\/v2\/pages"}],"about":[{"href":"https:\/\/montreal.wordcamp.org\/2014\/wp-json\/wp\/v2\/types\/page"}],"author":[{"embeddable":true,"href":"https:\/\/montreal.wordcamp.org\/2014\/wp-json\/wp\/v2\/users\/4229527"}],"replies":[{"embeddable":true,"href":"https:\/\/montreal.wordcamp.org\/2014\/wp-json\/wp\/v2\/comments?post=4"}],"version-history":[{"count":3,"href":"https:\/\/montreal.wordcamp.org\/2014\/wp-json\/wp\/v2\/pages\/4\/revisions"}],"predecessor-version":[{"id":162643,"href":"https:\/\/montreal.wordcamp.org\/2014\/wp-json\/wp\/v2\/pages\/4\/revisions\/162643"}],"wp:attachment":[{"href":"https:\/\/montreal.wordcamp.org\/2014\/wp-json\/wp\/v2\/media?parent=4"}],"curies":[{"name":"wp","href":"https:\/\/api.w.org\/{rel}","templated":true}]}}