{"id":7,"date":"2014-02-28T19:23:22","date_gmt":"2014-03-01T00:23:22","guid":{"rendered":"https:\/\/2014.montreal.wordcamp.org\/?page_id=7"},"modified":"2015-03-16T11:12:54","modified_gmt":"2015-03-16T15:12:54","slug":"tickets","status":"publish","type":"page","link":"https:\/\/montreal.wordcamp.org\/2014\/tickets\/","title":{"rendered":"Tickets"},"content":{"rendered":"<p><strong>WE ARE SOLD OUT.<\/strong> There will be no tickets available at the door. \/<br \/>\n<strong>NOUS SOMMES COMPLET.<\/strong> Aucun billet disponible \u00e0 la porte.<\/p>\n<p>All registrations include both days of the event, at least one catered lunch and some fun swag. \/ Les inscriptions comprennent les deux jours de l&#8217;\u00e9v\u00e9nement, un d\u00eener et un cadeau.<\/p>\n<p>Please note that <strong>refunds are not available<\/strong>.\/ Veuillez noter qu\u2019<strong>aucun remboursement n\u2019est possible<\/strong>.<\/p>\n<p>After August 10, t-shirt sizes and meal choices will not be guaranteed. \/ Apr\u00e8s le 10 ao\u00fbt, les choix de taille de t-shirt et de repas ne seront pas assur\u00e9es.<\/p>\n<a href=\"https:\/\/montreal.wordcamp.org\/2014\/tickets\/\">Please view this page in a browser to purchase or manage tickets.<\/a>\n","protected":false},"excerpt":{"rendered":"<p>WE ARE SOLD OUT. There will be no tickets available at the door. \/ NOUS SOMMES COMPLET. Aucun billet disponible \u00e0 la porte. All registrations include both days of the event, at least one catered lunch and some fun swag. &hellip; <a href=\"https:\/\/montreal.wordcamp.org\/2014\/tickets\/\">Continue reading <span class=\"screen-reader-text\">Tickets<\/span>  <span class=\"meta-nav\">&rarr;<\/span><\/a><\/p>\n","protected":false},"author":4229527,"featured_media":0,"parent":0,"menu_order":3,"comment_status":"closed","ping_status":"closed","template":"","meta":{"jetpack_post_was_ever_published":false,"footnotes":""},"class_list":["post-7","page","type-page","status-publish","hentry"],"jetpack_sharing_enabled":true,"_links":{"self":[{"href":"https:\/\/montreal.wordcamp.org\/2014\/wp-json\/wp\/v2\/pages\/7","targetHints":{"allow":["GET"]}}],"collection":[{"href":"https:\/\/montreal.wordcamp.org\/2014\/wp-json\/wp\/v2\/pages"}],"about":[{"href":"https:\/\/montreal.wordcamp.org\/2014\/wp-json\/wp\/v2\/types\/page"}],"author":[{"embeddable":true,"href":"https:\/\/montreal.wordcamp.org\/2014\/wp-json\/wp\/v2\/users\/4229527"}],"replies":[{"embeddable":true,"href":"https:\/\/montreal.wordcamp.org\/2014\/wp-json\/wp\/v2\/comments?post=7"}],"version-history":[{"count":11,"href":"https:\/\/montreal.wordcamp.org\/2014\/wp-json\/wp\/v2\/pages\/7\/revisions"}],"predecessor-version":[{"id":163818,"href":"https:\/\/montreal.wordcamp.org\/2014\/wp-json\/wp\/v2\/pages\/7\/revisions\/163818"}],"wp:attachment":[{"href":"https:\/\/montreal.wordcamp.org\/2014\/wp-json\/wp\/v2\/media?parent=7"}],"curies":[{"name":"wp","href":"https:\/\/api.w.org\/{rel}","templated":true}]}}