{"id":11,"date":"2015-02-06T19:13:56","date_gmt":"2015-02-07T00:13:56","guid":{"rendered":"https:\/\/2015-fr.montreal.wordcamp.org\/?page_id=11"},"modified":"2015-06-29T14:17:21","modified_gmt":"2015-06-29T18:17:21","slug":"billets","status":"publish","type":"page","link":"https:\/\/montreal.wordcamp.org\/2015-fr\/billets\/","title":{"rendered":"Billets"},"content":{"rendered":"<h2><b>Nous sommes complets. Aucun billet \u00e0 la porte.<\/b><\/h2>\n<p>La vente de billets a termin\u00e9e le dimanche 28 juin, 2015.\u00a0Les choix de taille de t-shirt et de repas ne sont pas assur\u00e9es pour ;es billets achet\u00e9s apr\u00e8s le 26 juin. Veuillez noter qu\u2019<strong>aucun remboursement n\u2019est possible<\/strong>. Toute personne d&rsquo;\u00e2ge mineur doit \u00eatre accompagn\u00e9 d&rsquo;un parent en tout temps. Les inscriptions comprennent les deux jours de l&rsquo;\u00e9v\u00e9nement, un d\u00eener et un cadeau.<\/p>\n","protected":false},"excerpt":{"rendered":"<p>Nous sommes complets. Aucun billet \u00e0 la porte. La vente de billets a termin\u00e9e le dimanche 28 juin, 2015.\u00a0Les choix de taille de t-shirt et de repas ne sont pas assur\u00e9es pour ;es billets achet\u00e9s apr\u00e8s le 26 juin. Veuillez &hellip; <a href=\"https:\/\/montreal.wordcamp.org\/2015-fr\/billets\/\">Continuer la lecture <span class=\"assistive-text\">Billets<\/span>  <span class=\"meta-nav\">&rarr;<\/span><\/a><\/p>\n","protected":false},"author":4229527,"featured_media":0,"parent":0,"menu_order":3,"comment_status":"closed","ping_status":"closed","template":"","meta":{"jetpack_post_was_ever_published":false,"footnotes":""},"class_list":["post-11","page","type-page","status-publish","hentry"],"jetpack_sharing_enabled":true,"jetpack_shortlink":"https:\/\/wp.me\/P5IBym-b","_links":{"self":[{"href":"https:\/\/montreal.wordcamp.org\/2015-fr\/wp-json\/wp\/v2\/pages\/11","targetHints":{"allow":["GET"]}}],"collection":[{"href":"https:\/\/montreal.wordcamp.org\/2015-fr\/wp-json\/wp\/v2\/pages"}],"about":[{"href":"https:\/\/montreal.wordcamp.org\/2015-fr\/wp-json\/wp\/v2\/types\/page"}],"author":[{"embeddable":true,"href":"https:\/\/montreal.wordcamp.org\/2015-fr\/wp-json\/wp\/v2\/users\/4229527"}],"replies":[{"embeddable":true,"href":"https:\/\/montreal.wordcamp.org\/2015-fr\/wp-json\/wp\/v2\/comments?post=11"}],"version-history":[{"count":6,"href":"https:\/\/montreal.wordcamp.org\/2015-fr\/wp-json\/wp\/v2\/pages\/11\/revisions"}],"predecessor-version":[{"id":680,"href":"https:\/\/montreal.wordcamp.org\/2015-fr\/wp-json\/wp\/v2\/pages\/11\/revisions\/680"}],"wp:attachment":[{"href":"https:\/\/montreal.wordcamp.org\/2015-fr\/wp-json\/wp\/v2\/media?parent=11"}],"curies":[{"name":"wp","href":"https:\/\/api.w.org\/{rel}","templated":true}]}}