{"id":505,"date":"2015-06-10T22:26:10","date_gmt":"2015-06-11T02:26:10","guid":{"rendered":"https:\/\/2015-fr.montreal.wordcamp.org\/?page_id=505"},"modified":"2015-06-10T22:26:10","modified_gmt":"2015-06-11T02:26:10","slug":"accessibilite","status":"publish","type":"page","link":"https:\/\/montreal.wordcamp.org\/2015-fr\/a-propos-de-nous\/accessibilite\/","title":{"rendered":"Accessibilit\u00e9"},"content":{"rendered":"<p>WordCamp Montr\u00e9al est fier de supporter la dignit\u00e9 et l&rsquo;ind\u00e9pendance de personnes de tous niveaux d&rsquo;abilit\u00e9<\/p>\n<p><strong>Que faisons-nous?<\/strong><\/p>\n<p>Nous avons mis en place plusieurs mesures afin de rendre notre \u00e9v\u00e8nement accueillant pour les personnes aux prises avec diff\u00e9rents handicaps. Nous avons prioris\u00e9 les emplacements offrant un acc\u00e8s par fauteuil roulant et des ascenceurs pour les personnes \u00e0 mobilit\u00e9 r\u00e9duite. Nous avons fait des efforts afin de rendre notre site simple d&rsquo;utilisation pour ceux ayant des d\u00e9ficiences au niveau visuel, ou utilisant des lecteurs d&rsquo;\u00e9cran. Nous avons invit\u00e9 des personnes-ressources \u00e0 agir comme traducteurs b\u00e9n\u00e9voles pour ceux utilisant le langage des signes, et \u00e0 fournir de l&rsquo;assistance en g\u00e9n\u00e9ral avec les personnes ayant de la difficult\u00e9 \u00e0 se d\u00e9placer. Nous avons fr\u00e9quemment accueilli des conf\u00e9renciers \u00e0 partager leur exp\u00e9rience sur le sujet de l&rsquo;accessibilit\u00e9 dans le d\u00e9veloppement web, dans le but d&rsquo;am\u00e9liorer le niveau de connaissance de ce sujet important pour notre communaut\u00e9. Nous avons \u00e9galement rendues disponibles la plupart de nos conf\u00e9rences sur WordPress.tv, apr\u00e8s WordCamp, de telle fa\u00e7on que ceux qui ne pouvaient assister pourraient quand m\u00eame apprendre de notre \u00e9v\u00e8nement et participer \u00e0 la communaut\u00e9.<\/p>\n<p><strong>Comment pouvons-nous nous am\u00e9liorer?<\/strong><\/p>\n<p>Nous savons que nos efforts ne sont pas suffisants. Nous aimerions encourager les membres de notre communaut\u00e9 et les participants \u00e0 nos \u00e9v\u00e8nements \u00e0 nous laisser savoir ce que nous pouvons am\u00e9liorer. Quels services aimeriez-vous nous voir offrir? Quel type d&rsquo;aide est n\u00e9cessaire, mais que nous ne fournissons pas? Comment peut-on rendre notre communaut\u00e9 accueillante pour tous?<\/p>\n<p><strong>Comment obtenir de l&rsquo;aide?<\/strong><\/p>\n<p>Si vous aimeriez obtenir de l&rsquo;aide durant WordCamp, veuillez vous pr\u00e9senter au comptoir d&rsquo;enregistrement.<\/p>\n<p><strong>Comment puis-je aider?<\/strong><\/p>\n<p>Nous encourageons les b\u00e9n\u00e9voles qui aimeraient offrir de l&rsquo;aide pour de la traduction au langage des signes ou aider quelqu&rsquo;un \u00e0 mobilit\u00e9 r\u00e9duite <a href=\"https:\/\/2015-fr.montreal.wordcamp.org\/devenir-benevole\/\">\u00e0 devenir b\u00e9n\u00e9vole<\/a>.<\/p>\n","protected":false},"excerpt":{"rendered":"<p>WordCamp Montr\u00e9al est fier de supporter la dignit\u00e9 et l&rsquo;ind\u00e9pendance de personnes de tous niveaux d&rsquo;abilit\u00e9 Que faisons-nous? Nous avons mis en place plusieurs mesures afin de rendre notre \u00e9v\u00e8nement accueillant pour les personnes aux prises avec diff\u00e9rents handicaps. Nous &hellip; <a href=\"https:\/\/montreal.wordcamp.org\/2015-fr\/a-propos-de-nous\/accessibilite\/\">Continuer la lecture <span class=\"assistive-text\">Accessibilit\u00e9<\/span>  <span class=\"meta-nav\">&rarr;<\/span><\/a><\/p>\n","protected":false},"author":4229527,"featured_media":0,"parent":72,"menu_order":3,"comment_status":"open","ping_status":"open","template":"","meta":{"jetpack_post_was_ever_published":false,"footnotes":""},"class_list":["post-505","page","type-page","status-publish","hentry"],"jetpack_sharing_enabled":true,"jetpack_shortlink":"https:\/\/wp.me\/P5IBym-89","_links":{"self":[{"href":"https:\/\/montreal.wordcamp.org\/2015-fr\/wp-json\/wp\/v2\/pages\/505","targetHints":{"allow":["GET"]}}],"collection":[{"href":"https:\/\/montreal.wordcamp.org\/2015-fr\/wp-json\/wp\/v2\/pages"}],"about":[{"href":"https:\/\/montreal.wordcamp.org\/2015-fr\/wp-json\/wp\/v2\/types\/page"}],"author":[{"embeddable":true,"href":"https:\/\/montreal.wordcamp.org\/2015-fr\/wp-json\/wp\/v2\/users\/4229527"}],"replies":[{"embeddable":true,"href":"https:\/\/montreal.wordcamp.org\/2015-fr\/wp-json\/wp\/v2\/comments?post=505"}],"version-history":[{"count":7,"href":"https:\/\/montreal.wordcamp.org\/2015-fr\/wp-json\/wp\/v2\/pages\/505\/revisions"}],"predecessor-version":[{"id":587,"href":"https:\/\/montreal.wordcamp.org\/2015-fr\/wp-json\/wp\/v2\/pages\/505\/revisions\/587"}],"up":[{"embeddable":true,"href":"https:\/\/montreal.wordcamp.org\/2015-fr\/wp-json\/wp\/v2\/pages\/72"}],"wp:attachment":[{"href":"https:\/\/montreal.wordcamp.org\/2015-fr\/wp-json\/wp\/v2\/media?parent=505"}],"curies":[{"name":"wp","href":"https:\/\/api.w.org\/{rel}","templated":true}]}}