{"id":508,"date":"2015-06-10T22:25:53","date_gmt":"2015-06-11T02:25:53","guid":{"rendered":"https:\/\/2015-fr.montreal.wordcamp.org\/?page_id=508"},"modified":"2015-06-10T22:25:53","modified_gmt":"2015-06-11T02:25:53","slug":"diversite","status":"publish","type":"page","link":"https:\/\/montreal.wordcamp.org\/2015-fr\/a-propos-de-nous\/diversite\/","title":{"rendered":"Diversit\u00e9"},"content":{"rendered":"<p>WordCamp Montr\u00e9al est fier d&rsquo;accueillir et c\u00e9l\u00e9brer la diversit\u00e9 au sein de notre communaut\u00e9.<\/p>\n<p><strong>Que faisons-nous?<\/strong><\/p>\n<p>Nous encourageons la participation \u00e0 notre communaut\u00e9 par des gens de diff\u00e9rent genre, orientations sexuelles, communaut\u00e9s linguistiques et ethno-culturelles, classe sociale, abilit\u00e9s techniques et physiques, \u00e2ge, et plus. Nous avons fais des efforts afin de refl\u00e9ter ceci au sein du comit\u00e9 organisateur, nos conf\u00e9renciers and les images utilis\u00e9es sur notre site web. Nous avons organis\u00e9 des conf\u00e9rences et sessions sur le sujet de la diversit\u00e9 dans la communaut\u00e9 WordPress et technique en g\u00e9n\u00e9ral afin de mettre en lumi\u00e8re \u00e0 un auditoire plus grand ces sujets importants. Nous avons \u00e9galement offert de la formation aux conf\u00e9renciers afin de promouvoir de nouvelles voix \u00e0 nos \u00e9v\u00e8nements. Nous avons b\u00e2ti des liens avec plusieurs groupes oeuvrant \u00e0 des buts similaires. Nous avons institu\u00e9 un <a href=\"https:\/\/2015-fr.montreal.wordcamp.org\/2015\/05\/25\/notre-code-de-deontologie\/\">code de conduite<\/a> qui s&rsquo;applique \u00e0 tous nos \u00e9v\u00e8nements afin de mettre de l&rsquo;avant un climat sain et un environnement accueillant.<\/p>\n<p><strong>Comment pouvons-nous nous am\u00e9liorer?<\/strong><\/p>\n<p>Nous reconnaissons que nous \u00e9chouons parfois dans nos efforts. Nous aimerions envouager les membres de notre communaut\u00e9 et les gens qui participent \u00e0 nos \u00e9v\u00e8nements \u00e0 nous laisser savoir ce qu&rsquo;on peut am\u00e9liorer. Quels services aimeriez-vous voir offerts? Comment peut-on rendre notre communaut\u00e9 plus accueillante pour tous?<\/p>\n","protected":false},"excerpt":{"rendered":"<p>WordCamp Montr\u00e9al est fier d&rsquo;accueillir et c\u00e9l\u00e9brer la diversit\u00e9 au sein de notre communaut\u00e9. Que faisons-nous? Nous encourageons la participation \u00e0 notre communaut\u00e9 par des gens de diff\u00e9rent genre, orientations sexuelles, communaut\u00e9s linguistiques et ethno-culturelles, classe sociale, abilit\u00e9s techniques et &hellip; <a href=\"https:\/\/montreal.wordcamp.org\/2015-fr\/a-propos-de-nous\/diversite\/\">Continuer la lecture <span class=\"assistive-text\">Diversit\u00e9<\/span>  <span class=\"meta-nav\">&rarr;<\/span><\/a><\/p>\n","protected":false},"author":4229527,"featured_media":0,"parent":72,"menu_order":4,"comment_status":"open","ping_status":"open","template":"","meta":{"jetpack_post_was_ever_published":false,"footnotes":""},"class_list":["post-508","page","type-page","status-publish","hentry"],"jetpack_sharing_enabled":true,"jetpack_shortlink":"https:\/\/wp.me\/P5IBym-8c","_links":{"self":[{"href":"https:\/\/montreal.wordcamp.org\/2015-fr\/wp-json\/wp\/v2\/pages\/508","targetHints":{"allow":["GET"]}}],"collection":[{"href":"https:\/\/montreal.wordcamp.org\/2015-fr\/wp-json\/wp\/v2\/pages"}],"about":[{"href":"https:\/\/montreal.wordcamp.org\/2015-fr\/wp-json\/wp\/v2\/types\/page"}],"author":[{"embeddable":true,"href":"https:\/\/montreal.wordcamp.org\/2015-fr\/wp-json\/wp\/v2\/users\/4229527"}],"replies":[{"embeddable":true,"href":"https:\/\/montreal.wordcamp.org\/2015-fr\/wp-json\/wp\/v2\/comments?post=508"}],"version-history":[{"count":3,"href":"https:\/\/montreal.wordcamp.org\/2015-fr\/wp-json\/wp\/v2\/pages\/508\/revisions"}],"predecessor-version":[{"id":589,"href":"https:\/\/montreal.wordcamp.org\/2015-fr\/wp-json\/wp\/v2\/pages\/508\/revisions\/589"}],"up":[{"embeddable":true,"href":"https:\/\/montreal.wordcamp.org\/2015-fr\/wp-json\/wp\/v2\/pages\/72"}],"wp:attachment":[{"href":"https:\/\/montreal.wordcamp.org\/2015-fr\/wp-json\/wp\/v2\/media?parent=508"}],"curies":[{"name":"wp","href":"https:\/\/api.w.org\/{rel}","templated":true}]}}