{"id":72,"date":"2015-04-21T21:53:45","date_gmt":"2015-04-22T01:53:45","guid":{"rendered":"https:\/\/2015-fr.montreal.wordcamp.org\/?page_id=72"},"modified":"2015-07-04T08:50:30","modified_gmt":"2015-07-04T12:50:30","slug":"a-propos-de-nous","status":"publish","type":"page","link":"https:\/\/montreal.wordcamp.org\/2015-fr\/a-propos-de-nous\/","title":{"rendered":"\u00c0 propos de nous"},"content":{"rendered":"<p><img loading=\"lazy\" decoding=\"async\" class=\"alignnone size-large wp-image-148\" src=\"http:\/\/2012.montreal.wordcamp.org\/files\/2012\/05\/about-wcmtl-1024x395.jpg\" alt=\"WordCamp Montreal bouteilles d'eau\" width=\"640\" height=\"246\" \/><\/p>\n<p class=\"photocap\">Photo par <a href=\"http:\/\/elida.ca\">Elida Arrizza<\/a><\/p>\n<p><span class=\"drop\">W<\/span>ordCamp Montr\u00e9al est une conf\u00e9rence sur <a href=\"http:\/\/wordpress.org\">WordPress<\/a>, la plateforme de blogue et le syst\u00e8me de gestion de contenu la plus populaire au monde. Les WordCamps sont tenus \u00e0 travers le monde, partout o\u00f9 il y a suffisamment d&rsquo;utilisateurs pour les organiser. Le site WordCamp.org r\u00e9sume l&rsquo;\u00e9v\u00e8nement \u00e0 ceci:<\/p>\n<blockquote><p>\u00ab\u00a0WordCamp, c\u2019est une conf\u00e9rence ax\u00e9e sur tout ce qui se rapporte \u00e0 WordPress. Les WordCamps sont des \u00e9v\u00e9nements informels organis\u00e9s par la communaut\u00e9 des utilisateurs de WordPress comme vous. Tout le monde, des utilisateurs occasionnels aux d\u00e9veloppeurs purs et durs, participent, \u00e9changent des id\u00e9es et socialisent.<\/p><\/blockquote>\n<p>Pour en apprendre davantage sur l&rsquo;histoire de WordCamp Montr\u00e9al (<a title=\"WordCamp 2009\" href=\"http:\/\/wpmtl.org\/wordcamp\/wordcamp-2009-archive-2\/\">2009<\/a>, <a title=\"WordCamp 2010 Archive\" href=\"http:\/\/wpmtl.org\/wordcamp\/wordcamp-2010-archive\/\">2010<\/a>, <a title=\"WordCamp 2011 Archive\" href=\"http:\/\/fr.2012.montreal.wordcamp.org\">2011<\/a>, <a href=\"http:\/\/fr.2012.montreal.wordcamp.org\">2012<\/a>, <a href=\"http:\/\/fr.2013.montreal.wordcamp.org\">2013<\/a>, <a href=\"https:\/\/montreal.wordcamp.org\/2014-fr\/\">2014<\/a>), visitez le site Web de la <a title=\"Communaut\u00e9 WordPress de Montr\u00e9al\" href=\"http:\/\/wpmtl.org\">Communaut\u00e9 WordPress de Montr\u00e9al<\/a>.<\/p>\n<p><strong>Photos et site web:<\/strong> Un grand merci \u00e0 <a title=\"Elida Arrizza montreal photography\" href=\"http:\/\/elida.ca\">Elida Arrizza<\/a> pour toutes les jolies photos sur le site Web et \u00e0 Sonia Gaballa de <a href=\"http:\/\/nudgedesign.ca\/\">Nudge Design<\/a> pour la conception web.<\/p>\n<h3>WordCamp Montr\u00e9al 2015:\u00a05 et 6 juillet<\/h3>\n<p>Cette ann\u00e9e encore une fois, WordCamp Montr\u00e9al proposera un agenda bien rempli aux amateurs de WordPress, leur montrant l&rsquo;\u00e9ventail des possibilit\u00e9s qu&rsquo;offre cette plate-forme!<\/p>\n<p>En savoir plus sur l&rsquo;\u00e9v\u00e9nement<\/p>\n<ul>\n<li><a title=\"Lieu\" href=\"https:\/\/2015-fr.montreal.wordcamp.org\/location\/\">Lieu<\/a><\/li>\n<li><a title=\"\u00c9quipe organisatrice\" href=\"https:\/\/2015-fr.montreal.wordcamp.org\/a-propos-de-nous\/equipe-organisatrice\/\">Rencontrer les organisateurs<\/a><\/li>\n<li><a title=\"Devenir commanditaire\" href=\"https:\/\/2015-fr.montreal.wordcamp.org\/sponsors\/devenir-commanditaire\/\">Devenir commanditaire<\/a><\/li>\n<li><a title=\"Devenir conf\u00e9rencier ou conf\u00e9renci\u00e8re\" href=\"https:\/\/2015-fr.montreal.wordcamp.org\/schedule\/devenir-conferencier-ou-conferenciere\/\">Devenir conf\u00e9rencier<\/a><\/li>\n<li><a title=\"Devenir b\u00e9n\u00e9vole\" href=\"https:\/\/2015-fr.montreal.wordcamp.org\/devenir-benevole\/\">Devenir b\u00e9n\u00e9vole<\/a><\/li>\n<\/ul>\n<h3>Rester \u00e0 jour sur les nouvelles de WordCamp Montr\u00e9al<\/h3>\n<p>Inscrivez-vous \u00e0 notre infolettre pour recevoir des informations sur les WordCamps \u00e0 Montr\u00e9al et les activit\u00e9s de la communaut\u00e9 WordPress de Montr\u00e9al.<\/p>\n<p><strong><a class=\"simple-button\" href=\"http:\/\/eepurl.com\/lvJHn\"><span class=\"newsletter-icon\">Inscrivez-vous \u00e0 notre infolettre<\/span><\/a><\/strong><br \/>\n<!-- \\\\ MAILCHIMP SUBSCRIBE CODE \/\/ --><\/p>\n<p>Rejoignez notre <a href=\"https:\/\/www.facebook.com\/groups\/wpmtl\/\">groupe Facebook<\/a> ou suivez-nous sur <a href=\"http:\/\/twitter.com\/wordcampmtl\">Twitter<\/a> pour obtenir les derni\u00e8res nouvelles sur les \u00e9v\u00e9nements WordCamp \u00e0 venir, ainsi que des invitations \u00e0 nos <a title=\"developer_meetup()\" href=\"http:\/\/wpmtl.org\/developer_meetup\/\">meetups<\/a>.<\/p>\n<p>Si vous avez des questions ou commentaires, n&rsquo;h\u00e9sitez pas \u00e0\u00a0<a title=\"Contact\" href=\"https:\/\/2015-fr.montreal.wordcamp.org\/contact\/\">nous joindre<\/a>.<\/p>\n","protected":false},"excerpt":{"rendered":"<p>Photo par Elida Arrizza WordCamp Montr\u00e9al est une conf\u00e9rence sur WordPress, la plateforme de blogue et le syst\u00e8me de gestion de contenu la plus populaire au monde. Les WordCamps sont tenus \u00e0 travers le monde, partout o\u00f9 il y a &hellip; <a href=\"https:\/\/montreal.wordcamp.org\/2015-fr\/a-propos-de-nous\/\">Continuer la lecture <span class=\"assistive-text\">\u00c0 propos de nous<\/span>  <span class=\"meta-nav\">&rarr;<\/span><\/a><\/p>\n","protected":false},"author":4229527,"featured_media":0,"parent":0,"menu_order":1,"comment_status":"closed","ping_status":"closed","template":"","meta":{"jetpack_post_was_ever_published":false,"footnotes":""},"class_list":["post-72","page","type-page","status-publish","hentry"],"jetpack_sharing_enabled":true,"jetpack_shortlink":"https:\/\/wp.me\/P5IBym-1a","_links":{"self":[{"href":"https:\/\/montreal.wordcamp.org\/2015-fr\/wp-json\/wp\/v2\/pages\/72","targetHints":{"allow":["GET"]}}],"collection":[{"href":"https:\/\/montreal.wordcamp.org\/2015-fr\/wp-json\/wp\/v2\/pages"}],"about":[{"href":"https:\/\/montreal.wordcamp.org\/2015-fr\/wp-json\/wp\/v2\/types\/page"}],"author":[{"embeddable":true,"href":"https:\/\/montreal.wordcamp.org\/2015-fr\/wp-json\/wp\/v2\/users\/4229527"}],"replies":[{"embeddable":true,"href":"https:\/\/montreal.wordcamp.org\/2015-fr\/wp-json\/wp\/v2\/comments?post=72"}],"version-history":[{"count":7,"href":"https:\/\/montreal.wordcamp.org\/2015-fr\/wp-json\/wp\/v2\/pages\/72\/revisions"}],"predecessor-version":[{"id":734,"href":"https:\/\/montreal.wordcamp.org\/2015-fr\/wp-json\/wp\/v2\/pages\/72\/revisions\/734"}],"wp:attachment":[{"href":"https:\/\/montreal.wordcamp.org\/2015-fr\/wp-json\/wp\/v2\/media?parent=72"}],"curies":[{"name":"wp","href":"https:\/\/api.w.org\/{rel}","templated":true}]}}