{"id":74,"date":"2015-04-21T21:54:56","date_gmt":"2015-04-22T01:54:56","guid":{"rendered":"https:\/\/2015-fr.montreal.wordcamp.org\/?page_id=74"},"modified":"2016-05-04T21:14:23","modified_gmt":"2016-05-05T01:14:23","slug":"equipe-organisatrice","status":"publish","type":"page","link":"https:\/\/montreal.wordcamp.org\/2015-fr\/a-propos-de-nous\/equipe-organisatrice\/","title":{"rendered":"\u00c9quipe organisatrice"},"content":{"rendered":"<p>WordCamp Montr\u00e9al est un \u00e9v\u00e9nement organis\u00e9 par la communaut\u00e9. Nous essayons toujours d&rsquo;inclure le maximum de personnes dans nos d\u00e9cisions. Toutefois, les responsabilit\u00e9s principales ont tendance \u00e0 reposer sur quelques organisateurs-cl\u00e9s.<\/p>\n<p><strong>Organisateurs WordCamp Montr\u00e9al 2015<\/strong><\/p>\n<div class=\"organizer-wrap\">\n<div class=\"organizer\">\n<p><img loading=\"lazy\" decoding=\"async\" class=\"alignleft size-full wp-image-1007\" title=\"carl\" src=\"http:\/\/2014.montreal.wordcamp.org\/files\/2014\/05\/carl.jpg\" alt=\"\" width=\"332\" height=\"332\" \/><\/p>\n<h3><a href=\"http:\/\/twitter.com\/twigpress\">Carl Alexander<\/a><\/h3>\n<h4><a href=\"http:\/\/carlalexander.ca\">The Man in the Arena<\/a><\/h4>\n<p class=\"description\">Carl Alexander est un d\u00e9veloppeur avide de PHP qui adore faire des exp\u00e9riences \u00e9tranges en int\u00e9grant diff\u00e9rentes technologies et logiciels libres donnant lieu \u00e0 des r\u00e9sultats parfois impr\u00e9visibles.<\/p>\n<\/div>\n<div class=\"organizer alt\">\n<p><img loading=\"lazy\" decoding=\"async\" class=\"alignleft size-full wp-image-99\" src=\"http:\/\/2014.montreal.wordcamp.org\/files\/2014\/05\/richard.jpg\" alt=\"\" width=\"332\" height=\"332\" \/><\/p>\n<h3>Richard Archambault<\/h3>\n<p class=\"description\">Richard aime le web et aime vraiment WordPress. Apr\u00e8s avoir assist\u00e9 \u00e0 son premier WordCamp \u00e0 Montr\u00e9al en 2010, il est devenu accro! Maintenant, comme \u00ab Happiness Engineer \u00bb avec Automattic, Richard aime aider les gens avec tout ce qui concerne WordPress. Il aime aussi bricoler avec ses sites et il adore aller au Mexique pour manger des tacos \u00e9pic\u00e9s et faire le tour dans le m\u00e9tro!<\/p>\n<\/div>\n<div class=\"organizer alt\">\n<p><img loading=\"lazy\" decoding=\"async\" class=\"alignleft size-full\" src=\"http:\/\/wpmtl.org\/wp-content\/uploads\/2014\/09\/2015-01-19-Veronica-Louis-Bio-Pic.jpg\" alt=\"Veronica Louis\" width=\"332\" height=\"332\" \/><\/p>\n<h3><a href=\"http:\/\/www.veronicalouis.com\">Veronica Louis<\/a><\/h3>\n<h4><a href=\"http:\/\/www.veronicalouis.com\">10,000 Hours of Writing<\/a><\/h4>\n<p class=\"description\">Veronica Louis est r\u00e9dactrice et graphiste pigiste de Montr\u00e9al qui aime apprendre beaucoup de choses diff\u00e9rentes. Elle est une accro du voyage, le th\u00e9\u00e2tre, les langues, l\u2019enseignement et plus. En effet, elle veut tout faire. Elle a d\u2019abord assist\u00e9 WordCamp en 2013 o\u00f9 la g\u00e9niale communaut\u00e9 de WordPress l\u2019a imm\u00e9diatement attir\u00e9. <a href=\"http:\/\/twitter.com\/veronica_louis\">@veronica_louis<\/a><\/p>\n<\/div>\n<div class=\"organizer alt\">\n<p><img loading=\"lazy\" decoding=\"async\" class=\"alignleft size-full\" src=\"http:\/\/2014.montreal.wordcamp.org\/files\/2014\/05\/alex.jpg\" alt=\"\" width=\"332\" height=\"332\" \/><\/p>\n<h3><a href=\"http:\/\/alexruaux.com\">Alex Ruaux<\/a><\/h3>\n<p class=\"description\">Alex est un d\u00e9veloppeur web pigiste \u00e0 \u00ab Molecularcode Web Design \u00bb et aime travailler avec WordPress. Elle est aussi un instructeur r\u00e9guli\u00e8re lors d&rsquo;\u00e9v\u00e9nements \u00ab Ladies Learning Code \u00bb. Apr\u00e8s une change de carri\u00e8re r\u00e9cente, elle aime redonner aux communaut\u00e9s qui l&rsquo;a aid\u00e9e. Ses autres passions sont l&rsquo;impression 3D, les jeux video et profiter du plein air. <a href=\"http:\/\/twitter.com\/molecularcode\" target=\"_blank\">@molecularcode<\/a><\/p>\n<\/div>\n<div class=\"organizer\">\n<p><img loading=\"lazy\" decoding=\"async\" class=\"alignleft size-full\" src=\"http:\/\/2014.montreal.wordcamp.org\/files\/2014\/05\/shannon.jpg\" alt=\"\" width=\"332\" height=\"332\" \/><\/p>\n<h3><a href=\"http:\/\/about.me\/shannonasmith\">Shannon Smith<\/a><\/h3>\n<h4><a href=\"http:\/\/www.cafenoirdesign.com\/\">Caf\u00e9 Noir Design<\/a><\/h4>\n<p class=\"description\">Shannon Smith est la fondatrice de Caf\u00e9 Noir Design, une agence de design et de d\u00e9veloppement Web \u00e0 Montr\u00e9al qui se sp\u00e9cialise dans le d\u00e9veloppement multilingue. Elle soutient les logiciels libres, et les pratiques d&rsquo;affaires vertes. Elle est souvent conf\u00e9renci\u00e8re et son blogue est accessible \u00e0\u00a0<a title=\"Chroni.ca\" href=\"http:\/\/chroni.ca\">Chroni.ca<\/a>.<br \/>\n<a href=\"http:\/\/twitter.com\/cafenoirdesign\">twitter<\/a>\u00a0|\u00a0<a href=\"https:\/\/plus.google.com\/114813571187124139424?rel=author\">google+<\/a>\u00a0|\u00a0<a href=\"http:\/\/chroni.ca\/\">blog<\/a><\/p>\n<\/div>\n<\/div>\n<p><strong>Remerciement sp\u00e9ciales<\/strong><br \/>\nNous aimerions remercier des personnes qui ont fait une important contribution \u00e0 WordCamp Montr\u00e9al 2015.<\/p>\n<p>Sonia de <a href=\"http:\/\/nudgedesign.ca\">Nudge Design<\/a> &#8211; Conception Web<br \/>\n<a href=\"http:\/\/arseneault.ca\">Jean-Fran\u00e7ois Arseneault<\/a> &#8211; Traduction<br \/>\n<a href=\"http:\/\/lucasartoni.com\/\">Luca Sartoni<\/a> &#8211; Photo d\u2019arri\u00e8re plan de l\u2019en-t\u00eate<br \/>\n<a href=\"http:\/\/cargocollective.com\/elida\">Elida Arrizza<\/a> &#8211; Photo de l&rsquo;en-t\u00eate<\/p>\n<p><strong>Organisateurs des ann\u00e9es pr\u00e9c\u00e9dentes<\/strong><br \/>\nNous aimerions remercier les auteurs des \u00e9ditions pr\u00e9c\u00e9dentes de WordCamp Montr\u00e9al pour tout leur beau travail.<\/p>\n<p>WordCamp Montr\u00e9al 2009<br \/>\n<a href=\"http:\/\/jeremyclarke.org\/\">Jeremy Clarke<\/a> &amp; <a href=\"http:\/\/www.afroginthevalley.com\">Sylvain Carle<\/a><\/p>\n<p>WordCamp Montr\u00e9al 2010<br \/>\n<a href=\"http:\/\/jeremyclarke.org\/\">Jeremy Clarke<\/a>, <a href=\"http:\/\/www.cafenoirdesign.com\">Shannon Smith<\/a> &amp; <a href=\"http:\/\/www.horseandcartagency.com\">Brendan Sera-Shriar<\/a><\/p>\n<p>WordCamp Montr\u00e9al 2011 &amp; 2012<br \/>\n<a href=\"http:\/\/jeremyclarke.org\/\">Jeremy Clarke<\/a>, <a href=\"http:\/\/www.cafenoirdesign.com\">Shannon Smith<\/a>, <a href=\"http:\/\/www.horseandcartagency.com\">Brendan Sera-Shriar<\/a>, &amp; <a href=\"http:\/\/carlalexander.ca\">Carl Alexander<\/a>.<\/p>\n<p>WordCamp Montr\u00e9al 2013<br \/>\n<a href=\"http:\/\/jeremyclarke.org\/\">Jeremy Clarke<\/a>, <a href=\"http:\/\/www.cafenoirdesign.com\">Shannon Smith<\/a>, <a href=\"http:\/\/carlalexander.ca\">Carl Alexander<\/a>, <a href=\"http:\/\/alexruaux.com\/\">Alex Ruaux<\/a>, <a href=\"http:\/\/richardarchambault.ca\">Richard Archambault<\/a>, &amp; <a href=\"http:\/\/kwight.ca\/\">Kirk Wight<\/a>.<\/p>\n<p>WordCamp Montr\u00e9al 2014<br \/>\n<a href=\"http:\/\/jeremyclarke.org\/\">Jeremy Clarke<\/a>, <a href=\"http:\/\/www.cafenoirdesign.com\">Shannon Smith<\/a>, <a href=\"http:\/\/carlalexander.ca\">Carl Alexander<\/a>, <a href=\"http:\/\/alexruaux.com\/\">Alex Ruaux<\/a>, &amp;\u00a0<a href=\"http:\/\/richardarchambault.ca\">Richard Archambault<\/a>.<\/p>\n","protected":false},"excerpt":{"rendered":"<p>WordCamp Montr\u00e9al est un \u00e9v\u00e9nement organis\u00e9 par la communaut\u00e9. Nous essayons toujours d&rsquo;inclure le maximum de personnes dans nos d\u00e9cisions. Toutefois, les responsabilit\u00e9s principales ont tendance \u00e0 reposer sur quelques organisateurs-cl\u00e9s. Organisateurs WordCamp Montr\u00e9al 2015 Carl Alexander The Man in &hellip; <a href=\"https:\/\/montreal.wordcamp.org\/2015-fr\/a-propos-de-nous\/equipe-organisatrice\/\">Continuer la lecture <span class=\"assistive-text\">\u00c9quipe organisatrice<\/span>  <span class=\"meta-nav\">&rarr;<\/span><\/a><\/p>\n","protected":false},"author":4229527,"featured_media":0,"parent":72,"menu_order":1,"comment_status":"closed","ping_status":"open","template":"","meta":{"jetpack_post_was_ever_published":false,"footnotes":""},"class_list":["post-74","page","type-page","status-publish","hentry"],"jetpack_sharing_enabled":true,"jetpack_shortlink":"https:\/\/wp.me\/P5IBym-1c","_links":{"self":[{"href":"https:\/\/montreal.wordcamp.org\/2015-fr\/wp-json\/wp\/v2\/pages\/74","targetHints":{"allow":["GET"]}}],"collection":[{"href":"https:\/\/montreal.wordcamp.org\/2015-fr\/wp-json\/wp\/v2\/pages"}],"about":[{"href":"https:\/\/montreal.wordcamp.org\/2015-fr\/wp-json\/wp\/v2\/types\/page"}],"author":[{"embeddable":true,"href":"https:\/\/montreal.wordcamp.org\/2015-fr\/wp-json\/wp\/v2\/users\/4229527"}],"replies":[{"embeddable":true,"href":"https:\/\/montreal.wordcamp.org\/2015-fr\/wp-json\/wp\/v2\/comments?post=74"}],"version-history":[{"count":15,"href":"https:\/\/montreal.wordcamp.org\/2015-fr\/wp-json\/wp\/v2\/pages\/74\/revisions"}],"predecessor-version":[{"id":792,"href":"https:\/\/montreal.wordcamp.org\/2015-fr\/wp-json\/wp\/v2\/pages\/74\/revisions\/792"}],"up":[{"embeddable":true,"href":"https:\/\/montreal.wordcamp.org\/2015-fr\/wp-json\/wp\/v2\/pages\/72"}],"wp:attachment":[{"href":"https:\/\/montreal.wordcamp.org\/2015-fr\/wp-json\/wp\/v2\/media?parent=74"}],"curies":[{"name":"wp","href":"https:\/\/api.w.org\/{rel}","templated":true}]}}