{"id":77,"date":"2015-04-21T21:56:24","date_gmt":"2015-04-22T01:56:24","guid":{"rendered":"https:\/\/2015-fr.montreal.wordcamp.org\/?page_id=77"},"modified":"2015-06-19T13:37:39","modified_gmt":"2015-06-19T17:37:39","slug":"macarons","status":"publish","type":"page","link":"https:\/\/montreal.wordcamp.org\/2015-fr\/a-propos-de-nous\/macarons\/","title":{"rendered":"Macarons"},"content":{"rendered":"<p>D\u00e9montrez votre participation \u00e0 WordCamp Montr\u00e9al avec un macaron web! Veuillez s&rsquo;il vous pla\u00eet ajouter \u00e0 l\u2019image un hyperlien vers <a href=\"https:\/\/2015-fr.montreal.wordcamp.org\">montreal.wordcamp.org\/2015-fr<\/a>, \u00e0 votre pr\u00e9sentation ou \u00e0 votre page de commanditaire si c\u2019est le cas.<\/p>\n<p><a href=\"https:\/\/montreal.wordcamp.org\/2015\/badges\/\">We also have an English badge \u00bb<\/a><\/p>\n<p><a href=\"https:\/\/2015-fr.montreal.wordcamp.org\/files\/2015\/06\/2015-06-17_WCMTL-2015-Attending-Badge-FR.png\"><img loading=\"lazy\" decoding=\"async\" src=\"https:\/\/2015-fr.montreal.wordcamp.org\/files\/2015\/06\/2015-06-17_WCMTL-2015-Attending-Badge-FR.png\" alt=\"WordCamp Montr\u00e9al 2015 Macaron Web\" width=\"400\" height=\"400\" class=\"aligncenter size-full wp-image-608\" srcset=\"https:\/\/montreal.wordcamp.org\/2015-fr\/files\/2015\/06\/2015-06-17_WCMTL-2015-Attending-Badge-FR.png 400w, https:\/\/montreal.wordcamp.org\/2015-fr\/files\/2015\/06\/2015-06-17_WCMTL-2015-Attending-Badge-FR-150x150.png 150w, https:\/\/montreal.wordcamp.org\/2015-fr\/files\/2015\/06\/2015-06-17_WCMTL-2015-Attending-Badge-FR-300x300.png 300w\" sizes=\"auto, (max-width: 400px) 100vw, 400px\" \/><\/a><\/p>\n","protected":false},"excerpt":{"rendered":"<p>D\u00e9montrez votre participation \u00e0 WordCamp Montr\u00e9al avec un macaron web! Veuillez s&rsquo;il vous pla\u00eet ajouter \u00e0 l\u2019image un hyperlien vers montreal.wordcamp.org\/2015-fr, \u00e0 votre pr\u00e9sentation ou \u00e0 votre page de commanditaire si c\u2019est le cas. We also have an English badge &hellip; <a href=\"https:\/\/montreal.wordcamp.org\/2015-fr\/a-propos-de-nous\/macarons\/\">Continuer la lecture <span class=\"assistive-text\">Macarons<\/span>  <span class=\"meta-nav\">&rarr;<\/span><\/a><\/p>\n","protected":false},"author":4229527,"featured_media":0,"parent":72,"menu_order":5,"comment_status":"closed","ping_status":"closed","template":"","meta":{"jetpack_post_was_ever_published":false,"footnotes":""},"class_list":["post-77","page","type-page","status-publish","hentry"],"jetpack_sharing_enabled":true,"jetpack_shortlink":"https:\/\/wp.me\/P5IBym-1f","_links":{"self":[{"href":"https:\/\/montreal.wordcamp.org\/2015-fr\/wp-json\/wp\/v2\/pages\/77","targetHints":{"allow":["GET"]}}],"collection":[{"href":"https:\/\/montreal.wordcamp.org\/2015-fr\/wp-json\/wp\/v2\/pages"}],"about":[{"href":"https:\/\/montreal.wordcamp.org\/2015-fr\/wp-json\/wp\/v2\/types\/page"}],"author":[{"embeddable":true,"href":"https:\/\/montreal.wordcamp.org\/2015-fr\/wp-json\/wp\/v2\/users\/4229527"}],"replies":[{"embeddable":true,"href":"https:\/\/montreal.wordcamp.org\/2015-fr\/wp-json\/wp\/v2\/comments?post=77"}],"version-history":[{"count":7,"href":"https:\/\/montreal.wordcamp.org\/2015-fr\/wp-json\/wp\/v2\/pages\/77\/revisions"}],"predecessor-version":[{"id":613,"href":"https:\/\/montreal.wordcamp.org\/2015-fr\/wp-json\/wp\/v2\/pages\/77\/revisions\/613"}],"up":[{"embeddable":true,"href":"https:\/\/montreal.wordcamp.org\/2015-fr\/wp-json\/wp\/v2\/pages\/72"}],"wp:attachment":[{"href":"https:\/\/montreal.wordcamp.org\/2015-fr\/wp-json\/wp\/v2\/media?parent=77"}],"curies":[{"name":"wp","href":"https:\/\/api.w.org\/{rel}","templated":true}]}}