{"id":87,"date":"2015-04-21T22:01:46","date_gmt":"2015-04-22T02:01:46","guid":{"rendered":"https:\/\/2015-fr.montreal.wordcamp.org\/?page_id=87"},"modified":"2015-05-18T07:46:11","modified_gmt":"2015-05-18T11:46:11","slug":"devenir-conferencier-ou-conferenciere","status":"publish","type":"page","link":"https:\/\/montreal.wordcamp.org\/2015-fr\/programme\/devenir-conferencier-ou-conferenciere\/","title":{"rendered":"Devenir conf\u00e9rencier ou conf\u00e9renci\u00e8re"},"content":{"rendered":"<p><img loading=\"lazy\" decoding=\"async\" class=\"alignnone size-full wp-image-162769\" src=\"http:\/\/2014.montreal.wordcamp.org\/files\/2014\/05\/WPMTL2013_026_LR-crop1.jpg\" alt=\"Eliza Arrizza\" width=\"893\" height=\"438\" \/><\/p>\n<p class=\"photocap\">Photo: <a href=\"http:\/\/www.zmimi.com\/\">Mimi Zhou<\/a><\/p>\n<p>Chaque ann\u00e9e,\u00a0WordCamp\u00a0Montr\u00e9al\u00a0s&rsquo;efforce\u00a0d&rsquo;offrir\u00a0un large \u00e9ventail de\u00a0conf\u00e9rences et de discussions\u00a0sur\u00a0WordPress.\u00a0Nous recherchons des\u00a0personnes\u00a0qui\u00a0sont passionn\u00e9es par\u00a0WordPress\u00a0afin de divertir\u00a0nos\u00a0visiteurs\u00a0et\u00a0leur apprendre\u00a0de nouvelles choses.<\/p>\n<p><strong>La p\u00e9riode de soumissions est maintenant termin\u00e9e.<\/strong><\/p>\n<p>Notre data limite pour les soumissions \u00e9tait le lundi 11 mai. Nous esperons evoyer des courriels \u00e0 tout ceux qui ont fait une soumission la semaine du 18 mai 2015.<\/p>\n<h3>Pourquoi pr\u00e9senter?<\/h3>\n<p>Pr\u00e9senter\u00a0\u00e0\u00a0WordCamp\u00a0requiert un certain effort, mais\u00a0c&rsquo;est extr\u00eamement gratifiant.\u00a0\u00c7a vous permet de d\u00e9montrer votre savoir,\u00a0de vous\u00a0faire conna\u00eetre aupr\u00e8s des\u00a0entreprises et d&rsquo;aider les gens \u00e0 approfondir leurs connaissances sur WordPress. Tout \u00e7a en m\u00eame temps!\u00a0Les conf\u00e9renciers\u00a0re\u00e7oivent \u00e9galement un acc\u00e8s gratuit \u00e0 WordCamp.<\/p>\n<h3>Ce\u00a0que nous recherchons<\/h3>\n<h4>Conf\u00e9rences<\/h4>\n<p>Le\u00a0conf\u00e9rencier\u00a0id\u00e9al\u00a0a\u00a0un sujet <strong>reli\u00e9 \u00e0 WordPress<\/strong>\u00a0qui le\u00a0passionne vraiment\u00a0et sur lequel\u00a0il\u00a0peut pr\u00e9senter\u00a0pendant\u00a0<strong>45 minutes<\/strong> avec des <strong>diapositives PowerPoint\/Keynote<\/strong> attrayantes\u00a0et\u00a0des <strong>explications coh\u00e9rentes et d\u00e9taill\u00e9es<\/strong>.\u00a0Les concepteurs,\u00a0blogueurs,\u00a0entreprises\u00a0et programmeurs sont tous bienvenus!\u00a0Les pr\u00e9sentations\u00a0peuvent\u00a0\u00eatre\u00a0<strong>en\u00a0anglais\u00a0ou en fran\u00e7ais<\/strong>.\u00a0Votre\u00a0sujet doit \u00eatre\u00a0reli\u00e9 \u00e0\u00a0WordPress.<\/p>\n<p>Montrez-nous\u00a0ce que vous\u00a0avez\u00a0fait\u00a0avec\u00a0WordPress\u00a0et\u00a0expliquer nous\u00a0<em>comment<\/em> vous l&rsquo;avez fait,\u00a0ou\u00a0ce que\u00a0vous avez appris\u00a0dans le\u00a0processus.\u00a0Donnez-nous\u00a0des <strong>exemples concrets<\/strong> comme\u00a0des extraits\u00a0de code,\u00a010\u00a0le\u00e7ons\u00a0importantes\u00a0que vous avez apprises,\u00a0des conseils\u00a0sur la fa\u00e7on\u00a0d&rsquo;\u00e9viter\u00a0les probl\u00e8mes,\u00a0etc.\u00a0Rien n&rsquo;est\u00a0trop\u00a0compliqu\u00e9 ou trop simple.\u00a0Nous\u00a0recherchons une grande vari\u00e9t\u00e9 de pr\u00e9sentations.<\/p>\n<p>Nous nous r\u00e9servons\u00a0le droit de\u00a0refuser\u00a0toute candidature.<\/p>\n<h4>Ateliers<\/h4>\n<p>Nous cherchons \u00e9galement des animateurs et animatrices d&rsquo;ateliers <strong>reli\u00e9s \u00e0 WordPress<\/strong>. Nous aimerions offrir des ateliers en soir\u00e9e la semaine avant WordCamp (29 juin-2 juillet), ou durant la journ\u00e9e la fin de semaine pr\u00e9c\u00e9dente (27-28 juin). Les ateliers devraient durer\u00a0<strong>2-3 heures<\/strong>. Les ateliers\u00a0peuvent\u00a0\u00eatre\u00a0<strong>en\u00a0anglais\u00a0ou en fran\u00e7ais<\/strong>.\u00a0Votre\u00a0sujet doit \u00eatre\u00a0reli\u00e9 \u00e0\u00a0WordPress.<\/p>\n<p>Veuillez indiquer votre pr\u00e9f\u00e9rence de date, le nombre de personnes maximum dans la classe, l&rsquo;\u00e9quipement n\u00e9cessaire, et si vous avez besoin d&rsquo;animateurs ou d&rsquo;animatrices assistant(e)s.<\/p>\n<p>Nous nous r\u00e9servons\u00a0le droit de\u00a0refuser\u00a0toute candidature.<\/p>\n<h4>Sessions \u00ab\u00a0unconference\u00a0\u00bb\u00a0<\/h4>\n<p>Vous avez une id\u00e9e pour une activit\u00e9 <strong>reli\u00e9e \u00e0\u00a0WordPress<\/strong>\u00a0qui n&rsquo;entre pas dans une des cat\u00e9gories pr\u00e9c\u00e9dentes? Les sessions style \u00ab\u00a0unconference\u00a0\u00bb devraient durer <strong>45 ou 90 minutes<\/strong>. Les sessions\u00a0peuvent\u00a0\u00eatre\u00a0<strong>en\u00a0anglais\u00a0ou en fran\u00e7ais<\/strong>.\u00a0Votre\u00a0sujet doit \u00eatre\u00a0reli\u00e9 \u00e0\u00a0WordPress.<\/p>\n<p>Nous nous r\u00e9servons\u00a0le droit de\u00a0refuser\u00a0toute candidature.<\/p>\n<h3>Sujets g\u00e9n\u00e9raux<\/h3>\n<p>Les\u00a0sujets que nous\u00a0esp\u00e9rons\u00a0toucher incluent notamment:<\/p>\n<ul>\n<li>Utilisation de WordPress\u00a0pour bloguer\u00a0et\u00a0\u00e9crire<\/li>\n<li>Utilisation de WordPress\u00a0pour concevoir\u00a0et\u00a0construire des sites web<\/li>\n<li>Guides\u00a0sur\u00a0les technologies\u00a0sous-jacentes\u00a0web\u00a0(HTML, CSS, PHP, JavaScript)\u00a0qui sont n\u00e9cessaires\u00a0au d\u00e9veloppement sur WordPress<\/li>\n<li>D\u00e9veloppement d&rsquo;extensions \u00e0 WordPress, contribution\u00a0au code de base\u00a0et administration de syst\u00e8mes<\/li>\n<\/ul>\n<p>Consulter\u00a0<a href=\"https:\/\/montreal.wordcamp.org\/2014\/schedule\/\">l&rsquo;horaire de l&rsquo;ann\u00e9e pr\u00e9c\u00e9dente<\/a> pour des exemples<\/p>\n<h3>Id\u00e9es de sujets<\/h3>\n<p>Voici une\u00a0liste\u00a0de\u00a0sujets\u00a0que nous\u00a0aimerions\u00a0voir\u00a0\u00e0 WordCamp.\u00a0Ce ne sont que\u00a0des exemples!<\/p>\n<h4>Usager\/Blogueur<\/h4>\n<ul>\n<li>Trouver\u00a0les extensions et\/ou th\u00e8mes parfaits<\/li>\n<li>HTML pour blogueurs<\/li>\n<li>Utilisation des th\u00e8mes enfant (\u00ab\u00a0child themes\u00a0\u00bb)<\/li>\n<li>Attirer\u00a0des lecteurs<\/li>\n<li>\u00c9crire pour le web<\/li>\n<li>\u00c9tudes\u00a0de cas<\/li>\n<\/ul>\n<h4>Concepteur\/Programmeur<\/h4>\n<ul>\n<li>Cr\u00e9ation de sites bilingues pour WordPress<\/li>\n<li>Conseils pour la conception de sites WordPress<\/li>\n<li>Trucs CSS pour WordPress<\/li>\n<li>\u00c9dition de th\u00e8mes et utilisation de tags de templates.<\/li>\n<li>Creation d&rsquo;extensions (introduction ou en d\u00e9tail)<\/li>\n<li>Publication et\/ou vente de th\u00e8mes<\/li>\n<li>Les implications de la licence GPL ou de Logiciel Libre\u00a0pour les th\u00e8mes et plugins WordPress<\/li>\n<li>Introduction \u00e0 Apache et \u00e0 l&rsquo;optimisation MySQL<\/li>\n<\/ul>\n<p><img loading=\"lazy\" decoding=\"async\" class=\"alignnone size-full wp-image-162761\" src=\"http:\/\/2014.montreal.wordcamp.org\/files\/2014\/05\/WPMTL2013_152_banner.jpg\" alt=\"WordCamp panelists\" width=\"900\" height=\"360\" \/><\/p>\n<p class=\"photocap\">Photo: <a href=\"http:\/\/elida.ca\">Elida Arrizza<\/a><\/p>\n","protected":false},"excerpt":{"rendered":"<p>Photo: Mimi Zhou Chaque ann\u00e9e,\u00a0WordCamp\u00a0Montr\u00e9al\u00a0s&rsquo;efforce\u00a0d&rsquo;offrir\u00a0un large \u00e9ventail de\u00a0conf\u00e9rences et de discussions\u00a0sur\u00a0WordPress.\u00a0Nous recherchons des\u00a0personnes\u00a0qui\u00a0sont passionn\u00e9es par\u00a0WordPress\u00a0afin de divertir\u00a0nos\u00a0visiteurs\u00a0et\u00a0leur apprendre\u00a0de nouvelles choses. La p\u00e9riode de soumissions est maintenant termin\u00e9e. Notre data limite pour les soumissions \u00e9tait le lundi 11 mai. Nous esperons &hellip; <a href=\"https:\/\/montreal.wordcamp.org\/2015-fr\/programme\/devenir-conferencier-ou-conferenciere\/\">Continuer la lecture <span class=\"assistive-text\">Devenir conf\u00e9rencier ou conf\u00e9renci\u00e8re<\/span>  <span class=\"meta-nav\">&rarr;<\/span><\/a><\/p>\n","protected":false},"author":4229527,"featured_media":0,"parent":5,"menu_order":3,"comment_status":"closed","ping_status":"closed","template":"","meta":{"jetpack_post_was_ever_published":false,"footnotes":""},"class_list":["post-87","page","type-page","status-publish","hentry"],"jetpack_sharing_enabled":true,"jetpack_shortlink":"https:\/\/wp.me\/P5IBym-1p","_links":{"self":[{"href":"https:\/\/montreal.wordcamp.org\/2015-fr\/wp-json\/wp\/v2\/pages\/87","targetHints":{"allow":["GET"]}}],"collection":[{"href":"https:\/\/montreal.wordcamp.org\/2015-fr\/wp-json\/wp\/v2\/pages"}],"about":[{"href":"https:\/\/montreal.wordcamp.org\/2015-fr\/wp-json\/wp\/v2\/types\/page"}],"author":[{"embeddable":true,"href":"https:\/\/montreal.wordcamp.org\/2015-fr\/wp-json\/wp\/v2\/users\/4229527"}],"replies":[{"embeddable":true,"href":"https:\/\/montreal.wordcamp.org\/2015-fr\/wp-json\/wp\/v2\/comments?post=87"}],"version-history":[{"count":11,"href":"https:\/\/montreal.wordcamp.org\/2015-fr\/wp-json\/wp\/v2\/pages\/87\/revisions"}],"predecessor-version":[{"id":249,"href":"https:\/\/montreal.wordcamp.org\/2015-fr\/wp-json\/wp\/v2\/pages\/87\/revisions\/249"}],"up":[{"embeddable":true,"href":"https:\/\/montreal.wordcamp.org\/2015-fr\/wp-json\/wp\/v2\/pages\/5"}],"wp:attachment":[{"href":"https:\/\/montreal.wordcamp.org\/2015-fr\/wp-json\/wp\/v2\/media?parent=87"}],"curies":[{"name":"wp","href":"https:\/\/api.w.org\/{rel}","templated":true}]}}