{"id":89,"date":"2015-04-21T22:02:47","date_gmt":"2015-04-22T02:02:47","guid":{"rendered":"https:\/\/2015-fr.montreal.wordcamp.org\/?page_id=89"},"modified":"2015-06-20T07:53:23","modified_gmt":"2015-06-20T11:53:23","slug":"devenir-benevole","status":"publish","type":"page","link":"https:\/\/montreal.wordcamp.org\/2015-fr\/devenir-benevole\/","title":{"rendered":"Devenir b\u00e9n\u00e9vole"},"content":{"rendered":"<p><img loading=\"lazy\" decoding=\"async\" class=\"alignnone wp-image-162719\" src=\"http:\/\/2014.montreal.wordcamp.org\/files\/2014\/05\/WPMTL2013details_12_banner.jpg\" alt=\"B\u00e9n\u00e9vole WordCamp\" width=\"930\" height=\"372\" \/><\/p>\n<p class=\"photocap\">Photo: <a href=\"http:\/\/elida.ca\">Elida Arrizza<\/a><\/p>\n<p>WordCamp Montr\u00e9al est un \u00e9v\u00e8nement abordable et ind\u00e9pendant gr\u00e2ce au travail fait par nos b\u00e9n\u00e9voles les jours pr\u00e9c\u00e9dents et durant l&rsquo;\u00e9v\u00e8nement comme tel.<\/p>\n<p><a class=\"simple-button\" href=\"http:\/\/bit.ly\/wcmtlhelp\"><span class=\"volunteer-icon\">Devenir b\u00e9n\u00e9vole au Happiness Bar \u00bb<\/span><\/a><\/p>\n<p>Un grand merci \u00e0 tous ceux et celles qui sont devenus b\u00e9n\u00e9voles \u00e0 WordCamp<br \/>\nMontr\u00e9al, nous ne pourrons pas le faire sans vous. Nous avons maintenant<br \/>\nsuffisamment de b\u00e9n\u00e9voles pour l&rsquo;\u00e9v\u00e9nement, mais nous avons encore besoin de beaucoup de monde pour le <em>Happiness Bar<\/em>.<\/p>\n<h3 id=\"happiness\">\u00ab\u00a0Happiness Bar\u00a0\u00bb<\/h3>\n<p>Le <em>Happiness Bar<\/em> est une activit\u00e9 sp\u00e9ciale \u00e0 WordCamp o\u00f9 des experts WordPress offrent aide et conseils aux participants de la conf\u00e9rence qui auraient des questions ou probl\u00e8mes techniques sur WordPress. C&rsquo;est une activit\u00e9 amusante et une excellente fa\u00e7on de se faire de nouveaux contacts et d\u00e9montrer votre savoir (et qui sait, un emploi pourrait m\u00eame vous \u00eatre offert!).<\/p>\n<p>Les b\u00e9n\u00e9voles au <em>Happiness Bar<\/em> n&rsquo;obtiennent pas d&rsquo;entr\u00e9e gratuite parce que l&rsquo;activit\u00e9 est amusante et gratifiante. Veuillez vous enregistrer en utilisant le formulaire ci-dessous, et vous assurer que vous cochez l&rsquo;option <em>Happiness Bar<\/em> (naturellement, les b\u00e9n\u00e9voles &lsquo;normaux&rsquo; sont bienvenus pour nous aider au <em>Happiness Bar<\/em>!)<\/p>\n<p><img loading=\"lazy\" decoding=\"async\" class=\"alignnone wp-image-122707 size-full\" src=\"https:\/\/montreal.wordcamp.org\/2014-fr\/files\/2014\/05\/WPMTL2013happinessbar_11_banner.jpg\" alt=\"Happiness Bar\" width=\"900\" height=\"360\" \/><\/p>\n<p class=\"photocap\">Photo: <a href=\"http:\/\/elida.ca\">Elida Arrizza<\/a><\/p>\n","protected":false},"excerpt":{"rendered":"<p>Photo: Elida Arrizza WordCamp Montr\u00e9al est un \u00e9v\u00e8nement abordable et ind\u00e9pendant gr\u00e2ce au travail fait par nos b\u00e9n\u00e9voles les jours pr\u00e9c\u00e9dents et durant l&rsquo;\u00e9v\u00e8nement comme tel. Devenir b\u00e9n\u00e9vole au Happiness Bar \u00bb Un grand merci \u00e0 tous ceux et celles &hellip; <a href=\"https:\/\/montreal.wordcamp.org\/2015-fr\/devenir-benevole\/\">Continuer la lecture <span class=\"assistive-text\">Devenir b\u00e9n\u00e9vole<\/span>  <span class=\"meta-nav\">&rarr;<\/span><\/a><\/p>\n","protected":false},"author":4229527,"featured_media":0,"parent":0,"menu_order":5,"comment_status":"closed","ping_status":"open","template":"","meta":{"jetpack_post_was_ever_published":false,"footnotes":""},"class_list":["post-89","page","type-page","status-publish","hentry"],"jetpack_sharing_enabled":true,"jetpack_shortlink":"https:\/\/wp.me\/P5IBym-1r","_links":{"self":[{"href":"https:\/\/montreal.wordcamp.org\/2015-fr\/wp-json\/wp\/v2\/pages\/89","targetHints":{"allow":["GET"]}}],"collection":[{"href":"https:\/\/montreal.wordcamp.org\/2015-fr\/wp-json\/wp\/v2\/pages"}],"about":[{"href":"https:\/\/montreal.wordcamp.org\/2015-fr\/wp-json\/wp\/v2\/types\/page"}],"author":[{"embeddable":true,"href":"https:\/\/montreal.wordcamp.org\/2015-fr\/wp-json\/wp\/v2\/users\/4229527"}],"replies":[{"embeddable":true,"href":"https:\/\/montreal.wordcamp.org\/2015-fr\/wp-json\/wp\/v2\/comments?post=89"}],"version-history":[{"count":11,"href":"https:\/\/montreal.wordcamp.org\/2015-fr\/wp-json\/wp\/v2\/pages\/89\/revisions"}],"predecessor-version":[{"id":634,"href":"https:\/\/montreal.wordcamp.org\/2015-fr\/wp-json\/wp\/v2\/pages\/89\/revisions\/634"}],"wp:attachment":[{"href":"https:\/\/montreal.wordcamp.org\/2015-fr\/wp-json\/wp\/v2\/media?parent=89"}],"curies":[{"name":"wp","href":"https:\/\/api.w.org\/{rel}","templated":true}]}}