{"id":95,"date":"2015-04-21T22:05:44","date_gmt":"2015-04-22T02:05:44","guid":{"rendered":"https:\/\/2015-fr.montreal.wordcamp.org\/?page_id=95"},"modified":"2015-04-22T02:00:24","modified_gmt":"2015-04-22T06:00:24","slug":"infolettre","status":"publish","type":"page","link":"https:\/\/montreal.wordcamp.org\/2015-fr\/nous-joindre\/infolettre\/","title":{"rendered":"Infolettre"},"content":{"rendered":"<p>Inscrivez-vous \u00e0 notre infolettre afin de recevoir des informations sur les WordCamps \u00e0 Montr\u00e9al, les r\u00e9unions mensuels <em>dev_meetups<\/em> de la communaut\u00e9 WordPress de Montr\u00e9al ainsi que les r\u00e9unions mensuelles \u00e0 caract\u00e8re social.<\/p>\n<p><a class=\"simple-button\" href=\"http:\/\/eepurl.com\/lvJHn\"><span class=\"newsletter-icon\">Abonnez-vous \u00e0 notre infolettre \u00bb<\/span><\/a><br \/>\n<!-- \\\\ MAILCHIMP SUBSCRIBE CODE \/\/ --><\/p>\n","protected":false},"excerpt":{"rendered":"<p>Inscrivez-vous \u00e0 notre infolettre afin de recevoir des informations sur les WordCamps \u00e0 Montr\u00e9al, les r\u00e9unions mensuels dev_meetups de la communaut\u00e9 WordPress de Montr\u00e9al ainsi que les r\u00e9unions mensuelles \u00e0 caract\u00e8re social. Abonnez-vous \u00e0 notre infolettre \u00bb<\/p>\n","protected":false},"author":4229527,"featured_media":0,"parent":15,"menu_order":0,"comment_status":"closed","ping_status":"open","template":"","meta":{"jetpack_post_was_ever_published":false,"footnotes":""},"class_list":["post-95","page","type-page","status-publish","hentry"],"jetpack_sharing_enabled":true,"jetpack_shortlink":"https:\/\/wp.me\/P5IBym-1x","_links":{"self":[{"href":"https:\/\/montreal.wordcamp.org\/2015-fr\/wp-json\/wp\/v2\/pages\/95","targetHints":{"allow":["GET"]}}],"collection":[{"href":"https:\/\/montreal.wordcamp.org\/2015-fr\/wp-json\/wp\/v2\/pages"}],"about":[{"href":"https:\/\/montreal.wordcamp.org\/2015-fr\/wp-json\/wp\/v2\/types\/page"}],"author":[{"embeddable":true,"href":"https:\/\/montreal.wordcamp.org\/2015-fr\/wp-json\/wp\/v2\/users\/4229527"}],"replies":[{"embeddable":true,"href":"https:\/\/montreal.wordcamp.org\/2015-fr\/wp-json\/wp\/v2\/comments?post=95"}],"version-history":[{"count":2,"href":"https:\/\/montreal.wordcamp.org\/2015-fr\/wp-json\/wp\/v2\/pages\/95\/revisions"}],"predecessor-version":[{"id":127,"href":"https:\/\/montreal.wordcamp.org\/2015-fr\/wp-json\/wp\/v2\/pages\/95\/revisions\/127"}],"up":[{"embeddable":true,"href":"https:\/\/montreal.wordcamp.org\/2015-fr\/wp-json\/wp\/v2\/pages\/15"}],"wp:attachment":[{"href":"https:\/\/montreal.wordcamp.org\/2015-fr\/wp-json\/wp\/v2\/media?parent=95"}],"curies":[{"name":"wp","href":"https:\/\/api.w.org\/{rel}","templated":true}]}}