{"id":11,"date":"2015-03-16T10:22:01","date_gmt":"2015-03-16T14:22:01","guid":{"rendered":"https:\/\/2015.montreal.wordcamp.org\/?page_id=11"},"modified":"2015-07-02T15:49:28","modified_gmt":"2015-07-02T19:49:28","slug":"tickets","status":"publish","type":"page","link":"https:\/\/montreal.wordcamp.org\/2015\/tickets\/","title":{"rendered":"Tickets"},"content":{"rendered":"<h2><b>We are completely sold out. There will be no tickets available at the door.<\/b><\/h2>\n<p>Ticket sales closed on Sunday June 28, 2015. T-shirt sizes and meal choices are not be guaranteed for tickets purchased after June 26. Please note that <strong>refunds are not available<\/strong>. All minors must be accompanied by a parent at all times. All registrations include both days of the event, at least one catered lunch and some fun swag.<\/p>\n<h2><b>Nous sommes complets. Aucun billet \u00e0 la porte.<\/b><\/h2>\n<p>La vente de billets a termin\u00e9e le dimanche 28 juin, 2015. Les choix de taille de t-shirt et de repas ne sont pas assur\u00e9es pour ;es billets achet\u00e9s apr\u00e8s le 26 juin. Veuillez noter qu\u2019<strong>aucun remboursement n\u2019est possible<\/strong>. Toute personne d&#8217;\u00e2ge mineur doit \u00eatre accompagn\u00e9 d&#8217;un parent en tout temps. Les inscriptions comprennent les deux jours de l&#8217;\u00e9v\u00e9nement, un d\u00eener et un cadeau.<\/p>\n<a href=\"https:\/\/montreal.wordcamp.org\/2015\/tickets\/\">Please view this page in a browser to purchase or manage tickets.<\/a>\n","protected":false},"excerpt":{"rendered":"<p>We are completely sold out. There will be no tickets available at the door. Ticket sales closed on Sunday June 28, 2015. T-shirt sizes and meal choices are not be guaranteed for tickets purchased after June 26. Please note that &hellip; <a href=\"https:\/\/montreal.wordcamp.org\/2015\/tickets\/\">Continue reading <span class=\"assistive-text\">Tickets<\/span>  <span class=\"meta-nav\">&rarr;<\/span><\/a><\/p>\n","protected":false},"author":4229527,"featured_media":0,"parent":0,"menu_order":3,"comment_status":"closed","ping_status":"closed","template":"","meta":{"jetpack_post_was_ever_published":false,"footnotes":""},"class_list":["post-11","page","type-page","status-publish","hentry"],"jetpack_sharing_enabled":true,"jetpack_shortlink":"https:\/\/wp.me\/P5FYL5-b","_links":{"self":[{"href":"https:\/\/montreal.wordcamp.org\/2015\/wp-json\/wp\/v2\/pages\/11","targetHints":{"allow":["GET"]}}],"collection":[{"href":"https:\/\/montreal.wordcamp.org\/2015\/wp-json\/wp\/v2\/pages"}],"about":[{"href":"https:\/\/montreal.wordcamp.org\/2015\/wp-json\/wp\/v2\/types\/page"}],"author":[{"embeddable":true,"href":"https:\/\/montreal.wordcamp.org\/2015\/wp-json\/wp\/v2\/users\/4229527"}],"replies":[{"embeddable":true,"href":"https:\/\/montreal.wordcamp.org\/2015\/wp-json\/wp\/v2\/comments?post=11"}],"version-history":[{"count":6,"href":"https:\/\/montreal.wordcamp.org\/2015\/wp-json\/wp\/v2\/pages\/11\/revisions"}],"predecessor-version":[{"id":1818,"href":"https:\/\/montreal.wordcamp.org\/2015\/wp-json\/wp\/v2\/pages\/11\/revisions\/1818"}],"wp:attachment":[{"href":"https:\/\/montreal.wordcamp.org\/2015\/wp-json\/wp\/v2\/media?parent=11"}],"curies":[{"name":"wp","href":"https:\/\/api.w.org\/{rel}","templated":true}]}}