{"id":12,"date":"2016-03-23T23:33:05","date_gmt":"2016-03-24T03:33:05","guid":{"rendered":"https:\/\/2016-fr.montreal.wordcamp.org\/organizers\/"},"modified":"2016-06-27T11:59:50","modified_gmt":"2016-06-27T15:59:50","slug":"equipe-organisatrice","status":"publish","type":"page","link":"https:\/\/montreal.wordcamp.org\/2016-fr\/a-propos\/equipe-organisatrice\/","title":{"rendered":"\u00c9quipe organisatrice"},"content":{"rendered":"<p>WordCamp Montr\u00e9al est un \u00e9v\u00e9nement organis\u00e9 par la communaut\u00e9. Nous essayons toujours d\u2019inclure le maximum de personnes dans nos d\u00e9cisions. Toutefois, les responsabilit\u00e9s principales ont tendance \u00e0 reposer sur quelques organisateurs-cl\u00e9s.<\/p>\n<p><strong>Organisateurs WordCamp Montr\u00e9al 2016<\/strong><\/p>\n<h3><img loading=\"lazy\" decoding=\"async\" class=\"wp-image-414 size-medium alignleft\" src=\"https:\/\/2016.montreal.wordcamp.org\/files\/2016\/04\/carl-300x300.jpg\" alt=\"carl\" width=\"300\" height=\"300\" \/><a href=\"http:\/\/www.caralexander.ca\" target=\"_blank\">Carl Alexander<\/a><\/h3>\n<p><a href=\"http:\/\/twitter.com\/twigpress\" target=\"_blank\">@twigpress<\/a><\/p>\n<div class=\"organizer\">\n<div class=\"organizer-text\">\n<p class=\"description\">Carl Alexander est un d\u00e9veloppeur avide de PHP qui adore faire des exp\u00e9riences \u00e9tranges en int\u00e9grant diff\u00e9rentes technologies et logiciels libres donnant lieu \u00e0 des r\u00e9sultats parfois impr\u00e9visibles.<\/p>\n<p class=\"description\">\n<\/div>\n<\/div>\n<div class=\"organizer alt\">\n<h3><img loading=\"lazy\" decoding=\"async\" class=\"size-medium wp-image-413 alignleft\" src=\"https:\/\/2016.montreal.wordcamp.org\/files\/2016\/04\/richard-300x300.jpg\" alt=\"richard\" width=\"300\" height=\"300\" \/>Richard Archambault<\/h3>\n<p><a href=\"http:\/\/www.twitter.com\/richardmtl\" target=\"_blank\">@richardmtl<\/a><\/p>\n<p>Richard aime le web et aime vraiment WordPress. Apr\u00e8s avoir assist\u00e9 \u00e0 son premier WordCamp \u00e0 Montr\u00e9al en 2010, il est devenu accro! Maintenant, comme \u00ab Happiness Engineer \u00bb avec Automattic, Richard aime aider les gens avec tout ce qui concerne WordPress. Il aime aussi bricoler avec ses sites et il adore aller au Mexique pour manger des tacos \u00e9pic\u00e9s et faire le tour dans le m\u00e9tro!<\/p>\n<\/div>\n<div class=\"organizer alt\">\n<div class=\"organizer-text\">\n<h3><a href=\"http:\/\/alexruaux.com\/\" target=\"_blank\"><img loading=\"lazy\" decoding=\"async\" class=\"alignleft size-medium wp-image-412\" src=\"https:\/\/2016.montreal.wordcamp.org\/files\/2016\/04\/alex-300x300.jpg\" alt=\"alex\" width=\"300\" height=\"300\" \/>Alex Ruaux<\/a><\/h3>\n<p><a href=\"http:\/\/twitter.com\/molecularcode\" target=\"_blank\">@molecularcode<\/a><\/p>\n<p class=\"description\">Alex est un d\u00e9veloppeur web pigiste \u00e0 \u00ab Molecularcode Web Design \u00bb et aime travailler avec WordPress. Elle est aussi un instructeur r\u00e9guli\u00e8re lors d\u2019\u00e9v\u00e9nements \u00ab Ladies Learning Code \u00bb. Apr\u00e8s une change de carri\u00e8re r\u00e9cente, elle aime redonner aux communaut\u00e9s qui l\u2019a aid\u00e9e. Ses autres passions sont l\u2019impression 3D, les jeux video et profiter du plein air.<\/p>\n<\/div>\n<\/div>\n<div class=\"organizer\">\n<div class=\"organizer-text\">\n<h3><a href=\"http:\/\/about.me\/shannonasmith\" target=\"_blank\"><img loading=\"lazy\" decoding=\"async\" class=\"alignleft size-medium wp-image-398\" src=\"https:\/\/2016-fr.montreal.wordcamp.org\/files\/2016\/03\/shannon.smith_.jpg\" alt=\"shannon\" width=\"300\" height=\"300\" \/>Shannon Smith<\/a><\/h3>\n<p><a href=\"http:\/\/twitter.com\/cafenoirdesign\" target=\"_blank\">@cafenoirdesign<\/a><\/p>\n<p class=\"description\">Shannon Smith est la fondatrice de Caf\u00e9 Noir Design, une agence de design et de d\u00e9veloppement Web \u00e0 Montr\u00e9al qui se sp\u00e9cialise dans le d\u00e9veloppement multilingue. Elle soutient les logiciels libres, et les pratiques d\u2019affaires vertes. Elle est souvent conf\u00e9renci\u00e8re et son blogue est accessible \u00e0\u00a0<a title=\"Chroni.ca\" href=\"http:\/\/chroni.ca\/\" target=\"_blank\">Chroni.ca<\/a>.\u00a0<a href=\"https:\/\/plus.google.com\/114813571187124139424?rel=author\" target=\"_blank\">google+<\/a>\u00a0|\u00a0<a href=\"http:\/\/chroni.ca\/\" target=\"_blank\">blog<\/a><\/p>\n<h3 class=\"description\"><img loading=\"lazy\" decoding=\"async\" class=\"alignleft size-medium wp-image-433\" src=\"https:\/\/2016.montreal.wordcamp.org\/files\/2016\/03\/andrea_z-300x300.png\" alt=\"andrea_z\" width=\"300\" height=\"300\" \/><a href=\"http:\/\/www.andreazoellner.com\" target=\"_blank\">Andrea Zoellner<\/a><\/h3>\n<p><a href=\"http:\/\/www.twitter.com\/andreazoellner\" target=\"_blank\">@andreazoellner<\/a><\/p>\n<\/div>\n<\/div>\n<p>Andrea est r\u00e9dactrice \u00e0 la pige et consultante au contenu\u00a0\u00e0<span class=\"s1\">\u00a0Automattic. Elle a aid\u00e9\u00a0des OSBL, des startups, des \u00e9coles et des soci\u00e9t\u00e9s \u00e0 am\u00e9liorer leurs sites Web avec le pouvoir du contenu de qualit\u00e9.\u00a0Elle aime les jeux de mots,\u00a0fr\u00e9quenter les caf\u00e9s\u00a0et partager\u00a0ses astuces de voyage sur <a href=\"https:\/\/capsulesuitcase.com\/\">son blogue<\/a>.\u00a0<\/span><\/p>\n<p>&nbsp;<\/p>\n<p><strong>Organisateurs des ann\u00e9es pr\u00e9c\u00e9dentes<\/strong><br \/>\nNous aimerions remercier les auteurs des \u00e9ditions pr\u00e9c\u00e9dentes de WordCamp Montr\u00e9al pour tout leur beau travail.<\/p>\n<p>WordCamp Montr\u00e9al 2009<br \/>\n<a href=\"http:\/\/jeremyclarke.org\/\" target=\"_blank\">Jeremy Clarke<\/a> &amp; <a href=\"http:\/\/www.afroginthevalley.com\/\" target=\"_blank\">Sylvain Carle<\/a><\/p>\n<p>WordCamp Montr\u00e9al 2010<br \/>\n<a href=\"http:\/\/jeremyclarke.org\/\" target=\"_blank\">Jeremy Clarke<\/a>, <a href=\"http:\/\/www.cafenoirdesign.com\/\" target=\"_blank\">Shannon Smith<\/a> &amp; <a href=\"http:\/\/www.horseandcartagency.com\/\" target=\"_blank\">Brendan Sera-Shriar<\/a><\/p>\n<p>WordCamp Montr\u00e9al 2011 &amp; 2012<br \/>\n<a href=\"http:\/\/jeremyclarke.org\/\" target=\"_blank\">Jeremy Clarke<\/a>, <a href=\"http:\/\/www.cafenoirdesign.com\/\" target=\"_blank\">Shannon Smith<\/a>, <a href=\"http:\/\/www.horseandcartagency.com\/\" target=\"_blank\">Brendan Sera-Shriar<\/a>, &amp; <a href=\"http:\/\/carlalexander.ca\/\" target=\"_blank\">Carl Alexander<\/a>.<\/p>\n<p>WordCamp Montr\u00e9al 2013<br \/>\n<a href=\"http:\/\/jeremyclarke.org\/\" target=\"_blank\">Jeremy Clarke<\/a>, <a href=\"http:\/\/www.cafenoirdesign.com\/\" target=\"_blank\">Shannon Smith<\/a>, <a href=\"http:\/\/carlalexander.ca\/\" target=\"_blank\">Carl Alexander<\/a>, <a href=\"http:\/\/alexruaux.com\/\" target=\"_blank\">Alex Ruaux<\/a>, <a href=\"http:\/\/richardarchambault.ca\/\" target=\"_blank\">Richard Archambault<\/a>, &amp; <a href=\"http:\/\/kwight.ca\/\" target=\"_blank\">Kirk Wight<\/a>.<\/p>\n<p>WordCamp Montr\u00e9al 2014<br \/>\n<a href=\"http:\/\/jeremyclarke.org\/\" target=\"_blank\">Jeremy Clarke<\/a>, <a href=\"http:\/\/www.cafenoirdesign.com\/\" target=\"_blank\">Shannon Smith<\/a>, <a href=\"http:\/\/carlalexander.ca\/\" target=\"_blank\">Carl Alexander<\/a>, <a href=\"http:\/\/alexruaux.com\/\" target=\"_blank\">Alex Ruaux<\/a>, &amp;\u00a0<a href=\"http:\/\/richardarchambault.ca\/\" target=\"_blank\">Richard Archambault<\/a>.<\/p>\n<p>WordCamp Montr\u00e9al 2015<br \/>\n<a href=\"http:\/\/www.veronicalouis.com\/\" target=\"_blank\">Veronica Louis<\/a>,\u00a0<a href=\"http:\/\/www.cafenoirdesign.com\/\" target=\"_blank\">Shannon Smith<\/a>, <a href=\"http:\/\/carlalexander.ca\/\" target=\"_blank\">Carl Alexander<\/a>, <a href=\"http:\/\/alexruaux.com\/\" target=\"_blank\">Alex Ruaux<\/a>, &amp;\u00a0<a href=\"http:\/\/richardarchambault.ca\/\" target=\"_blank\">Richard Archambault.<\/a><\/p>\n","protected":false},"excerpt":{"rendered":"<p>WordCamp Montr\u00e9al est un \u00e9v\u00e9nement organis\u00e9 par la communaut\u00e9. Nous essayons toujours d\u2019inclure le maximum de personnes dans nos d\u00e9cisions. Toutefois, les responsabilit\u00e9s principales ont tendance \u00e0 reposer sur quelques organisateurs-cl\u00e9s. Organisateurs WordCamp Montr\u00e9al 2016 Carl Alexander @twigpress Carl Alexander est un d\u00e9veloppeur avide de PHP qui adore faire des exp\u00e9riences \u00e9tranges en int\u00e9grant diff\u00e9rentes &hellip; <a href=\"https:\/\/montreal.wordcamp.org\/2016-fr\/a-propos\/equipe-organisatrice\/\" class=\"more-link\">Continuer la lecture de<span class=\"screen-reader-text\"> &laquo;\u00c9quipe organisatrice&raquo;<\/span><\/a><\/p>\n","protected":false},"author":5060622,"featured_media":0,"parent":33,"menu_order":1,"comment_status":"closed","ping_status":"closed","template":"","meta":{"jetpack_post_was_ever_published":false,"footnotes":""},"class_list":["post-12","page","type-page","status-publish","hentry"],"jetpack_sharing_enabled":true,"jetpack_shortlink":"https:\/\/wp.me\/P7owQe-c","_links":{"self":[{"href":"https:\/\/montreal.wordcamp.org\/2016-fr\/wp-json\/wp\/v2\/pages\/12","targetHints":{"allow":["GET"]}}],"collection":[{"href":"https:\/\/montreal.wordcamp.org\/2016-fr\/wp-json\/wp\/v2\/pages"}],"about":[{"href":"https:\/\/montreal.wordcamp.org\/2016-fr\/wp-json\/wp\/v2\/types\/page"}],"author":[{"embeddable":true,"href":"https:\/\/montreal.wordcamp.org\/2016-fr\/wp-json\/wp\/v2\/users\/5060622"}],"replies":[{"embeddable":true,"href":"https:\/\/montreal.wordcamp.org\/2016-fr\/wp-json\/wp\/v2\/comments?post=12"}],"version-history":[{"count":10,"href":"https:\/\/montreal.wordcamp.org\/2016-fr\/wp-json\/wp\/v2\/pages\/12\/revisions"}],"predecessor-version":[{"id":1451,"href":"https:\/\/montreal.wordcamp.org\/2016-fr\/wp-json\/wp\/v2\/pages\/12\/revisions\/1451"}],"up":[{"embeddable":true,"href":"https:\/\/montreal.wordcamp.org\/2016-fr\/wp-json\/wp\/v2\/pages\/33"}],"wp:attachment":[{"href":"https:\/\/montreal.wordcamp.org\/2016-fr\/wp-json\/wp\/v2\/media?parent=12"}],"curies":[{"name":"wp","href":"https:\/\/api.w.org\/{rel}","templated":true}]}}