{"id":13,"date":"2016-05-03T03:30:07","date_gmt":"2016-05-03T07:30:07","guid":{"rendered":"https:\/\/2016-fr.montreal.wordcamp.org\/?page_id=13"},"modified":"2016-07-22T09:19:39","modified_gmt":"2016-07-22T13:19:39","slug":"billets","status":"publish","type":"page","link":"https:\/\/montreal.wordcamp.org\/2016-fr\/billets\/","title":{"rendered":"Billets"},"content":{"rendered":"<p>Veuillez visitez <a href=\"https:\/\/montreal.wordcamp.org\/2016\/tickets\/\">la page billetterie<\/a> de notre site Web anglais. Nous sommes d\u00e9sol\u00e9s pour l&rsquo;inconv\u00e9nient.<\/p>\n<p><strong>Aucun billet \u00e0 la porte.<\/strong> Veuillez noter qu\u2019<strong>aucun remboursement n\u2019est possible<\/strong>. Toute personne d&rsquo;\u00e2ge mineur doit \u00eatre accompagn\u00e9 d&rsquo;un parent en tout temps. Les inscriptions comprennent les deux jours de l&rsquo;\u00e9v\u00e9nement, un d\u00eener et un cadeau.<\/p>\n","protected":false},"excerpt":{"rendered":"<p>Veuillez visitez la page billetterie de notre site Web anglais. Nous sommes d\u00e9sol\u00e9s pour l&rsquo;inconv\u00e9nient. Aucun billet \u00e0 la porte. Veuillez noter qu\u2019aucun remboursement n\u2019est possible. Toute personne d&rsquo;\u00e2ge mineur doit \u00eatre accompagn\u00e9 d&rsquo;un parent en tout temps. Les inscriptions comprennent les deux jours de l&rsquo;\u00e9v\u00e9nement, un d\u00eener et un cadeau.<\/p>\n","protected":false},"author":5060622,"featured_media":242,"parent":0,"menu_order":7,"comment_status":"closed","ping_status":"closed","template":"","meta":{"jetpack_post_was_ever_published":false,"footnotes":""},"class_list":["post-13","page","type-page","status-publish","has-post-thumbnail","hentry"],"jetpack_sharing_enabled":true,"jetpack_shortlink":"https:\/\/wp.me\/P7owQe-d","_links":{"self":[{"href":"https:\/\/montreal.wordcamp.org\/2016-fr\/wp-json\/wp\/v2\/pages\/13","targetHints":{"allow":["GET"]}}],"collection":[{"href":"https:\/\/montreal.wordcamp.org\/2016-fr\/wp-json\/wp\/v2\/pages"}],"about":[{"href":"https:\/\/montreal.wordcamp.org\/2016-fr\/wp-json\/wp\/v2\/types\/page"}],"author":[{"embeddable":true,"href":"https:\/\/montreal.wordcamp.org\/2016-fr\/wp-json\/wp\/v2\/users\/5060622"}],"replies":[{"embeddable":true,"href":"https:\/\/montreal.wordcamp.org\/2016-fr\/wp-json\/wp\/v2\/comments?post=13"}],"version-history":[{"count":7,"href":"https:\/\/montreal.wordcamp.org\/2016-fr\/wp-json\/wp\/v2\/pages\/13\/revisions"}],"predecessor-version":[{"id":1625,"href":"https:\/\/montreal.wordcamp.org\/2016-fr\/wp-json\/wp\/v2\/pages\/13\/revisions\/1625"}],"wp:featuredmedia":[{"embeddable":true,"href":"https:\/\/montreal.wordcamp.org\/2016-fr\/wp-json\/wp\/v2\/media\/242"}],"wp:attachment":[{"href":"https:\/\/montreal.wordcamp.org\/2016-fr\/wp-json\/wp\/v2\/media?parent=13"}],"curies":[{"name":"wp","href":"https:\/\/api.w.org\/{rel}","templated":true}]}}