{"id":1439,"date":"2016-06-26T23:25:06","date_gmt":"2016-06-27T03:25:06","guid":{"rendered":"https:\/\/2016-fr.montreal.wordcamp.org\/?page_id=1439"},"modified":"2016-06-26T23:25:06","modified_gmt":"2016-06-27T03:25:06","slug":"macarons","status":"publish","type":"page","link":"https:\/\/montreal.wordcamp.org\/2016-fr\/macarons\/","title":{"rendered":"Macarons"},"content":{"rendered":"<p>D\u00e9montrez votre participation \u00e0 WordCamp Montr\u00e9al avec un macaron web! T\u00e9l\u00e9chargez-les et ajoutez-les \u00e0 votre site Web. Veuillez s\u2019il vous pla\u00eet ajouter \u00e0 l\u2019image un hyperlien vers <a href=\"http:\/\/2016-fr.montreal.wordcamp.org\">2016-fr.montreal.wordcamp.org<\/a>, \u00e0 votre pr\u00e9sentation ou \u00e0 votre page de commanditaire si c\u2019est le cas.<\/p>\n<p>&nbsp;<\/p>\n<div id='gallery-1' class='gallery galleryid-1439 gallery-columns-2 gallery-size-medium'><figure class='gallery-item'>\n\t\t\t<div class='gallery-icon landscape'>\n\t\t\t\t<a href='https:\/\/montreal.wordcamp.org\/2016-fr\/macarons\/attending-fr\/'><img loading=\"lazy\" decoding=\"async\" width=\"300\" height=\"300\" src=\"https:\/\/montreal.wordcamp.org\/2016-fr\/files\/2016\/06\/attending-fr-300x300.png\" class=\"attachment-medium size-medium\" alt=\"\" srcset=\"https:\/\/montreal.wordcamp.org\/2016-fr\/files\/2016\/06\/attending-fr-300x300.png 300w, https:\/\/montreal.wordcamp.org\/2016-fr\/files\/2016\/06\/attending-fr-150x150.png 150w, https:\/\/montreal.wordcamp.org\/2016-fr\/files\/2016\/06\/attending-fr.png 604w\" sizes=\"auto, (max-width: 300px) 85vw, 300px\" \/><\/a>\n\t\t\t<\/div><\/figure><figure class='gallery-item'>\n\t\t\t<div class='gallery-icon landscape'>\n\t\t\t\t<a href='https:\/\/montreal.wordcamp.org\/2016-fr\/macarons\/attending-en\/'><img loading=\"lazy\" decoding=\"async\" width=\"300\" height=\"300\" src=\"https:\/\/montreal.wordcamp.org\/2016-fr\/files\/2016\/06\/attending-en-300x300.jpg\" class=\"attachment-medium size-medium\" alt=\"\" srcset=\"https:\/\/montreal.wordcamp.org\/2016-fr\/files\/2016\/06\/attending-en-300x300.jpg 300w, https:\/\/montreal.wordcamp.org\/2016-fr\/files\/2016\/06\/attending-en-150x150.jpg 150w, https:\/\/montreal.wordcamp.org\/2016-fr\/files\/2016\/06\/attending-en.jpg 604w\" sizes=\"auto, (max-width: 300px) 85vw, 300px\" \/><\/a>\n\t\t\t<\/div><\/figure><figure class='gallery-item'>\n\t\t\t<div class='gallery-icon landscape'>\n\t\t\t\t<a href='https:\/\/montreal.wordcamp.org\/2016-fr\/macarons\/speaking-fr\/'><img loading=\"lazy\" decoding=\"async\" width=\"300\" height=\"300\" src=\"https:\/\/montreal.wordcamp.org\/2016-fr\/files\/2016\/06\/speaking-fr-300x300.png\" class=\"attachment-medium size-medium\" alt=\"\" srcset=\"https:\/\/montreal.wordcamp.org\/2016-fr\/files\/2016\/06\/speaking-fr-300x300.png 300w, https:\/\/montreal.wordcamp.org\/2016-fr\/files\/2016\/06\/speaking-fr-150x150.png 150w, https:\/\/montreal.wordcamp.org\/2016-fr\/files\/2016\/06\/speaking-fr.png 604w\" sizes=\"auto, (max-width: 300px) 85vw, 300px\" \/><\/a>\n\t\t\t<\/div><\/figure><figure class='gallery-item'>\n\t\t\t<div class='gallery-icon landscape'>\n\t\t\t\t<a href='https:\/\/montreal.wordcamp.org\/2016-fr\/macarons\/speaking-en\/'><img loading=\"lazy\" decoding=\"async\" width=\"300\" height=\"300\" src=\"https:\/\/montreal.wordcamp.org\/2016-fr\/files\/2016\/06\/speaking-en-300x300.png\" class=\"attachment-medium size-medium\" alt=\"\" srcset=\"https:\/\/montreal.wordcamp.org\/2016-fr\/files\/2016\/06\/speaking-en-300x300.png 300w, https:\/\/montreal.wordcamp.org\/2016-fr\/files\/2016\/06\/speaking-en-150x150.png 150w, https:\/\/montreal.wordcamp.org\/2016-fr\/files\/2016\/06\/speaking-en.png 604w\" sizes=\"auto, (max-width: 300px) 85vw, 300px\" \/><\/a>\n\t\t\t<\/div><\/figure><figure class='gallery-item'>\n\t\t\t<div class='gallery-icon landscape'>\n\t\t\t\t<a href='https:\/\/montreal.wordcamp.org\/2016-fr\/macarons\/volunteer-fr\/'><img loading=\"lazy\" decoding=\"async\" width=\"300\" height=\"300\" src=\"https:\/\/montreal.wordcamp.org\/2016-fr\/files\/2016\/06\/volunteer-fr-300x300.png\" class=\"attachment-medium size-medium\" alt=\"\" srcset=\"https:\/\/montreal.wordcamp.org\/2016-fr\/files\/2016\/06\/volunteer-fr-300x300.png 300w, https:\/\/montreal.wordcamp.org\/2016-fr\/files\/2016\/06\/volunteer-fr-150x150.png 150w, https:\/\/montreal.wordcamp.org\/2016-fr\/files\/2016\/06\/volunteer-fr.png 604w\" sizes=\"auto, (max-width: 300px) 85vw, 300px\" \/><\/a>\n\t\t\t<\/div><\/figure><figure class='gallery-item'>\n\t\t\t<div class='gallery-icon landscape'>\n\t\t\t\t<a href='https:\/\/montreal.wordcamp.org\/2016-fr\/macarons\/volunteer-en\/'><img loading=\"lazy\" decoding=\"async\" width=\"300\" height=\"300\" src=\"https:\/\/montreal.wordcamp.org\/2016-fr\/files\/2016\/06\/volunteer-en-300x300.png\" class=\"attachment-medium size-medium\" alt=\"\" srcset=\"https:\/\/montreal.wordcamp.org\/2016-fr\/files\/2016\/06\/volunteer-en-300x300.png 300w, https:\/\/montreal.wordcamp.org\/2016-fr\/files\/2016\/06\/volunteer-en-150x150.png 150w, https:\/\/montreal.wordcamp.org\/2016-fr\/files\/2016\/06\/volunteer-en.png 604w\" sizes=\"auto, (max-width: 300px) 85vw, 300px\" \/><\/a>\n\t\t\t<\/div><\/figure><figure class='gallery-item'>\n\t\t\t<div class='gallery-icon landscape'>\n\t\t\t\t<a href='https:\/\/montreal.wordcamp.org\/2016-fr\/macarons\/microsponsor-fr\/'><img loading=\"lazy\" decoding=\"async\" width=\"300\" height=\"300\" src=\"https:\/\/montreal.wordcamp.org\/2016-fr\/files\/2016\/06\/microsponsor-fr-300x300.png\" class=\"attachment-medium size-medium\" alt=\"\" srcset=\"https:\/\/montreal.wordcamp.org\/2016-fr\/files\/2016\/06\/microsponsor-fr-300x300.png 300w, https:\/\/montreal.wordcamp.org\/2016-fr\/files\/2016\/06\/microsponsor-fr-150x150.png 150w, https:\/\/montreal.wordcamp.org\/2016-fr\/files\/2016\/06\/microsponsor-fr.png 604w\" sizes=\"auto, (max-width: 300px) 85vw, 300px\" \/><\/a>\n\t\t\t<\/div><\/figure><figure class='gallery-item'>\n\t\t\t<div class='gallery-icon landscape'>\n\t\t\t\t<a href='https:\/\/montreal.wordcamp.org\/2016-fr\/macarons\/microsponsor-en\/'><img loading=\"lazy\" decoding=\"async\" width=\"300\" height=\"300\" src=\"https:\/\/montreal.wordcamp.org\/2016-fr\/files\/2016\/06\/microsponsor-en-300x300.png\" class=\"attachment-medium size-medium\" alt=\"\" srcset=\"https:\/\/montreal.wordcamp.org\/2016-fr\/files\/2016\/06\/microsponsor-en-300x300.png 300w, https:\/\/montreal.wordcamp.org\/2016-fr\/files\/2016\/06\/microsponsor-en-150x150.png 150w, https:\/\/montreal.wordcamp.org\/2016-fr\/files\/2016\/06\/microsponsor-en.png 604w\" sizes=\"auto, (max-width: 300px) 85vw, 300px\" \/><\/a>\n\t\t\t<\/div><\/figure>\n\t\t<\/div>\n\n","protected":false},"excerpt":{"rendered":"<p>D\u00e9montrez votre participation \u00e0 WordCamp Montr\u00e9al avec un macaron web! T\u00e9l\u00e9chargez-les et ajoutez-les \u00e0 votre site Web. Veuillez s\u2019il vous pla\u00eet ajouter \u00e0 l\u2019image un hyperlien vers 2016-fr.montreal.wordcamp.org, \u00e0 votre pr\u00e9sentation ou \u00e0 votre page de commanditaire si c\u2019est le cas. &nbsp;<\/p>\n","protected":false},"author":13996737,"featured_media":0,"parent":0,"menu_order":0,"comment_status":"closed","ping_status":"closed","template":"","meta":{"jetpack_post_was_ever_published":false,"footnotes":""},"class_list":["post-1439","page","type-page","status-publish","hentry"],"jetpack_sharing_enabled":true,"jetpack_shortlink":"https:\/\/wp.me\/P7owQe-nd","_links":{"self":[{"href":"https:\/\/montreal.wordcamp.org\/2016-fr\/wp-json\/wp\/v2\/pages\/1439","targetHints":{"allow":["GET"]}}],"collection":[{"href":"https:\/\/montreal.wordcamp.org\/2016-fr\/wp-json\/wp\/v2\/pages"}],"about":[{"href":"https:\/\/montreal.wordcamp.org\/2016-fr\/wp-json\/wp\/v2\/types\/page"}],"author":[{"embeddable":true,"href":"https:\/\/montreal.wordcamp.org\/2016-fr\/wp-json\/wp\/v2\/users\/13996737"}],"replies":[{"embeddable":true,"href":"https:\/\/montreal.wordcamp.org\/2016-fr\/wp-json\/wp\/v2\/comments?post=1439"}],"version-history":[{"count":1,"href":"https:\/\/montreal.wordcamp.org\/2016-fr\/wp-json\/wp\/v2\/pages\/1439\/revisions"}],"predecessor-version":[{"id":1448,"href":"https:\/\/montreal.wordcamp.org\/2016-fr\/wp-json\/wp\/v2\/pages\/1439\/revisions\/1448"}],"wp:attachment":[{"href":"https:\/\/montreal.wordcamp.org\/2016-fr\/wp-json\/wp\/v2\/media?parent=1439"}],"curies":[{"name":"wp","href":"https:\/\/api.w.org\/{rel}","templated":true}]}}