{"id":1495,"date":"2016-07-01T19:03:50","date_gmt":"2016-07-01T23:03:50","guid":{"rendered":"https:\/\/2016-fr.montreal.wordcamp.org\/?page_id=1495"},"modified":"2016-07-01T19:03:50","modified_gmt":"2016-07-01T23:03:50","slug":"restaurants-cafes","status":"publish","type":"page","link":"https:\/\/montreal.wordcamp.org\/2016-fr\/location\/restaurants-cafes\/","title":{"rendered":"Restaurants &amp; Caf\u00e9s"},"content":{"rendered":"<div id=\"restaurants\">\n<p>Une liste des endroits o\u00f9 manger et boire dans le quartier.<\/p>\n<h2>Restaurants<\/h2>\n<table>\n<thead>\n<tr>\n<th>Restaurant<\/th>\n<th>Type<\/th>\n<th>Adresse<\/th>\n<\/tr>\n<\/thead>\n<tbody>\n<tr>\n<td class=\"restaurant\">Al Taib<\/td>\n<td class=\"type\">Pizza libanais<\/td>\n<td class=\"address\">2125, rue Guy<\/td>\n<\/tr>\n<tr>\n<td class=\"restaurant\"><a href=\"http:\/\/angelapizzeriaandrestaurant.com\/\">Angela&rsquo;s Pizza<\/a><\/td>\n<td class=\"type\">Pizza<\/td>\n<td class=\"address\">1662, de Maisonneuve O.<\/td>\n<\/tr>\n<tr>\n<td class=\"restaurant\">Antep Kebab<\/td>\n<td class=\"type\">Kebabs turke<\/td>\n<td class=\"address\">1626 de Maisonneuve O.,<\/td>\n<\/tr>\n<tr>\n<td class=\"restaurant\">A&amp;W<\/td>\n<td class=\"type\">Burgers<\/td>\n<td class=\"address\">1540, de Maisonneuve O.<\/td>\n<\/tr>\n<tr>\n<td class=\"restaurant\">Avesta<\/td>\n<td class=\"type\">Turke<\/td>\n<td class=\"address\">2077, rue Ste-Catherine O.<\/td>\n<\/tr>\n<tr>\n<td class=\"restaurant\"><a href=\"http:\/\/www.belleetboeuf.com\/\">La Belle et la Boeuf<\/a><\/td>\n<td class=\"type\">Burgers,\u00a0cuisine de brasserie<\/td>\n<td class=\"address\">1620, rue Ste-Catherine O.<\/td>\n<\/tr>\n<tr>\n<td class=\"restaurant\"><a href=\"http:\/\/www.montrealburger.com\/\">Burger Bar<\/a><\/td>\n<td class=\"type\">Burgers, salades,\u00a0ailes de poulet<\/td>\n<td class=\"address\">1465, rue Crescent<\/td>\n<\/tr>\n<tr>\n<td class=\"restaurant\">Biryani<\/td>\n<td class=\"type\">Indien<\/td>\n<td class=\"address\">niveau m\u00e9tro, Concordia<\/td>\n<\/tr>\n<tr>\n<td class=\"restaurant\"><a href=\"http:\/\/www.cocktailhawaii.com\/\">Cocktail Hawaii<\/a><\/td>\n<td class=\"type\">Cr\u00eapes, gauffres et\u00a0smoothies<\/td>\n<td class=\"address\">1645, de Maisonneuve O.<\/td>\n<\/tr>\n<tr>\n<td class=\"restaurant\"><a href=\"http:\/\/www.comptoirduchef.com\/\">Comptoir du chef<\/a><\/td>\n<td class=\"type\">Mets \u00e0 emporter<\/td>\n<td class=\"address\">2153, rue Guy<\/td>\n<\/tr>\n<tr>\n<td class=\"restaurant\"><a href=\"https:\/\/www.facebook.com\/coqocoqmtl\/\">Coq-O-Coq<\/a><\/td>\n<td class=\"type\">Poulet r\u00f4ti<\/td>\n<td class=\"address\">1625, de Maisonneuve O.<\/td>\n<\/tr>\n<tr>\n<td class=\"restaurant\"><a href=\"https:\/\/crudessence.com\/restaurants\/\">Crudessence<\/a><\/td>\n<td class=\"type\">V\u00e9g\u00e9talien et sans gluten, souvent\u00a0cru<\/td>\n<td class=\"address\">2157, rue MacKay<\/td>\n<\/tr>\n<tr>\n<td class=\"restaurant\"><a href=\"http:\/\/www.dagwoods.ca\/\">Dagwoods<\/a><\/td>\n<td class=\"type\">Sandwiches, salades<\/td>\n<td class=\"address\">1627, rue Ste-Catherine O.<\/td>\n<\/tr>\n<tr>\n<td class=\"restaurant\"><a href=\"http:\/\/www.doublepizza.net\/\">Double Pizza<\/a><\/td>\n<td class=\"type\">Pizza<\/td>\n<td class=\"address\">1632, de Maisonneuve O.<\/td>\n<\/tr>\n<tr>\n<td class=\"restaurant\"><a href=\"http:\/\/www.jugojuice.com\/\">Jugo Juice<\/a><\/td>\n<td class=\"type\">Smoothies, wraps<\/td>\n<td class=\"address\">1515, rue Ste-Catherine O. (EV building sous-sol)<\/td>\n<\/tr>\n<tr>\n<td class=\"restaurant\"><a href=\"http:\/\/www.julietteetchocolat.com\">Juliette et Chocolat<\/a><\/td>\n<td class=\"type\">Cr\u00eapes et desserts d\u00e9cadents<\/td>\n<td class=\"address\">1626, rue Ste-Catherine O.<\/td>\n<\/tr>\n<tr>\n<td class=\"restaurant\"><a href=\"http:\/\/kafein.ca\/\">Kafein caf\u00e9-bar<\/a><\/td>\n<td class=\"type\">Sandwiches, salades, focaccias, caf\u00e9<\/td>\n<td class=\"address\">1429, rue Bishop<\/td>\n<\/tr>\n<tr>\n<td class=\"restaurant\"><a href=\"http:\/\/www.lapanthereverte.com\/\">La Panth\u00e8re Verte<\/a><\/td>\n<td class=\"type\">Bio v\u00e9g\u00e9talien<\/td>\n<td class=\"address\">2153, rue MacKay<\/td>\n<\/tr>\n<tr>\n<td class=\"restaurant\"><a href=\"http:\/\/www.mckibbinsirishpub.com\/\">McKibbins Irish Pub<\/a><\/td>\n<td class=\"type\">Cuisine\u00a0de brasserie<\/td>\n<td class=\"address\">1426, rue Bishop<\/td>\n<\/tr>\n<tr>\n<td class=\"restaurant\"><a href=\"http:\/\/www.mesa14.com\/\">Mesa 14<\/a><\/td>\n<td class=\"type\">Mexicain<\/td>\n<td class=\"address\">1425, rue Bishop<\/td>\n<\/tr>\n<tr>\n<td class=\"restaurant\">Moog<\/td>\n<td class=\"type\">Chinese<\/td>\n<td class=\"address\">niveau m\u00e9tro, Concordia<\/td>\n<\/tr>\n<tr>\n<td class=\"restaurant\"><a href=\"http:\/\/thalimontreal.com\/\">Thali<\/a><\/td>\n<td class=\"type\">Indien<\/td>\n<td class=\"address\">1409, rue St-Marc<\/td>\n<\/tr>\n<tr>\n<td class=\"restaurant\"><a href=\"https:\/\/www.facebook.com\/lewarehousecrescent\/\">Le Warehouse<\/a><\/td>\n<td class=\"type\">Cuisine\u00a0de brasserie<\/td>\n<td class=\"address\">1446, rue Crescent<\/td>\n<\/tr>\n<tr>\n<td class=\"restaurant\"><a href=\"http:\/\/www.paninocafe.ca\/\">Il Panino<\/a><\/td>\n<td class=\"type\">Sandwiches and salades<\/td>\n<td class=\"address\">1435, rue Guy<\/td>\n<\/tr>\n<tr>\n<td class=\"restaurant\"><a href=\"http:\/\/m4burritos.ca\/\">M4 Burrito<\/a><\/td>\n<td class=\"type\">Mexicain<\/td>\n<td class=\"address\">1530, de Maisonneuve O.<\/td>\n<\/tr>\n<tr>\n<td class=\"restaurant\">Qing Hua<\/td>\n<td class=\"type\">Dumplings chinois<\/td>\n<td class=\"address\">1676 ave. Lincoln<\/td>\n<\/tr>\n<\/tbody>\n<\/table>\n<h2>Caf\u00e9s<\/h2>\n<table>\n<thead>\n<tr>\n<th>Caf\u00e9<\/th>\n<th>Type<\/th>\n<th>Adresse<\/th>\n<\/tr>\n<\/thead>\n<tbody>\n<tr>\n<td class=\"cafe\"><a href=\"http:\/\/www.cafedepot.com\/\">Caf\u00e9 D\u00e9p\u00f4t<\/a><\/td>\n<td class=\"type\">Caf\u00e9 et collations<\/td>\n<td class=\"address\">1490, de Maisonneuve O.<\/td>\n<\/tr>\n<tr>\n<td class=\"cafe\"><a href=\"http:\/\/www.cafemyriade.com\/\">Caf\u00e9 Myriade<\/a><\/td>\n<td class=\"type\">Tr\u00e8s bon caf\u00e9<\/td>\n<td class=\"address\">1432, rue MacKay<\/td>\n<\/tr>\n<tr>\n<td class=\"cafe\"><a href=\"http:\/\/www.starbucks.ca\/\">Starbucks<\/a><\/td>\n<td class=\"type\">Caf\u00e9<\/td>\n<td class=\"address\">2000, rue Guy<br \/>\n1616, rue Ste-Catherine O.<\/td>\n<\/tr>\n<tr>\n<td class=\"cafe\"><a href=\"www.timhortons.com\/ca\">Tim Hortons<\/a><\/td>\n<td class=\"type\">Caf\u00e9 et beignes<\/td>\n<td class=\"address\">2081, rue Guy<br \/>\n1611, rue Ste-Catherine O.<\/td>\n<\/tr>\n<\/tbody>\n<\/table>\n<\/div>\n","protected":false},"excerpt":{"rendered":"<p>Une liste des endroits o\u00f9 manger et boire dans le quartier. Restaurants Restaurant Type Adresse Al Taib Pizza libanais 2125, rue Guy Angela&rsquo;s Pizza Pizza 1662, de Maisonneuve O. Antep Kebab Kebabs turke 1626 de Maisonneuve O., A&amp;W Burgers 1540, de Maisonneuve O. Avesta Turke 2077, rue Ste-Catherine O. La Belle et la Boeuf Burgers,\u00a0cuisine &hellip; <a href=\"https:\/\/montreal.wordcamp.org\/2016-fr\/location\/restaurants-cafes\/\" class=\"more-link\">Continuer la lecture de<span class=\"screen-reader-text\"> &laquo;Restaurants &amp; Caf\u00e9s&raquo;<\/span><\/a><\/p>\n","protected":false},"author":7603359,"featured_media":0,"parent":11,"menu_order":0,"comment_status":"closed","ping_status":"closed","template":"","meta":{"jetpack_post_was_ever_published":false,"footnotes":""},"class_list":["post-1495","page","type-page","status-publish","hentry"],"jetpack_sharing_enabled":true,"jetpack_shortlink":"https:\/\/wp.me\/P7owQe-o7","_links":{"self":[{"href":"https:\/\/montreal.wordcamp.org\/2016-fr\/wp-json\/wp\/v2\/pages\/1495","targetHints":{"allow":["GET"]}}],"collection":[{"href":"https:\/\/montreal.wordcamp.org\/2016-fr\/wp-json\/wp\/v2\/pages"}],"about":[{"href":"https:\/\/montreal.wordcamp.org\/2016-fr\/wp-json\/wp\/v2\/types\/page"}],"author":[{"embeddable":true,"href":"https:\/\/montreal.wordcamp.org\/2016-fr\/wp-json\/wp\/v2\/users\/7603359"}],"replies":[{"embeddable":true,"href":"https:\/\/montreal.wordcamp.org\/2016-fr\/wp-json\/wp\/v2\/comments?post=1495"}],"version-history":[{"count":4,"href":"https:\/\/montreal.wordcamp.org\/2016-fr\/wp-json\/wp\/v2\/pages\/1495\/revisions"}],"predecessor-version":[{"id":1505,"href":"https:\/\/montreal.wordcamp.org\/2016-fr\/wp-json\/wp\/v2\/pages\/1495\/revisions\/1505"}],"up":[{"embeddable":true,"href":"https:\/\/montreal.wordcamp.org\/2016-fr\/wp-json\/wp\/v2\/pages\/11"}],"wp:attachment":[{"href":"https:\/\/montreal.wordcamp.org\/2016-fr\/wp-json\/wp\/v2\/media?parent=1495"}],"curies":[{"name":"wp","href":"https:\/\/api.w.org\/{rel}","templated":true}]}}