{"id":1589,"date":"2016-07-20T20:14:20","date_gmt":"2016-07-21T00:14:20","guid":{"rendered":"https:\/\/2016-fr.montreal.wordcamp.org\/?page_id=1589"},"modified":"2016-07-20T21:08:20","modified_gmt":"2016-07-21T01:08:20","slug":"afterparty","status":"publish","type":"page","link":"https:\/\/montreal.wordcamp.org\/2016-fr\/programme\/afterparty\/","title":{"rendered":"Afterparty"},"content":{"rendered":"<p>Le samedi 23 juillet \u00e0 19h<br \/>\nBar Salon Cin\u00e9math\u00e8que Qu\u00e9b\u00e9coise, 335 boulevard de Maisonneuve E.<\/p>\n<p>Ayez\u00a0votre badge WordCamp, vous en aurez de besoin pour acc\u00e9der au party.<\/p>\n<div class=\"googlemaps\">\n\t\t\t\t<iframe loading=\"lazy\" width=\"400\" height=\"300\" frameborder=\"0\" scrolling=\"no\" marginheight=\"0\" marginwidth=\"0\"  src=\"https:\/\/www.google.com\/maps\/embed?pb=!1m14!1m8!1m3!1d11183.234291763381!2d-73.562704!3d45.513932!3m2!1i1024!2i768!4f13.1!3m3!1m2!1s0x0:0x350b7411a0c30170!2zQ2luw6ltYXRow6hxdWUgcXXDqWJlY29pc2U!5e0!3m2!1sen!2sca!4v1469059775750\"><\/iframe>\n\t\t\t<\/div>\n<p>L&rsquo;afterparty WordCamp Montr\u00e9al est commandit\u00e9 par :<\/p>\n<p><a href=\"https:\/\/2016-fr.montreal.wordcamp.org\/sponsor\/hover\/\"><img loading=\"lazy\" decoding=\"async\" class=\"alignnone wp-image-1003 size-medium\" src=\"https:\/\/2016.montreal.wordcamp.org\/files\/2016\/06\/hover300-300x90.png\" alt=\"Hover\" width=\"300\" height=\"90\" \/><\/a><\/p>\n","protected":false},"excerpt":{"rendered":"<p>Le samedi 23 juillet \u00e0 19h Bar Salon Cin\u00e9math\u00e8que Qu\u00e9b\u00e9coise, 335 boulevard de Maisonneuve E. Ayez\u00a0votre badge WordCamp, vous en aurez de besoin pour acc\u00e9der au party. L&rsquo;afterparty WordCamp Montr\u00e9al est commandit\u00e9 par :<\/p>\n","protected":false},"author":13996737,"featured_media":0,"parent":58,"menu_order":0,"comment_status":"closed","ping_status":"closed","template":"","meta":{"jetpack_post_was_ever_published":false,"footnotes":""},"class_list":["post-1589","page","type-page","status-publish","hentry"],"jetpack_sharing_enabled":true,"jetpack_shortlink":"https:\/\/wp.me\/P7owQe-pD","_links":{"self":[{"href":"https:\/\/montreal.wordcamp.org\/2016-fr\/wp-json\/wp\/v2\/pages\/1589","targetHints":{"allow":["GET"]}}],"collection":[{"href":"https:\/\/montreal.wordcamp.org\/2016-fr\/wp-json\/wp\/v2\/pages"}],"about":[{"href":"https:\/\/montreal.wordcamp.org\/2016-fr\/wp-json\/wp\/v2\/types\/page"}],"author":[{"embeddable":true,"href":"https:\/\/montreal.wordcamp.org\/2016-fr\/wp-json\/wp\/v2\/users\/13996737"}],"replies":[{"embeddable":true,"href":"https:\/\/montreal.wordcamp.org\/2016-fr\/wp-json\/wp\/v2\/comments?post=1589"}],"version-history":[{"count":4,"href":"https:\/\/montreal.wordcamp.org\/2016-fr\/wp-json\/wp\/v2\/pages\/1589\/revisions"}],"predecessor-version":[{"id":1600,"href":"https:\/\/montreal.wordcamp.org\/2016-fr\/wp-json\/wp\/v2\/pages\/1589\/revisions\/1600"}],"up":[{"embeddable":true,"href":"https:\/\/montreal.wordcamp.org\/2016-fr\/wp-json\/wp\/v2\/pages\/58"}],"wp:attachment":[{"href":"https:\/\/montreal.wordcamp.org\/2016-fr\/wp-json\/wp\/v2\/media?parent=1589"}],"curies":[{"name":"wp","href":"https:\/\/api.w.org\/{rel}","templated":true}]}}