{"id":39,"date":"2016-04-27T17:33:31","date_gmt":"2016-04-27T21:33:31","guid":{"rendered":"https:\/\/2016-fr.montreal.wordcamp.org\/?page_id=39"},"modified":"2016-05-03T11:40:08","modified_gmt":"2016-05-03T15:40:08","slug":"devenir-commanditaire","status":"publish","type":"page","link":"https:\/\/montreal.wordcamp.org\/2016-fr\/commanditaires\/devenir-commanditaire\/","title":{"rendered":"Devenir commanditaire"},"content":{"rendered":"<p>Les entreprises d\u00e9sirant se faire conna\u00eetre dans le monde du web, surtout aupr\u00e8s des experts WordPress, on acc\u00e8s \u00e0 une fa\u00e7on id\u00e9ale de se rapprocher de ceux-ci tout en participant \u00e0 un \u00e9v\u00e8nement de qualit\u00e9. Les noms et liens des commanditaires seront affich\u00e9s sur le site Web de WordCamp Montr\u00e9al dans la colonne de droite, et plus de d\u00e9tail sur leur entreprise sera disponible sur la page des commanditaires. Les logos seront ajout\u00e9s \u00e0 notre site au niveau aluminum et sup\u00e9rieur. Nous ajouterons \u00e9galement votre logo sur notre mat\u00e9riel imprim\u00e9 au niveau argent et sup\u00e9rieur.<\/p>\n<p><a class=\"simple-button\" href=\"https:\/\/docs.google.com\/forms\/d\/19yhwS23_ZVxdoqNcTnvwqPf5XXcPEh_7Sev7-cm3dRY\/viewform?c=0&amp;w=1\"><span class=\"sponsor-icon\">OFFRE DE COMMANDITE<\/span><\/a><\/p>\n<h3>Niveaux de commandites<\/h3>\n<ul>\n<li>Or 5 000 $<\/li>\n<li>Argent 2 000 $<\/li>\n<li>Bronze 1 000 $<\/li>\n<li>Aluminum 500 $<\/li>\n<li>Micro-commanditaire 200 $ <em>Pour les pigistes et tr\u00e8s tr\u00e8s petites entreprises uniquement.<\/em><\/li>\n<\/ul>\n<h3>Inscriptions<\/h3>\n<p>Pour devenir micro-commanditaire, veuillez <a href=\"https:\/\/montreal.wordcamp.org\/2015\/tickets\/\">acheter un billet micro-commanditaire<\/a>.<\/p>\n<p>Autres niveaux: Veuillez remplir notre formulaire pour nous signifier votre int\u00e9r\u00eat \u00e0 commanditer WordCamp Montr\u00e9al. Nous vous contacterons d\u00e8s que possible afin de discuter des \u00e9tapes suivantes.<\/p>\n<p><a class=\"simple-button\" href=\"https:\/\/docs.google.com\/forms\/d\/19yhwS23_ZVxdoqNcTnvwqPf5XXcPEh_7Sev7-cm3dRY\/viewform?c=0&amp;w=1\"><span class=\"sponsor-icon\">OFFRE DE COMMANDITE<\/span><\/a><\/p>\n","protected":false},"excerpt":{"rendered":"<p>Les entreprises d\u00e9sirant se faire conna\u00eetre dans le monde du web, surtout aupr\u00e8s des experts WordPress, on acc\u00e8s \u00e0 une fa\u00e7on id\u00e9ale de se rapprocher de ceux-ci tout en participant \u00e0 un \u00e9v\u00e8nement de qualit\u00e9. Les noms et liens des commanditaires seront affich\u00e9s sur le site Web de WordCamp Montr\u00e9al dans la colonne de droite, &hellip; <a href=\"https:\/\/montreal.wordcamp.org\/2016-fr\/commanditaires\/devenir-commanditaire\/\" class=\"more-link\">Continuer la lecture de<span class=\"screen-reader-text\"> &laquo;Devenir commanditaire&raquo;<\/span><\/a><\/p>\n","protected":false},"author":13996737,"featured_media":0,"parent":10,"menu_order":0,"comment_status":"closed","ping_status":"closed","template":"","meta":{"jetpack_post_was_ever_published":false,"footnotes":""},"class_list":["post-39","page","type-page","status-publish","hentry"],"jetpack_sharing_enabled":true,"jetpack_shortlink":"https:\/\/wp.me\/P7owQe-D","_links":{"self":[{"href":"https:\/\/montreal.wordcamp.org\/2016-fr\/wp-json\/wp\/v2\/pages\/39","targetHints":{"allow":["GET"]}}],"collection":[{"href":"https:\/\/montreal.wordcamp.org\/2016-fr\/wp-json\/wp\/v2\/pages"}],"about":[{"href":"https:\/\/montreal.wordcamp.org\/2016-fr\/wp-json\/wp\/v2\/types\/page"}],"author":[{"embeddable":true,"href":"https:\/\/montreal.wordcamp.org\/2016-fr\/wp-json\/wp\/v2\/users\/13996737"}],"replies":[{"embeddable":true,"href":"https:\/\/montreal.wordcamp.org\/2016-fr\/wp-json\/wp\/v2\/comments?post=39"}],"version-history":[{"count":5,"href":"https:\/\/montreal.wordcamp.org\/2016-fr\/wp-json\/wp\/v2\/pages\/39\/revisions"}],"predecessor-version":[{"id":221,"href":"https:\/\/montreal.wordcamp.org\/2016-fr\/wp-json\/wp\/v2\/pages\/39\/revisions\/221"}],"up":[{"embeddable":true,"href":"https:\/\/montreal.wordcamp.org\/2016-fr\/wp-json\/wp\/v2\/pages\/10"}],"wp:attachment":[{"href":"https:\/\/montreal.wordcamp.org\/2016-fr\/wp-json\/wp\/v2\/media?parent=39"}],"curies":[{"name":"wp","href":"https:\/\/api.w.org\/{rel}","templated":true}]}}