{"id":43,"date":"2016-04-27T17:34:15","date_gmt":"2016-04-27T21:34:15","guid":{"rendered":"https:\/\/2016-fr.montreal.wordcamp.org\/?page_id=43"},"modified":"2016-06-26T16:22:22","modified_gmt":"2016-06-26T20:22:22","slug":"benevoles","status":"publish","type":"page","link":"https:\/\/montreal.wordcamp.org\/2016-fr\/benevoles\/","title":{"rendered":"B\u00e9n\u00e9voles"},"content":{"rendered":"<h3 id=\"happiness\">\u00ab\u00a0Happiness Bar\u00a0\u00bb<\/h3>\n<p>Le\u00ab Happiness Bar \u00bb\u00a0est une activit\u00e9 sp\u00e9ciale \u00e0 WordCamp o\u00f9 des experts WordPress offrent aide et conseils aux participants de la conf\u00e9rence qui auraient des questions ou probl\u00e8mes techniques sur WordPress. C\u2019est une activit\u00e9 amusante et une excellente fa\u00e7on de se faire de nouveaux contacts et d\u00e9montrer votre savoir (et qui sait, un emploi pourrait m\u00eame vous \u00eatre offert!).<\/p>\n<p>Les b\u00e9n\u00e9voles au \u00ab Happiness Bar \u00bb n\u2019obtiennent pas d\u2019entr\u00e9e gratuite parce que l\u2019activit\u00e9 est amusante et gratifiante. Veuillez vous enregistrer en utilisant le formulaire ci-dessous, et vous assurer que vous cochez l\u2019option\u00ab Happiness Bar \u00bb\u00a0(naturellement, les b\u00e9n\u00e9voles \u2018normaux\u2019 sont bienvenus pour nous aider au\u00ab Happiness Bar \u00bb!)<\/p>\n<p><a href=\"http:\/\/goo.gl\/forms\/fWtlr28Tsk0dURv92\" target=\"_blank\">APPLIQUER POUR \u00caTRE B\u00c9N\u00c9VOLE \u00ab HAPPINESS BAR \u00bb<\/a><\/p>\n<p><img loading=\"lazy\" decoding=\"async\" class=\"alignnone wp-image-122707 size-full\" src=\"https:\/\/montreal.wordcamp.org\/2014-fr\/files\/2014\/05\/WPMTL2013happinessbar_11_banner.jpg\" alt=\"Happiness Bar\" width=\"900\" height=\"360\" \/><\/p>\n<p class=\"photocap\">Photos: <a href=\"http:\/\/elida.ca\">Elida Arrizza<\/a><\/p>\n<h3 id=\"happiness\">\u00ab B\u00e9n\u00e9voles \u00bb<\/h3>\n<p>Un grand merci \u00e0 tous ceux qui ont d\u00e9j\u00e0 offert leur temps en tant que b\u00e9n\u00e9vole.<\/p>\n<p><img loading=\"lazy\" decoding=\"async\" class=\"size-large wp-image-197 aligncenter\" src=\"https:\/\/2016.montreal.wordcamp.org\/files\/2016\/03\/19519922719_fece39b449_k-1024x683.jpg\" alt=\"19519922719_fece39b449_k\" width=\"840\" height=\"560\" \/><\/p>\n","protected":false},"excerpt":{"rendered":"<p>\u00ab\u00a0Happiness Bar\u00a0\u00bb Le\u00ab Happiness Bar \u00bb\u00a0est une activit\u00e9 sp\u00e9ciale \u00e0 WordCamp o\u00f9 des experts WordPress offrent aide et conseils aux participants de la conf\u00e9rence qui auraient des questions ou probl\u00e8mes techniques sur WordPress. C\u2019est une activit\u00e9 amusante et une excellente fa\u00e7on de se faire de nouveaux contacts et d\u00e9montrer votre savoir (et qui sait, un &hellip; <a href=\"https:\/\/montreal.wordcamp.org\/2016-fr\/benevoles\/\" class=\"more-link\">Continuer la lecture de<span class=\"screen-reader-text\"> &laquo;B\u00e9n\u00e9voles&raquo;<\/span><\/a><\/p>\n","protected":false},"author":13996737,"featured_media":0,"parent":0,"menu_order":5,"comment_status":"closed","ping_status":"closed","template":"","meta":{"jetpack_post_was_ever_published":false,"footnotes":""},"class_list":["post-43","page","type-page","status-publish","hentry"],"jetpack_sharing_enabled":true,"jetpack_shortlink":"https:\/\/wp.me\/P7owQe-H","_links":{"self":[{"href":"https:\/\/montreal.wordcamp.org\/2016-fr\/wp-json\/wp\/v2\/pages\/43","targetHints":{"allow":["GET"]}}],"collection":[{"href":"https:\/\/montreal.wordcamp.org\/2016-fr\/wp-json\/wp\/v2\/pages"}],"about":[{"href":"https:\/\/montreal.wordcamp.org\/2016-fr\/wp-json\/wp\/v2\/types\/page"}],"author":[{"embeddable":true,"href":"https:\/\/montreal.wordcamp.org\/2016-fr\/wp-json\/wp\/v2\/users\/13996737"}],"replies":[{"embeddable":true,"href":"https:\/\/montreal.wordcamp.org\/2016-fr\/wp-json\/wp\/v2\/comments?post=43"}],"version-history":[{"count":20,"href":"https:\/\/montreal.wordcamp.org\/2016-fr\/wp-json\/wp\/v2\/pages\/43\/revisions"}],"predecessor-version":[{"id":1438,"href":"https:\/\/montreal.wordcamp.org\/2016-fr\/wp-json\/wp\/v2\/pages\/43\/revisions\/1438"}],"wp:attachment":[{"href":"https:\/\/montreal.wordcamp.org\/2016-fr\/wp-json\/wp\/v2\/media?parent=43"}],"curies":[{"name":"wp","href":"https:\/\/api.w.org\/{rel}","templated":true}]}}