{"id":45,"date":"2016-04-27T17:34:37","date_gmt":"2016-04-27T21:34:37","guid":{"rendered":"https:\/\/2016-fr.montreal.wordcamp.org\/?page_id=45"},"modified":"2016-06-28T13:05:29","modified_gmt":"2016-06-28T17:05:29","slug":"bienvenue-a-wordcamp-montreal-2016","status":"publish","type":"page","link":"https:\/\/montreal.wordcamp.org\/2016-fr\/","title":{"rendered":"Bienvenue \u00e0 WordCamp Montr\u00e9al 2016"},"content":{"rendered":"<p style=\"text-align: left\"><img loading=\"lazy\" decoding=\"async\" class=\"alignnone wp-image-245\" src=\"https:\/\/2016.montreal.wordcamp.org\/files\/2016\/04\/map-pin.png\" alt=\"map-pin\" width=\"50\" height=\"50\" \/><strong>\u00a0Universit\u00e9 Concordia &#8211; John Molson School of Business<\/strong><\/p>\n<p>WordCamp Montr\u00e9al est une conf\u00e9rence de deux jours \u00e0 propos de WordPress, la plateforme de blogue et le syst\u00e8me de gestion de contenu le plus populaire au monde. D\u00e9veloppeurs, designers, professionnels du Web et blogueurs se rassembleront pour assister \u00e0 des pr\u00e9sentations et\u00a0des ateliers au sujet\u00a0de WordPress, et \u00e0 r\u00e9seauter.<\/p>\n<p>Cette ann\u00e9e, l&rsquo;\u00e9v\u00e9nement aura lieu \u00e0 l&rsquo;\u00e9cole de gestion John Molson School of Business au centre-ville de Montr\u00e9al.\u00a0Si vous nous rendez visite d&rsquo;ailleurs, pr\u00e9parez-vous \u00e0 un beau s\u00e9jour. L&rsquo;\u00e9t\u00e9, Montr\u00e9al bat son plein avec festivals, spectacles en plein air et foires de rue.<\/p>\n<p style=\"text-align: justify\">\n","protected":false},"excerpt":{"rendered":"<p>\u00a0Universit\u00e9 Concordia &#8211; John Molson School of Business WordCamp Montr\u00e9al est une conf\u00e9rence de deux jours \u00e0 propos de WordPress, la plateforme de blogue et le syst\u00e8me de gestion de contenu le plus populaire au monde. D\u00e9veloppeurs, designers, professionnels du Web et blogueurs se rassembleront pour assister \u00e0 des pr\u00e9sentations et\u00a0des ateliers au sujet\u00a0de WordPress, &hellip; <a href=\"https:\/\/montreal.wordcamp.org\/2016-fr\/\" class=\"more-link\">Continuer la lecture de<span class=\"screen-reader-text\"> &laquo;Bienvenue \u00e0 WordCamp Montr\u00e9al 2016&raquo;<\/span><\/a><\/p>\n","protected":false},"author":13996737,"featured_media":1466,"parent":0,"menu_order":1,"comment_status":"closed","ping_status":"closed","template":"","meta":{"jetpack_post_was_ever_published":false,"footnotes":""},"class_list":["post-45","page","type-page","status-publish","has-post-thumbnail","hentry"],"jetpack_sharing_enabled":true,"jetpack_shortlink":"https:\/\/wp.me\/P7owQe-J","_links":{"self":[{"href":"https:\/\/montreal.wordcamp.org\/2016-fr\/wp-json\/wp\/v2\/pages\/45","targetHints":{"allow":["GET"]}}],"collection":[{"href":"https:\/\/montreal.wordcamp.org\/2016-fr\/wp-json\/wp\/v2\/pages"}],"about":[{"href":"https:\/\/montreal.wordcamp.org\/2016-fr\/wp-json\/wp\/v2\/types\/page"}],"author":[{"embeddable":true,"href":"https:\/\/montreal.wordcamp.org\/2016-fr\/wp-json\/wp\/v2\/users\/13996737"}],"replies":[{"embeddable":true,"href":"https:\/\/montreal.wordcamp.org\/2016-fr\/wp-json\/wp\/v2\/comments?post=45"}],"version-history":[{"count":3,"href":"https:\/\/montreal.wordcamp.org\/2016-fr\/wp-json\/wp\/v2\/pages\/45\/revisions"}],"predecessor-version":[{"id":111,"href":"https:\/\/montreal.wordcamp.org\/2016-fr\/wp-json\/wp\/v2\/pages\/45\/revisions\/111"}],"wp:featuredmedia":[{"embeddable":true,"href":"https:\/\/montreal.wordcamp.org\/2016-fr\/wp-json\/wp\/v2\/media\/1466"}],"wp:attachment":[{"href":"https:\/\/montreal.wordcamp.org\/2016-fr\/wp-json\/wp\/v2\/media?parent=45"}],"curies":[{"name":"wp","href":"https:\/\/api.w.org\/{rel}","templated":true}]}}