{"id":13,"date":"2016-03-07T23:54:53","date_gmt":"2016-03-08T04:54:53","guid":{"rendered":"https:\/\/2016.montreal.wordcamp.org\/?page_id=13"},"modified":"2016-07-24T11:52:24","modified_gmt":"2016-07-24T15:52:24","slug":"tickets","status":"publish","type":"page","link":"https:\/\/montreal.wordcamp.org\/2016\/tickets\/","title":{"rendered":"Tickets"},"content":{"rendered":"<p>After July 8, t-shirt sizes and meal choices will not be guaranteed.<strong> No tickets at the door.<\/strong> Please note that <strong>refunds are not available<\/strong>. All minors must be accompanied by a parent at all times. All registrations include both days of the event, one catered lunch and some fun swag.<\/p>\n<p>Apr\u00e8s le 8\u00a0juillet, les choix de taille de t-shirt et de repas ne seront pas assur\u00e9es. <strong>Aucun billet \u00e0 la porte.<\/strong> Veuillez noter qu\u2019<strong>aucun remboursement n\u2019est possible<\/strong>. Toute personne d&#8217;\u00e2ge mineur doit \u00eatre accompagn\u00e9 d&#8217;un parent en tout temps. Les inscriptions comprennent les deux jours de l&#8217;\u00e9v\u00e9nement, un d\u00eener et un cadeau.<\/p>\n<a href=\"https:\/\/montreal.wordcamp.org\/2016\/tickets\/\">Please view this page in a browser to purchase or manage tickets.<\/a>\n","protected":false},"excerpt":{"rendered":"<p>After July 8, t-shirt sizes and meal choices will not be guaranteed. No tickets at the door. Please note that refunds are not available. All minors must be accompanied by a parent at all times. All registrations include both days of the event, one catered lunch and some fun swag. Apr\u00e8s le 8\u00a0juillet, les choix &hellip; <a href=\"https:\/\/montreal.wordcamp.org\/2016\/tickets\/\" class=\"more-link\">Continue reading<span class=\"screen-reader-text\"> &#8220;Tickets&#8221;<\/span><\/a><\/p>\n","protected":false},"author":5060622,"featured_media":429,"parent":0,"menu_order":7,"comment_status":"closed","ping_status":"closed","template":"","meta":{"jetpack_post_was_ever_published":false,"footnotes":""},"class_list":["post-13","page","type-page","status-publish","has-post-thumbnail","hentry"],"jetpack_sharing_enabled":true,"_links":{"self":[{"href":"https:\/\/montreal.wordcamp.org\/2016\/wp-json\/wp\/v2\/pages\/13","targetHints":{"allow":["GET"]}}],"collection":[{"href":"https:\/\/montreal.wordcamp.org\/2016\/wp-json\/wp\/v2\/pages"}],"about":[{"href":"https:\/\/montreal.wordcamp.org\/2016\/wp-json\/wp\/v2\/types\/page"}],"author":[{"embeddable":true,"href":"https:\/\/montreal.wordcamp.org\/2016\/wp-json\/wp\/v2\/users\/5060622"}],"replies":[{"embeddable":true,"href":"https:\/\/montreal.wordcamp.org\/2016\/wp-json\/wp\/v2\/comments?post=13"}],"version-history":[{"count":9,"href":"https:\/\/montreal.wordcamp.org\/2016\/wp-json\/wp\/v2\/pages\/13\/revisions"}],"predecessor-version":[{"id":2139,"href":"https:\/\/montreal.wordcamp.org\/2016\/wp-json\/wp\/v2\/pages\/13\/revisions\/2139"}],"wp:featuredmedia":[{"embeddable":true,"href":"https:\/\/montreal.wordcamp.org\/2016\/wp-json\/wp\/v2\/media\/429"}],"wp:attachment":[{"href":"https:\/\/montreal.wordcamp.org\/2016\/wp-json\/wp\/v2\/media?parent=13"}],"curies":[{"name":"wp","href":"https:\/\/api.w.org\/{rel}","templated":true}]}}