{"id":1658,"date":"2016-07-01T14:18:40","date_gmt":"2016-07-01T18:18:40","guid":{"rendered":"https:\/\/2016.montreal.wordcamp.org\/?page_id=1658"},"modified":"2016-07-01T16:28:32","modified_gmt":"2016-07-01T20:28:32","slug":"restaurants","status":"publish","type":"page","link":"https:\/\/montreal.wordcamp.org\/2016\/location\/restaurants\/","title":{"rendered":"Restaurants"},"content":{"rendered":"<div id=\"restaurants\">\n<p>A compilation of places to eat and drink in the area.<\/p>\n<h2>Restaurants<\/h2>\n<table>\n<thead>\n<tr>\n<th>Restaurant<\/th>\n<th>Type<\/th>\n<th>Address<\/th>\n<\/tr>\n<\/thead>\n<tbody>\n<tr>\n<td class=\"restaurant\">Al Taib<\/td>\n<td class=\"type\">Lebanese-style pizza<\/td>\n<td class=\"address\">2125, rue Guy<\/td>\n<\/tr>\n<tr>\n<td class=\"restaurant\"><a href=\"http:\/\/angelapizzeriaandrestaurant.com\/\">Angela&#8217;s Pizza<\/a><\/td>\n<td class=\"type\">Pizza<\/td>\n<td class=\"address\">1662, de Maisonneuve O.<\/td>\n<\/tr>\n<tr>\n<td class=\"restaurant\">Antep Kebab<\/td>\n<td class=\"type\">Turkish meat kebabs<\/td>\n<td class=\"address\">1626 de Maisonneuve O.,<\/td>\n<\/tr>\n<tr>\n<td class=\"restaurant\">A&amp;W<\/td>\n<td class=\"type\">Fast food<\/td>\n<td class=\"address\">1540, de Maisonneuve O.<\/td>\n<\/tr>\n<tr>\n<td class=\"restaurant\">Avesta<\/td>\n<td class=\"type\">Turkish<\/td>\n<td class=\"address\">2077, rue Ste-Catherine O.<\/td>\n<\/tr>\n<tr>\n<td class=\"restaurant\"><a href=\"http:\/\/www.belleetboeuf.com\/\">La Belle et la Boeuf<\/a><\/td>\n<td class=\"type\">Burgers, pub food<\/td>\n<td class=\"address\">1620, rue Ste-Catherine O.<\/td>\n<\/tr>\n<tr>\n<td class=\"restaurant\"><a href=\"http:\/\/www.montrealburger.com\/\">Burger Bar<\/a><\/td>\n<td class=\"type\">Burgers, salads, wings<\/td>\n<td class=\"address\">1465, rue Crescent<\/td>\n<\/tr>\n<tr>\n<td class=\"restaurant\">Biryani<\/td>\n<td class=\"type\">Indian<\/td>\n<td class=\"address\">Metro level, Concordia<\/td>\n<\/tr>\n<tr>\n<td class=\"restaurant\"><a href=\"http:\/\/www.cocktailhawaii.com\/\">Cocktail Hawaii<\/a><\/td>\n<td class=\"type\">Cr\u00eapes, waffles, &amp; fruit smoothies<\/td>\n<td class=\"address\">1645, de Maisonneuve O.<\/td>\n<\/tr>\n<tr>\n<td class=\"restaurant\"><a href=\"http:\/\/www.comptoirduchef.com\/\">Comptoir du chef<\/a><\/td>\n<td class=\"type\">Ready-to-go meals<\/td>\n<td class=\"address\">2153, rue Guy<\/td>\n<\/tr>\n<tr>\n<td class=\"restaurant\"><a href=\"https:\/\/www.facebook.com\/coqocoqmtl\/\">Coq-O-Coq<\/a><\/td>\n<td class=\"type\">R\u00f4tisserie chicken<\/td>\n<td class=\"address\">1625, de Maisonneuve O.<\/td>\n<\/tr>\n<tr>\n<td class=\"restaurant\"><a href=\"https:\/\/crudessence.com\/restaurants\/\">Crudessence<\/a><\/td>\n<td class=\"type\">Gluten-free vegan, mostly raw<\/td>\n<td class=\"address\">2157, rue MacKay<\/td>\n<\/tr>\n<tr>\n<td class=\"restaurant\"><a href=\"http:\/\/www.dagwoods.ca\/\">Dagwoods<\/a><\/td>\n<td class=\"type\">Sandwiches, salads<\/td>\n<td class=\"address\">1627, rue Ste-Catherine O.<\/td>\n<\/tr>\n<tr>\n<td class=\"restaurant\"><a href=\"http:\/\/www.doublepizza.net\/\">Double Pizza<\/a><\/td>\n<td class=\"type\">Pizza<\/td>\n<td class=\"address\">1632, de Maisonneuve O.<\/td>\n<\/tr>\n<tr>\n<td class=\"restaurant\"><a href=\"http:\/\/www.jugojuice.com\/\">Jugo Juice<\/a><\/td>\n<td class=\"type\">Smoothies, wraps<\/td>\n<td class=\"address\">1515, rue Ste-Catherine O. (EV building sub-basement)<\/td>\n<\/tr>\n<tr>\n<td class=\"restaurant\"><a href=\"http:\/\/www.julietteetchocolat.com\">Juliette et Chocolat<\/a><\/td>\n<td class=\"type\">Cr\u00eapes &amp; decadent desserts<\/td>\n<td class=\"address\">1626, rue Ste-Catherine O.<\/td>\n<\/tr>\n<tr>\n<td class=\"restaurant\"><a href=\"http:\/\/kafein.ca\/\">Kaffein caf\u00e9-bar<\/a><\/td>\n<td class=\"type\">Sandwiches, salads, focaccias, coffee<\/td>\n<td class=\"address\">1429, rue Bishop<\/td>\n<\/tr>\n<tr>\n<td class=\"restaurant\"><a href=\"http:\/\/www.lapanthereverte.com\/\">La Panth\u00e8re Verte<\/a><\/td>\n<td class=\"type\">Organic vegan<\/td>\n<td class=\"address\">2153, rue MacKay<\/td>\n<\/tr>\n<tr>\n<td class=\"restaurant\"><a href=\"http:\/\/www.mckibbinsirishpub.com\/\">McKibbins Irish Pub<\/a><\/td>\n<td class=\"type\">Pub food<\/td>\n<td class=\"address\">1426, rue Bishop<\/td>\n<\/tr>\n<tr>\n<td class=\"restaurant\"><a href=\"http:\/\/www.mesa14.com\/\">Mesa 14<\/a><\/td>\n<td class=\"type\">Mexican<\/td>\n<td class=\"address\">1425, rue Bishop<\/td>\n<\/tr>\n<tr>\n<td class=\"restaurant\">Moog<\/td>\n<td class=\"type\">Chinese<\/td>\n<td class=\"address\">Metro level, Concordia<\/td>\n<\/tr>\n<tr>\n<td class=\"restaurant\"><a href=\"http:\/\/thalimontreal.com\/\">Thali<\/a><\/td>\n<td class=\"type\">Indian<\/td>\n<td class=\"address\">1409, rue St-Marc<\/td>\n<\/tr>\n<tr>\n<td class=\"restaurant\"><a href=\"https:\/\/www.facebook.com\/lewarehousecrescent\/\">Le Warehouse<\/a><\/td>\n<td class=\"type\">Pub food<\/td>\n<td class=\"address\">1446, rue Crescent<\/td>\n<\/tr>\n<tr>\n<td class=\"restaurant\"><a href=\"http:\/\/www.paninocafe.ca\/\">Il Panino<\/a><\/td>\n<td class=\"type\">Sandwiches and salads<\/td>\n<td class=\"address\">1435, rue Guy<\/td>\n<\/tr>\n<tr>\n<td class=\"restaurant\"><a href=\"http:\/\/m4burritos.ca\/\">M4 Burrito<\/a><\/td>\n<td class=\"type\">Mexican<\/td>\n<td class=\"address\">1530, de Maisonneuve O.<\/td>\n<\/tr>\n<tr>\n<td class=\"restaurant\">Qing Hua<\/td>\n<td class=\"type\">Chinese dumplings<\/td>\n<td class=\"address\">1676 ave. Lincoln<\/td>\n<\/tr>\n<\/tbody>\n<\/table>\n<h2>Coffee Shops<\/h2>\n<table>\n<thead>\n<tr>\n<th>Caf\u00e9<\/th>\n<th>Type<\/th>\n<th>Address<\/th>\n<\/tr>\n<\/thead>\n<tbody>\n<tr>\n<td class=\"cafe\"><a href=\"http:\/\/www.cafedepot.com\/\">Caf\u00e9 D\u00e9p\u00f4t<\/a><\/td>\n<td class=\"type\">Coffee and snacks<\/td>\n<td class=\"address\">1490, de Maisonneuve O.<\/td>\n<\/tr>\n<tr>\n<td class=\"cafe\"><a href=\"http:\/\/www.cafemyriade.com\/\">Caf\u00e9 Myriade<\/a><\/td>\n<td class=\"type\">Good coffee<\/td>\n<td class=\"address\">1432, rue MacKay<\/td>\n<\/tr>\n<tr>\n<td class=\"cafe\"><a href=\"http:\/\/www.starbucks.ca\/\">Starbucks<\/a><\/td>\n<td class=\"type\">Coffee<\/td>\n<td class=\"address\">2000, rue Guy<br \/>\n1616, rue Ste-Catherine O.<\/td>\n<\/tr>\n<tr>\n<td class=\"cafe\"><a href=\"www.timhortons.com\/ca\">Tim Hortons<\/a><\/td>\n<td class=\"type\">Coffee and doughnuts, eh?<\/td>\n<td class=\"address\">2081, rue Guy<br \/>\n1611, rue Ste-Catherine O.<\/td>\n<\/tr>\n<\/tbody>\n<\/table>\n<\/div>\n","protected":false},"excerpt":{"rendered":"<p>A compilation of places to eat and drink in the area. Restaurants Restaurant Type Address Al Taib Lebanese-style pizza 2125, rue Guy Angela&#8217;s Pizza Pizza 1662, de Maisonneuve O. Antep Kebab Turkish meat kebabs 1626 de Maisonneuve O., A&amp;W Fast food 1540, de Maisonneuve O. Avesta Turkish 2077, rue Ste-Catherine O. La Belle et la &hellip; <a href=\"https:\/\/montreal.wordcamp.org\/2016\/location\/restaurants\/\" class=\"more-link\">Continue reading<span class=\"screen-reader-text\"> &#8220;Restaurants&#8221;<\/span><\/a><\/p>\n","protected":false},"author":7603359,"featured_media":0,"parent":11,"menu_order":0,"comment_status":"closed","ping_status":"closed","template":"","meta":{"_crdt_document":"","jetpack_post_was_ever_published":false,"footnotes":""},"class_list":["post-1658","page","type-page","status-publish","hentry"],"jetpack_sharing_enabled":true,"_links":{"self":[{"href":"https:\/\/montreal.wordcamp.org\/2016\/wp-json\/wp\/v2\/pages\/1658","targetHints":{"allow":["GET"]}}],"collection":[{"href":"https:\/\/montreal.wordcamp.org\/2016\/wp-json\/wp\/v2\/pages"}],"about":[{"href":"https:\/\/montreal.wordcamp.org\/2016\/wp-json\/wp\/v2\/types\/page"}],"author":[{"embeddable":true,"href":"https:\/\/montreal.wordcamp.org\/2016\/wp-json\/wp\/v2\/users\/7603359"}],"replies":[{"embeddable":true,"href":"https:\/\/montreal.wordcamp.org\/2016\/wp-json\/wp\/v2\/comments?post=1658"}],"version-history":[{"count":9,"href":"https:\/\/montreal.wordcamp.org\/2016\/wp-json\/wp\/v2\/pages\/1658\/revisions"}],"predecessor-version":[{"id":1681,"href":"https:\/\/montreal.wordcamp.org\/2016\/wp-json\/wp\/v2\/pages\/1658\/revisions\/1681"}],"up":[{"embeddable":true,"href":"https:\/\/montreal.wordcamp.org\/2016\/wp-json\/wp\/v2\/pages\/11"}],"wp:attachment":[{"href":"https:\/\/montreal.wordcamp.org\/2016\/wp-json\/wp\/v2\/media?parent=1658"}],"curies":[{"name":"wp","href":"https:\/\/api.w.org\/{rel}","templated":true}]}}