{"id":12,"date":"2016-12-08T05:51:49","date_gmt":"2016-12-08T05:51:49","guid":{"rendered":"https:\/\/2017-fr.montreal.wordcamp.org\/organizers\/"},"modified":"2017-06-26T15:48:57","modified_gmt":"2017-06-26T19:48:57","slug":"equipe","status":"publish","type":"page","link":"https:\/\/montreal.wordcamp.org\/2017-fr\/equipe\/","title":{"rendered":"\u00c9quipe organisatrice"},"content":{"rendered":"<p>WordCamp Montr\u00e9al est un \u00e9v\u00e9nement organis\u00e9 par la communaut\u00e9. Nous essayons toujours d\u2019inclure le maximum de personnes dans nos d\u00e9cisions. Toutefois, les responsabilit\u00e9s principales ont tendance \u00e0 reposer sur quelques organisateurs-cl\u00e9s.<\/p>\n<p><strong>Organisateurs WordCamp Montr\u00e9al 2017<\/strong><\/p>\n<div class=\"organizer\">\n<div class=\"organizer-text\">\n<h3><img loading=\"lazy\" decoding=\"async\" class=\"wp-image-414 size-medium alignleft\" src=\"https:\/\/2016.montreal.wordcamp.org\/files\/2016\/04\/carl-300x300.jpg\" alt=\"carl\" width=\"300\" height=\"300\" \/><a href=\"http:\/\/www.caralexander.ca\" target=\"_blank\" rel=\"noopener noreferrer\">Carl Alexander<\/a><\/h3>\n<p><a href=\"http:\/\/twitter.com\/twigpress\" target=\"_blank\" rel=\"noopener noreferrer\">@twigpress<\/a><\/p>\n<div class=\"organizer\">\n<div class=\"organizer-text\">\n<p class=\"description\">Carl Alexander est un d\u00e9veloppeur avide de PHP qui adore faire des exp\u00e9riences \u00e9tranges en int\u00e9grant diff\u00e9rentes technologies et logiciels libres donnant lieu \u00e0 des r\u00e9sultats parfois impr\u00e9visibles.<\/p>\n<p class=\"description\">\n<\/div>\n<\/div>\n<\/div>\n<\/div>\n<p>&nbsp;<\/p>\n<p>&nbsp;<\/p>\n<div class=\"organizer\">\n<div class=\"organizer-text\">\n<div class=\"organizer\">\n<div class=\"organizer-text\">\n<h3><img loading=\"lazy\" decoding=\"async\" class=\"size-medium wp-image-413 alignleft\" src=\"https:\/\/2016.montreal.wordcamp.org\/files\/2016\/04\/richard-300x300.jpg\" alt=\"richard\" width=\"300\" height=\"300\" \/>Richard Archambault<\/h3>\n<p><a href=\"http:\/\/www.twitter.com\/richardmtl\" target=\"_blank\" rel=\"noopener noreferrer\">@richardmtl<\/a><\/p>\n<p>Richard aime le web et aime vraiment WordPress. Apr\u00e8s avoir assist\u00e9 \u00e0 son premier WordCamp \u00e0 Montr\u00e9al en 2010, il est devenu accro! Maintenant, comme \u00ab Happiness Engineer \u00bb avec Automattic, Richard aime aider les gens avec tout ce qui concerne WordPress. Il aime aussi bricoler avec ses sites et il adore aller au Mexique pour manger des tacos \u00e9pic\u00e9s et faire le tour dans le m\u00e9tro!<\/p>\n<\/div>\n<\/div>\n<div class=\"organizer\">\n<div class=\"organizer-text\">\n<h3><a href=\"https:\/\/en.edesaulniers.com\/\" target=\"_blank\" rel=\"noopener noreferrer\"><img loading=\"lazy\" decoding=\"async\" class=\"size-medium wp-image-52 alignleft\" src=\"https:\/\/2017-fr.montreal.wordcamp.org\/files\/2017\/04\/elise-desaulniers-300x300.jpg\" alt=\"\" width=\"300\" height=\"300\" srcset=\"https:\/\/montreal.wordcamp.org\/2017-fr\/files\/2017\/04\/elise-desaulniers-300x300.jpg 300w, https:\/\/montreal.wordcamp.org\/2017-fr\/files\/2017\/04\/elise-desaulniers-150x150.jpg 150w, https:\/\/montreal.wordcamp.org\/2017-fr\/files\/2017\/04\/elise-desaulniers-100x100.jpg 100w, https:\/\/montreal.wordcamp.org\/2017-fr\/files\/2017\/04\/elise-desaulniers.jpg 512w\" sizes=\"auto, (max-width: 300px) 100vw, 300px\" \/>\u00c9lise Desaulniers<\/a><\/h3>\n<p><a href=\"https:\/\/twitter.com\/edesaulniers\">@edesaulniers<\/a><\/p>\n<p>\u00c9lise est associ\u00e9e chez <a href=\"https:\/\/desaulniers-simard.com\/en\/\">Desaulniers Simard<\/a>, une petite bo\u00eete de conseil, de formation et de d\u00e9veloppement Web. Elle est \u00e9galement auteure de trois essais sur les questions \u00e9thiques li\u00e9es \u00e0 l\u2019alimentation et nos obligations morales envers les animaux. Elle intervient dans les m\u00e9dias, je donne des conf\u00e9rences et je passe beaucoup de temps \u00e0 compter mes likes sur Instagram.<\/p>\n<\/div>\n<\/div>\n<div class=\"organizer\">\n<div class=\"organizer-text\">\n<h3><a href=\"http:\/\/www.moimessouliers.org\/\"><img loading=\"lazy\" decoding=\"async\" class=\"size-full wp-image-42 alignleft\" src=\"https:\/\/2017-fr.montreal.wordcamp.org\/files\/2017\/04\/Jennifer_Dore_Dallas-copy.jpg\" alt=\"\" width=\"300\" height=\"300\" srcset=\"https:\/\/montreal.wordcamp.org\/2017-fr\/files\/2017\/04\/Jennifer_Dore_Dallas-copy.jpg 300w, https:\/\/montreal.wordcamp.org\/2017-fr\/files\/2017\/04\/Jennifer_Dore_Dallas-copy-150x150.jpg 150w, https:\/\/montreal.wordcamp.org\/2017-fr\/files\/2017\/04\/Jennifer_Dore_Dallas-copy-100x100.jpg 100w\" sizes=\"auto, (max-width: 300px) 100vw, 300px\" \/>Jennifer Dor\u00e9 Dallas<\/a><\/h3>\n<p><a href=\"https:\/\/twitter.com\/moimessouliers\">@moimessouliers<\/a><\/p>\n<p>Jennifer est blogueuse voyage \u00e0 <a href=\"http:\/\/moimessouliers.org\/\">moimessouliers.org<\/a> et r\u00e9dactrice pigiste. Elle fait \u00e9galement de la r\u00e9vision et de la traduction \u00e0 mon compte et donne r\u00e9guli\u00e8rement des conf\u00e9rences et des ateliers de formation dans le domaine des technologies, mais aussi du voyage.<\/p>\n<\/div>\n<\/div>\n<div class=\"organizer alt\">\n<div class=\"organizer-text\">\n<h3><a href=\"http:\/\/alexruaux.com\/\" target=\"_blank\" rel=\"noopener noreferrer\"><img loading=\"lazy\" decoding=\"async\" class=\"alignleft size-medium wp-image-412\" src=\"https:\/\/2016.montreal.wordcamp.org\/files\/2016\/04\/alex-300x300.jpg\" alt=\"alex\" width=\"300\" height=\"300\" \/>Alex Ruaux<\/a><\/h3>\n<p><a href=\"http:\/\/twitter.com\/molecularcode\" target=\"_blank\" rel=\"noopener noreferrer\">@molecularcode<\/a><\/p>\n<p class=\"description\">Alex est d\u00e9veloppeur-int\u00e9grateur chez Ask PAM et pigiste chez \u00a0Molecularcode Web Design. Elle est aussi un instructeur r\u00e9guli\u00e8re lors d\u2019\u00e9v\u00e9nements \u00ab Ladies Learning Code \u00bb. Apr\u00e8s une change de carri\u00e8re r\u00e9cente, elle aime redonner aux communaut\u00e9s qui l\u2019a aid\u00e9e. Ses autres passions sont l\u2019impression 3D, les jeux video et profiter du plein air.<\/p>\n<\/div>\n<\/div>\n<p>&nbsp;<\/p>\n<div class=\"organizer\">\n<div class=\"organizer-text\">\n<h3 class=\"description\"><img loading=\"lazy\" decoding=\"async\" class=\"alignleft size-medium wp-image-433\" src=\"https:\/\/2016.montreal.wordcamp.org\/files\/2016\/03\/andrea_z-300x300.png\" alt=\"andrea_z\" width=\"300\" height=\"300\" \/><a href=\"http:\/\/www.andreazoellner.com\" target=\"_blank\" rel=\"noopener noreferrer\">Andrea Zoellner<\/a><\/h3>\n<p><a href=\"http:\/\/www.twitter.com\/andreazoellner\" target=\"_blank\" rel=\"noopener noreferrer\">@andreazoellner<\/a><\/p>\n<p>Andrea est r\u00e9dactrice \u00e0 la pige et consultante au contenu\u00a0\u00e0<span class=\"s1\">\u00a0Automattic. Elle a aid\u00e9\u00a0des OSBL, des startups, des \u00e9coles et des soci\u00e9t\u00e9s \u00e0 am\u00e9liorer leurs sites Web avec le pouvoir du contenu de qualit\u00e9.\u00a0Elle aime les jeux de mots,\u00a0fr\u00e9quenter les caf\u00e9s\u00a0et partager\u00a0ses astuces de voyage sur <a href=\"https:\/\/capsulesuitcase.com\/\">son blogue<\/a>.<\/span><\/p>\n<p>&nbsp;<\/p>\n<\/div>\n<\/div>\n<hr \/>\n<p><strong>Organisateurs des ann\u00e9es pr\u00e9c\u00e9dentes<\/strong><br \/>\nNous aimerions remercier les auteurs des \u00e9ditions pr\u00e9c\u00e9dentes de WordCamp Montr\u00e9al pour tout leur beau travail.<\/p>\n<p>WordCamp Montr\u00e9al 2009<br \/>\n<a href=\"http:\/\/jeremyclarke.org\/\" target=\"_blank\" rel=\"noopener noreferrer\">Jeremy Clarke<\/a> &amp; <a href=\"http:\/\/www.afroginthevalley.com\/\" target=\"_blank\" rel=\"noopener noreferrer\">Sylvain Carle<\/a><\/p>\n<p>WordCamp Montr\u00e9al 2010<br \/>\n<a href=\"http:\/\/jeremyclarke.org\/\" target=\"_blank\" rel=\"noopener noreferrer\">Jeremy Clarke<\/a>, <a href=\"http:\/\/www.cafenoirdesign.com\/\" target=\"_blank\" rel=\"noopener noreferrer\">Shannon Smith<\/a> &amp; <a href=\"http:\/\/www.horseandcartagency.com\/\" target=\"_blank\" rel=\"noopener noreferrer\">Brendan Sera-Shriar<\/a><\/p>\n<p>WordCamp Montr\u00e9al 2011 &amp; 2012<br \/>\n<a href=\"http:\/\/jeremyclarke.org\/\" target=\"_blank\" rel=\"noopener noreferrer\">Jeremy Clarke<\/a>, <a href=\"http:\/\/www.cafenoirdesign.com\/\" target=\"_blank\" rel=\"noopener noreferrer\">Shannon Smith<\/a>, <a href=\"http:\/\/www.horseandcartagency.com\/\" target=\"_blank\" rel=\"noopener noreferrer\">Brendan Sera-Shriar<\/a>, &amp; <a href=\"http:\/\/carlalexander.ca\/\" target=\"_blank\" rel=\"noopener noreferrer\">Carl Alexander<\/a>.<\/p>\n<p>WordCamp Montr\u00e9al 2013<br \/>\n<a href=\"http:\/\/jeremyclarke.org\/\" target=\"_blank\" rel=\"noopener noreferrer\">Jeremy Clarke<\/a>, <a href=\"http:\/\/www.cafenoirdesign.com\/\" target=\"_blank\" rel=\"noopener noreferrer\">Shannon Smith<\/a>, <a href=\"http:\/\/carlalexander.ca\/\" target=\"_blank\" rel=\"noopener noreferrer\">Carl Alexander<\/a>, <a href=\"http:\/\/alexruaux.com\/\" target=\"_blank\" rel=\"noopener noreferrer\">Alex Ruaux<\/a>, <a href=\"http:\/\/richardarchambault.ca\/\" target=\"_blank\" rel=\"noopener noreferrer\">Richard Archambault<\/a>, &amp; <a href=\"http:\/\/kwight.ca\/\" target=\"_blank\" rel=\"noopener noreferrer\">Kirk Wight<\/a>.<\/p>\n<p>WordCamp Montr\u00e9al 2014<br \/>\n<a href=\"http:\/\/jeremyclarke.org\/\" target=\"_blank\" rel=\"noopener noreferrer\">Jeremy Clarke<\/a>, <a href=\"http:\/\/www.cafenoirdesign.com\/\" target=\"_blank\" rel=\"noopener noreferrer\">Shannon Smith<\/a>, <a href=\"http:\/\/carlalexander.ca\/\" target=\"_blank\" rel=\"noopener noreferrer\">Carl Alexander<\/a>, <a href=\"http:\/\/alexruaux.com\/\" target=\"_blank\" rel=\"noopener noreferrer\">Alex Ruaux<\/a>, &amp;\u00a0<a href=\"http:\/\/richardarchambault.ca\/\" target=\"_blank\" rel=\"noopener noreferrer\">Richard Archambault<\/a>.<\/p>\n<p>WordCamp Montr\u00e9al 2015<br \/>\n<a href=\"http:\/\/www.veronicalouis.com\/\" target=\"_blank\" rel=\"noopener noreferrer\">Veronica Louis<\/a>,\u00a0<a href=\"http:\/\/www.cafenoirdesign.com\/\" target=\"_blank\" rel=\"noopener noreferrer\">Shannon Smith<\/a>, <a href=\"http:\/\/carlalexander.ca\/\" target=\"_blank\" rel=\"noopener noreferrer\">Carl Alexander<\/a>, <a href=\"http:\/\/alexruaux.com\/\" target=\"_blank\" rel=\"noopener noreferrer\">Alex Ruaux<\/a>, &amp;\u00a0<a href=\"http:\/\/richardarchambault.ca\/\" target=\"_blank\" rel=\"noopener noreferrer\">Richard Archambault.<\/a><\/p>\n<p>WordCamp Montr\u00e9al 2016<br \/>\n<a href=\"http:\/\/andreazoellner.com\">Andrea Zoellner<\/a>,\u00a0<a href=\"http:\/\/www.cafenoirdesign.com\/\" target=\"_blank\" rel=\"noopener noreferrer\">Shannon Smith<\/a>, <a href=\"http:\/\/carlalexander.ca\/\" target=\"_blank\" rel=\"noopener noreferrer\">Carl Alexander<\/a>, <a href=\"http:\/\/alexruaux.com\/\" target=\"_blank\" rel=\"noopener noreferrer\">Alex Ruaux<\/a>, &amp;\u00a0<a href=\"http:\/\/richardarchambault.ca\/\" target=\"_blank\" rel=\"noopener noreferrer\">Richard Archambault.<\/a><\/p>\n<\/div>\n<\/div>\n","protected":false},"excerpt":{"rendered":"<p>WordCamp Montr\u00e9al est un \u00e9v\u00e9nement organis\u00e9 par la communaut\u00e9. Nous essayons toujours d\u2019inclure le maximum de personnes dans nos d\u00e9cisions. Toutefois, les responsabilit\u00e9s principales ont tendance \u00e0 reposer sur quelques organisateurs-cl\u00e9s. Organisateurs WordCamp Montr\u00e9al 2017 Carl Alexander @twigpress Carl Alexander est un d\u00e9veloppeur avide de PHP qui adore faire des exp\u00e9riences \u00e9tranges en int\u00e9grant diff\u00e9rentes &hellip; <\/p>\n<p class=\"link-more\"><a href=\"https:\/\/montreal.wordcamp.org\/2017-fr\/equipe\/\" class=\"more-link\">Continuer la lecture<span class=\"screen-reader-text\"> de &laquo; \u00c9quipe organisatrice &raquo;<\/span><\/a><\/p>\n","protected":false},"author":5060622,"featured_media":0,"parent":0,"menu_order":0,"comment_status":"closed","ping_status":"closed","template":"","meta":{"jetpack_post_was_ever_published":false,"footnotes":""},"class_list":["post-12","page","type-page","status-publish","hentry"],"jetpack_sharing_enabled":true,"jetpack_shortlink":"https:\/\/wp.me\/P8bMHx-c","_links":{"self":[{"href":"https:\/\/montreal.wordcamp.org\/2017-fr\/wp-json\/wp\/v2\/pages\/12","targetHints":{"allow":["GET"]}}],"collection":[{"href":"https:\/\/montreal.wordcamp.org\/2017-fr\/wp-json\/wp\/v2\/pages"}],"about":[{"href":"https:\/\/montreal.wordcamp.org\/2017-fr\/wp-json\/wp\/v2\/types\/page"}],"author":[{"embeddable":true,"href":"https:\/\/montreal.wordcamp.org\/2017-fr\/wp-json\/wp\/v2\/users\/5060622"}],"replies":[{"embeddable":true,"href":"https:\/\/montreal.wordcamp.org\/2017-fr\/wp-json\/wp\/v2\/comments?post=12"}],"version-history":[{"count":19,"href":"https:\/\/montreal.wordcamp.org\/2017-fr\/wp-json\/wp\/v2\/pages\/12\/revisions"}],"predecessor-version":[{"id":264,"href":"https:\/\/montreal.wordcamp.org\/2017-fr\/wp-json\/wp\/v2\/pages\/12\/revisions\/264"}],"wp:attachment":[{"href":"https:\/\/montreal.wordcamp.org\/2017-fr\/wp-json\/wp\/v2\/media?parent=12"}],"curies":[{"name":"wp","href":"https:\/\/api.w.org\/{rel}","templated":true}]}}