{"id":13,"date":"2017-04-26T14:05:59","date_gmt":"2017-04-26T18:05:59","guid":{"rendered":"https:\/\/2017-fr.montreal.wordcamp.org\/?page_id=13"},"modified":"2017-07-19T14:23:47","modified_gmt":"2017-07-19T18:23:47","slug":"billets","status":"publish","type":"page","link":"https:\/\/montreal.wordcamp.org\/2017-fr\/billets\/","title":{"rendered":"Billets"},"content":{"rendered":"<p><strong>Aucun billet \u00e0 la porte.<\/strong> Veuillez noter qu\u2019<strong>aucun remboursement n\u2019est possible<\/strong>. Toute personne d&rsquo;\u00e2ge mineur doit \u00eatre accompagn\u00e9 d&rsquo;un parent en tout temps. Les inscriptions WordCamp comprennent les deux jours de l&rsquo;\u00e9v\u00e9nement, un d\u00eener et un cadeau.<\/p>\n<p>Les tickets d&rsquo;atelier sont destin\u00e9s uniquement aux ateliers individuels, et non \u00e0 WordCamp.<\/p>\n<p><a class=\"button\" href=\"https:\/\/2017.montreal.wordcamp.org\/tickets\/\">Acheter un billet<\/a><\/p>\n","protected":false},"excerpt":{"rendered":"<p>Aucun billet \u00e0 la porte. Veuillez noter qu\u2019aucun remboursement n\u2019est possible. Toute personne d&rsquo;\u00e2ge mineur doit \u00eatre accompagn\u00e9 d&rsquo;un parent en tout temps. Les inscriptions WordCamp comprennent les deux jours de l&rsquo;\u00e9v\u00e9nement, un d\u00eener et un cadeau. Les tickets d&rsquo;atelier sont destin\u00e9s uniquement aux ateliers individuels, et non \u00e0 WordCamp. Acheter un billet<\/p>\n","protected":false},"author":5060622,"featured_media":107,"parent":0,"menu_order":0,"comment_status":"closed","ping_status":"closed","template":"","meta":{"jetpack_post_was_ever_published":false,"footnotes":""},"class_list":["post-13","page","type-page","status-publish","has-post-thumbnail","hentry"],"jetpack_sharing_enabled":true,"jetpack_shortlink":"https:\/\/wp.me\/P8bMHx-d","_links":{"self":[{"href":"https:\/\/montreal.wordcamp.org\/2017-fr\/wp-json\/wp\/v2\/pages\/13","targetHints":{"allow":["GET"]}}],"collection":[{"href":"https:\/\/montreal.wordcamp.org\/2017-fr\/wp-json\/wp\/v2\/pages"}],"about":[{"href":"https:\/\/montreal.wordcamp.org\/2017-fr\/wp-json\/wp\/v2\/types\/page"}],"author":[{"embeddable":true,"href":"https:\/\/montreal.wordcamp.org\/2017-fr\/wp-json\/wp\/v2\/users\/5060622"}],"replies":[{"embeddable":true,"href":"https:\/\/montreal.wordcamp.org\/2017-fr\/wp-json\/wp\/v2\/comments?post=13"}],"version-history":[{"count":6,"href":"https:\/\/montreal.wordcamp.org\/2017-fr\/wp-json\/wp\/v2\/pages\/13\/revisions"}],"predecessor-version":[{"id":552,"href":"https:\/\/montreal.wordcamp.org\/2017-fr\/wp-json\/wp\/v2\/pages\/13\/revisions\/552"}],"wp:featuredmedia":[{"embeddable":true,"href":"https:\/\/montreal.wordcamp.org\/2017-fr\/wp-json\/wp\/v2\/media\/107"}],"wp:attachment":[{"href":"https:\/\/montreal.wordcamp.org\/2017-fr\/wp-json\/wp\/v2\/media?parent=13"}],"curies":[{"name":"wp","href":"https:\/\/api.w.org\/{rel}","templated":true}]}}