{"id":182,"date":"2017-05-03T15:40:13","date_gmt":"2017-05-03T19:40:13","guid":{"rendered":"https:\/\/2017-fr.montreal.wordcamp.org\/?page_id=182"},"modified":"2017-05-30T08:59:53","modified_gmt":"2017-05-30T12:59:53","slug":"devenez-commanditaire","status":"publish","type":"page","link":"https:\/\/montreal.wordcamp.org\/2017-fr\/commanditaires\/devenez-commanditaire\/","title":{"rendered":"Devenez commanditaire"},"content":{"rendered":"<p>WordCamp Montr\u00e9al recherche des individus, des agences et des entreprises pour parrainer l&rsquo;\u00e9v\u00e9nement.<\/p>\n<h2>Caract\u00e9ristiques\u00a0et occasions de parrainage<\/h2>\n<h3>Public cible<\/h3>\n<ul>\n<li>450 participants<\/li>\n<li>D\u00e9veloppeurs Web, ing\u00e9nieurs logiciels, <em>startups<\/em>\u00a0technologiques, \u00e9ducateurs et \u00e9tudiants, designers et sp\u00e9cialistes de l&rsquo;UX, sp\u00e9cialistes du marketing, blogueurs<\/li>\n<li><em>Startups\u00a0<\/em>qu\u00e9b\u00e9coises<\/li>\n<li>PME et pigistes<\/li>\n<\/ul>\n<h3>Plan marketing<\/h3>\n<ul>\n<li>Visibilit\u00e9 sur les m\u00e9dias sociaux<\/li>\n<li>Pr\u00e9sence Web<\/li>\n<li>Marketing par courriel<\/li>\n<li>Relation de presse<\/li>\n<\/ul>\n<h3>Conf\u00e9renciers internationaux<\/h3>\n<ul>\n<li>40 conf\u00e9renciers experts<\/li>\n<li>Sessions pour blogueurs, concepteurs et d\u00e9veloppeurs<\/li>\n<li>De Montr\u00e9al, du\u00a0Qu\u00e9bec, du Canada et de l&rsquo;\u00e9tranger<\/li>\n<li>Champs: affaires, technologie, <em>open source<\/em>, \u00e9ducation et marketing<\/li>\n<li>Pr\u00e9sentations en anglais et en fran\u00e7ais<\/li>\n<\/ul>\n<h3>Possibilit\u00e9s de r\u00e9seautage<\/h3>\n<ul>\n<li>Clients, coll\u00e8gues, collaborateurs<\/li>\n<li>Chefs d&rsquo;entreprise et des technologiques<\/li>\n<li>Communaut\u00e9 <em>open source<\/em><\/li>\n<li>Communaut\u00e9 de\u00a0<em>startups<\/em><\/li>\n<li>Pr\u00e9sence de m\u00e9dias et blogueurs<\/li>\n<li>Pionniers\u00a0des m\u00e9dias sociaux<\/li>\n<li>Ressources \u00e9ducatives et de formation<\/li>\n<\/ul>\n<h2>Forfaits de parrainage<\/h2>\n<p>&nbsp;<\/p>\n<table style=\"height: 844px\" width=\"834\" cellspacing=\"0\" cellpadding=\"0\">\n<tbody>\n<tr>\n<td style=\"text-align: center\" valign=\"middle\">NIVEAUX DE PARRAINAGE<\/td>\n<td style=\"text-align: center\" valign=\"middle\">OR<\/td>\n<td style=\"text-align: center\" valign=\"middle\">\n<p align=\"center\">ARGENT<\/p>\n<\/td>\n<td style=\"text-align: center\" valign=\"middle\">\n<p align=\"center\">BRONZE<\/p>\n<\/td>\n<td valign=\"middle\">\n<p style=\"text-align: center\" align=\"center\">MICRO<\/p>\n<\/td>\n<\/tr>\n<tr>\n<td valign=\"middle\">\n<p align=\"center\"><span style=\"color: #401f1c;font-family: Helvetica;font-size: small\">Co\u00fbt<\/span><\/p>\n<\/td>\n<td valign=\"middle\">\n<p align=\"center\"><span style=\"color: #401f1c;font-family: Helvetica;font-size: small\">3500$<\/span><\/p>\n<\/td>\n<td valign=\"middle\">\n<p align=\"center\"><span style=\"color: #401f1c;font-family: Helvetica;font-size: small\">2000$<\/span><\/p>\n<\/td>\n<td valign=\"middle\">\n<p align=\"center\"><span style=\"color: #401f1c;font-family: Helvetica;font-size: small\">1000$<\/span><\/p>\n<\/td>\n<td valign=\"middle\">\n<p align=\"center\"><span style=\"color: #401f1c;font-family: Helvetica;font-size: small\">200$<\/span><\/p>\n<\/td>\n<\/tr>\n<tr>\n<td valign=\"middle\"><span style=\"color: #401f1c;font-family: Helvetica;font-size: small\"><b>Passes gratuites<\/b><\/span><\/td>\n<td valign=\"middle\">\n<p align=\"center\"><span style=\"color: #401f1c;font-family: Helvetica;font-size: small\">4<\/span><\/p>\n<\/td>\n<td valign=\"middle\">\n<p align=\"center\"><span style=\"color: #401f1c;font-family: Helvetica;font-size: small\">2<\/span><\/p>\n<\/td>\n<td valign=\"middle\">\n<p align=\"center\"><span style=\"color: #401f1c;font-family: Helvetica;font-size: small\">1<\/span><\/p>\n<\/td>\n<td valign=\"middle\">\n<p align=\"center\"><span style=\"color: #401f1c;font-family: Helvetica;font-size: small\">1<\/span><\/p>\n<\/td>\n<\/tr>\n<tr>\n<td valign=\"middle\"><span style=\"font-size: small\"><strong><span style=\"color: #401f1c;font-family: Helvetica\">Billets pour le repas des conf\u00e9renciers<\/span><\/strong><\/span><\/td>\n<td valign=\"middle\">\n<p align=\"center\"><span style=\"color: #401f1c;font-family: Helvetica;font-size: small\">2<\/span><\/p>\n<\/td>\n<td valign=\"middle\">\n<p align=\"center\"><span style=\"color: #401f1c;font-family: Helvetica;font-size: small\">1<\/span><\/p>\n<\/td>\n<td valign=\"middle\">\n<p align=\"center\"><span style=\"color: #401f1c;font-family: Helvetica;font-size: small\">&#8211;<\/span><\/p>\n<\/td>\n<td valign=\"middle\">\n<p align=\"center\"><span style=\"color: #401f1c;font-family: Helvetica;font-size: small\">&#8211;<\/span><\/p>\n<\/td>\n<\/tr>\n<tr>\n<td valign=\"middle\"><span style=\"font-size: small\"><strong><span style=\"color: #401f1c;font-family: Helvetica\">Logo sur le site Web<\/span><\/strong><\/span><\/td>\n<td valign=\"middle\">\n<p align=\"center\"><span style=\"color: #401f1c;font-family: Helvetica;font-size: small\">Logo + <\/span><\/p>\n<p align=\"center\"><span style=\"color: #401f1c;font-family: Helvetica;font-size: small\">description de 400 mots<\/span><\/p>\n<\/td>\n<td valign=\"middle\">\n<p align=\"center\"><span style=\"color: #401f1c;font-family: Helvetica;font-size: small\">Logo + <\/span><\/p>\n<p align=\"center\"><span style=\"color: #401f1c;font-family: Helvetica;font-size: small\">description de 200 mots<\/span><\/p>\n<\/td>\n<td valign=\"middle\">\n<p align=\"center\"><span style=\"color: #401f1c;font-family: Helvetica;font-size: small\">Logo + <\/span><\/p>\n<p align=\"center\"><span style=\"color: #401f1c;font-family: Helvetica;font-size: small\">description de 100 mots<\/span><\/p>\n<\/td>\n<td valign=\"middle\">\n<p align=\"center\"><span style=\"color: #401f1c;font-family: Helvetica;font-size: small\">Lien vers le site<\/span><\/p>\n<\/td>\n<\/tr>\n<tr>\n<td valign=\"middle\"><span style=\"font-size: small\"><strong><span style=\"color: #401f1c;font-family: Helvetica\">Logo sur le mat\u00e9riel imprim\u00e9<\/span><\/strong><\/span><\/td>\n<td valign=\"middle\">\n<p align=\"center\"><span style=\"color: #401f1c;font-family: Helvetica;font-size: small\">OUI<\/span><\/p>\n<\/td>\n<td valign=\"middle\">\n<p align=\"center\"><span style=\"color: #401f1c;font-family: Helvetica;font-size: small\">OUI<\/span><\/p>\n<\/td>\n<td valign=\"middle\">\n<p align=\"center\"><span style=\"color: #401f1c;font-family: Helvetica;font-size: small\">&#8211;<\/span><\/p>\n<\/td>\n<td valign=\"middle\">\n<p align=\"center\"><span style=\"color: #401f1c;font-family: Helvetica;font-size: small\">&#8211;<\/span><\/p>\n<\/td>\n<\/tr>\n<tr>\n<td valign=\"middle\"><span style=\"font-size: small\"><strong><span style=\"color: #401f1c;font-family: Helvetica\">Logo sur les diapositives dans une salle<\/span><\/strong><\/span><\/td>\n<td valign=\"middle\">\n<p align=\"center\"><span style=\"color: #401f1c;font-family: Helvetica;font-size: small\">OUI<\/span><\/p>\n<\/td>\n<td valign=\"middle\">\n<p align=\"center\"><span style=\"color: #401f1c;font-family: Helvetica;font-size: small\">OUI<\/span><\/p>\n<\/td>\n<td valign=\"middle\">\n<p align=\"center\"><span style=\"color: #401f1c;font-family: Helvetica;font-size: small\">&#8211;<\/span><\/p>\n<\/td>\n<td valign=\"middle\">\n<p align=\"center\"><span style=\"color: #401f1c;font-family: Helvetica;font-size: small\">&#8211;<\/span><\/p>\n<\/td>\n<\/tr>\n<tr>\n<td valign=\"middle\"><span style=\"font-size: small\"><strong><span style=\"color: #401f1c;font-family: Helvetica\">Logo dans l&rsquo;infolettre<\/span><\/strong><\/span><\/td>\n<td valign=\"middle\">\n<p align=\"center\"><span style=\"color: #401f1c;font-family: Helvetica;font-size: small\">OUI<\/span><\/p>\n<\/td>\n<td valign=\"middle\">\n<p align=\"center\"><span style=\"color: #401f1c;font-family: Helvetica;font-size: small\">OUI<\/span><\/p>\n<\/td>\n<td valign=\"middle\">\n<p align=\"center\"><span style=\"color: #401f1c;font-family: Helvetica;font-size: small\">&#8211;<\/span><\/p>\n<\/td>\n<td valign=\"middle\">\n<p align=\"center\"><span style=\"color: #401f1c;font-family: Helvetica;font-size: small\">&#8211;<\/span><\/p>\n<\/td>\n<\/tr>\n<tr>\n<td valign=\"middle\"><span style=\"font-size: small\"><strong><span style=\"color: #401f1c;font-family: Helvetica\">Mentions Facebook et\u00a0Twitter<\/span><\/strong><\/span><\/td>\n<td valign=\"middle\">\n<p align=\"center\"><span style=\"color: #401f1c;font-family: Helvetica;font-size: small\">4x<\/span><\/p>\n<\/td>\n<td valign=\"middle\">\n<p align=\"center\"><span style=\"color: #401f1c;font-family: Helvetica;font-size: small\">2x<\/span><\/p>\n<\/td>\n<td valign=\"middle\">\n<p align=\"center\"><span style=\"color: #401f1c;font-family: Helvetica;font-size: small\">1x<\/span><\/p>\n<\/td>\n<td valign=\"middle\">\n<p align=\"center\"><span style=\"color: #401f1c;font-family: Helvetica;font-size: small\">&#8211;<\/span><\/p>\n<\/td>\n<\/tr>\n<tr>\n<td valign=\"middle\"><span style=\"font-size: small\"><strong><span style=\"color: #401f1c;font-family: Helvetica\">Articles commandit\u00e9s<\/span><\/strong><\/span><\/td>\n<td valign=\"middle\">\n<p align=\"center\"><span style=\"color: #401f1c;font-family: Helvetica;font-size: small\">Site Web de WordCamp et de la communaut\u00e9<\/span><\/p>\n<\/td>\n<td valign=\"middle\">\n<p align=\"center\"><span style=\"color: #401f1c;font-family: Helvetica;font-size: small\">Site Web WordCamp\u00a0<\/span><\/p>\n<\/td>\n<td valign=\"middle\">\n<p align=\"center\"><span style=\"color: #401f1c;font-family: Helvetica;font-size: small\">&#8211;<\/span><\/p>\n<\/td>\n<td valign=\"middle\">\n<p align=\"center\"><span style=\"color: #401f1c;font-family: Helvetica;font-size: small\">&#8211;<\/span><\/p>\n<\/td>\n<\/tr>\n<\/tbody>\n<\/table>\n<table cellspacing=\"0\" cellpadding=\"0\">\n<tbody>\n<tr>\n<td valign=\"middle\">\n<p style=\"text-align: center\" align=\"center\">PARRAINAGE \u00c0 LA CARTE<\/p>\n<\/td>\n<td style=\"text-align: center\" valign=\"middle\">\n<p align=\"center\">QUANTIT\u00c9<\/p>\n<\/td>\n<td valign=\"middle\">\n<p style=\"text-align: center\" align=\"center\">PRIX<\/p>\n<\/td>\n<\/tr>\n<tr>\n<td valign=\"middle\"><span style=\"font-size: small\"><strong><span style=\"color: #3b1d19;font-family: Helvetica\">Wifi <\/span><\/strong><\/span><\/td>\n<td valign=\"middle\">\n<p align=\"center\"><span style=\"color: #3b1d19;font-family: Helvetica;font-size: small\">1<\/span><\/p>\n<\/td>\n<td valign=\"middle\">\n<p align=\"center\"><span style=\"color: #3b1d19;font-family: Helvetica;font-size: small\">500$<\/span><\/p>\n<\/td>\n<\/tr>\n<tr>\n<td valign=\"middle\"><span style=\"font-size: small\"><strong><span style=\"color: #3b1d19;font-family: Helvetica\">Parrainage de salles<\/span><\/strong><\/span><\/td>\n<td valign=\"middle\">\n<p align=\"center\"><span style=\"color: #3b1d19;font-family: Helvetica;font-size: small\">3<\/span><\/p>\n<\/td>\n<td valign=\"middle\">\n<p align=\"center\"><span style=\"color: #3b1d19;font-family: Helvetica;font-size: small\">1000$\/salle<\/span><\/p>\n<\/td>\n<\/tr>\n<tr>\n<td valign=\"middle\"><span style=\"font-size: small\"><em><strong><span style=\"color: #3b1d19;font-family: Helvetica\">Freelance bar<\/span><\/strong><\/em><\/span><\/td>\n<td valign=\"middle\">\n<p align=\"center\"><span style=\"color: #3b1d19;font-family: Helvetica;font-size: small\">TBD<\/span><\/p>\n<\/td>\n<td valign=\"middle\">\n<p align=\"center\"><span style=\"color: #3b1d19;font-family: Helvetica;font-size: small\">500$\/emplacement<\/span><\/p>\n<\/td>\n<\/tr>\n<tr>\n<td valign=\"middle\"><span style=\"font-size: small\"><strong><span style=\"color: #3b1d19;font-family: Helvetica\">Repas des conf\u00e9renciers (40 personnes)<\/span><\/strong><\/span><\/td>\n<td valign=\"middle\">\n<p align=\"center\"><span style=\"color: #3b1d19;font-family: Helvetica;font-size: small\">1<\/span><\/p>\n<\/td>\n<td valign=\"middle\">\n<p align=\"center\"><span style=\"color: #3b1d19;font-family: Helvetica;font-size: small\">Veuillez nous contacter.<\/span><\/p>\n<\/td>\n<\/tr>\n<tr>\n<td valign=\"middle\"><span style=\"font-size: small\"><strong><span style=\"color: #3b1d19;font-family: Helvetica\">Apr\u00e8s-party<\/span><\/strong><\/span><\/td>\n<td valign=\"middle\">\n<p align=\"center\"><span style=\"color: #3b1d19;font-family: Helvetica;font-size: small\">1<\/span><\/p>\n<\/td>\n<td valign=\"middle\">\n<p align=\"center\"><span style=\"color: #3b1d19;font-family: Helvetica;font-size: small\">1000$<\/span><\/p>\n<\/td>\n<\/tr>\n<tr>\n<td valign=\"middle\"><span style=\"font-size: small\"><strong><span style=\"color: #3b1d19;font-family: Helvetica\">Repas ou collation<\/span><\/strong><\/span><\/td>\n<td valign=\"middle\">\n<p align=\"center\"><span style=\"color: #3b1d19;font-family: Helvetica;font-size: small\">2<\/span><\/p>\n<\/td>\n<td valign=\"middle\">\n<p align=\"center\"><span style=\"color: #3b1d19;font-family: Helvetica;font-size: small\">Veuillez nous contacter.<\/span><\/p>\n<\/td>\n<\/tr>\n<tr>\n<td valign=\"middle\"><span style=\"color: #3b1d19;font-family: Helvetica;font-size: small\"><b>Filtre SnapChat\u00a0(co-marqu\u00e9)<\/b><\/span><\/td>\n<td valign=\"middle\">\n<p align=\"center\"><span style=\"color: #3b1d19;font-family: Helvetica;font-size: small\">1<\/span><\/p>\n<\/td>\n<td valign=\"middle\">\n<p align=\"center\"><span style=\"color: #3b1d19;font-family: Helvetica;font-size: small\">500$<\/span><\/p>\n<\/td>\n<\/tr>\n<\/tbody>\n<\/table>\n","protected":false},"excerpt":{"rendered":"<p>WordCamp Montr\u00e9al recherche des individus, des agences et des entreprises pour parrainer l&rsquo;\u00e9v\u00e9nement. Caract\u00e9ristiques\u00a0et occasions de parrainage Public cible 450 participants D\u00e9veloppeurs Web, ing\u00e9nieurs logiciels, startups\u00a0technologiques, \u00e9ducateurs et \u00e9tudiants, designers et sp\u00e9cialistes de l&rsquo;UX, sp\u00e9cialistes du marketing, blogueurs Startups\u00a0qu\u00e9b\u00e9coises PME et pigistes Plan marketing Visibilit\u00e9 sur les m\u00e9dias sociaux Pr\u00e9sence Web Marketing par courriel Relation &hellip; <\/p>\n<p class=\"link-more\"><a href=\"https:\/\/montreal.wordcamp.org\/2017-fr\/commanditaires\/devenez-commanditaire\/\" class=\"more-link\">Continuer la lecture<span class=\"screen-reader-text\"> de &laquo; Devenez commanditaire &raquo;<\/span><\/a><\/p>\n","protected":false},"author":13996737,"featured_media":0,"parent":71,"menu_order":0,"comment_status":"closed","ping_status":"closed","template":"","meta":{"jetpack_post_was_ever_published":false,"footnotes":""},"class_list":["post-182","page","type-page","status-publish","hentry"],"jetpack_sharing_enabled":true,"jetpack_shortlink":"https:\/\/wp.me\/P8bMHx-2W","_links":{"self":[{"href":"https:\/\/montreal.wordcamp.org\/2017-fr\/wp-json\/wp\/v2\/pages\/182","targetHints":{"allow":["GET"]}}],"collection":[{"href":"https:\/\/montreal.wordcamp.org\/2017-fr\/wp-json\/wp\/v2\/pages"}],"about":[{"href":"https:\/\/montreal.wordcamp.org\/2017-fr\/wp-json\/wp\/v2\/types\/page"}],"author":[{"embeddable":true,"href":"https:\/\/montreal.wordcamp.org\/2017-fr\/wp-json\/wp\/v2\/users\/13996737"}],"replies":[{"embeddable":true,"href":"https:\/\/montreal.wordcamp.org\/2017-fr\/wp-json\/wp\/v2\/comments?post=182"}],"version-history":[{"count":8,"href":"https:\/\/montreal.wordcamp.org\/2017-fr\/wp-json\/wp\/v2\/pages\/182\/revisions"}],"predecessor-version":[{"id":246,"href":"https:\/\/montreal.wordcamp.org\/2017-fr\/wp-json\/wp\/v2\/pages\/182\/revisions\/246"}],"up":[{"embeddable":true,"href":"https:\/\/montreal.wordcamp.org\/2017-fr\/wp-json\/wp\/v2\/pages\/71"}],"wp:attachment":[{"href":"https:\/\/montreal.wordcamp.org\/2017-fr\/wp-json\/wp\/v2\/media?parent=182"}],"curies":[{"name":"wp","href":"https:\/\/api.w.org\/{rel}","templated":true}]}}