{"id":578,"date":"2017-07-19T16:49:55","date_gmt":"2017-07-19T20:49:55","guid":{"rendered":"https:\/\/2017-fr.montreal.wordcamp.org\/?page_id=578"},"modified":"2017-08-06T13:28:07","modified_gmt":"2017-08-06T17:28:07","slug":"ateliers","status":"publish","type":"page","link":"https:\/\/montreal.wordcamp.org\/2017-fr\/ateliers\/","title":{"rendered":"Ateliers"},"content":{"rendered":"<div class=\"workshops\">\n<h2>Atelier pr\u00e9-WordCamp journ\u00e9e enti\u00e8re, 10h-16h<\/h2>\n<h4>samedi, le 5 ao\u00fbt, 2017<\/h4>\n<p><strong>WordPress for Beginners: Create Your Own WordPress Theme<\/strong> (in English)<br \/>\nwith Ladies Learning Code<br \/>\n<em><strong>Important :<\/strong> <a href=\"http:\/\/ladieslearningcode.com\/events\/wordpress-beginners-create-wordpress-theme-9\/\" target=\"_blank\">L&rsquo;inscription aux ateliers se fait s\u00e9par\u00e9ment du WordCamp<\/a> et n&rsquo;est pas incluse dans votre billet d&rsquo;entr\u00e9e au WordCamp.<\/em><\/p>\n<h2>Ateliers pr\u00e9-WordCamp de soir, apr\u00e8s 18h 30 <\/h2>\n<h4>Lundi, le 7 ao\u00fbt, 2017<\/h4>\n<p><strong><a href=\"https:\/\/2017-fr.montreal.wordcamp.org\/session\/wordpress-101\/\">WordPress 101<\/a><\/strong> (in English) &#8212; <a href=\"https:\/\/2017-fr.montreal.wordcamp.org\/speaker\/alex-ruaux\/\">Alex Ruaux<\/a><br \/>\n18h 30 &#8211; 21h | Centre Cloud.ca, <a href=\"https:\/\/www.google.ca\/maps\/place\/Centre+cloud.ca\/@45.4895964,-73.5687581,17z\/data=!4m13!1m7!3m6!1s0x4cc91a638a1d0e53:0x9558673453c0a846!2s420+Rue+Guy,+Montr%C3%A9al,+QC+H3J+1S6!3b1!8m2!3d45.4895964!4d-73.5665694!3m4!1s0x4cc91a638a6b442b:0xe315ad11de05f102!8m2!3d45.4895964!4d-73.5665694?hl=en\" target=\"_blank\">420 rue Guy, Montreal<\/a><br \/>\n<em><strong>Important :<\/strong> <a href=\"https:\/\/2017.montreal.wordcamp.org\/tickets\/\">L&rsquo;inscription aux ateliers se fait s\u00e9par\u00e9ment du WordCamp<\/a> et n&rsquo;est pas incluse dans votre billet d&rsquo;entr\u00e9e au WordCamp.<\/em><\/p>\n<p><strong><a href=\"https:\/\/2017-fr.montreal.wordcamp.org\/session\/preparer-un-article-efficacement-avec-deux-pros-de-la-redaction\/\">Pr\u00e9parer un article efficacement avec deux pros de la r\u00e9daction<\/strong><\/a> (en fran\u00e7ais) &#8212; <a href=\"https:\/\/2017-fr.montreal.wordcamp.org\/speaker\/valerie-auclair\/\">Val\u00e9rie Auclair<\/a> et <a href=\"https:\/\/2017-fr.montreal.wordcamp.org\/speaker\/tatiana-st-louis\/\">Tatiana St-Louis<\/a><br \/>\n18h 30 &#8211; 21h 30 | Centre Cloud.ca, <a href=\"https:\/\/www.google.ca\/maps\/place\/Centre+cloud.ca\/@45.4895964,-73.5687581,17z\/data=!4m13!1m7!3m6!1s0x4cc91a638a1d0e53:0x9558673453c0a846!2s420+Rue+Guy,+Montr%C3%A9al,+QC+H3J+1S6!3b1!8m2!3d45.4895964!4d-73.5665694!3m4!1s0x4cc91a638a6b442b:0xe315ad11de05f102!8m2!3d45.4895964!4d-73.5665694?hl=en\" target=\"_blank\">420 rue Guy, Montr\u00e9al<\/a><br \/>\n<strong style=\"color:red\">COMPLET<\/strong><br \/>\n<em><strong>Important :<\/strong> <a href=\"https:\/\/2017.montreal.wordcamp.org\/tickets\/\">L&rsquo;inscription aux ateliers se fait s\u00e9par\u00e9ment du WordCamp<\/a> et n&rsquo;est pas incluse dans votre billet d&rsquo;entr\u00e9e au WordCamp.<\/em><\/p>\n<hr \/>\n<h4>Mardi, le 8 ao\u00fbt, 2017<\/h4>\n<p><a href=\"https:\/\/2017-fr.montreal.wordcamp.org\/session\/getting-comfortable-with-child-themes\/\"><strong>Getting Comfortable With Child Themes<\/strong><\/a> (in English) &#8212; <a href=\"https:\/\/2017-fr.montreal.wordcamp.org\/speaker\/kathryn-presner\/\">Kathryn Presner<\/a><br \/>\n18h 30 &#8211; 21h 30 | Centre Cloud.ca, <a href=\"https:\/\/www.google.ca\/maps\/place\/Centre+cloud.ca\/@45.489615,-73.5687815,17z\/data=!3m1!4b1!4m5!3m4!1s0x4cc91a638a6b442b:0xe315ad11de05f102!8m2!3d45.4896113!4d-73.5665928\" target=\"_blank\">420 rue Guy, Montreal<\/a><br \/>\n<em><strong>Important :<\/strong> <a href=\"https:\/\/2017.montreal.wordcamp.org\/tickets\/\">L&rsquo;inscription aux ateliers se fait s\u00e9par\u00e9ment du WordCamp<\/a> et n&rsquo;est pas incluse dans votre billet d&rsquo;entr\u00e9e au WordCamp.<\/em><\/p>\n<hr \/>\n<h4>Mercredi, le 9 ao\u00fbt, 2017<\/h4>\n<p><a href=\"https:\/\/2017-fr.montreal.wordcamp.org\/session\/woocommerce-a-beginners-guide-to-sell-anything-anywhere-beautifully\/\"><strong>WooCommerce: A beginner\u2019s guide to sell anything, anywhere. Beautifully!<\/strong><\/a> (in English) &#8212; <a href=\"https:\/\/2017-fr.montreal.wordcamp.org\/speaker\/brian-zerkler\/\">Brian Zerkler<\/a><br \/>\n17h &#8211; 21h | Dawson College, <a href=\"https:\/\/www.google.ca\/maps\/place\/Dawson+College\/@45.489698,-73.5899683,17z\/data=!3m1!4b1!4m5!3m4!1s0x4cc91a12a3fee4ab:0x6d25c9582df137e1!8m2!3d45.489698!4d-73.587785?hl=en\" target=\"_blank\">room 2F.20, 3040 Sherbrooke St West, Montreal<\/a><br \/>\n<strong style=\"color:red\">COMPLET<\/strong><br \/>\n<em><strong>Important :<\/strong> <a href=\"https:\/\/2017.montreal.wordcamp.org\/tickets\/\">L&rsquo;inscription aux ateliers se fait s\u00e9par\u00e9ment du WordCamp<\/a> et n&rsquo;est pas incluse dans votre billet d&rsquo;entr\u00e9e au WordCamp.<\/em><\/p>\n<hr \/>\n<h4>Jeudi, le 10 ao\u00fbt, 2017<\/h4>\n<p><strong><a href=\"https:\/\/2017-fr.montreal.wordcamp.org\/session\/making-a-wordpress-theme-with-wp-api-and-react\/\">Making a WordPress theme with WP-API and React<\/a><\/strong> (in English) &#8212; <a href=\"https:\/\/2017-fr.montreal.wordcamp.org\/speaker\/ziad-saab\/\">Ziad Saab<\/a><br \/>\n18h 30 &#8211; 21h | DecodeMTL at WeWork, <a href=\"https:\/\/www.google.ca\/maps\/place\/DecodeMTL\/@45.502057,-73.5715283,17z\/data=!3m1!4b1!4m5!3m4!1s0x4cc91a568e238a1d:0xeb66b5f6ac0dd227!8m2!3d45.502057!4d-73.569345?hl=en\" target=\"_blank\">floor 4, 3 Place Ville Marie<\/a><br \/>\n<strong style=\"color:red\">ANNUL\u00c9<\/strong><br \/>\n<em><strong>Important :<\/strong> <a href=\"https:\/\/2017.montreal.wordcamp.org\/tickets\/\">L&rsquo;inscription aux ateliers se fait s\u00e9par\u00e9ment du WordCamp<\/a> et n&rsquo;est pas incluse dans votre billet d&rsquo;entr\u00e9e au WordCamp.<\/em><\/p>\n<p><a href=\"https:\/\/2017-fr.montreal.wordcamp.org\/session\/lets-learn-git-no-more-excuses\/\"><strong>Let\u2019s learn Git. No more excuses.<\/strong><\/a> (in English) &#8212; <a href=\"https:\/\/2017-fr.montreal.wordcamp.org\/speaker\/dwayne-mcdaniel\/\">Dwayne McDaniel<\/a><br \/>\n18h 30 &#8211; 21h 30 | Centre Cloud.ca, <a href=\"https:\/\/www.google.ca\/maps\/place\/Centre+cloud.ca\/@45.489615,-73.5687815,17z\/data=!3m1!4b1!4m5!3m4!1s0x4cc91a638a6b442b:0xe315ad11de05f102!8m2!3d45.4896113!4d-73.5665928\" target=\"_blank\">420 rue Guy, Montreal<\/a><br \/>\n<strong style=\"color:red\">COMPLET<\/strong><br \/>\n<em><strong>Important :<\/strong> <a href=\"https:\/\/2017.montreal.wordcamp.org\/tickets\/\">L&rsquo;inscription aux ateliers se fait s\u00e9par\u00e9ment du WordCamp<\/a> et n&rsquo;est pas incluse dans votre billet d&rsquo;entr\u00e9e au WordCamp.<\/em>\n<\/div>\n","protected":false},"excerpt":{"rendered":"<p>Atelier pr\u00e9-WordCamp journ\u00e9e enti\u00e8re, 10h-16h samedi, le 5 ao\u00fbt, 2017 WordPress for Beginners: Create Your Own WordPress Theme (in English) with Ladies Learning Code Important : L&rsquo;inscription aux ateliers se fait s\u00e9par\u00e9ment du WordCamp et n&rsquo;est pas incluse dans votre billet d&rsquo;entr\u00e9e au WordCamp. Ateliers pr\u00e9-WordCamp de soir, apr\u00e8s 18h 30 Lundi, le 7 ao\u00fbt, &hellip; <\/p>\n<p class=\"link-more\"><a href=\"https:\/\/montreal.wordcamp.org\/2017-fr\/ateliers\/\" class=\"more-link\">Continuer la lecture<span class=\"screen-reader-text\"> de &laquo; Ateliers &raquo;<\/span><\/a><\/p>\n","protected":false},"author":10216735,"featured_media":0,"parent":0,"menu_order":0,"comment_status":"closed","ping_status":"closed","template":"","meta":{"jetpack_post_was_ever_published":false,"footnotes":""},"class_list":["post-578","page","type-page","status-publish","hentry"],"jetpack_sharing_enabled":true,"jetpack_shortlink":"https:\/\/wp.me\/P8bMHx-9k","_links":{"self":[{"href":"https:\/\/montreal.wordcamp.org\/2017-fr\/wp-json\/wp\/v2\/pages\/578","targetHints":{"allow":["GET"]}}],"collection":[{"href":"https:\/\/montreal.wordcamp.org\/2017-fr\/wp-json\/wp\/v2\/pages"}],"about":[{"href":"https:\/\/montreal.wordcamp.org\/2017-fr\/wp-json\/wp\/v2\/types\/page"}],"author":[{"embeddable":true,"href":"https:\/\/montreal.wordcamp.org\/2017-fr\/wp-json\/wp\/v2\/users\/10216735"}],"replies":[{"embeddable":true,"href":"https:\/\/montreal.wordcamp.org\/2017-fr\/wp-json\/wp\/v2\/comments?post=578"}],"version-history":[{"count":11,"href":"https:\/\/montreal.wordcamp.org\/2017-fr\/wp-json\/wp\/v2\/pages\/578\/revisions"}],"predecessor-version":[{"id":644,"href":"https:\/\/montreal.wordcamp.org\/2017-fr\/wp-json\/wp\/v2\/pages\/578\/revisions\/644"}],"wp:attachment":[{"href":"https:\/\/montreal.wordcamp.org\/2017-fr\/wp-json\/wp\/v2\/media?parent=578"}],"curies":[{"name":"wp","href":"https:\/\/api.w.org\/{rel}","templated":true}]}}