{"id":76,"date":"2017-04-26T14:11:11","date_gmt":"2017-04-26T18:11:11","guid":{"rendered":"https:\/\/2017-fr.montreal.wordcamp.org\/?page_id=76"},"modified":"2018-04-09T22:33:51","modified_gmt":"2018-04-10T02:33:51","slug":"benevoles","status":"publish","type":"page","link":"https:\/\/montreal.wordcamp.org\/2017-fr\/benevoles\/","title":{"rendered":"B\u00e9n\u00e9voles"},"content":{"rendered":"<p>WordCamp Montr\u00e9al est un \u00e9v\u00e8nement accessible et ind\u00e9pendant gr\u00e2ce au travail de nos b\u00e9n\u00e9voles les jours qui pr\u00e9c\u00e8dent et pendant l\u2019\u00e9v\u00e8nement. Les b\u00e9n\u00e9voles qui donneront quatre heures de leurs temps\u00a0 obtiendront un billet gratuit.<\/p>\n<p>T\u00e2ches des b\u00e9n\u00e9voles<\/p>\n<ul>\n<li><strong>Aide g\u00e9n\u00e9rale &#8211; <\/strong>orientation des participant.e.s, r\u00e9pondre aux questions, etc.<\/li>\n<li><strong>Aide \u00e0 l\u2019ext\u00e9rieur &#8211; <\/strong>guider les participant.e.s entre les b\u00e2timents et les conf\u00e9rences<\/li>\n<li><strong>Accueil et enregistrement &#8211; <\/strong>recevoir les participant.e.s et offrir de l\u2019aide g\u00e9n\u00e9rale<\/li>\n<li><strong>Pr\u00e9paration des salles le vendredi<\/strong><\/li>\n<li><strong>Nettoyage samedi \/ dimanche apr\u00e8s-midi &#8211; en fin de journ\u00e9e<\/strong><\/li>\n<li><strong>Traduction en langue des signes<\/strong><\/li>\n<li><strong>Aide \u00e0 la mobilit\u00e9<\/strong><\/li>\n<li><strong>Happiness Bar<\/strong><\/li>\n<\/ul>\n<p>Au \u00ab Happiness Bar \u00bb, des expert.e.s WordPress offrent de l&rsquo;aide et des conseils aux participant.e.s qui ont des questions ou probl\u00e8mes techniques . C\u2019est une activit\u00e9 amusante, une excellente fa\u00e7on de se faire de nouveaux contacts et d\u00e9montrer son savoir-faire \u00a0(et qui sait, on pourrait m\u00eame vous embaucher).<\/p>\n<p>Les b\u00e9n\u00e9voles du \u00ab Happiness Bar \u00bb n\u2019obtiennent pas d\u2019entr\u00e9e gratuite parce que l\u2019activit\u00e9 est amusante et gratifiante. Veuillez vous inscrire en utilisant le formulaire ci-dessous et vous assurer que vous cochez l\u2019option\u00ab Happiness Bar \u00bb. \u00c9videmment, les b\u00e9n\u00e9voles \u2018r\u00e9guliers\u2019 sont bienvenus pour nous aider au\u00ab Happiness Bar \u00bb!<\/p>\n<p><strong><a class=\"button\" href=\"https:\/\/docs.google.com\/forms\/d\/e\/1FAIpQLScnIhPl_-ITP6gjNcFCbpDs3JYWMebSBACXRTUCB0cOVYUTZw\/viewform\" target=\"_blank\" rel=\"noopener\">Appliquer pour \u00eatre b\u00e9n\u00e9vole<\/a> <\/strong><\/p>\n<p>Merci \u00e0 toutes celles et \u00e0 tous ceux qui ont d\u00e9j\u00e0 offert de leur temps comme b\u00e9n\u00e9vole. Vous recevrez un accus\u00e9 de r\u00e9ception par courriel dans les 24 heures suivant votre inscription en tant que b\u00e9n\u00e9vole, ainsi que des informations sur les prochaines \u00e9tapes.<\/p>\n","protected":false},"excerpt":{"rendered":"<p>WordCamp Montr\u00e9al est un \u00e9v\u00e8nement accessible et ind\u00e9pendant gr\u00e2ce au travail de nos b\u00e9n\u00e9voles les jours qui pr\u00e9c\u00e8dent et pendant l\u2019\u00e9v\u00e8nement. Les b\u00e9n\u00e9voles qui donneront quatre heures de leurs temps\u00a0 obtiendront un billet gratuit. T\u00e2ches des b\u00e9n\u00e9voles Aide g\u00e9n\u00e9rale &#8211; orientation des participant.e.s, r\u00e9pondre aux questions, etc. Aide \u00e0 l\u2019ext\u00e9rieur &#8211; guider les participant.e.s entre &hellip; <\/p>\n<p class=\"link-more\"><a href=\"https:\/\/montreal.wordcamp.org\/2017-fr\/benevoles\/\" class=\"more-link\">Continuer la lecture<span class=\"screen-reader-text\"> de &laquo; B\u00e9n\u00e9voles &raquo;<\/span><\/a><\/p>\n","protected":false},"author":13996737,"featured_media":44,"parent":0,"menu_order":0,"comment_status":"closed","ping_status":"closed","template":"","meta":{"jetpack_post_was_ever_published":false,"footnotes":""},"class_list":["post-76","page","type-page","status-publish","has-post-thumbnail","hentry"],"jetpack_sharing_enabled":true,"jetpack_shortlink":"https:\/\/wp.me\/P8bMHx-1e","_links":{"self":[{"href":"https:\/\/montreal.wordcamp.org\/2017-fr\/wp-json\/wp\/v2\/pages\/76","targetHints":{"allow":["GET"]}}],"collection":[{"href":"https:\/\/montreal.wordcamp.org\/2017-fr\/wp-json\/wp\/v2\/pages"}],"about":[{"href":"https:\/\/montreal.wordcamp.org\/2017-fr\/wp-json\/wp\/v2\/types\/page"}],"author":[{"embeddable":true,"href":"https:\/\/montreal.wordcamp.org\/2017-fr\/wp-json\/wp\/v2\/users\/13996737"}],"replies":[{"embeddable":true,"href":"https:\/\/montreal.wordcamp.org\/2017-fr\/wp-json\/wp\/v2\/comments?post=76"}],"version-history":[{"count":13,"href":"https:\/\/montreal.wordcamp.org\/2017-fr\/wp-json\/wp\/v2\/pages\/76\/revisions"}],"predecessor-version":[{"id":751,"href":"https:\/\/montreal.wordcamp.org\/2017-fr\/wp-json\/wp\/v2\/pages\/76\/revisions\/751"}],"wp:featuredmedia":[{"embeddable":true,"href":"https:\/\/montreal.wordcamp.org\/2017-fr\/wp-json\/wp\/v2\/media\/44"}],"wp:attachment":[{"href":"https:\/\/montreal.wordcamp.org\/2017-fr\/wp-json\/wp\/v2\/media?parent=76"}],"curies":[{"name":"wp","href":"https:\/\/api.w.org\/{rel}","templated":true}]}}