{"id":158,"date":"2017-04-26T14:06:44","date_gmt":"2017-04-26T18:06:44","guid":{"rendered":"https:\/\/2017-fr.montreal.wordcamp.org\/?page_id=71"},"modified":"2018-08-03T07:50:58","modified_gmt":"2018-08-03T11:50:58","slug":"commanditaires","status":"publish","type":"page","link":"https:\/\/montreal.wordcamp.org\/2018-fr\/commanditaires\/","title":{"rendered":"Merci \u00e0 nos commanditaires !"},"content":{"rendered":"<p><img loading=\"lazy\" decoding=\"async\" class=\"alignnone wp-image-2257 size-full\" src=\"https:\/\/2018-fr.montreal.wordcamp.org\/files\/2018\/08\/logos-wordcamp.002.jpeg\" alt=\"\" width=\"1920\" height=\"1080\" srcset=\"https:\/\/montreal.wordcamp.org\/2018-fr\/files\/2018\/08\/logos-wordcamp.002.jpeg 1920w, https:\/\/montreal.wordcamp.org\/2018-fr\/files\/2018\/08\/logos-wordcamp.002-300x169.jpeg 300w, https:\/\/montreal.wordcamp.org\/2018-fr\/files\/2018\/08\/logos-wordcamp.002-768x432.jpeg 768w, https:\/\/montreal.wordcamp.org\/2018-fr\/files\/2018\/08\/logos-wordcamp.002-1024x576.jpeg 1024w, https:\/\/montreal.wordcamp.org\/2018-fr\/files\/2018\/08\/logos-wordcamp.002-500x281.jpeg 500w\" sizes=\"auto, (max-width: 767px) 89vw, (max-width: 1000px) 54vw, (max-width: 1071px) 543px, 580px\" \/><\/p>\n<p>Vous souhaitez\u00a0devenir\u00a0commanditaire?<\/p>\n<p>Consultez n<a href=\"https:\/\/2018-fr.montreal.wordcamp.org\/commanditaires\/devenez-commanditaire\/\" rel=\"nofollow\">otre page<\/a> sur comment commanditer WordCamp et participer \u00e0 cet \u00e9v\u00e9nement !<\/p>\n<p><!--more--><\/p>\n\n\t<div class=\"wcorg-sponsors\">\n\t\t\n\t\t\t<div class=\"wcorg-sponsor-level-gold\">\n\t\t\t\t<h2>Or<\/h2>\n\n\t\t\t\t\n\t\t\t\t\t<div id=\"wcorg-sponsor-26\" class=\"wcorg-sponsor\">\n\t\t\t\t\t\t\t\t\t\t\t\t\t\t\t\t\t\t\t\t\t<h3>\n\t\t\t\t\t\t\t\t\tBoldGrid\t\t\t\t\t\t\t\t<\/h3>\n\t\t\t\t\t\t\t\t\t\t\t\t\t\n\t\t\t\t\t\t<div class=\"wcorg-sponsor-description\">\n\t\t\t\t\t\t\t\t\t\t\t\t\t\t\t<img loading=\"lazy\" decoding=\"async\" width=\"200\" height=\"28\" src=\"https:\/\/montreal.wordcamp.org\/2018-fr\/files\/2017\/12\/boldGrid-transparent-lockup-2a.png\" class=\"attachment-wcb-sponsor-logo-horizontal-2x size-wcb-sponsor-logo-horizontal-2x wp-post-image\" alt=\"BoldGrid\" sizes=\"auto, 100vw\" \/>\t\t\t\t\t\t\t\n\t\t\t\t\t\t\t\t\t\t\t\t\t\t\t<p>BoldGrid is a website builder powered by WordPress. It is a free set of WordPress plugins, themes, and other content that allows site creation and management similar to non-WordPress website builders. By placing WordPress more in line with DIY site builder solutions on the market, our mission is not only to make WordPress more accessible and easy for beginners to utilize, but also automate and streamline typical WordPress tasks to provide a fast, creator-friendly platform that even web professionals will appreciate.<\/p>\n<p>Experience WordPress as a website builder, including: free pre-built themes, drag and drop editing, integrated image banks, simplified photo editing, built-in staging, automated backups, and so much more.<\/p>\n<p>BoldGrid will have you creating professional looking WordPress sites in minutes!<\/p>\n<p><a href=\"http:\/\/www.boldgrid.com\" target=\"_blank\" rel=\"nofollow\">www.boldgrid.com<\/a><\/p>\n\t\t\t\t\t\t\t\t\t\t\t\t\t<\/div>\n\t\t\t\t\t<\/div><!-- #sponsor -->\n\t\t\t\t\n\t\t\t\t\t<div id=\"wcorg-sponsor-28\" class=\"wcorg-sponsor\">\n\t\t\t\t\t\t\t\t\t\t\t\t\t\t\t\t\t\t\t\t\t<h3>\n\t\t\t\t\t\t\t\t\tWooCommerce\t\t\t\t\t\t\t\t<\/h3>\n\t\t\t\t\t\t\t\t\t\t\t\t\t\n\t\t\t\t\t\t<div class=\"wcorg-sponsor-description\">\n\t\t\t\t\t\t\t\t\t\t\t\t\t\t\t<img loading=\"lazy\" decoding=\"async\" width=\"432\" height=\"87\" src=\"https:\/\/montreal.wordcamp.org\/2018-fr\/files\/2017\/12\/woocommerce_logo.png\" class=\"attachment-wcb-sponsor-logo-horizontal-2x size-wcb-sponsor-logo-horizontal-2x wp-post-image\" alt=\"WooCommerce\" srcset=\"https:\/\/montreal.wordcamp.org\/2018-fr\/files\/2017\/12\/woocommerce_logo.png 432w, https:\/\/montreal.wordcamp.org\/2018-fr\/files\/2017\/12\/woocommerce_logo-300x60.png 300w\" sizes=\"auto, 100vw\" \/>\t\t\t\t\t\t\t\n\t\t\t\t\t\t\t\t\t\t\t\t\t\t\t<p>28% of all online stores are powered by WooCommerce. Built on WordPress, WooCommerce is a fully customizable, open source\u00a0eCommerce\u00a0solution.<\/p>\n<ul>\n<li><a href=\"https:\/\/href.li\/?https:\/\/wordpress.org\/plugins\/woocommerce\/stats\/\" rel=\"noreferrer nofollow\">1+ million active installations<\/a><\/li>\n<li>16+ million downloads<\/li>\n<li>400+ extensions to add functionality<\/li>\n<\/ul>\n<p>Whether you\u2019re selling a few handcrafted items to a niche market, taking an existing business online, or going global with an enterprise level eCommerce business\u00a0\u2013 WooCommerce will get you set up and selling fast and\u00a0scale securely as you grow. Plus your content will be forever yours and customizable down to the finest button color.<\/p>\n<p>Developed and supported by a distributed team, WooCommerce is powered\u00a0by Automattic, the creators of WordPress.com.<\/p>\n\t\t\t\t\t\t\t\t\t\t\t\t\t<\/div>\n\t\t\t\t\t<\/div><!-- #sponsor -->\n\t\t\t\t\n\t\t\t\t\t<div id=\"wcorg-sponsor-30\" class=\"wcorg-sponsor\">\n\t\t\t\t\t\t\t\t\t\t\t\t\t\t\t\t\t\t\t\t\t<h3>\n\t\t\t\t\t\t\t\t\tJetpack\t\t\t\t\t\t\t\t<\/h3>\n\t\t\t\t\t\t\t\t\t\t\t\t\t\n\t\t\t\t\t\t<div class=\"wcorg-sponsor-description\">\n\t\t\t\t\t\t\t\t\t\t\t\t\t\t\t<img loading=\"lazy\" decoding=\"async\" width=\"1200\" height=\"420\" src=\"https:\/\/montreal.wordcamp.org\/2018-fr\/files\/2017\/12\/jetpack-horizontal-transparent-.png\" class=\"attachment-wcb-sponsor-logo-horizontal-2x size-wcb-sponsor-logo-horizontal-2x wp-post-image\" alt=\"Jetpack\" srcset=\"https:\/\/montreal.wordcamp.org\/2018-fr\/files\/2017\/12\/jetpack-horizontal-transparent-.png 1200w, https:\/\/montreal.wordcamp.org\/2018-fr\/files\/2017\/12\/jetpack-horizontal-transparent--300x105.png 300w, https:\/\/montreal.wordcamp.org\/2018-fr\/files\/2017\/12\/jetpack-horizontal-transparent--768x269.png 768w, https:\/\/montreal.wordcamp.org\/2018-fr\/files\/2017\/12\/jetpack-horizontal-transparent--1024x358.png 1024w, https:\/\/montreal.wordcamp.org\/2018-fr\/files\/2017\/12\/jetpack-horizontal-transparent--500x175.png 500w\" sizes=\"auto, 100vw\" \/>\t\t\t\t\t\t\t\n\t\t\t\t\t\t\t\t\t\t\t\t\t\t\t<p>Transform how you work with your WordPress sites and rest easy knowing they\u2019re always firing on all cylinders. Jetpack connects your site to the global services, community, and support provided by WordPress.com so you can focus on the stuff that matters.<\/p>\n<p>Jetpack automatically shields your site from the unwanted attention of spammers, hackers, and malware, while real-time sync and backup means you don\u2019t have to worry about data loss. Straightforward traffic-building tools help you attract the attention of readers and search engines. Pages and videos are delivered at high speed from a global, ad-free content delivery network.<\/p>\n<p>Jetpack sends new content directly to your subscribers\u2019 inboxes and shows readers related content, helping you increase page views per visitor and boost ad revenue. Whenever you need it, you can rely on priority support from our global team of WordPress experts to ensure a friction-free experience for your visitors \u2014 and for you.<\/p>\n<p>Make your site work for you. Get your Jetpack today at <a href=\"http:\/\/jetpack.com\" rel=\"nofollow\">Jetpack.com<\/a><\/p>\n\t\t\t\t\t\t\t\t\t\t\t\t\t<\/div>\n\t\t\t\t\t<\/div><!-- #sponsor -->\n\t\t\t\t\n\t\t\t\t\t<div id=\"wcorg-sponsor-32\" class=\"wcorg-sponsor\">\n\t\t\t\t\t\t\t\t\t\t\t\t\t\t\t\t\t\t\t\t\t<h3>\n\t\t\t\t\t\t\t\t\tBluehost\t\t\t\t\t\t\t\t<\/h3>\n\t\t\t\t\t\t\t\t\t\t\t\t\t\n\t\t\t\t\t\t<div class=\"wcorg-sponsor-description\">\n\t\t\t\t\t\t\t\t\t\t\t\t\t\t\t<img loading=\"lazy\" decoding=\"async\" width=\"651\" height=\"137\" src=\"https:\/\/montreal.wordcamp.org\/2018-fr\/files\/2017\/12\/bh_logo_2015.png\" class=\"attachment-wcb-sponsor-logo-horizontal-2x size-wcb-sponsor-logo-horizontal-2x wp-post-image\" alt=\"Bluehost\" srcset=\"https:\/\/montreal.wordcamp.org\/2018-fr\/files\/2017\/12\/bh_logo_2015.png 651w, https:\/\/montreal.wordcamp.org\/2018-fr\/files\/2017\/12\/bh_logo_2015-300x63.png 300w, https:\/\/montreal.wordcamp.org\/2018-fr\/files\/2017\/12\/bh_logo_2015-500x105.png 500w\" sizes=\"auto, 100vw\" \/>\t\t\t\t\t\t\t\n\t\t\t\t\t\t\t\t\t\t\t\t\t\t\t<p><a href=\"https:\/\/www.bluehost.com\/\" rel=\"nofollow\">Bluehost<\/a> has been a WordPress partner since 2005 and powers over 1 million WordPress sites worldwide. Their objective is to help customers, whether novice or pro, create a thriving online presence at an affordable price. With a team of in-house tech experts available 24\/7, Bluehost dedicates time and resources to providing the best support and services in the industry. Join millions of other site owners and see what Bluehost can do for you and your online presence.<\/p>\n\t\t\t\t\t\t\t\t\t\t\t\t\t<\/div>\n\t\t\t\t\t<\/div><!-- #sponsor -->\n\t\t\t\t\n\t\t\t\t\t<div id=\"wcorg-sponsor-709\" class=\"wcorg-sponsor\">\n\t\t\t\t\t\t\t\t\t\t\t\t\t\t\t\t\t\t\t\t\t<h3>\n\t\t\t\t\t\t\t\t\tPlanetHosters\t\t\t\t\t\t\t\t<\/h3>\n\t\t\t\t\t\t\t\t\t\t\t\t\t\n\t\t\t\t\t\t<div class=\"wcorg-sponsor-description\">\n\t\t\t\t\t\t\t\t\t\t\t\t\t\t\t<img loading=\"lazy\" decoding=\"async\" width=\"728\" height=\"153\" src=\"https:\/\/montreal.wordcamp.org\/2018-fr\/files\/2018\/05\/logo-PH-vert.png\" class=\"attachment-wcb-sponsor-logo-horizontal-2x size-wcb-sponsor-logo-horizontal-2x wp-post-image\" alt=\"PlanetHosters\" srcset=\"https:\/\/montreal.wordcamp.org\/2018-fr\/files\/2018\/05\/logo-PH-vert.png 728w, https:\/\/montreal.wordcamp.org\/2018-fr\/files\/2018\/05\/logo-PH-vert-300x63.png 300w, https:\/\/montreal.wordcamp.org\/2018-fr\/files\/2018\/05\/logo-PH-vert-500x105.png 500w\" sizes=\"auto, 100vw\" \/>\t\t\t\t\t\t\t\n\t\t\t\t\t\t\t\t\t\t\t\t\t\t\t<p><span style=\"font-weight: 400\">PlanetHoster, un <\/span><a href=\"https:\/\/www.planethoster.com\/fr\/\" rel=\"nofollow\"><span style=\"font-weight: 400\">h\u00e9bergeur web<\/span><\/a><span style=\"font-weight: 400\"> de confiance, au service des particuliers et des entreprises depuis 2007.<\/span><\/p>\n<ol>\n<li><span style=\"font-weight: 400\">Cr\u00e9er un site web facilement et gratuitement gr\u00e2ce au plan d\u2019<\/span><a href=\"https:\/\/www.planethoster.com\/fr\/World-Lite\" rel=\"nofollow\"><span style=\"font-weight: 400\">h\u00e9bergement web gratuit sans pub\u00a0<\/span><\/a><span style=\"font-weight: 400\">: World Lite &#8211; Logiciel de cr\u00e9ation de site web gratuit <\/span><\/li>\n<li><span style=\"font-weight: 400\">Solution payante\u00a0: H\u00e9bergement web World \u2013 \u00a0Avantages\u00a0:<\/span>\n<ul>\n<li>Espace disque illimit\u00e9 pour WordPress, Joomla, Magento, Prestashop, etc<\/li>\n<li>Traffic illimit\u00e9<\/li>\n<li>Choisissez la localisation pour chaque site web (France ou Canada)<\/li>\n<li>\u00c9voluer et g\u00e9rer les ressources pour chaque site web en quelques clics<\/li>\n<li>S\u00e9curit\u00e9 maximale + isolation compl\u00e8te pour chaque site web (chaque site web poss\u00e8de son propre panneau de contr\u00f4le)<\/li>\n<\/ul>\n<\/li>\n<li style=\"font-weight: 400\"><span style=\"font-weight: 400\">Solution Entreprise\u00a0: <\/span><a href=\"https:\/\/www.planethoster.com\/fr\/Serveurs-HybridCloud\" rel=\"nofollow\"><span style=\"font-weight: 400\">Serveur d\u00e9di\u00e9<\/span><\/a><span style=\"font-weight: 400\"> HybridCloud<\/span>\n<ul>\n<li>Maximum de flexibilit\u00e9 et de personnalisation<\/li>\n<li>Plus de 1000 IPs diff\u00e9rentes (classes C ind\u00e9pendantes) par serveur<\/li>\n<li>Exemple de client : Forbes.fr, CHUM, SEIKO, Association des polici\u00e8res et policiers provinciaux du Qu\u00e9bec<\/li>\n<\/ul>\n<\/li>\n<\/ol>\n<p><span style=\"font-weight: 400\">PlanetHoster est une \u00e9quipe exp\u00e9riment\u00e9e de professionnels en h\u00e9bergement web s\u2019engageant \u00e0 offrir un service haut de gamme \u00e0 leurs clients.<\/span><\/p>\n<ul>\n<li style=\"font-weight: 400\"><span style=\"font-weight: 400\">Aucune sous-traitance, support 24\/7 <\/span><\/li>\n<li style=\"font-weight: 400\"><span style=\"font-weight: 400\">Infrastructures 100% propri\u00e9taires en France et au Canada<\/span><\/li>\n<li style=\"font-weight: 400\"><span style=\"font-weight: 400\">Accr\u00e9ditations noms de domaine &#8211; ICANN (CIRA (.ca), Verisign (.com, .net, .tv) et bien plus)<\/span><\/li>\n<li style=\"font-weight: 400\"><span style=\"font-weight: 400\">R\u00e9seau Internet premium optimis\u00e9 par Noction <\/span><\/li>\n<li style=\"font-weight: 400\"><span style=\"font-weight: 400\">Anti-DDoS par Arbor<\/span><\/li>\n<li style=\"font-weight: 400\"><span style=\"font-weight: 400\">Des solutions d\u2019h\u00e9bergement \u00e9volutives au meilleur rapport qualit\u00e9\/prix<\/span><\/li>\n<\/ul>\n\t\t\t\t\t\t\t\t\t\t\t\t\t<\/div>\n\t\t\t\t\t<\/div><!-- #sponsor -->\n\t\t\t\t\t\t\t<\/div><!-- .wcorg-sponsor-level -->\n\t\t\n\t\t\t<div class=\"wcorg-sponsor-level-silver\">\n\t\t\t\t<h2>Argent<\/h2>\n\n\t\t\t\t\n\t\t\t\t\t<div id=\"wcorg-sponsor-24\" class=\"wcorg-sponsor\">\n\t\t\t\t\t\t\t\t\t\t\t\t\t\t\t\t\t\t\t\t\t<h3>\n\t\t\t\t\t\t\t\t\tDreamHost\t\t\t\t\t\t\t\t<\/h3>\n\t\t\t\t\t\t\t\t\t\t\t\t\t\n\t\t\t\t\t\t<div class=\"wcorg-sponsor-description\">\n\t\t\t\t\t\t\t\t\t\t\t\t\t\t\t<img loading=\"lazy\" decoding=\"async\" width=\"980\" height=\"282\" src=\"https:\/\/montreal.wordcamp.org\/2018-fr\/files\/2017\/12\/dreamhost-e1467241131853.png\" class=\"attachment-wcb-sponsor-logo-horizontal-2x size-wcb-sponsor-logo-horizontal-2x wp-post-image\" alt=\"DreamHost\" srcset=\"https:\/\/montreal.wordcamp.org\/2018-fr\/files\/2017\/12\/dreamhost-e1467241131853.png 980w, https:\/\/montreal.wordcamp.org\/2018-fr\/files\/2017\/12\/dreamhost-e1467241131853-300x86.png 300w, https:\/\/montreal.wordcamp.org\/2018-fr\/files\/2017\/12\/dreamhost-e1467241131853-768x221.png 768w, https:\/\/montreal.wordcamp.org\/2018-fr\/files\/2017\/12\/dreamhost-e1467241131853-500x144.png 500w\" sizes=\"auto, 100vw\" \/>\t\t\t\t\t\t\t\n\t\t\t\t\t\t\t\t\t\t\t\t\t\t\t<p>Since 1997\u00a0DreamHost has helped individuals, small businesses, entrepreneurs and\u00a0developers the world over bring their dreams to life on the Internet. From\u00a0domain registrations to traditional web hosting and highly-optimized\u00a0managed WordPress hosting, more than 400,000 customers trust DreamHost to\u00a0be their online home. DreamHost supports the WordPress project and\u00a0community with dedicated resources and a passionate team. Packed with\u00a0excellent value, DreamHost is a great place to launch a blog, website, or\u00a0online application into the stratosphere!\u00a0 Learn more at\u00a0<a href=\"http:\/\/href.li\/?http:\/\/www.DreamHost.com\" rel=\"nofollow\">www.DreamHost.com<\/a><\/p>\n\t\t\t\t\t\t\t\t\t\t\t\t\t<\/div>\n\t\t\t\t\t<\/div><!-- #sponsor -->\n\t\t\t\t\n\t\t\t\t\t<div id=\"wcorg-sponsor-34\" class=\"wcorg-sponsor\">\n\t\t\t\t\t\t\t\t\t\t\t\t\t\t\t\t\t\t\t\t\t<h3>\n\t\t\t\t\t\t\t\t\tGoDaddy\t\t\t\t\t\t\t\t<\/h3>\n\t\t\t\t\t\t\t\t\t\t\t\t\t\n\t\t\t\t\t\t<div class=\"wcorg-sponsor-description\">\n\t\t\t\t\t\t\t\t\t\t\t\t\t\t\t<img loading=\"lazy\" decoding=\"async\" width=\"400\" height=\"91\" src=\"https:\/\/montreal.wordcamp.org\/2018-fr\/files\/2017\/12\/GoDaddy_Pro_RGB_Full_B2.png\" class=\"attachment-wcb-sponsor-logo-horizontal-2x size-wcb-sponsor-logo-horizontal-2x wp-post-image\" alt=\"GoDaddy\" srcset=\"https:\/\/montreal.wordcamp.org\/2018-fr\/files\/2017\/12\/GoDaddy_Pro_RGB_Full_B2.png 400w, https:\/\/montreal.wordcamp.org\/2018-fr\/files\/2017\/12\/GoDaddy_Pro_RGB_Full_B2-300x68.png 300w\" sizes=\"auto, 100vw\" \/>\t\t\t\t\t\t\t\n\t\t\t\t\t\t\t\t\t\t\t\t\t\t\t<p>GoDaddy Pro is a free membership program for web developers, designers &amp; agencies. It offers exclusive tools to help onboard, manage and maintain multiple clients and their sites fast and easy. With GoDaddy Pro tools, you can easily shop for your client, monitor their sites, and manage their products from a single dashboard. Additionally, your membership includes advanced 24\/7 technical support and rewards for recommending GoDaddy to your clients.<\/p>\n<p>You can use GoDaddy Pro with all of GoDaddy\u2019s newly refreshed hosting products, including Managed WordPress, cPanel shared hosting, our brand new cloud product, and our virtual and dedicated solutions.<\/p>\n<p>And, always get the best price on GoDaddy products with your \u201c30% off list price\u201d member benefit.<\/p>\n<p><a href=\"http:\/\/www.godaddy.com\/pro\/managewp?cvosrc=advocacy.evangelism.wcg17\" rel=\"nofollow\">Learn more<\/a>\u00a0about GoDaddy Pro.<\/p>\n\t\t\t\t\t\t\t\t\t\t\t\t\t<\/div>\n\t\t\t\t\t<\/div><!-- #sponsor -->\n\t\t\t\t\n\t\t\t\t\t<div id=\"wcorg-sponsor-1125\" class=\"wcorg-sponsor\">\n\t\t\t\t\t\t\t\t\t\t\t\t\t\t\t\t\t\t\t\t\t<h3>\n\t\t\t\t\t\t\t\t\tH\u00e9bergement Web Canada\t\t\t\t\t\t\t\t<\/h3>\n\t\t\t\t\t\t\t\t\t\t\t\t\t\n\t\t\t\t\t\t<div class=\"wcorg-sponsor-description\">\n\t\t\t\t\t\t\t\t\t\t\t\t\t\t\t<img loading=\"lazy\" decoding=\"async\" width=\"792\" height=\"277\" src=\"https:\/\/montreal.wordcamp.org\/2018-fr\/files\/2018\/07\/Logo_FR-blanc.png\" class=\"attachment-wcb-sponsor-logo-horizontal-2x size-wcb-sponsor-logo-horizontal-2x wp-post-image\" alt=\"H\u00e9bergement Web Canada\" srcset=\"https:\/\/montreal.wordcamp.org\/2018-fr\/files\/2018\/07\/Logo_FR-blanc.png 792w, https:\/\/montreal.wordcamp.org\/2018-fr\/files\/2018\/07\/Logo_FR-blanc-300x105.png 300w, https:\/\/montreal.wordcamp.org\/2018-fr\/files\/2018\/07\/Logo_FR-blanc-768x269.png 768w, https:\/\/montreal.wordcamp.org\/2018-fr\/files\/2018\/07\/Logo_FR-blanc-500x175.png 500w\" sizes=\"auto, 100vw\" \/>\t\t\t\t\t\t\t\n\t\t\t\t\t\t\t\t\t\t\t\t\t\t\t<p><a href=\"https:\/\/whc.ca\" rel=\"nofollow\"><span style=\"font-weight: 400\">H\u00e9bergement Web Canada<\/span><\/a><span style=\"font-weight: 400\"> (WHC) est une soci\u00e9t\u00e9 de technologie et d\u2019infrastructure TI, bas\u00e9e \u00e0 Montr\u00e9al. Nous sommes une \u00e9quipe de professionnels du web, travaillant ensemble pour aider les petites entreprises canadiennes \u00e0 s\u2019\u00e9tablir et \u00e0 r\u00e9ussir en ligne.<\/span><\/p>\n<p><span style=\"font-weight: 400\">Depuis 2003, H\u00e9bergement Web Canada se distingue par sa s\u00e9curit\u00e9 et fiabilit\u00e9 de service et compte aujourd\u2019hui plus de 25 000 clients actifs au Canada et \u00e0 l\u2019international.<\/span><\/p>\n<p><span style=\"font-weight: 400\">WHC est un registraire agr\u00e9\u00e9 par l\u2019Autorit\u00e9 Canadienne des Enregistrements Internet (ACEI), un partenaire officiel de cPanel, CloudLinux et SpamExperts et se classe r\u00e9guli\u00e8rement comme le <\/span><a href=\"https:\/\/whc.ca\/noms-de-domaine\/recherche\" rel=\"nofollow\"><span style=\"font-weight: 400\">fournisseur de domaines #1<\/span><\/a><span style=\"font-weight: 400\"> par le registre des domaines .CA.<\/span><\/p>\n<p><span style=\"font-weight: 400\">H\u00e9bergement Web Canada offre un valeur s\u00fbre aux entreprises canadiennes avec:<\/span><\/p>\n<ul>\n<li style=\"font-weight: 400\"><span style=\"font-weight: 400\">Un <\/span><a href=\"https:\/\/whc.ca\/hebergement-sites-web\" rel=\"nofollow\"><span style=\"font-weight: 400\">H\u00e9bergement Web Canadien<\/span><\/a><span style=\"font-weight: 400\"> optimis\u00e9, h\u00e9berg\u00e9 \u00e0 100% au Canada<\/span><\/li>\n<li style=\"font-weight: 400\"><span style=\"font-weight: 400\">Des <\/span><a href=\"https:\/\/whc.ca\/serveurs-cloud-canadiens\" rel=\"nofollow\"><span style=\"font-weight: 400\">serveurs Cloud infog\u00e9r\u00e9s<\/span><\/a><span style=\"font-weight: 400\"> avec acc\u00e8s root complet<\/span><\/li>\n<li style=\"font-weight: 400\"><a href=\"https:\/\/whc.ca\/serveurs-dedies\" rel=\"nofollow\"><span style=\"font-weight: 400\">Serveurs D\u00e9di\u00e9s<\/span><\/a><span style=\"font-weight: 400\"> pour un contr\u00f4le in\u00e9gal\u00e9<\/span><\/li>\n<li style=\"font-weight: 400\"><span style=\"font-weight: 400\">Plus de 400 types de <\/span><a href=\"https:\/\/whc.ca\/noms-de-domaine\/recherche\" rel=\"nofollow\"><span style=\"font-weight: 400\">noms de domaines<\/span><\/a><\/li>\n<li style=\"font-weight: 400\"><span style=\"font-weight: 400\">DNS Anycast, Cr\u00e9ateurs web, Marketing par courriel, SSL et plus!<\/span><\/li>\n<li style=\"font-weight: 400\"><span style=\"font-weight: 400\">Assistance 24\/7 experte par t\u00e9l\u00e9phone, clavardage et courriel<\/span><\/li>\n<\/ul>\n<p><span style=\"font-weight: 400\">Nous sommes fiers de participer \u00e0 WordCamp Montr\u00e9al 2018 o\u00f9 nous pr\u00e9voyons annoncer le lancement officiel de notre tout nouveau service d\u2019h\u00e9bergement WordPress sp\u00e9cialis\u00e9. Demeurez \u00e0 l\u2019\u00e9coute pour des nouvelles et au plaisir de vous voir \u00e0 l\u2019\u00e9v\u00e8nement!<\/span><\/p>\n\t\t\t\t\t\t\t\t\t\t\t\t\t<\/div>\n\t\t\t\t\t<\/div><!-- #sponsor -->\n\t\t\t\t\t\t\t<\/div><!-- .wcorg-sponsor-level -->\n\t\t\n\t\t\t<div class=\"wcorg-sponsor-level-bronze\">\n\t\t\t\t<h2>Bronze<\/h2>\n\n\t\t\t\t\n\t\t\t\t\t<div id=\"wcorg-sponsor-20\" class=\"wcorg-sponsor\">\n\t\t\t\t\t\t\t\t\t\t\t\t\t\t\t\t\t\t\t\t\t<h3>\n\t\t\t\t\t\t\t\t\tSiteLock\t\t\t\t\t\t\t\t<\/h3>\n\t\t\t\t\t\t\t\t\t\t\t\t\t\n\t\t\t\t\t\t<div class=\"wcorg-sponsor-description\">\n\t\t\t\t\t\t\t\t\t\t\t\t\t\t\t<img loading=\"lazy\" decoding=\"async\" width=\"760\" height=\"207\" src=\"https:\/\/montreal.wordcamp.org\/2018-fr\/files\/2017\/12\/SiteLock-760.png\" class=\"attachment-wcb-sponsor-logo-horizontal-2x size-wcb-sponsor-logo-horizontal-2x wp-post-image\" alt=\"SiteLock\" srcset=\"https:\/\/montreal.wordcamp.org\/2018-fr\/files\/2017\/12\/SiteLock-760.png 760w, https:\/\/montreal.wordcamp.org\/2018-fr\/files\/2017\/12\/SiteLock-760-300x82.png 300w, https:\/\/montreal.wordcamp.org\/2018-fr\/files\/2017\/12\/SiteLock-760-500x136.png 500w\" sizes=\"auto, 100vw\" \/>\t\t\t\t\t\t\t\n\t\t\t\t\t\t\t\t\t\t\t\t\t\t\t<p>Currently protecting 6 million websites daily with over 2 million of those powered by WordPress, SiteLock delivers a patented 360-degree website security solution to find, fix and prevent malware and other threats from affecting websites and their visitors. Services include automatic malware scanning and removal, an advanced web application firewall, static application security testing, PCI compliance and website acceleration powered by a global CDN. SiteLock also offers phone, email and chat support, 24\/7\/365. With SiteLock, you can focus on what\u2019s most important\u2014your business, your passion, your word.<\/p>\n\t\t\t\t\t\t\t\t\t\t\t\t\t<\/div>\n\t\t\t\t\t<\/div><!-- #sponsor -->\n\t\t\t\t\n\t\t\t\t\t<div id=\"wcorg-sponsor-22\" class=\"wcorg-sponsor\">\n\t\t\t\t\t\t\t\t\t\t\t\t\t\t\t\t\t\t\t\t\t<h3>\n\t\t\t\t\t\t\t\t\tWPML\t\t\t\t\t\t\t\t<\/h3>\n\t\t\t\t\t\t\t\t\t\t\t\t\t\n\t\t\t\t\t\t<div class=\"wcorg-sponsor-description\">\n\t\t\t\t\t\t\t\t\t\t\t\t\t\t\t<img loading=\"lazy\" decoding=\"async\" width=\"1038\" height=\"300\" src=\"https:\/\/montreal.wordcamp.org\/2018-fr\/files\/2017\/12\/wpml-web-e1433270709770.png\" class=\"attachment-wcb-sponsor-logo-horizontal-2x size-wcb-sponsor-logo-horizontal-2x wp-post-image\" alt=\"WPML\" srcset=\"https:\/\/montreal.wordcamp.org\/2018-fr\/files\/2017\/12\/wpml-web-e1433270709770.png 1038w, https:\/\/montreal.wordcamp.org\/2018-fr\/files\/2017\/12\/wpml-web-e1433270709770-300x87.png 300w, https:\/\/montreal.wordcamp.org\/2018-fr\/files\/2017\/12\/wpml-web-e1433270709770-768x222.png 768w, https:\/\/montreal.wordcamp.org\/2018-fr\/files\/2017\/12\/wpml-web-e1433270709770-1024x296.png 1024w, https:\/\/montreal.wordcamp.org\/2018-fr\/files\/2017\/12\/wpml-web-e1433270709770-500x145.png 500w\" sizes=\"auto, 100vw\" \/>\t\t\t\t\t\t\t\n\t\t\t\t\t\t\t\t\t\t\t\t\t\t\t<div>WPML turns WordPress websites multilingual. It works with caching, SEO and E-Commerce plugins, and allows the building of complete multilingual sites. WPML powers simple blogs as well as corporate and enterprise sites.<\/div>\n<div>\n<p>WPML allows users to translate everything in the site, including content, menus, widgets and even theme and plugin texts. WPML powers over 500,000 commercial websites from all over the world.<\/p>\n<p>More information about going multilingual can be found at\u00a0<a href=\"http:\/\/wpml.org\/\" target=\"_blank\" rel=\"nofollow\">WPML.org<\/a><\/p>\n<p>We are looking for talent. If you are a smart programmer you are welcome to contact us here: <a href=\"http:\/\/wpml.org\/home\/were-hiring\/\" target=\"_blank\" rel=\"nofollow\">http:\/\/wpml.org\/home\/were-hiring\/<\/a>.<\/p>\n<\/div>\n\t\t\t\t\t\t\t\t\t\t\t\t\t<\/div>\n\t\t\t\t\t<\/div><!-- #sponsor -->\n\t\t\t\t\t\t\t<\/div><!-- .wcorg-sponsor-level -->\n\t\t\n\t\t\t<div class=\"wcorg-sponsor-level-microcommanditaire\">\n\t\t\t\t<h2>Microcommanditaire<\/h2>\n\n\t\t\t\t\n\t\t\t\t\t<div id=\"wcorg-sponsor-1186\" class=\"wcorg-sponsor\">\n\t\t\t\t\t\t\t\t\t\t\t\t\t\t\t\t\t\t\t\t\t<h3>\n\t\t\t\t\t\t\t\t\tLouis-Philippe Dea \/ WP Pour les Nuls\t\t\t\t\t\t\t\t<\/h3>\n\t\t\t\t\t\t\t\t\t\t\t\t\t\n\t\t\t\t\t\t<div class=\"wcorg-sponsor-description\">\n\t\t\t\t\t\t\t\t\t\t\t\t\t\t\t\t\t\t\t\t\t\t\n\t\t\t\t\t\t\t\t\t\t\t\t\t\t\t<p><a href=\"https:\/\/www.wppourlesnuls.com\/\" rel=\"nofollow\">Louis-Philippe Dea \/ WP Pour les Nuls<\/a><\/p>\n\t\t\t\t\t\t\t\t\t\t\t\t\t<\/div>\n\t\t\t\t\t<\/div><!-- #sponsor -->\n\t\t\t\t\n\t\t\t\t\t<div id=\"wcorg-sponsor-2234\" class=\"wcorg-sponsor\">\n\t\t\t\t\t\t\t\t\t\t\t\t\t\t\t\t\t\t\t\t\t<h3>\n\t\t\t\t\t\t\t\t\tSatelliteWP\t\t\t\t\t\t\t\t<\/h3>\n\t\t\t\t\t\t\t\t\t\t\t\t\t\n\t\t\t\t\t\t<div class=\"wcorg-sponsor-description\">\n\t\t\t\t\t\t\t\t\t\t\t\t\t\t\t\t\t\t\t\t\t\t\n\t\t\t\t\t\t\t\t\t\t\t\t\t\t\t<p><a href=\"https:\/\/www.satellitewp.com\/\" rel=\"nofollow\">SatelliteWP<\/a><\/p>\n\t\t\t\t\t\t\t\t\t\t\t\t\t<\/div>\n\t\t\t\t\t<\/div><!-- #sponsor -->\n\t\t\t\t\t\t\t<\/div><!-- .wcorg-sponsor-level -->\n\t\t\t<\/div><!-- .wcorg-sponsors -->\n\n\t\n<p>&nbsp;<\/p>\n","protected":false},"excerpt":{"rendered":"<p>Vous souhaitez\u00a0devenir\u00a0commanditaire? Consultez notre page sur comment commanditer WordCamp et participer \u00e0 cet \u00e9v\u00e9nement !<\/p>\n","protected":false},"author":13996737,"featured_media":0,"parent":0,"menu_order":0,"comment_status":"closed","ping_status":"closed","template":"","meta":{"jetpack_post_was_ever_published":false,"footnotes":""},"class_list":["post-158","page","type-page","status-publish","hentry"],"jetpack_sharing_enabled":true,"jetpack_shortlink":"https:\/\/wp.me\/P9tyM6-2y","_links":{"self":[{"href":"https:\/\/montreal.wordcamp.org\/2018-fr\/wp-json\/wp\/v2\/pages\/158","targetHints":{"allow":["GET"]}}],"collection":[{"href":"https:\/\/montreal.wordcamp.org\/2018-fr\/wp-json\/wp\/v2\/pages"}],"about":[{"href":"https:\/\/montreal.wordcamp.org\/2018-fr\/wp-json\/wp\/v2\/types\/page"}],"author":[{"embeddable":true,"href":"https:\/\/montreal.wordcamp.org\/2018-fr\/wp-json\/wp\/v2\/users\/13996737"}],"replies":[{"embeddable":true,"href":"https:\/\/montreal.wordcamp.org\/2018-fr\/wp-json\/wp\/v2\/comments?post=158"}],"version-history":[{"count":11,"href":"https:\/\/montreal.wordcamp.org\/2018-fr\/wp-json\/wp\/v2\/pages\/158\/revisions"}],"predecessor-version":[{"id":2260,"href":"https:\/\/montreal.wordcamp.org\/2018-fr\/wp-json\/wp\/v2\/pages\/158\/revisions\/2260"}],"wp:attachment":[{"href":"https:\/\/montreal.wordcamp.org\/2018-fr\/wp-json\/wp\/v2\/media?parent=158"}],"curies":[{"name":"wp","href":"https:\/\/api.w.org\/{rel}","templated":true}]}}