{"id":2265,"date":"2018-08-05T12:09:06","date_gmt":"2018-08-05T16:09:06","guid":{"rendered":"https:\/\/2018-fr.montreal.wordcamp.org\/?page_id=2265"},"modified":"2018-08-05T20:16:56","modified_gmt":"2018-08-06T00:16:56","slug":"happiness-bar","status":"publish","type":"page","link":"https:\/\/montreal.wordcamp.org\/2018-fr\/happiness-bar\/","title":{"rendered":"Happiness Bar"},"content":{"rendered":"<h2>Qu&rsquo;est-ce que le Happiness Bar?<\/h2>\n<p>Le WordCamp Happiness Bar est essentiellement une aide GRATUITE avec votre site Web. Donc, si vous avez une question ou un probl\u00e8me li\u00e9 \u00e0 WordPress, le <em>bar du bonheur<\/em> est pour vous. Il est compos\u00e9 de b\u00e9n\u00e9voles WordPress comp\u00e9tents, de concepteurs et de d\u00e9veloppeurs de la communaut\u00e9, qui offrent leur exp\u00e9rience et leur expertise pour vous aider. Le Happiness Bar fonctionne tout au long de WordCamp, sauf pendant le d\u00eener.<\/p>\n<p><img loading=\"lazy\" decoding=\"async\" src=\"https:\/\/2018-fr.montreal.wordcamp.org\/files\/2018\/08\/happiness-bar-montreal-1-min.jpg\" alt=\"Happiness Bar Montreal\" width=\"1000\" height=\"669\" class=\"aligncenter size-full wp-image-2269\" srcset=\"https:\/\/montreal.wordcamp.org\/2018-fr\/files\/2018\/08\/happiness-bar-montreal-1-min.jpg 1000w, https:\/\/montreal.wordcamp.org\/2018-fr\/files\/2018\/08\/happiness-bar-montreal-1-min-300x201.jpg 300w, https:\/\/montreal.wordcamp.org\/2018-fr\/files\/2018\/08\/happiness-bar-montreal-1-min-768x514.jpg 768w, https:\/\/montreal.wordcamp.org\/2018-fr\/files\/2018\/08\/happiness-bar-montreal-1-min-448x300.jpg 448w\" sizes=\"auto, (max-width: 767px) 89vw, (max-width: 1000px) 54vw, (max-width: 1071px) 543px, 580px\" \/><\/p>\n<h2>Comment \u00e7a fonctionne?<\/h2>\n<p>Le Happiness Bar est situ\u00e9 dans le CloudDeck au 3e \u00e9tage, tout pr\u00e8s de la salle SatelliteWP. Il n&rsquo;est pas n\u00e9cessaire de prendre rendez-vous, il suffit de vous pr\u00e9senter lorsque cela vous convient le mieux. Un des organisateurs sera pr\u00e9sent pour vous aider \u00e0 trouver un b\u00e9n\u00e9vole au Happiness Bar.<\/p>\n<p><img loading=\"lazy\" decoding=\"async\" src=\"https:\/\/2018-fr.montreal.wordcamp.org\/files\/2018\/08\/happiness-bar-montreal-2-min.jpg\" alt=\"Happiness Bar Montreal\" width=\"1000\" height=\"630\" class=\"aligncenter size-full wp-image-2270\" srcset=\"https:\/\/montreal.wordcamp.org\/2018-fr\/files\/2018\/08\/happiness-bar-montreal-2-min.jpg 1000w, https:\/\/montreal.wordcamp.org\/2018-fr\/files\/2018\/08\/happiness-bar-montreal-2-min-300x189.jpg 300w, https:\/\/montreal.wordcamp.org\/2018-fr\/files\/2018\/08\/happiness-bar-montreal-2-min-768x484.jpg 768w, https:\/\/montreal.wordcamp.org\/2018-fr\/files\/2018\/08\/happiness-bar-montreal-2-min-476x300.jpg 476w\" sizes=\"auto, (max-width: 767px) 89vw, (max-width: 1000px) 54vw, (max-width: 1071px) 543px, 580px\" \/><\/p>\n<h2>Avec quoi pourrions-nous vous aider?<\/h2>\n<ul>\n<li>Multilinguisme<\/li>\n<li>Conseils d&rsquo;extensions (plugins)<\/li>\n<li>Conseils de th\u00e8mes<\/li>\n<li>Aide CSS<\/li>\n<li>Aide HTML<\/li>\n<li>Probl\u00e8mes de code<\/li>\n<li>Conseil de s\u00e9curit\u00e9<\/li>\n<li>Autre th\u00e9matique li\u00e9e \u00e0 WordPress<\/li>\n<\/ul>\n<h2>Qui vous r\u00e9pond au Happiness Bar?<\/h2>\n<p>Des b\u00e9n\u00e9voles. Tout ce qui se passe \u00e0 WordCamp est gr\u00e2ce \u00e0 des b\u00e9n\u00e9voles. Les organisateurs, les conf\u00e9renciers, les personnes pr\u00e9sentes \u00e0 la table d\u2019inscription et au Happiness Bar sont des b\u00e9n\u00e9voles. Tous les b\u00e9n\u00e9voles ne sont peut-\u00eatre pas en mesure de r\u00e9soudre tous les probl\u00e8mes. S&rsquo;ils ne peuvent pas, ils peuvent toutefois g\u00e9n\u00e9ralement vous diriger vers quelqu&rsquo;un ou des ressources qui le peuvent.<\/p>\n<p>Parfois, nos conf\u00e9rencier.\u00e8res se rendront \u00e9galement au Happiness Bar apr\u00e8s leurs pr\u00e9sentations. Donc, si vous voulez \u00abcontinuer la conversation\u00bb, c\u2019est un endroit formidable pour ce faire.<\/p>\n<h2>Pourquoi aller au Happiness Bar?<\/h2>\n<p>Que vous ayez une question \u00e0 laquelle vous avez besoin de r\u00e9pondre, du code qui doit \u00eatre r\u00e9vis\u00e9 ou un probl\u00e8me que vous ne pouvez tout simplement pas r\u00e9soudre, vous \u00eates au bon endroit. Venez poser des questions, r\u00e9pondre \u00e0 des questions et rencontrer de nouveaux amis. Si c&rsquo;est une question li\u00e9e \u00e0 WordPress, vous pouvez la poser au Happiness Bar!<\/p>\n<p><img loading=\"lazy\" decoding=\"async\" src=\"https:\/\/2018-fr.montreal.wordcamp.org\/files\/2018\/08\/happiness-bar-montreal-3-min.jpg\" alt=\"Happiness Bar Montreal\" width=\"1000\" height=\"661\" class=\"aligncenter size-full wp-image-2271\" srcset=\"https:\/\/montreal.wordcamp.org\/2018-fr\/files\/2018\/08\/happiness-bar-montreal-3-min.jpg 1000w, https:\/\/montreal.wordcamp.org\/2018-fr\/files\/2018\/08\/happiness-bar-montreal-3-min-300x198.jpg 300w, https:\/\/montreal.wordcamp.org\/2018-fr\/files\/2018\/08\/happiness-bar-montreal-3-min-768x508.jpg 768w, https:\/\/montreal.wordcamp.org\/2018-fr\/files\/2018\/08\/happiness-bar-montreal-3-min-454x300.jpg 454w\" sizes=\"auto, (max-width: 767px) 89vw, (max-width: 1000px) 54vw, (max-width: 1071px) 543px, 580px\" \/><\/p>\n<p>Veuillez noter que tous les probl\u00e8mes ne peuvent pas \u00eatre r\u00e9solus rapidement et facilement. Bien que le Happiness bar soit un endroit pour vous pointer dans la bonne direction, vous devrez peut-\u00eatre continuer la conversation apr\u00e8s WordCamp. Pour ne pas vous d\u00e9cevoir, il faut \u00eatre conscient que cela pourrait vous co\u00fbter de l&rsquo;argent. Les b\u00e9n\u00e9voles feront de leur mieux pour vous aider autant que possible durant le week-end, mais parfois, vous aurez besoin d&rsquo;un professionnel par la suite \u00e9galement.<\/p>\n<p>Vous aimez ce que vous avez appris au Happiness Bar et avez besoin de plus d&rsquo;aide plus tard? Pensez \u00e0 embaucher un Barista du bonheur pour une assistance en profondeur!<\/p>\n<h2>Devenir b\u00e9n\u00e9vole au Happiness Bar!<\/h2>\n<p>Le Happiness Bar est une activit\u00e9 sp\u00e9ciale \u00e0 WordCamp o\u00f9 les experts WordPress offrent de l&rsquo;aide et des conseils aux participants WordCamp. C&rsquo;est tr\u00e8s amusant et une excellente fa\u00e7on de rencontrer de nouvelles personnes et de leur montrer combien vous en savez (peut-\u00eatre qu&rsquo;elles vous embaucheront!).<\/p>\n<p><a class=\"button\" href=\"https:\/\/docs.google.com\/forms\/d\/e\/1FAIpQLSdc1dLw8l-TYWnCd7pCoTcntmvQvCcLiBDScumr3QY_OaBAWg\/viewform?usp=sf_link\" target=\"_blank\" rel=\"noopener\">Devenir b\u00e9n\u00e9vole<\/a><\/p>\n","protected":false},"excerpt":{"rendered":"<p>Qu&rsquo;est-ce que le Happiness Bar? Le WordCamp Happiness Bar est essentiellement une aide GRATUITE avec votre site Web. Donc, si vous avez une question ou un probl\u00e8me li\u00e9 \u00e0 WordPress, le bar du bonheur est pour vous. Il est compos\u00e9 de b\u00e9n\u00e9voles WordPress comp\u00e9tents, de concepteurs et de d\u00e9veloppeurs de la communaut\u00e9, qui offrent leur &hellip; <\/p>\n<p class=\"link-more\"><a href=\"https:\/\/montreal.wordcamp.org\/2018-fr\/happiness-bar\/\" class=\"more-link\">Continuer la lecture<span class=\"screen-reader-text\"> de &laquo;&nbsp;Happiness Bar&nbsp;&raquo;<\/span><\/a><\/p>\n","protected":false},"author":11329590,"featured_media":0,"parent":0,"menu_order":0,"comment_status":"closed","ping_status":"closed","template":"","meta":{"jetpack_post_was_ever_published":false,"footnotes":""},"class_list":["post-2265","page","type-page","status-publish","hentry"],"jetpack_sharing_enabled":true,"jetpack_shortlink":"https:\/\/wp.me\/P9tyM6-Ax","_links":{"self":[{"href":"https:\/\/montreal.wordcamp.org\/2018-fr\/wp-json\/wp\/v2\/pages\/2265","targetHints":{"allow":["GET"]}}],"collection":[{"href":"https:\/\/montreal.wordcamp.org\/2018-fr\/wp-json\/wp\/v2\/pages"}],"about":[{"href":"https:\/\/montreal.wordcamp.org\/2018-fr\/wp-json\/wp\/v2\/types\/page"}],"author":[{"embeddable":true,"href":"https:\/\/montreal.wordcamp.org\/2018-fr\/wp-json\/wp\/v2\/users\/11329590"}],"replies":[{"embeddable":true,"href":"https:\/\/montreal.wordcamp.org\/2018-fr\/wp-json\/wp\/v2\/comments?post=2265"}],"version-history":[{"count":3,"href":"https:\/\/montreal.wordcamp.org\/2018-fr\/wp-json\/wp\/v2\/pages\/2265\/revisions"}],"predecessor-version":[{"id":2272,"href":"https:\/\/montreal.wordcamp.org\/2018-fr\/wp-json\/wp\/v2\/pages\/2265\/revisions\/2272"}],"wp:attachment":[{"href":"https:\/\/montreal.wordcamp.org\/2018-fr\/wp-json\/wp\/v2\/media?parent=2265"}],"curies":[{"name":"wp","href":"https:\/\/api.w.org\/{rel}","templated":true}]}}