{"id":1187,"date":"2018-03-29T19:14:28","date_gmt":"2018-03-29T19:14:28","guid":{"rendered":"https:\/\/2018.montreal.wordcamp.org\/?page_id=1187"},"modified":"2018-08-11T08:53:49","modified_gmt":"2018-08-11T12:53:49","slug":"tickets","status":"publish","type":"page","link":"https:\/\/montreal.wordcamp.org\/2018\/tickets\/","title":{"rendered":"Tickets"},"content":{"rendered":"<p><strong>SOLD OUT<\/strong><\/p>\n<p>&nbsp;<\/p>\n<p><strong>WordCamp does not sell tickets at the door.<\/strong> Please note that <strong>refunds are not available<\/strong>. All minors must be accompanied by a parent at all times. All registrations for WordCamp include both days of the event, one catered lunch, and some fun swag. Food choice and t-shirt sizes can&#8217;t be guaranteed for tickets bought after August 1st.<\/p>\n<p><!--more--><\/p>\n<p><strong>WordCamp ne vend aucun billet \u00e0 la porte.<\/strong>\u00a0Veuillez noter qu\u2019<strong>aucun remboursement n\u2019est possible<\/strong>. Toute personne d\u2019\u00e2ge mineur doit \u00eatre accompagn\u00e9 d\u2019un parent en tout temps. Les inscriptions WordCamp comprennent les deux jours de l\u2019\u00e9v\u00e9nement, un d\u00eener et un cadeau. Nous ne pouvons guarantir le choix du repas ni la taille du t-shirt pour les billets achet\u00e9s apr\u00e8s le 1er ao\u00fbt.<\/p>\n<a href=\"https:\/\/montreal.wordcamp.org\/2018\/tickets\/\">Please view this page in a browser to purchase or manage tickets.<\/a>\n","protected":false},"excerpt":{"rendered":"<p>SOLD OUT &nbsp; WordCamp does not sell tickets at the door. Please note that refunds are not available. All minors must be accompanied by a parent at all times. All registrations for WordCamp include both days of the event, one catered lunch, and some fun swag. Food choice and t-shirt sizes can&#8217;t be guaranteed for &hellip; <\/p>\n<p class=\"link-more\"><a href=\"https:\/\/montreal.wordcamp.org\/2018\/tickets\/\" class=\"more-link\">Continue reading<span class=\"screen-reader-text\"> &#8220;Tickets&#8221;<\/span><\/a><\/p>\n","protected":false},"author":13996737,"featured_media":1336,"parent":0,"menu_order":0,"comment_status":"closed","ping_status":"closed","template":"","meta":{"_crdt_document":"","jetpack_post_was_ever_published":false,"footnotes":""},"class_list":["post-1187","page","type-page","status-publish","has-post-thumbnail","hentry"],"jetpack_sharing_enabled":true,"jetpack_shortlink":"https:\/\/wp.me\/P9tyMa-j9","_links":{"self":[{"href":"https:\/\/montreal.wordcamp.org\/2018\/wp-json\/wp\/v2\/pages\/1187","targetHints":{"allow":["GET"]}}],"collection":[{"href":"https:\/\/montreal.wordcamp.org\/2018\/wp-json\/wp\/v2\/pages"}],"about":[{"href":"https:\/\/montreal.wordcamp.org\/2018\/wp-json\/wp\/v2\/types\/page"}],"author":[{"embeddable":true,"href":"https:\/\/montreal.wordcamp.org\/2018\/wp-json\/wp\/v2\/users\/13996737"}],"replies":[{"embeddable":true,"href":"https:\/\/montreal.wordcamp.org\/2018\/wp-json\/wp\/v2\/comments?post=1187"}],"version-history":[{"count":15,"href":"https:\/\/montreal.wordcamp.org\/2018\/wp-json\/wp\/v2\/pages\/1187\/revisions"}],"predecessor-version":[{"id":2739,"href":"https:\/\/montreal.wordcamp.org\/2018\/wp-json\/wp\/v2\/pages\/1187\/revisions\/2739"}],"wp:featuredmedia":[{"embeddable":true,"href":"https:\/\/montreal.wordcamp.org\/2018\/wp-json\/wp\/v2\/media\/1336"}],"wp:attachment":[{"href":"https:\/\/montreal.wordcamp.org\/2018\/wp-json\/wp\/v2\/media?parent=1187"}],"curies":[{"name":"wp","href":"https:\/\/api.w.org\/{rel}","templated":true}]}}