{"id":1179,"date":"2018-07-23T14:33:36","date_gmt":"2018-07-23T18:33:36","guid":{"rendered":"https:\/\/2018-fr.montreal.wordcamp.org\/?page_id=1179"},"modified":"2019-05-08T18:28:02","modified_gmt":"2019-05-08T18:28:02","slug":"a-quoi-vous-attendre","status":"publish","type":"page","link":"https:\/\/montreal.wordcamp.org\/2019-fr\/a-quoi-vous-attendre\/","title":{"rendered":"\u00c0 quoi vous attendre ?"},"content":{"rendered":"<p><strong>WordCamp Montr\u00e9al<\/strong> est une conf\u00e9rence sur le logiciel de gestion de blogue et CMS le plus populaire au monde: WordPress. Pendant deux jours, les d\u00e9veloppeurs, les concepteurs, les entrepreneurs et les blogueurs se r\u00e9uniront pour des conf\u00e9rences, des ateliers et du r\u00e9seautage li\u00e9s \u00e0 WordPress.<\/p>\n<blockquote class=\"wp-block-quote\"><p>En 2017, c&rsquo;est 41 000 passionn\u00e9s de WordPress qui ont particip\u00e9 \u00e0 128 WordCamps dans 48 pays diff\u00e9rents.<\/p><\/blockquote>\n<p>Des WordCamps sont tenus partout dans le monde. Plus pr\u00e8s de nous, comme \u00e0 Montr\u00e9al, il y a des communaut\u00e9s WordPress qui tiennent des WordCamps \u00e0 Ottawa, \u00e0 Toronto, \u00e0 Halifax, \u00e0 Niagara et \u00e0 Rochester.<\/p>\n<p>Ces conf\u00e9rences sont un ph\u00e9nom\u00e8ne mondial et existent depuis plus de 10 ans gr\u00e2ce aux b\u00e9n\u00e9voles de la communaut\u00e9 WordPress.<\/p>\n<ul class=\"wp-block-gallery alignnone columns-2 is-cropped\">\n<li class=\"blocks-gallery-item\">\n<figure><img decoding=\"async\" src=\"https:\/\/2018.montreal.wordcamp.org\/files\/2018\/07\/36323334190_f0d748e04b_z.jpg\" alt=\"\" \/><\/figure>\n<\/li>\n<li class=\"blocks-gallery-item\">\n<figure><img decoding=\"async\" src=\"https:\/\/2018.montreal.wordcamp.org\/files\/2018\/07\/36672493496_1493cd2d01_z.jpg\" alt=\"\" \/><\/figure>\n<\/li>\n<li class=\"blocks-gallery-item\">\n<figure><img decoding=\"async\" src=\"https:\/\/2018.montreal.wordcamp.org\/files\/2018\/07\/36580021991_a924e3dda8_z.jpg\" alt=\"\" \/><\/figure>\n<\/li>\n<li class=\"blocks-gallery-item\">\n<figure><img decoding=\"async\" src=\"https:\/\/2018.montreal.wordcamp.org\/files\/2018\/07\/19711070011_89b3b989ee_z.jpg\" alt=\"\" \/><\/figure>\n<\/li>\n<\/ul>\n<h2>Pourquoi participer au WordCamp Montr\u00e9al ?<\/h2>\n<p>La raison # 1 pour laquelle les gens aiment WordCamp est l&rsquo;occasion qu&rsquo;il offre de rencontrer d&rsquo;autres personnes qui travaillent avec WordPress de diff\u00e9rentes mani\u00e8res.<\/p>\n<p>Il existe de nombreuses sessions et ateliers sur diff\u00e9rents sujets li\u00e9s \u00e0 WordPress et au d\u00e9veloppement de sites Web. Des experts en blogging, en marketing, en SEO, en construction de th\u00e8mes, en d\u00e9veloppement de plugins et en freelance feront des pr\u00e9sentations avec p\u00e9riodes de questions et r\u00e9ponses au cours de la conf\u00e9rence de deux jours.<\/p>\n<p>Vous pouvez \u00e9galement obtenir un soutien individuel au \u00ab Happiness Bar \u00bb pour des probl\u00e8mes sp\u00e9cifiques li\u00e9s \u00e0 votre site Web. Entre les sessions, vous pouvez faire du r\u00e9seautage avec des professionnels de l&rsquo;industrie du Web et consulter ou partager une annonce sur notre site d&rsquo;offres d&#8217;emploi.<\/p>\n<figure class=\"wp-block-image aligncenter\"><img decoding=\"async\" class=\"wp-image-2274\" src=\"https:\/\/2018.montreal.wordcamp.org\/files\/2018\/07\/20861738_10155696738552769_1746871284946824019_o-2000x1200.jpg\" alt=\"\" \/><\/figure>\n<h2>Qui devrait participer \u00e0 WordCamp Montr\u00e9al?<\/h2>\n<p>Toute personne qui travaille avec WordPress peut profiter de WordCamp. Si vous avez un site Web d&rsquo;entreprise que vous souhaitez faire passer au niveau suivant, c&rsquo;est un bon endroit pour obtenir de nouvelles id\u00e9es et voir ce que les autres font.<\/p>\n<p>Si, d&rsquo;un autre c\u00f4t\u00e9, vous \u00eates un d\u00e9veloppeur chevronn\u00e9, nous avons des discussions sur des outils nouveaux et brillants tels que React, Gulp, Rich Snippets, et plus encore. Avec des sessions sur comment am\u00e9liorer vos flux de travail, comment d\u00e9panner des sites, et comment personnaliser WooCommerce.<\/p>\n<p>Nous avons \u00e9galement des conf\u00e9rences int\u00e9ressantes pour un large \u00e9ventail de personnes et tr\u00e8s pertinentes pour le contexte montr\u00e9alais, comme la gestion de sites Web en deux langues, la cr\u00e9ation d&rsquo;une strat\u00e9gie de m\u00e9dias sociaux bilingue, le \u00abFran\u00e7ais du Canada\u00bb dans l&rsquo;\u00e9cosyst\u00e8me WordPress, et mettre en place un site multilingue.<\/p>\n<figure class=\"wp-block-image\"><img decoding=\"async\" class=\"wp-image-2264\" src=\"https:\/\/2018.montreal.wordcamp.org\/files\/2018\/07\/20863490_10155696742272769_3916029854511741387_o-2000x1200.jpg\" alt=\"\" \/><\/figure>\n<h2>Comment vous impliquer?<\/h2>\n<p>La premi\u00e8re chose que vous pouvez faire pour vous impliquer dans WordCamp Montr\u00e9al est d&rsquo;<a href=\"http:\/\/2019-fr.montreal.wordcamp.org\/billets\/\" rel=\"nofollow\">acheter votre billet<\/a>. Le billet comprend:<\/p>\n<ul>\n<li><a href=\"https:\/\/2019-fr.montreal.wordcamp.org\/programme\/\" rel=\"nofollow\">2 journ\u00e9es remplies de conf\u00e9rences<\/a><\/li>\n<li>2 repas du midi<\/li>\n<li>1 apr\u00e8s-party<\/li>\n<li>Cadeaux-souvenirs<\/li>\n<\/ul>\n<p>Apr\u00e8s cela, inscrivez-vous sur\u00a0<a href=\"https:\/\/www.meetup.com\/en-AU\/wp-mtl\/\" target=\"_blank\" rel=\"noopener noreferrer\">Meetup.com<\/a>\u00a0pour recevoir des invitations \u00e0 nos meetups mensuels gratuits!<\/p>\n","protected":false},"excerpt":{"rendered":"<p>WordCamp Montr\u00e9al est une conf\u00e9rence sur le logiciel de gestion de blogue et CMS le plus populaire au monde: WordPress. Pendant deux jours, les d\u00e9veloppeurs, les concepteurs, les entrepreneurs et les blogueurs se r\u00e9uniront pour des conf\u00e9rences, des ateliers et du r\u00e9seautage li\u00e9s \u00e0 WordPress. En 2017, c&rsquo;est 41 000 passionn\u00e9s de WordPress qui ont &hellip; <a href=\"https:\/\/montreal.wordcamp.org\/2019-fr\/a-quoi-vous-attendre\/\" class=\"more-link\">Continuer la lecture de <span class=\"screen-reader-text\">\u00c0 quoi vous attendre ?<\/span><\/a><\/p>\n","protected":false},"author":14231116,"featured_media":0,"parent":0,"menu_order":0,"comment_status":"closed","ping_status":"closed","template":"","meta":{"jetpack_post_was_ever_published":false,"footnotes":""},"class_list":["post-1179","page","type-page","status-publish","hentry"],"jetpack_sharing_enabled":true,"_links":{"self":[{"href":"https:\/\/montreal.wordcamp.org\/2019-fr\/wp-json\/wp\/v2\/pages\/1179","targetHints":{"allow":["GET"]}}],"collection":[{"href":"https:\/\/montreal.wordcamp.org\/2019-fr\/wp-json\/wp\/v2\/pages"}],"about":[{"href":"https:\/\/montreal.wordcamp.org\/2019-fr\/wp-json\/wp\/v2\/types\/page"}],"author":[{"embeddable":true,"href":"https:\/\/montreal.wordcamp.org\/2019-fr\/wp-json\/wp\/v2\/users\/14231116"}],"replies":[{"embeddable":true,"href":"https:\/\/montreal.wordcamp.org\/2019-fr\/wp-json\/wp\/v2\/comments?post=1179"}],"version-history":[{"count":5,"href":"https:\/\/montreal.wordcamp.org\/2019-fr\/wp-json\/wp\/v2\/pages\/1179\/revisions"}],"predecessor-version":[{"id":2464,"href":"https:\/\/montreal.wordcamp.org\/2019-fr\/wp-json\/wp\/v2\/pages\/1179\/revisions\/2464"}],"wp:attachment":[{"href":"https:\/\/montreal.wordcamp.org\/2019-fr\/wp-json\/wp\/v2\/media?parent=1179"}],"curies":[{"name":"wp","href":"https:\/\/api.w.org\/{rel}","templated":true}]}}